{"id":568,"date":"2022-02-07T18:12:40","date_gmt":"2022-02-07T18:12:40","guid":{"rendered":"https:\/\/lanzaworx.com\/soul-fitness\/?page_id=568"},"modified":"2024-08-17T10:54:35","modified_gmt":"2024-08-17T10:54:35","slug":"testimonianze","status":"publish","type":"page","link":"https:\/\/lanzaworx.com\/soul-fitness\/testimonials\/testimonianze\/","title":{"rendered":"Testimonianze"},"content":{"rendered":"\n<div class=\"wp-block-columns is-layout-flex wp-container-core-columns-is-layout-9d6595d7 wp-block-columns-is-layout-flex\">\n<div class=\"wp-block-column is-layout-flow wp-block-column-is-layout-flow\"><div class=\"wp-block-image\">\n<figure class=\"aligncenter size-full is-resized\"><a href=\"https:\/\/lanzaworx.com\/soul-fitness\"><img data-recalc-dims=\"1\" loading=\"lazy\" decoding=\"async\" width=\"32\" height=\"32\" src=\"https:\/\/i0.wp.com\/lanzaworx.com\/soul-fitness\/wp-content\/uploads\/2022\/01\/home-32x32-1.png?resize=32%2C32&#038;ssl=1\" alt=\"\" class=\"wp-image-234\" style=\"width:34px;height:auto\"\/><\/a><\/figure>\n<\/div><\/div>\n\n\n\n<div class=\"wp-block-column is-layout-flow wp-block-column-is-layout-flow\"><div class=\"wp-block-image\">\n<figure class=\"aligncenter size-full\"><a href=\"https:\/\/lanzaworx.com\/soul-fitness\/testimonials\/testimonianze\/\"><img data-recalc-dims=\"1\" loading=\"lazy\" decoding=\"async\" width=\"32\" height=\"32\" src=\"https:\/\/i0.wp.com\/lanzaworx.com\/soul-fitness\/wp-content\/uploads\/2022\/01\/it-32x32-1.png?resize=32%2C32&#038;ssl=1\" alt=\"\" class=\"wp-image-224\"\/><\/a><\/figure>\n<\/div><\/div>\n\n\n\n<div class=\"wp-block-column is-layout-flow wp-block-column-is-layout-flow\"><div class=\"wp-block-image\">\n<figure class=\"aligncenter size-full\"><a href=\"https:\/\/lanzaworx.com\/soul-fitness\/testimonials\/testimonios\/\"><img data-recalc-dims=\"1\" loading=\"lazy\" decoding=\"async\" width=\"32\" height=\"32\" src=\"https:\/\/i0.wp.com\/lanzaworx.com\/soul-fitness\/wp-content\/uploads\/2022\/01\/es-32x32-1.png?resize=32%2C32&#038;ssl=1\" alt=\"\" class=\"wp-image-225\"\/><\/a><\/figure>\n<\/div><\/div>\n\n\n\n<div class=\"wp-block-column is-layout-flow wp-block-column-is-layout-flow\"><div class=\"wp-block-image\">\n<figure class=\"aligncenter size-full\"><a href=\"https:\/\/lanzaworx.com\/soul-fitness\/testimonials\/\"><img data-recalc-dims=\"1\" loading=\"lazy\" decoding=\"async\" width=\"32\" height=\"32\" src=\"https:\/\/i0.wp.com\/lanzaworx.com\/soul-fitness\/wp-content\/uploads\/2022\/01\/uk-32x32-1.png?resize=32%2C32&#038;ssl=1\" alt=\"\" class=\"wp-image-228\"\/><\/a><\/figure>\n<\/div><\/div>\n<\/div>\n\n\n\n<p><mark style=\"background-color:rgba(0, 0, 0, 0)\" class=\"has-inline-color has-vivid-cyan-blue-color\">GIULIO, 15 ANNI, STUDENTE &#8211; ROMA &#8211; WEB TRAINING<br>La mia esperienza con Monica \u00e8 stata eccezionale! Prima di conoscerla non ero un amante dell&#8217;esercizio fisico, e non sapevo nulla del mondo del Fitness. Avere un personal trainer come lei mi ha insegnato ad avere un rapporto pi\u00f9 armonioso con il mio corpo. Allenarmi con lei ha prodotto ottimi risultati e mi ha fatto apprezzare l&#8217;attivit\u00e0 fisica. \u00c8 una bravissima personal trainer, e sa veramente far appassionare!<\/mark><\/p>\n\n\n\n<p><mark style=\"background-color:rgba(0, 0, 0, 0)\" class=\"has-inline-color has-vivid-green-cyan-color\">PILAR MARTINEZ, disegnatrice di gioielli &#8211; Imprenditore La Coru\u00f1a\/Dubay<br>Grazie mille Monica, le tue lezioni rafforzano non solo il corpo ma anche l&#8217;anima. La tua passione ed energia \u00e8 contagiosa, \u00e8 un privilegio poterci riempire di forza all&#8217;aria aperta in un&#8217;isola meravigliosa come Lanzarote. Grazie di tutto- Pilar<\/mark><\/p>\n\n\n\n<p><mark style=\"background-color:rgba(0, 0, 0, 0)\" class=\"has-inline-color has-luminous-vivid-amber-color\">GABRIELA SORIANO &#8211; FISIOTERAPIA &#8211; LANZAROTE<br>Ciao Monica, ho avuto la bellissima esperienza partecipando ai tuoi allenamenti, poche volte perch\u00e9 i miei orari di lavoro non lo consentono, ed \u00e8 un peccato perch\u00e9 sei un grande professionista, sai trasmettere la tua conoscenza, insegnare diversi stili di allenamento in modo semplice, ma efficace perch\u00e9 i risultati si sentono e si vedono!! Ti consiglier\u00f2 sempre, grazie.<\/mark><\/p>\n\n\n\n<p><mark style=\"background-color:rgba(0, 0, 0, 0)\" class=\"has-inline-color has-vivid-cyan-blue-color\">BEATRIZ OLIVA &#8211; AVVOCATO &#8211; LANZAROTE Mi sono piaciuti molto gli allenamenti con Monica, molto dinamici ed efficaci. Monica \u00e8 una persona molto gradevole, sia personalmente che professionalmente, sempre attenta e vigile, controlla i nostri movimenti e le nostre posture per evitare lesioni. Adatta ogni esercizio perch\u00e9 ogni partecipante possa eseguire l&#8217;allenamento, sempre motivando a dare qualcosa in pi\u00f9.<\/mark><\/p>\n\n\n\n<p><mark style=\"background-color:rgba(0, 0, 0, 0)\" class=\"has-inline-color has-vivid-green-cyan-color\">MARIA DE LOS ANGELES &#8211; Emprendedora en est\u00e9tica y masajes &#8211; LANZAROTE<br>Voglio raccontare la mia esperienza con Monica a livello formativo, che gi\u00e1 conoscevo a livello personale (mi piace il suo modo di vedere la vita, molto entusiasta e divertente)\u2026Conoscerla dal punto di vista professionale, come allenatrice personale, \u00e8 un&#8217;ispirazione, iniziando dal suo portamento fisico\u2026che parla da s\u00e9\u2026, continuando con i suoi allenamenti, perch\u00e9 sa motivare, crea variet\u00e0 negli allenamenti\u2026 presta molta attenzione all&#8217;esecuzione dei movimenti e delle posture, ti ascolta per creare uno stile di esercizi e allenamenti adatti alle tue esigenze, per migliorarti e per scolpire e tonificare il corpo, permettendoti di raggiungere il tuo obiettivo. Grazie mille!! Angeles<\/mark><\/p>\n","protected":false},"excerpt":{"rendered":"<p>GIULIO, 15 ANNI, STUDENTE &#8211; ROMA &#8211; WEB TRAININGLa mia esperienza con Monica \u00e8 stata eccezionale! Prima di conoscerla non ero un amante dell&#8217;esercizio fisico, e non sapevo nulla del mondo del Fitness. Avere un personal trainer come lei mi ha insegnato ad avere un rapporto pi\u00f9 armonioso con il mio corpo. Allenarmi con lei &hellip; <\/p>\n<p class=\"link-more\"><a href=\"https:\/\/lanzaworx.com\/soul-fitness\/testimonials\/testimonianze\/\" class=\"more-link\">Continue reading<span class=\"screen-reader-text\"> &#8220;Testimonianze&#8221;<\/span><\/a><\/p>\n","protected":false},"author":1,"featured_media":0,"parent":574,"menu_order":0,"comment_status":"closed","ping_status":"closed","template":"italian-page.php","meta":{"footnotes":""},"class_list":["post-568","page","type-page","status-publish","hentry"],"jetpack_sharing_enabled":true,"jetpack_likes_enabled":true,"_links":{"self":[{"href":"https:\/\/lanzaworx.com\/soul-fitness\/wp-json\/wp\/v2\/pages\/568","targetHints":{"allow":["GET"]}}],"collection":[{"href":"https:\/\/lanzaworx.com\/soul-fitness\/wp-json\/wp\/v2\/pages"}],"about":[{"href":"https:\/\/lanzaworx.com\/soul-fitness\/wp-json\/wp\/v2\/types\/page"}],"author":[{"embeddable":true,"href":"https:\/\/lanzaworx.com\/soul-fitness\/wp-json\/wp\/v2\/users\/1"}],"replies":[{"embeddable":true,"href":"https:\/\/lanzaworx.com\/soul-fitness\/wp-json\/wp\/v2\/comments?post=568"}],"version-history":[{"count":10,"href":"https:\/\/lanzaworx.com\/soul-fitness\/wp-json\/wp\/v2\/pages\/568\/revisions"}],"predecessor-version":[{"id":1272,"href":"https:\/\/lanzaworx.com\/soul-fitness\/wp-json\/wp\/v2\/pages\/568\/revisions\/1272"}],"up":[{"embeddable":true,"href":"https:\/\/lanzaworx.com\/soul-fitness\/wp-json\/wp\/v2\/pages\/574"}],"wp:attachment":[{"href":"https:\/\/lanzaworx.com\/soul-fitness\/wp-json\/wp\/v2\/media?parent=568"}],"curies":[{"name":"wp","href":"https:\/\/api.w.org\/{rel}","templated":true}]}}