{"id":457,"date":"2022-01-31T11:29:41","date_gmt":"2022-01-31T11:29:41","guid":{"rendered":"https:\/\/lanzaworx.com\/soul-fitness\/?page_id=457"},"modified":"2025-02-25T13:09:18","modified_gmt":"2025-02-25T13:09:18","slug":"hoja-de-olivo","status":"publish","type":"page","link":"https:\/\/lanzaworx.com\/soul-fitness\/olive-tree-leaf\/hoja-de-olivo\/","title":{"rendered":"HOJA DE OLIVO"},"content":{"rendered":"\n<div class=\"wp-block-columns is-layout-flex wp-container-core-columns-is-layout-9d6595d7 wp-block-columns-is-layout-flex\">\n<div class=\"wp-block-column is-layout-flow wp-block-column-is-layout-flow\"><div class=\"wp-block-image\">\n<figure class=\"aligncenter size-full is-resized\"><a href=\"https:\/\/lanzaworx.com\/soul-fitness\"><img data-recalc-dims=\"1\" loading=\"lazy\" decoding=\"async\" width=\"32\" height=\"32\" src=\"https:\/\/i0.wp.com\/lanzaworx.com\/soul-fitness\/wp-content\/uploads\/2022\/01\/home-32x32-1.png?resize=32%2C32&#038;ssl=1\" alt=\"\" class=\"wp-image-234\" style=\"width:34px;height:auto\"\/><\/a><\/figure>\n<\/div><\/div>\n\n\n\n<div class=\"wp-block-column is-layout-flow wp-block-column-is-layout-flow\"><div class=\"wp-block-image\">\n<figure class=\"aligncenter size-full\"><a href=\"https:\/\/lanzaworx.com\/soul-fitness\/olive-tree-leaf\/foglia-di-olivo\/\"><img data-recalc-dims=\"1\" loading=\"lazy\" decoding=\"async\" width=\"32\" height=\"32\" src=\"https:\/\/i0.wp.com\/lanzaworx.com\/soul-fitness\/wp-content\/uploads\/2022\/01\/it-32x32-1.png?resize=32%2C32&#038;ssl=1\" alt=\"\" class=\"wp-image-224\"\/><\/a><\/figure>\n<\/div><\/div>\n\n\n\n<div class=\"wp-block-column is-layout-flow wp-block-column-is-layout-flow\"><div class=\"wp-block-image\">\n<figure class=\"aligncenter size-full\"><a href=\"https:\/\/lanzaworx.com\/soul-fitness\/olive-tree-leaf\/hoja-de-olivo\/\"><img data-recalc-dims=\"1\" loading=\"lazy\" decoding=\"async\" width=\"32\" height=\"32\" src=\"https:\/\/i0.wp.com\/lanzaworx.com\/soul-fitness\/wp-content\/uploads\/2022\/01\/es-32x32-1.png?resize=32%2C32&#038;ssl=1\" alt=\"\" class=\"wp-image-225\"\/><\/a><\/figure>\n<\/div><\/div>\n\n\n\n<div class=\"wp-block-column is-layout-flow wp-block-column-is-layout-flow\"><div class=\"wp-block-image\">\n<figure class=\"aligncenter size-full\"><a href=\"https:\/\/lanzaworx.com\/soul-fitness\/olive-tree-leaf\/\"><img data-recalc-dims=\"1\" loading=\"lazy\" decoding=\"async\" width=\"32\" height=\"32\" src=\"https:\/\/i0.wp.com\/lanzaworx.com\/soul-fitness\/wp-content\/uploads\/2022\/01\/uk-32x32-1.png?resize=32%2C32&#038;ssl=1\" alt=\"\" class=\"wp-image-228\"\/><\/a><\/figure>\n<\/div><\/div>\n<\/div>\n\n\n\n<p>Consumo y distribuyo un producto por la salud global, un extracto aquoso de hoja del albero de Olivo, Uno de los mas potentes antioxidantes. Purifica desde dentro, equilibra tu organismo y limpia tus organos, empezando por los ri\u00f1ones, el higado, la piel, nuestros filtros! Limpia venas y arterias, mejorando circulacion sangui\u00f1a y microcirculacion.<\/p>\n\n\n\n<div class=\"wp-block-media-text alignwide is-stacked-on-mobile\" style=\"grid-template-columns:32% auto\"><figure class=\"wp-block-media-text__media\"><img data-recalc-dims=\"1\" loading=\"lazy\" decoding=\"async\" width=\"500\" height=\"1024\" src=\"https:\/\/i0.wp.com\/lanzaworx.com\/soul-fitness\/wp-content\/uploads\/2022\/01\/20220117_154141.jpg?resize=500%2C1024&#038;ssl=1\" alt=\"Soul Fitness\" class=\"wp-image-190 size-full\" srcset=\"https:\/\/i0.wp.com\/lanzaworx.com\/soul-fitness\/wp-content\/uploads\/2022\/01\/20220117_154141.jpg?resize=500%2C1024&amp;ssl=1 500w, https:\/\/i0.wp.com\/lanzaworx.com\/soul-fitness\/wp-content\/uploads\/2022\/01\/20220117_154141.jpg?resize=146%2C300&amp;ssl=1 146w, https:\/\/i0.wp.com\/lanzaworx.com\/soul-fitness\/wp-content\/uploads\/2022\/01\/20220117_154141.jpg?resize=768%2C1574&amp;ssl=1 768w, https:\/\/i0.wp.com\/lanzaworx.com\/soul-fitness\/wp-content\/uploads\/2022\/01\/20220117_154141.jpg?resize=749%2C1536&amp;ssl=1 749w, https:\/\/i0.wp.com\/lanzaworx.com\/soul-fitness\/wp-content\/uploads\/2022\/01\/20220117_154141.jpg?resize=999%2C2048&amp;ssl=1 999w, https:\/\/i0.wp.com\/lanzaworx.com\/soul-fitness\/wp-content\/uploads\/2022\/01\/20220117_154141.jpg?w=1200&amp;ssl=1 1200w, https:\/\/i0.wp.com\/lanzaworx.com\/soul-fitness\/wp-content\/uploads\/2022\/01\/20220117_154141.jpg?w=1050&amp;ssl=1 1050w\" sizes=\"auto, (max-width: 500px) 100vw, 500px\" \/><\/figure><div class=\"wp-block-media-text__content\">\n<p>Regula la tension sangui\u00f1a, ayuda la metabolizacion de grasas y azucares que causan colesterol y diabetis. Se ha demostrado cientificamente que la ingesta de este extracto puede mejorar las condiciones de tu salud si pedeces de estas enfermedades (hipercolesterolemia y diabetis).<\/p>\n\n\n\n<p>Ayuda a perder peso, gracias a la acion sobre el metabolismo, combinado con una vida sana y regular ejercicio. Ayuda a mejorar las funciones cognitivas, mantene tu cerebro despierto y mas joven. Mantiene nuestros huesos y musculos sanos, gracias a las innumerables mol\u00e9culas presentes en el extracto, que ayudan a mejorar el funcionamiento de todos nuestros \u00f3rganos y c\u00e9lulas.<\/p>\n\n\n\n<p>Producto patentado, 100% italiano, reconocido por el Ministerio de Salud y avalado por estudios cient\u00edficos. Con extracto acuoso al 93% de hojas de olivo, con cal\u00e9ndula.<\/p>\n<\/div><\/div>\n\n\n\n<p>La dosis diaria recomendada es de 70ml, en ayunas. \u00a1\u00a1Con solo 28 kcal!!Tambi\u00e9n puedes elegir el tama\u00f1o de bolsillo. Para llevar siempre contigo! Consistencia de \u201cgelatina\u201d y un ligero aroma c\u00edtrico! Dosis m\u00e1s concentrada, 35ml, pero con las mismas propiedades que los 70ml del extracto acuoso.<\/p>\n\n\n\n<p>Contact me to learn more oLl\u00e1mame para obtener m\u00e1s informaci\u00f3n sobre los innumerables beneficios de este fant\u00e1stico y poderoso producto.<\/p>\n\n\n\n<p>M\u00f3vil: 0034 686 822 638<\/p>\n\n\n\n<div class=\"wp-block-jetpack-send-a-message\">\n<div class=\"wp-block-jetpack-whatsapp-button is-color-dark\"><a class=\"whatsapp-block__button\" href=\"https:\/\/api.whatsapp.com\/send?phone=34686822638&amp;text=Hi%2C%20I%20got%20your%20WhatsApp%20information%20from%20your%20website.\" style=\"background-color:#25D366;color:#fff\" target=\"_self\" rel=\"noopener noreferrer\">Chat on WhatsApp<\/a><\/div>\n<\/div>\n\n\n\n<div style=\"height:50px\" aria-hidden=\"true\" class=\"wp-block-spacer\"><\/div>\n\n\n\n<a style=\"color:MediumSeaGreen;\" href=\"mailto:soul-fitness@lanzaworx.com?subject=Olive Leaf Extract\">mnkersch@gmail.com<\/a>\n\n\n\n<div style=\"height:50px\" aria-hidden=\"true\" class=\"wp-block-spacer\"><\/div>\n\n\n\n<h2 class=\"wp-block-heading\" id=\"pre-durante-o-post-entrenamiento-productos-energeticos\">PRE &#8211; DURANTE O POST ENTRENAMIENTO PRODUCTOS ENERG\u00c9TICOS<\/h2>\n\n\n\n<p>En base a la actividad f\u00edsica realizada, puedo recomendarte una l\u00ednea de suplementos energ\u00e9ticos totalmente natural para usar de acuerdo a tus necesidades.<\/p>\n\n\n\n<div class=\"wp-block-media-text alignwide is-stacked-on-mobile\" style=\"grid-template-columns:31% auto\"><figure class=\"wp-block-media-text__media\"><img data-recalc-dims=\"1\" loading=\"lazy\" decoding=\"async\" width=\"498\" height=\"1024\" src=\"https:\/\/i0.wp.com\/lanzaworx.com\/soul-fitness\/wp-content\/uploads\/2022\/02\/prod-placement-spanish-1.jpg?resize=498%2C1024&#038;ssl=1\" alt=\"\" class=\"wp-image-548 size-full\" srcset=\"https:\/\/i0.wp.com\/lanzaworx.com\/soul-fitness\/wp-content\/uploads\/2022\/02\/prod-placement-spanish-1.jpg?resize=498%2C1024&amp;ssl=1 498w, https:\/\/i0.wp.com\/lanzaworx.com\/soul-fitness\/wp-content\/uploads\/2022\/02\/prod-placement-spanish-1.jpg?resize=146%2C300&amp;ssl=1 146w, https:\/\/i0.wp.com\/lanzaworx.com\/soul-fitness\/wp-content\/uploads\/2022\/02\/prod-placement-spanish-1.jpg?resize=768%2C1580&amp;ssl=1 768w, https:\/\/i0.wp.com\/lanzaworx.com\/soul-fitness\/wp-content\/uploads\/2022\/02\/prod-placement-spanish-1.jpg?resize=747%2C1536&amp;ssl=1 747w, https:\/\/i0.wp.com\/lanzaworx.com\/soul-fitness\/wp-content\/uploads\/2022\/02\/prod-placement-spanish-1.jpg?resize=995%2C2048&amp;ssl=1 995w, https:\/\/i0.wp.com\/lanzaworx.com\/soul-fitness\/wp-content\/uploads\/2022\/02\/prod-placement-spanish-1.jpg?w=1200&amp;ssl=1 1200w, https:\/\/i0.wp.com\/lanzaworx.com\/soul-fitness\/wp-content\/uploads\/2022\/02\/prod-placement-spanish-1.jpg?w=1050&amp;ssl=1 1050w\" sizes=\"auto, (max-width: 498px) 100vw, 498px\" \/><\/figure><div class=\"wp-block-media-text__content\">\n<h3 class=\"wp-block-heading\" id=\"energy-boost\">Energy Boost<\/h3>\n\n\n\n<p>Consigue la carga de energ\u00eda adecuada para afrontar cualquier entrenamiento. \u00a1Para tomar 15 minutos antes del entrenamiento, para disolver debajo de la lengua! Recibir\u00e1s una dosis de vitaminas, minerales y mucha energ\u00eda para dar lo mejor de ti durante tu actuaci\u00f3n. Oxigena los m\u00fasculos gracias al extracto acuoso de hojas de olivo, amino\u00e1cidos, vitaminas, sales minerales, vitamina B<sup><mark><mark style=\"background-color:rgba(0, 0, 0, 0)\" class=\"has-inline-color has-vivid-green-cyan-color\">*1<\/mark><\/mark><\/sup>, carnitina<sup><mark><mark style=\"background-color:rgba(0, 0, 0, 0)\" class=\"has-inline-color has-luminous-vivid-amber-color\">*2<\/mark><\/mark><\/sup>, \u00e1cido asp\u00e1rtico<sup><mark><mark style=\"background-color:rgba(0, 0, 0, 0)\" class=\"has-inline-color has-vivid-cyan-blue-color\">*3<\/mark><\/mark><\/sup> y citrulina<sup><mark><mark style=\"background-color:rgba(0, 0, 0, 0)\" class=\"has-inline-color has-vivid-red-color\">*4<\/mark><\/mark><\/sup>.<\/p>\n\n\n\n<h3 class=\"wp-block-heading\" id=\"suplementos-deportivos\">SUPLEMENTOS DEPORTIVOS<\/h3>\n\n\n\n<p>\u00a1Ideal durante o despu\u00e9s del entrenamiento, cuando necesitas recuperarte y no quieres sentir el dolor del \u00e1cido l\u00e1ctico! Resultan ser grandes aliados durante el entrenamiento, manteniendo alto el nivel de energ\u00eda, especialmente cuando se necesita desarrollar fuerza y potencia, reponiendo las sales minerales perdidas por la sudoraci\u00f3n y el esfuerzo f\u00edsico y oxigenando m\u00fasculos y c\u00e9lulas.<\/p>\n<\/div><\/div>\n\n\n\n<p>SPRINT Suplemento soluble con sabor a Mandarina, 9,5 g para disolver en agua y consumir durante el entrenamiento y en la fase de descanso. Potente antioxidante que combate los radicales libres y el estr\u00e9s oxidativo que se producen durante el entrenamiento. Contiene: extracto acuoso de hojas de olivo y vitamina C y numerosas sales minerales, magnesio, potasio, sodio, cobre, hierro, zinc, manganeso, etc. Una bomba para recuperarse del cansancio, cansancio, dolores musculares!!<\/p>\n\n\n\n<p>SPRINT Complemento l\u00edquido listo para usar, 500 ml de extracto acuoso de hojas de olivo, sales minerales. Gracias a la acci\u00f3n de las hojas de olivo, este producto regula tu metabolismo, la absorci\u00f3n de grasas, carbohidratos y az\u00facares, regula y mejora la presi\u00f3n arterial y la circulaci\u00f3n, aumentando la oxigenaci\u00f3n de tejidos y m\u00fasculos. \u00a1Gracias a los preciosos ingredientes, mejora y mantiene altos niveles de rendimiento deportivo!<\/p>\n\n\n\n<p>\u00a1Cont\u00e1cteme para obtener m\u00e1s informaci\u00f3n sobre los suplementos OSPRINT!<\/p>\n\n\n\n<p>M\u00f3vil: 0034 686 822 638<\/p>\n\n\n\n<div class=\"wp-block-jetpack-send-a-message\">\n<div class=\"wp-block-jetpack-whatsapp-button is-color-dark\"><a class=\"whatsapp-block__button\" href=\"https:\/\/api.whatsapp.com\/send?phone=34686822638&amp;text=Hi%2C%20I%20got%20your%20WhatsApp%20information%20from%20your%20website.\" style=\"background-color:#25D366;color:#fff\" target=\"_self\" rel=\"noopener noreferrer\">Chat on WhatsApp<\/a><\/div>\n<\/div>\n\n\n\n<div style=\"height:50px\" aria-hidden=\"true\" class=\"wp-block-spacer\"><\/div>\n\n\n\n<a style=\"color:MediumSeaGreen;\" href=\"mailto:soul-fitness@lanzaworx.com?subject=Olive Leaf Extract\">mnkersch@gmail.com<\/a>\n\n\n\n<div style=\"height:50px\" aria-hidden=\"true\" class=\"wp-block-spacer\"><\/div>\n\n\n\n<h2 class=\"wp-block-heading\" id=\"purchase-online\">Purchase Online<\/h2>\n\n\n\n<p><a href=\"https:\/\/www.evergreenlife.it\/andreottimonica\" target=\"_blank\" rel=\"noreferrer noopener\"><span class=\"has-inline-color has-vivid-green-cyan-color\">https:\/\/www.evergreenlife.it\/andreottimonica<\/span><\/a><\/p>\n\n\n\n<p>Sponsor Code: 039000183414<\/p>\n\n\n\n<div style=\"height:51px\" aria-hidden=\"true\" class=\"wp-block-spacer\"><\/div>\n\n\n\n<h2 class=\"wp-block-heading\" id=\"notas-al-pie\">NOTAS AL PIE:<\/h2>\n\n\n\n<p><sup><mark style=\"background-color:rgba(0, 0, 0, 0)\" class=\"has-inline-color has-vivid-green-cyan-color\">*1<\/mark><\/sup>Los ocho tipos de vitaminas B (Complejo B) juegan un papel importante en el metabolismo celular y la s\u00edntesis de gl\u00f3bulos rojos.<\/p>\n\n\n\n<p><mark style=\"background-color:rgba(0, 0, 0, 0)\" class=\"has-inline-color has-luminous-vivid-amber-color\">*<sup>2<\/sup><\/mark>La carnitina juega un papel cr\u00edtico en la producci\u00f3n de energ\u00eda. Transporta \u00e1cidos grasos de cadena larga a las mitocondrias para que puedan oxidarse (&#8220;quemarse&#8221;) para producir energ\u00eda. Tambi\u00e9n transporta los compuestos t\u00f3xicos generados fuera de las c\u00e9lulas para evitar su acumulaci\u00f3n.<\/p>\n\n\n\n<p><mark style=\"background-color:rgba(0, 0, 0, 0)\" class=\"has-inline-color has-vivid-cyan-blue-color\">*<sup>3<\/sup><\/mark>Nuestros cuerpos almacenan creatina como fosfocreatina principalmente en nuestros m\u00fasculos, donde se utiliza como fuente de energ\u00eda.<\/p>\n\n\n\n<p><sup><mark style=\"background-color:rgba(0, 0, 0, 0)\" class=\"has-inline-color has-vivid-red-color\">*4<\/mark><\/sup>Helps our arteries relax and work better, which improves blood flow thAyuda a que nuestras arterias se relajen y funcionen mejor, lo que mejora el flujo sangu\u00edneo en todo el cuerpo.<\/p>\n","protected":false},"excerpt":{"rendered":"<p>Consumo y distribuyo un producto por la salud global, un extracto aquoso de hoja del albero de Olivo, Uno de los mas potentes antioxidantes. Purifica desde dentro, equilibra tu organismo y limpia tus organos, empezando por los ri\u00f1ones, el higado, la piel, nuestros filtros! Limpia venas y arterias, mejorando circulacion sangui\u00f1a y microcirculacion. Regula la &hellip; <\/p>\n<p class=\"link-more\"><a href=\"https:\/\/lanzaworx.com\/soul-fitness\/olive-tree-leaf\/hoja-de-olivo\/\" class=\"more-link\">Continue reading<span class=\"screen-reader-text\"> &#8220;HOJA DE OLIVO&#8221;<\/span><\/a><\/p>\n","protected":false},"author":1,"featured_media":156,"parent":90,"menu_order":0,"comment_status":"closed","ping_status":"closed","template":"spanish-page.php","meta":{"footnotes":""},"class_list":["post-457","page","type-page","status-publish","has-post-thumbnail","hentry"],"jetpack_sharing_enabled":true,"jetpack_likes_enabled":true,"_links":{"self":[{"href":"https:\/\/lanzaworx.com\/soul-fitness\/wp-json\/wp\/v2\/pages\/457","targetHints":{"allow":["GET"]}}],"collection":[{"href":"https:\/\/lanzaworx.com\/soul-fitness\/wp-json\/wp\/v2\/pages"}],"about":[{"href":"https:\/\/lanzaworx.com\/soul-fitness\/wp-json\/wp\/v2\/types\/page"}],"author":[{"embeddable":true,"href":"https:\/\/lanzaworx.com\/soul-fitness\/wp-json\/wp\/v2\/users\/1"}],"replies":[{"embeddable":true,"href":"https:\/\/lanzaworx.com\/soul-fitness\/wp-json\/wp\/v2\/comments?post=457"}],"version-history":[{"count":11,"href":"https:\/\/lanzaworx.com\/soul-fitness\/wp-json\/wp\/v2\/pages\/457\/revisions"}],"predecessor-version":[{"id":1350,"href":"https:\/\/lanzaworx.com\/soul-fitness\/wp-json\/wp\/v2\/pages\/457\/revisions\/1350"}],"up":[{"embeddable":true,"href":"https:\/\/lanzaworx.com\/soul-fitness\/wp-json\/wp\/v2\/pages\/90"}],"wp:featuredmedia":[{"embeddable":true,"href":"https:\/\/lanzaworx.com\/soul-fitness\/wp-json\/wp\/v2\/media\/156"}],"wp:attachment":[{"href":"https:\/\/lanzaworx.com\/soul-fitness\/wp-json\/wp\/v2\/media?parent=457"}],"curies":[{"name":"wp","href":"https:\/\/api.w.org\/{rel}","templated":true}]}}