{"id":418,"date":"2022-01-27T18:59:45","date_gmt":"2022-01-27T18:59:45","guid":{"rendered":"https:\/\/lanzaworx.com\/soul-fitness\/?page_id=418"},"modified":"2025-02-25T13:04:33","modified_gmt":"2025-02-25T13:04:33","slug":"sobre-mi","status":"publish","type":"page","link":"https:\/\/lanzaworx.com\/soul-fitness\/about-me\/sobre-mi\/","title":{"rendered":"Sobre Mi"},"content":{"rendered":"\n<div class=\"wp-block-columns is-layout-flex wp-container-core-columns-is-layout-9d6595d7 wp-block-columns-is-layout-flex\">\n<div class=\"wp-block-column is-layout-flow wp-block-column-is-layout-flow\"><div class=\"wp-block-image\">\n<figure class=\"aligncenter size-full is-resized\"><a href=\"https:\/\/lanzaworx.com\/soul-fitness\"><img data-recalc-dims=\"1\" loading=\"lazy\" decoding=\"async\" width=\"32\" height=\"32\" src=\"https:\/\/i0.wp.com\/lanzaworx.com\/soul-fitness\/wp-content\/uploads\/2022\/01\/home-32x32-1.png?resize=32%2C32&#038;ssl=1\" alt=\"\" class=\"wp-image-234\" style=\"width:34px;height:auto\"\/><\/a><\/figure>\n<\/div><\/div>\n\n\n\n<div class=\"wp-block-column is-layout-flow wp-block-column-is-layout-flow\"><div class=\"wp-block-image\">\n<figure class=\"aligncenter size-full\"><a href=\"https:\/\/lanzaworx.com\/soul-fitness\/about-me\/a-proposito-di-me\/\"><img data-recalc-dims=\"1\" loading=\"lazy\" decoding=\"async\" width=\"32\" height=\"32\" src=\"https:\/\/i0.wp.com\/lanzaworx.com\/soul-fitness\/wp-content\/uploads\/2022\/01\/it-32x32-1.png?resize=32%2C32&#038;ssl=1\" alt=\"\" class=\"wp-image-224\"\/><\/a><\/figure>\n<\/div><\/div>\n\n\n\n<div class=\"wp-block-column is-layout-flow wp-block-column-is-layout-flow\"><div class=\"wp-block-image\">\n<figure class=\"aligncenter size-full\"><a href=\"https:\/\/lanzaworx.com\/soul-fitness\/about-me\/sobre-mi\/\"><img data-recalc-dims=\"1\" loading=\"lazy\" decoding=\"async\" width=\"32\" height=\"32\" src=\"https:\/\/i0.wp.com\/lanzaworx.com\/soul-fitness\/wp-content\/uploads\/2022\/01\/es-32x32-1.png?resize=32%2C32&#038;ssl=1\" alt=\"\" class=\"wp-image-225\"\/><\/a><\/figure>\n<\/div><\/div>\n\n\n\n<div class=\"wp-block-column is-layout-flow wp-block-column-is-layout-flow\"><div class=\"wp-block-image\">\n<figure class=\"aligncenter size-full\"><a href=\"https:\/\/lanzaworx.com\/soul-fitness\/about-me\/\"><img data-recalc-dims=\"1\" loading=\"lazy\" decoding=\"async\" width=\"32\" height=\"32\" src=\"https:\/\/i0.wp.com\/lanzaworx.com\/soul-fitness\/wp-content\/uploads\/2022\/01\/uk-32x32-1.png?resize=32%2C32&#038;ssl=1\" alt=\"\" class=\"wp-image-228\"\/><\/a><\/figure>\n<\/div><\/div>\n<\/div>\n\n\n\n<p>Mi nombre es M\u00f3nica, nac\u00ed en Italia, en la ciudad de Mil\u00e1n. Antes de trasladarme a Lanzarote, mis experiencias laborales han tocado varios sectores: promoci\u00f3n, relaciones p\u00fablicas, creaci\u00f3n de eventos, venta de espacios publicitarios. \u00a1Mi verdadera pasi\u00f3n siempre ha sido el deporte y el fitness, el movimiento y la acci\u00f3n! \u00a1As\u00ed que decid\u00ed convertir mi pasi\u00f3n en mi trabajo!<\/p>\n\n\n\n<div class=\"wp-block-media-text alignwide is-stacked-on-mobile\" style=\"grid-template-columns:21% auto\"><figure class=\"wp-block-media-text__media\"><img data-recalc-dims=\"1\" loading=\"lazy\" decoding=\"async\" width=\"368\" height=\"768\" src=\"https:\/\/i0.wp.com\/lanzaworx.com\/soul-fitness\/wp-content\/uploads\/2022\/01\/20200826_141256_1.gif?resize=368%2C768&#038;ssl=1\" alt=\"Soul Fitness\" class=\"wp-image-158 size-full\"\/><\/figure><div class=\"wp-block-media-text__content\">\n<p>\u00a1Estudi\u00e9 y obtuve el t\u00edtulo de Entrenador Personal! \u00a1La mejor opci\u00f3n de vida! Soy totalmente dedicada y apasionada a mi trabajo. Gracias a las diversas experiencias profesionales en diferentes sectores, que siempre han tenido como denominador com\u00fan las relaciones interpersonales y la comunicaci\u00f3n, tengo una gran facilidad de conexi\u00f3n con las personas.<\/p>\n\n\n\n<p>Soy de mente muy abierta, emp\u00e1tica, humana y sensible, llena de energ\u00eda y entusiasmo, siempre sonriente! Siempre trato de encontrar el lado positivo de las cosas y de la vida!<\/p>\n\n\n\n<p>\u00a1Traigo alegr\u00eda, simpat\u00eda, energ\u00eda y vibraciones positivas a todas las personas que conozco!<\/p>\n<\/div><\/div>\n\n\n\n<p>Conmigo, no solo ser\u00e1s fuerte f\u00edsicamente, \u00a1tu mente tambi\u00e9n se beneficiar\u00e1 del trabajo que haremos juntos! Se vaciar\u00e1, se relajar\u00e1, aprender\u00e1 a no intoxicarse con pensamientos negativos que pueden, en casos severos, desarrollar enfermedades. Me gustar\u00eda transmitirte mi pasi\u00f3n por el deporte y el movimiento, no vivido como un esfuerzo y un cansancio, sino como un camino hacia una vida mejor.<\/p>\n\n\n\n<p><br>\u00a1Espero poder ayudarte a descubrir una nueva pasi\u00f3n, tener un f\u00edsico fuerte y en forma, tonificado y esbelto, armon\u00eda mental y la certeza de poder enfrentar cualquier desaf\u00edo que llame a tu puerta!<\/p>\n\n\n\n<figure class=\"wp-block-gallery has-nested-images columns-default is-cropped wp-block-gallery-1 is-layout-flex wp-block-gallery-is-layout-flex\">\n<figure class=\"wp-block-image size-large\"><img data-recalc-dims=\"1\" loading=\"lazy\" decoding=\"async\" width=\"368\" height=\"656\" data-id=\"167\" src=\"https:\/\/i0.wp.com\/lanzaworx.com\/soul-fitness\/wp-content\/uploads\/2022\/01\/Monica-training_1.gif?resize=368%2C656&#038;ssl=1\" alt=\"\" class=\"wp-image-167\"\/><\/figure>\n\n\n\n<figure class=\"wp-block-image size-large\"><img data-recalc-dims=\"1\" loading=\"lazy\" decoding=\"async\" width=\"525\" height=\"252\" data-id=\"166\" src=\"https:\/\/i0.wp.com\/lanzaworx.com\/soul-fitness\/wp-content\/uploads\/2022\/01\/20210213_151015_1.gif?resize=525%2C252&#038;ssl=1\" alt=\"\" class=\"wp-image-166\"\/><\/figure>\n\n\n\n<figure class=\"wp-block-image size-large\"><img data-recalc-dims=\"1\" loading=\"lazy\" decoding=\"async\" width=\"525\" height=\"252\" data-id=\"165\" src=\"https:\/\/i0.wp.com\/lanzaworx.com\/soul-fitness\/wp-content\/uploads\/2022\/01\/20200828_135646_2.gif?resize=525%2C252&#038;ssl=1\" alt=\"\" class=\"wp-image-165\"\/><\/figure>\n\n\n\n<figure class=\"wp-block-image size-large\"><img data-recalc-dims=\"1\" loading=\"lazy\" decoding=\"async\" width=\"525\" height=\"252\" data-id=\"163\" src=\"https:\/\/i0.wp.com\/lanzaworx.com\/soul-fitness\/wp-content\/uploads\/2022\/01\/20200828_135109_2.gif?resize=525%2C252&#038;ssl=1\" alt=\"Soul Fitness\" class=\"wp-image-163\"\/><\/figure>\n<\/figure>\n\n\n\n<div style=\"height:50px\" aria-hidden=\"true\" class=\"wp-block-spacer\"><\/div>\n\n\n\n<p>Y si necesitas algunas sugerencias o gu\u00edas para una dieta sana y variada, puedo ayudarte a encontrar la dieta adecuada para ti, evaluando juntos tu situaci\u00f3n personal y creando un estilo de alimentaci\u00f3n saludable, totalmente natural, \u00a1sin dejar de lado el sabor! Como siempre, mente y cuerpo deben caminar de la mano. \u00a1Comer bien, encontrar los alimentos adecuados, tambi\u00e9n es fundamental para tu claridad mental y tranquilidad!<\/p>\n\n\n\n<p>Llama o escribe para un primer contacto, estar\u00e9 encantada de conocerte y ayudarte a conseguir tus objetivos!<\/p>\n\n\n\n<p> \u00a1No te decepcionar\u00e9! Mira mis redes sociales <a rel=\"noreferrer noopener\" href=\"https:\/\/www.instagram.com\/monica_kerschbaumer\/?hl=en\" target=\"_blank\"><mark style=\"background-color:rgba(0, 0, 0, 0)\" class=\"has-inline-color has-vivid-green-cyan-color\">Instagram<\/mark><\/a> y <a rel=\"noreferrer noopener\" href=\"https:\/\/www.facebook.com\/soulfitnesslanzarote\" target=\"_blank\"><mark style=\"background-color:rgba(0, 0, 0, 0)\" class=\"has-inline-color has-vivid-cyan-blue-color\">Facebook<\/mark><\/a><mark style=\"background-color:rgba(0, 0, 0, 0)\" class=\"has-inline-color has-vivid-cyan-blue-color\"> <\/mark> <\/p>\n\n\n\n<p>Para descubrir un nuevo verso de ti, ll\u00e1mame, enviame un whatzapp o correo electronico.<\/p>\n\n\n\n<p>M\u00f3vil: 0034 686 822 638<\/p>\n\n\n\n<div class=\"wp-block-jetpack-send-a-message\">\n<div class=\"wp-block-jetpack-whatsapp-button is-color-dark\"><a class=\"whatsapp-block__button\" href=\"https:\/\/api.whatsapp.com\/send?phone=34686822638&amp;text=Hi%2C%20I%20got%20your%20WhatsApp%20information%20from%20your%20website.\" style=\"background-color:#25D366;color:#fff\" target=\"_self\" rel=\"noopener noreferrer\">Chat on WhatsApp<\/a><\/div>\n<\/div>\n\n\n\n<div style=\"height:50px\" aria-hidden=\"true\" class=\"wp-block-spacer\"><\/div>\n\n\n\n<a style=\"color:MediumSeaGreen;\" href=\"mailto:soul-fitness@lanzaworx.com?subject=Soul-Fitness Enquiry\">mnkersch@gmail.com<\/a>\n\n\n\n<p><\/p>\n","protected":false},"excerpt":{"rendered":"<p>Mi nombre es M\u00f3nica, nac\u00ed en Italia, en la ciudad de Mil\u00e1n. Antes de trasladarme a Lanzarote, mis experiencias laborales han tocado varios sectores: promoci\u00f3n, relaciones p\u00fablicas, creaci\u00f3n de eventos, venta de espacios publicitarios. \u00a1Mi verdadera pasi\u00f3n siempre ha sido el deporte y el fitness, el movimiento y la acci\u00f3n! \u00a1As\u00ed que decid\u00ed convertir mi &hellip; <\/p>\n<p class=\"link-more\"><a href=\"https:\/\/lanzaworx.com\/soul-fitness\/about-me\/sobre-mi\/\" class=\"more-link\">Continue reading<span class=\"screen-reader-text\"> &#8220;Sobre Mi&#8221;<\/span><\/a><\/p>\n","protected":false},"author":1,"featured_media":0,"parent":171,"menu_order":0,"comment_status":"closed","ping_status":"closed","template":"spanish-page.php","meta":{"footnotes":""},"class_list":["post-418","page","type-page","status-publish","hentry"],"jetpack_sharing_enabled":true,"jetpack_likes_enabled":true,"_links":{"self":[{"href":"https:\/\/lanzaworx.com\/soul-fitness\/wp-json\/wp\/v2\/pages\/418","targetHints":{"allow":["GET"]}}],"collection":[{"href":"https:\/\/lanzaworx.com\/soul-fitness\/wp-json\/wp\/v2\/pages"}],"about":[{"href":"https:\/\/lanzaworx.com\/soul-fitness\/wp-json\/wp\/v2\/types\/page"}],"author":[{"embeddable":true,"href":"https:\/\/lanzaworx.com\/soul-fitness\/wp-json\/wp\/v2\/users\/1"}],"replies":[{"embeddable":true,"href":"https:\/\/lanzaworx.com\/soul-fitness\/wp-json\/wp\/v2\/comments?post=418"}],"version-history":[{"count":8,"href":"https:\/\/lanzaworx.com\/soul-fitness\/wp-json\/wp\/v2\/pages\/418\/revisions"}],"predecessor-version":[{"id":1348,"href":"https:\/\/lanzaworx.com\/soul-fitness\/wp-json\/wp\/v2\/pages\/418\/revisions\/1348"}],"up":[{"embeddable":true,"href":"https:\/\/lanzaworx.com\/soul-fitness\/wp-json\/wp\/v2\/pages\/171"}],"wp:attachment":[{"href":"https:\/\/lanzaworx.com\/soul-fitness\/wp-json\/wp\/v2\/media?parent=418"}],"curies":[{"name":"wp","href":"https:\/\/api.w.org\/{rel}","templated":true}]}}