{"id":398,"date":"2022-01-27T13:38:40","date_gmt":"2022-01-27T13:38:40","guid":{"rendered":"https:\/\/lanzaworx.com\/soul-fitness\/?page_id=398"},"modified":"2025-02-25T13:22:35","modified_gmt":"2025-02-25T13:22:35","slug":"a-proposito-di-me","status":"publish","type":"page","link":"https:\/\/lanzaworx.com\/soul-fitness\/about-me\/a-proposito-di-me\/","title":{"rendered":"A Proposito Di Me"},"content":{"rendered":"\n<div class=\"wp-block-columns is-layout-flex wp-container-core-columns-is-layout-9d6595d7 wp-block-columns-is-layout-flex\">\n<div class=\"wp-block-column is-layout-flow wp-block-column-is-layout-flow\"><div class=\"wp-block-image\">\n<figure class=\"aligncenter size-full is-resized\"><a href=\"https:\/\/lanzaworx.com\/soul-fitness\"><img data-recalc-dims=\"1\" loading=\"lazy\" decoding=\"async\" width=\"32\" height=\"32\" src=\"https:\/\/i0.wp.com\/lanzaworx.com\/soul-fitness\/wp-content\/uploads\/2022\/01\/home-32x32-1.png?resize=32%2C32&#038;ssl=1\" alt=\"\" class=\"wp-image-234\" style=\"width:34px;height:auto\"\/><\/a><\/figure>\n<\/div><\/div>\n\n\n\n<div class=\"wp-block-column is-layout-flow wp-block-column-is-layout-flow\"><div class=\"wp-block-image\">\n<figure class=\"aligncenter size-full\"><a href=\"https:\/\/lanzaworx.com\/soul-fitness\/about-me\/a-proposito-di-me\/\"><img data-recalc-dims=\"1\" loading=\"lazy\" decoding=\"async\" width=\"32\" height=\"32\" src=\"https:\/\/i0.wp.com\/lanzaworx.com\/soul-fitness\/wp-content\/uploads\/2022\/01\/it-32x32-1.png?resize=32%2C32&#038;ssl=1\" alt=\"\" class=\"wp-image-224\"\/><\/a><\/figure>\n<\/div><\/div>\n\n\n\n<div class=\"wp-block-column is-layout-flow wp-block-column-is-layout-flow\"><div class=\"wp-block-image\">\n<figure class=\"aligncenter size-full\"><a href=\"https:\/\/lanzaworx.com\/soul-fitness\/about-me\/sobre-mi\/\"><img data-recalc-dims=\"1\" loading=\"lazy\" decoding=\"async\" width=\"32\" height=\"32\" src=\"https:\/\/i0.wp.com\/lanzaworx.com\/soul-fitness\/wp-content\/uploads\/2022\/01\/es-32x32-1.png?resize=32%2C32&#038;ssl=1\" alt=\"\" class=\"wp-image-225\"\/><\/a><\/figure>\n<\/div><\/div>\n\n\n\n<div class=\"wp-block-column is-layout-flow wp-block-column-is-layout-flow\"><div class=\"wp-block-image\">\n<figure class=\"aligncenter size-full\"><a href=\"https:\/\/lanzaworx.com\/soul-fitness\/about-me\/\"><img data-recalc-dims=\"1\" loading=\"lazy\" decoding=\"async\" width=\"32\" height=\"32\" src=\"https:\/\/i0.wp.com\/lanzaworx.com\/soul-fitness\/wp-content\/uploads\/2022\/01\/uk-32x32-1.png?resize=32%2C32&#038;ssl=1\" alt=\"\" class=\"wp-image-228\"\/><\/a><\/figure>\n<\/div><\/div>\n<\/div>\n\n\n\n<p>Mi chiamo Monica, italiana di origine, della citt\u00e0 di Milano. Prima di venire a Lanzarote, ho lavorato come promotore, responsabile delle pubbliche relazioni, creatore di eventi, pubblicit\u00e0 e vendite. Dato che lo sport e il fitness sono sempre stati una grande passione, ho deciso di fare della mia passione il mio lavoro&#8230;<\/p>\n\n\n\n<div class=\"wp-block-media-text alignwide is-stacked-on-mobile\" style=\"grid-template-columns:21% auto\"><figure class=\"wp-block-media-text__media\"><img data-recalc-dims=\"1\" loading=\"lazy\" decoding=\"async\" width=\"368\" height=\"768\" src=\"https:\/\/i0.wp.com\/lanzaworx.com\/soul-fitness\/wp-content\/uploads\/2022\/01\/20200826_141256_1.gif?resize=368%2C768&#038;ssl=1\" alt=\"Soul Fitness\" class=\"wp-image-158 size-full\"\/><\/figure><div class=\"wp-block-media-text__content\">\n<p>Ho studiato e ottenuto il titolo di Personal Trainer! La migliore scelta di vita! Sono appassionata e dedicata a questa fantastica attivit\u00e0. Grazie alle tante esperienze professionali in diversi settori, che hanno sempre avuto come comune denominatore i rapporti interpersonali e la comunicazione, ho una grande facilit\u00e0 di connessione con le persone.<\/p>\n\n\n\n<p>Sono molto aperta, empatica, umana e sensibile, piena di energia ed entusiasmo, sempre sorridente! Cerco sempre di trovare il lato positivo delle cose e della vita! Porto gioia, simpatia, energia e vibrazioni positive a tutti quelli che incontro! <\/p>\n\n\n\n<p>Con me non solo sarai forte fisicamente, ma anche la tua mente trarr\u00e0 vantaggio dal lavoro che faremo insieme! Ti svuoterai, ti rilasserai, ti disintossicherai dai pensieri negativi che possono, nei casi pi\u00f9 gravi, sviluppare malattie. Vorrei trasmettere la mia passione per lo sport e il movimento, vissuta non come fatica e sforzo, ma come percorso per una vita migliore.<\/p>\n<\/div><\/div>\n\n\n\n<p>Voglio aiutarti a scoprire una nuova passione, avere un fisico forte e in forma, tonico e snello, armonia mentale e la certezza di poter affrontare qualsiasi sfida bussi alla tua porta!<\/p>\n\n\n\n<figure class=\"wp-block-gallery has-nested-images columns-default is-cropped wp-block-gallery-1 is-layout-flex wp-block-gallery-is-layout-flex\">\n<figure class=\"wp-block-image size-large\"><img data-recalc-dims=\"1\" loading=\"lazy\" decoding=\"async\" width=\"368\" height=\"656\" data-id=\"167\" src=\"https:\/\/i0.wp.com\/lanzaworx.com\/soul-fitness\/wp-content\/uploads\/2022\/01\/Monica-training_1.gif?resize=368%2C656&#038;ssl=1\" alt=\"\" class=\"wp-image-167\"\/><\/figure>\n\n\n\n<figure class=\"wp-block-image size-large\"><img data-recalc-dims=\"1\" loading=\"lazy\" decoding=\"async\" width=\"525\" height=\"252\" data-id=\"166\" src=\"https:\/\/i0.wp.com\/lanzaworx.com\/soul-fitness\/wp-content\/uploads\/2022\/01\/20210213_151015_1.gif?resize=525%2C252&#038;ssl=1\" alt=\"\" class=\"wp-image-166\"\/><\/figure>\n\n\n\n<figure class=\"wp-block-image size-large\"><img data-recalc-dims=\"1\" loading=\"lazy\" decoding=\"async\" width=\"525\" height=\"252\" data-id=\"165\" src=\"https:\/\/i0.wp.com\/lanzaworx.com\/soul-fitness\/wp-content\/uploads\/2022\/01\/20200828_135646_2.gif?resize=525%2C252&#038;ssl=1\" alt=\"\" class=\"wp-image-165\"\/><\/figure>\n\n\n\n<figure class=\"wp-block-image size-large\"><img data-recalc-dims=\"1\" loading=\"lazy\" decoding=\"async\" width=\"525\" height=\"252\" data-id=\"164\" src=\"https:\/\/i0.wp.com\/lanzaworx.com\/soul-fitness\/wp-content\/uploads\/2022\/01\/20200828_135348_1.gif?resize=525%2C252&#038;ssl=1\" alt=\"\" class=\"wp-image-164\"\/><\/figure>\n\n\n\n<figure class=\"wp-block-image size-large\"><img data-recalc-dims=\"1\" loading=\"lazy\" decoding=\"async\" width=\"525\" height=\"252\" data-id=\"163\" src=\"https:\/\/i0.wp.com\/lanzaworx.com\/soul-fitness\/wp-content\/uploads\/2022\/01\/20200828_135109_2.gif?resize=525%2C252&#038;ssl=1\" alt=\"Soul Fitness\" class=\"wp-image-163\"\/><\/figure>\n<\/figure>\n\n\n\n<p>E se hai bisogno di qualche consiglio o di guida per un&#8217;alimentazione sana e varia, posso aiutarti a trovare la dieta giusta per te, valutando insieme la tua situazione personale e creando uno stile alimentare sano, totalmente naturale, senza trascurare il gusto! Come sempre, mente e corpo devono camminare mano nella mano. Mangiare bene, trovare i cibi giusti, \u00e8 anche essenziale per la tua lucidit\u00e0 mentale e tranquillit\u00e0!<\/p>\n\n\n\n<p>Chiama o scrivi per un primo contatto, sar\u00f2 felice di conoscerti e aiutarti a raggiungere i tuoi obiettivi! Non ti deluder\u00f2!<\/p>\n\n\n\n<p>Dai un&#8217;occhiata ai miei social network  <a rel=\"noreferrer noopener\" href=\"https:\/\/www.instagram.com\/monica_kerschbaumer\/?hl=en\" target=\"_blank\"><mark style=\"background-color:rgba(0, 0, 0, 0)\" class=\"has-inline-color has-vivid-green-cyan-color\">Instagram<\/mark><\/a> e <a rel=\"noreferrer noopener\" href=\"https:\/\/www.facebook.com\/soulfitnesslanzarote\" target=\"_blank\"><mark style=\"background-color:rgba(0, 0, 0, 0)\" class=\"has-inline-color has-vivid-cyan-blue-color\">Facebook<\/mark><\/a>.<br>Chiamami, mandami un WhatsApp o un&#8217;email. <\/p>\n\n\n\n<p>Cellulare: 0034 686 822 638<\/p>\n\n\n\n<div style=\"height:50px\" aria-hidden=\"true\" class=\"wp-block-spacer\"><\/div>\n\n\n\n<div class=\"wp-block-jetpack-send-a-message\">\n<div class=\"wp-block-jetpack-whatsapp-button is-color-dark\"><a class=\"whatsapp-block__button\" href=\"https:\/\/api.whatsapp.com\/send?phone=34686822638&amp;text=Hi%2C%20I%20got%20your%20WhatsApp%20information%20from%20your%20website.\" style=\"background-color:#25D366;color:#fff\" target=\"_self\" rel=\"noopener noreferrer\">Chat on WhatsApp<\/a><\/div>\n<\/div>\n\n\n\n<div style=\"height:50px\" aria-hidden=\"true\" class=\"wp-block-spacer\"><\/div>\n\n\n\n<a style=\"color:MediumSeaGreen;\" href=\"mailto:soul-fitness@lanzaworx.com?subject=Soul-Fitness Enquiry\">mnkersch@gmail.com<\/a>\n\n\n\n<p><\/p>\n","protected":false},"excerpt":{"rendered":"<p>Mi chiamo Monica, italiana di origine, della citt\u00e0 di Milano. Prima di venire a Lanzarote, ho lavorato come promotore, responsabile delle pubbliche relazioni, creatore di eventi, pubblicit\u00e0 e vendite. Dato che lo sport e il fitness sono sempre stati una grande passione, ho deciso di fare della mia passione il mio lavoro&#8230; Ho studiato e &hellip; <\/p>\n<p class=\"link-more\"><a href=\"https:\/\/lanzaworx.com\/soul-fitness\/about-me\/a-proposito-di-me\/\" class=\"more-link\">Continue reading<span class=\"screen-reader-text\"> &#8220;A Proposito Di Me&#8221;<\/span><\/a><\/p>\n","protected":false},"author":1,"featured_media":0,"parent":171,"menu_order":0,"comment_status":"closed","ping_status":"closed","template":"italian-page.php","meta":{"footnotes":""},"class_list":["post-398","page","type-page","status-publish","hentry"],"jetpack_sharing_enabled":true,"jetpack_likes_enabled":true,"_links":{"self":[{"href":"https:\/\/lanzaworx.com\/soul-fitness\/wp-json\/wp\/v2\/pages\/398","targetHints":{"allow":["GET"]}}],"collection":[{"href":"https:\/\/lanzaworx.com\/soul-fitness\/wp-json\/wp\/v2\/pages"}],"about":[{"href":"https:\/\/lanzaworx.com\/soul-fitness\/wp-json\/wp\/v2\/types\/page"}],"author":[{"embeddable":true,"href":"https:\/\/lanzaworx.com\/soul-fitness\/wp-json\/wp\/v2\/users\/1"}],"replies":[{"embeddable":true,"href":"https:\/\/lanzaworx.com\/soul-fitness\/wp-json\/wp\/v2\/comments?post=398"}],"version-history":[{"count":10,"href":"https:\/\/lanzaworx.com\/soul-fitness\/wp-json\/wp\/v2\/pages\/398\/revisions"}],"predecessor-version":[{"id":1353,"href":"https:\/\/lanzaworx.com\/soul-fitness\/wp-json\/wp\/v2\/pages\/398\/revisions\/1353"}],"up":[{"embeddable":true,"href":"https:\/\/lanzaworx.com\/soul-fitness\/wp-json\/wp\/v2\/pages\/171"}],"wp:attachment":[{"href":"https:\/\/lanzaworx.com\/soul-fitness\/wp-json\/wp\/v2\/media?parent=398"}],"curies":[{"name":"wp","href":"https:\/\/api.w.org\/{rel}","templated":true}]}}