{"id":1076,"date":"2024-08-12T18:22:06","date_gmt":"2024-08-12T18:22:06","guid":{"rendered":"https:\/\/lanzaworx.com\/soul-fitness\/?page_id=1076"},"modified":"2025-02-25T13:40:12","modified_gmt":"2025-02-25T13:40:12","slug":"allenamento-funzionale","status":"publish","type":"page","link":"https:\/\/lanzaworx.com\/soul-fitness\/functional-training\/allenamento-funzionale\/","title":{"rendered":"ALLENAMENTO FUNZIONALE"},"content":{"rendered":"\n<div class=\"wp-block-columns is-layout-flex wp-container-core-columns-is-layout-9d6595d7 wp-block-columns-is-layout-flex\">\n<div class=\"wp-block-column is-layout-flow wp-block-column-is-layout-flow\"><div class=\"wp-block-image\">\n<figure class=\"aligncenter size-full is-resized\"><a href=\"https:\/\/lanzaworx.com\/soul-fitness\"><img data-recalc-dims=\"1\" loading=\"lazy\" decoding=\"async\" width=\"32\" height=\"32\" src=\"https:\/\/i0.wp.com\/lanzaworx.com\/soul-fitness\/wp-content\/uploads\/2022\/01\/home-32x32-1.png?resize=32%2C32&#038;ssl=1\" alt=\"\" class=\"wp-image-234\" style=\"width:34px;height:auto\"\/><\/a><\/figure>\n<\/div><\/div>\n\n\n\n<div class=\"wp-block-column is-layout-flow wp-block-column-is-layout-flow\"><div class=\"wp-block-image\">\n<figure class=\"aligncenter size-full\"><a href=\"https:\/\/lanzaworx.com\/soul-fitness\/functional-training\/allenamento-funzionale\/\"><img data-recalc-dims=\"1\" loading=\"lazy\" decoding=\"async\" width=\"32\" height=\"32\" src=\"https:\/\/i0.wp.com\/lanzaworx.com\/soul-fitness\/wp-content\/uploads\/2022\/01\/it-32x32-1.png?resize=32%2C32&#038;ssl=1\" alt=\"\" class=\"wp-image-224\"\/><\/a><\/figure>\n<\/div><\/div>\n\n\n\n<div class=\"wp-block-column is-layout-flow wp-block-column-is-layout-flow\"><div class=\"wp-block-image\">\n<figure class=\"aligncenter size-full\"><a href=\"https:\/\/lanzaworx.com\/soul-fitness\/functional-training\/entrenamiento-funcional\/\"><img data-recalc-dims=\"1\" loading=\"lazy\" decoding=\"async\" width=\"32\" height=\"32\" src=\"https:\/\/i0.wp.com\/lanzaworx.com\/soul-fitness\/wp-content\/uploads\/2022\/01\/es-32x32-1.png?resize=32%2C32&#038;ssl=1\" alt=\"\" class=\"wp-image-225\"\/><\/a><\/figure>\n<\/div><\/div>\n\n\n\n<div class=\"wp-block-column is-layout-flow wp-block-column-is-layout-flow\"><div class=\"wp-block-image\">\n<figure class=\"aligncenter size-full\"><a href=\"https:\/\/lanzaworx.com\/soul-fitness\/functional-training\/\"><img data-recalc-dims=\"1\" loading=\"lazy\" decoding=\"async\" width=\"32\" height=\"32\" src=\"https:\/\/i0.wp.com\/lanzaworx.com\/soul-fitness\/wp-content\/uploads\/2022\/01\/uk-32x32-1.png?resize=32%2C32&#038;ssl=1\" alt=\"\" class=\"wp-image-228\"\/><\/a><\/figure>\n<\/div><\/div>\n<\/div>\n\n\n\n<p>LAS CUCHARAS &#8211; COSTA TEGUISE<br>LUNED\u00cc &#8211; MERCOLED\u00cc &#8211; VENERD\u00cc<br><a href=\"https:\/\/lanzaworx.com\/soul-fitness\/prices\/prezzi\/\" data-type=\"page\" data-id=\"290\"><mark style=\"background-color:rgba(0, 0, 0, 0)\" class=\"has-inline-color has-vivid-green-cyan-color\">Orari e prezzi<\/mark><\/a><\/p>\n\n\n\n<p>Allenamento completo con utilizzo di: pesi e barre, bande elastiche, glute bands e l&#8217;immancabile TRX. Allenamento di gruppo, ma semi personalizzato, Si lavora la forza, la resistenza, recupero di lesioni, miglioramento di postura, miglioramento e\/o creazione della massa muscolare.<\/p>\n\n\n\n<div class=\"wp-block-jetpack-slideshow aligncenter\" data-autoplay=\"true\" data-delay=\"3\" data-effect=\"slide\"><div class=\"wp-block-jetpack-slideshow_container swiper-container\"><ul class=\"wp-block-jetpack-slideshow_swiper-wrapper swiper-wrapper\"><li class=\"wp-block-jetpack-slideshow_slide swiper-slide\"><figure><img data-recalc-dims=\"1\" loading=\"lazy\" decoding=\"async\" width=\"525\" height=\"394\" alt=\"\" class=\"wp-block-jetpack-slideshow_image wp-image-1062\" data-id=\"1062\" src=\"https:\/\/i0.wp.com\/lanzaworx.com\/soul-fitness\/wp-content\/uploads\/2024\/08\/20231115_113127.jpg?resize=525%2C394&#038;ssl=1\" srcset=\"https:\/\/i0.wp.com\/lanzaworx.com\/soul-fitness\/wp-content\/uploads\/2024\/08\/20231115_113127.jpg?resize=1024%2C768&amp;ssl=1 1024w, https:\/\/i0.wp.com\/lanzaworx.com\/soul-fitness\/wp-content\/uploads\/2024\/08\/20231115_113127.jpg?resize=300%2C225&amp;ssl=1 300w, https:\/\/i0.wp.com\/lanzaworx.com\/soul-fitness\/wp-content\/uploads\/2024\/08\/20231115_113127.jpg?resize=768%2C576&amp;ssl=1 768w, https:\/\/i0.wp.com\/lanzaworx.com\/soul-fitness\/wp-content\/uploads\/2024\/08\/20231115_113127.jpg?w=1200&amp;ssl=1 1200w\" sizes=\"(max-width: 706px) 89vw, (max-width: 767px) 82vw, 740px\" \/><\/figure><\/li><li class=\"wp-block-jetpack-slideshow_slide swiper-slide\"><figure><img data-recalc-dims=\"1\" loading=\"lazy\" decoding=\"async\" width=\"525\" height=\"525\" alt=\"\" class=\"wp-block-jetpack-slideshow_image wp-image-1072\" data-id=\"1072\" src=\"https:\/\/i0.wp.com\/lanzaworx.com\/soul-fitness\/wp-content\/uploads\/2024\/08\/InShot_20240311_185411290.jpg?resize=525%2C525&#038;ssl=1\" srcset=\"https:\/\/i0.wp.com\/lanzaworx.com\/soul-fitness\/wp-content\/uploads\/2024\/08\/InShot_20240311_185411290.jpg?resize=1024%2C1024&amp;ssl=1 1024w, https:\/\/i0.wp.com\/lanzaworx.com\/soul-fitness\/wp-content\/uploads\/2024\/08\/InShot_20240311_185411290.jpg?resize=300%2C300&amp;ssl=1 300w, https:\/\/i0.wp.com\/lanzaworx.com\/soul-fitness\/wp-content\/uploads\/2024\/08\/InShot_20240311_185411290.jpg?resize=150%2C150&amp;ssl=1 150w, https:\/\/i0.wp.com\/lanzaworx.com\/soul-fitness\/wp-content\/uploads\/2024\/08\/InShot_20240311_185411290.jpg?resize=768%2C768&amp;ssl=1 768w, https:\/\/i0.wp.com\/lanzaworx.com\/soul-fitness\/wp-content\/uploads\/2024\/08\/InShot_20240311_185411290.jpg?resize=100%2C100&amp;ssl=1 100w, https:\/\/i0.wp.com\/lanzaworx.com\/soul-fitness\/wp-content\/uploads\/2024\/08\/InShot_20240311_185411290.jpg?w=1200&amp;ssl=1 1200w\" sizes=\"(max-width: 706px) 89vw, (max-width: 767px) 82vw, 740px\" \/><\/figure><\/li><li class=\"wp-block-jetpack-slideshow_slide swiper-slide\"><figure><img data-recalc-dims=\"1\" loading=\"lazy\" decoding=\"async\" width=\"525\" height=\"394\" alt=\"\" class=\"wp-block-jetpack-slideshow_image wp-image-1071\" data-id=\"1071\" src=\"https:\/\/i0.wp.com\/lanzaworx.com\/soul-fitness\/wp-content\/uploads\/2024\/08\/IMG-20240510-WA0036.jpg?resize=525%2C394&#038;ssl=1\" srcset=\"https:\/\/i0.wp.com\/lanzaworx.com\/soul-fitness\/wp-content\/uploads\/2024\/08\/IMG-20240510-WA0036.jpg?resize=1024%2C768&amp;ssl=1 1024w, https:\/\/i0.wp.com\/lanzaworx.com\/soul-fitness\/wp-content\/uploads\/2024\/08\/IMG-20240510-WA0036.jpg?resize=300%2C225&amp;ssl=1 300w, https:\/\/i0.wp.com\/lanzaworx.com\/soul-fitness\/wp-content\/uploads\/2024\/08\/IMG-20240510-WA0036.jpg?resize=768%2C576&amp;ssl=1 768w, https:\/\/i0.wp.com\/lanzaworx.com\/soul-fitness\/wp-content\/uploads\/2024\/08\/IMG-20240510-WA0036.jpg?w=1200&amp;ssl=1 1200w\" sizes=\"(max-width: 706px) 89vw, (max-width: 767px) 82vw, 740px\" \/><\/figure><\/li><li class=\"wp-block-jetpack-slideshow_slide swiper-slide\"><figure><img data-recalc-dims=\"1\" loading=\"lazy\" decoding=\"async\" width=\"525\" height=\"394\" alt=\"\" class=\"wp-block-jetpack-slideshow_image wp-image-1070\" data-id=\"1070\" src=\"https:\/\/i0.wp.com\/lanzaworx.com\/soul-fitness\/wp-content\/uploads\/2024\/08\/IMG-20240510-WA0034.jpg?resize=525%2C394&#038;ssl=1\" srcset=\"https:\/\/i0.wp.com\/lanzaworx.com\/soul-fitness\/wp-content\/uploads\/2024\/08\/IMG-20240510-WA0034.jpg?resize=1024%2C768&amp;ssl=1 1024w, https:\/\/i0.wp.com\/lanzaworx.com\/soul-fitness\/wp-content\/uploads\/2024\/08\/IMG-20240510-WA0034.jpg?resize=300%2C225&amp;ssl=1 300w, https:\/\/i0.wp.com\/lanzaworx.com\/soul-fitness\/wp-content\/uploads\/2024\/08\/IMG-20240510-WA0034.jpg?resize=768%2C576&amp;ssl=1 768w, https:\/\/i0.wp.com\/lanzaworx.com\/soul-fitness\/wp-content\/uploads\/2024\/08\/IMG-20240510-WA0034.jpg?w=1200&amp;ssl=1 1200w\" sizes=\"(max-width: 706px) 89vw, (max-width: 767px) 82vw, 740px\" \/><\/figure><\/li><li class=\"wp-block-jetpack-slideshow_slide swiper-slide\"><figure><img data-recalc-dims=\"1\" loading=\"lazy\" decoding=\"async\" width=\"525\" height=\"394\" alt=\"\" class=\"wp-block-jetpack-slideshow_image wp-image-1069\" data-id=\"1069\" src=\"https:\/\/i0.wp.com\/lanzaworx.com\/soul-fitness\/wp-content\/uploads\/2024\/08\/IMG-20240510-WA0026.jpg?resize=525%2C394&#038;ssl=1\" srcset=\"https:\/\/i0.wp.com\/lanzaworx.com\/soul-fitness\/wp-content\/uploads\/2024\/08\/IMG-20240510-WA0026.jpg?resize=1024%2C768&amp;ssl=1 1024w, https:\/\/i0.wp.com\/lanzaworx.com\/soul-fitness\/wp-content\/uploads\/2024\/08\/IMG-20240510-WA0026.jpg?resize=300%2C225&amp;ssl=1 300w, https:\/\/i0.wp.com\/lanzaworx.com\/soul-fitness\/wp-content\/uploads\/2024\/08\/IMG-20240510-WA0026.jpg?resize=768%2C576&amp;ssl=1 768w, https:\/\/i0.wp.com\/lanzaworx.com\/soul-fitness\/wp-content\/uploads\/2024\/08\/IMG-20240510-WA0026.jpg?w=1200&amp;ssl=1 1200w\" sizes=\"(max-width: 706px) 89vw, (max-width: 767px) 82vw, 740px\" \/><\/figure><\/li><li class=\"wp-block-jetpack-slideshow_slide swiper-slide\"><figure><img data-recalc-dims=\"1\" loading=\"lazy\" decoding=\"async\" width=\"525\" height=\"296\" alt=\"\" class=\"wp-block-jetpack-slideshow_image wp-image-1068\" data-id=\"1068\" src=\"https:\/\/i0.wp.com\/lanzaworx.com\/soul-fitness\/wp-content\/uploads\/2024\/08\/20240424_104245.jpg?resize=525%2C296&#038;ssl=1\" srcset=\"https:\/\/i0.wp.com\/lanzaworx.com\/soul-fitness\/wp-content\/uploads\/2024\/08\/20240424_104245.jpg?resize=1024%2C577&amp;ssl=1 1024w, https:\/\/i0.wp.com\/lanzaworx.com\/soul-fitness\/wp-content\/uploads\/2024\/08\/20240424_104245.jpg?resize=300%2C169&amp;ssl=1 300w, https:\/\/i0.wp.com\/lanzaworx.com\/soul-fitness\/wp-content\/uploads\/2024\/08\/20240424_104245.jpg?resize=768%2C433&amp;ssl=1 768w, https:\/\/i0.wp.com\/lanzaworx.com\/soul-fitness\/wp-content\/uploads\/2024\/08\/20240424_104245.jpg?w=1200&amp;ssl=1 1200w\" sizes=\"(max-width: 706px) 89vw, (max-width: 767px) 82vw, 740px\" \/><\/figure><\/li><li class=\"wp-block-jetpack-slideshow_slide swiper-slide\"><figure><img data-recalc-dims=\"1\" loading=\"lazy\" decoding=\"async\" width=\"525\" height=\"296\" alt=\"\" class=\"wp-block-jetpack-slideshow_image wp-image-1067\" data-id=\"1067\" src=\"https:\/\/i0.wp.com\/lanzaworx.com\/soul-fitness\/wp-content\/uploads\/2024\/08\/20240424_103300.jpg?resize=525%2C296&#038;ssl=1\" srcset=\"https:\/\/i0.wp.com\/lanzaworx.com\/soul-fitness\/wp-content\/uploads\/2024\/08\/20240424_103300.jpg?resize=1024%2C577&amp;ssl=1 1024w, https:\/\/i0.wp.com\/lanzaworx.com\/soul-fitness\/wp-content\/uploads\/2024\/08\/20240424_103300.jpg?resize=300%2C169&amp;ssl=1 300w, https:\/\/i0.wp.com\/lanzaworx.com\/soul-fitness\/wp-content\/uploads\/2024\/08\/20240424_103300.jpg?resize=768%2C433&amp;ssl=1 768w, https:\/\/i0.wp.com\/lanzaworx.com\/soul-fitness\/wp-content\/uploads\/2024\/08\/20240424_103300.jpg?w=1200&amp;ssl=1 1200w\" sizes=\"(max-width: 706px) 89vw, (max-width: 767px) 82vw, 740px\" \/><\/figure><\/li><li class=\"wp-block-jetpack-slideshow_slide swiper-slide\"><figure><img data-recalc-dims=\"1\" loading=\"lazy\" decoding=\"async\" width=\"525\" height=\"932\" alt=\"\" class=\"wp-block-jetpack-slideshow_image wp-image-1066\" data-id=\"1066\" src=\"https:\/\/i0.wp.com\/lanzaworx.com\/soul-fitness\/wp-content\/uploads\/2024\/08\/20240424_103006.jpg?resize=525%2C932&#038;ssl=1\" srcset=\"https:\/\/i0.wp.com\/lanzaworx.com\/soul-fitness\/wp-content\/uploads\/2024\/08\/20240424_103006.jpg?resize=577%2C1024&amp;ssl=1 577w, https:\/\/i0.wp.com\/lanzaworx.com\/soul-fitness\/wp-content\/uploads\/2024\/08\/20240424_103006.jpg?resize=169%2C300&amp;ssl=1 169w, https:\/\/i0.wp.com\/lanzaworx.com\/soul-fitness\/wp-content\/uploads\/2024\/08\/20240424_103006.jpg?resize=768%2C1364&amp;ssl=1 768w, https:\/\/i0.wp.com\/lanzaworx.com\/soul-fitness\/wp-content\/uploads\/2024\/08\/20240424_103006.jpg?resize=865%2C1536&amp;ssl=1 865w, https:\/\/i0.wp.com\/lanzaworx.com\/soul-fitness\/wp-content\/uploads\/2024\/08\/20240424_103006.jpg?resize=1153%2C2048&amp;ssl=1 1153w, https:\/\/i0.wp.com\/lanzaworx.com\/soul-fitness\/wp-content\/uploads\/2024\/08\/20240424_103006.jpg?w=1200&amp;ssl=1 1200w, https:\/\/i0.wp.com\/lanzaworx.com\/soul-fitness\/wp-content\/uploads\/2024\/08\/20240424_103006.jpg?w=1050&amp;ssl=1 1050w\" sizes=\"(max-width: 525px) 100vw, 525px\" \/><\/figure><\/li><li class=\"wp-block-jetpack-slideshow_slide swiper-slide\"><figure><img data-recalc-dims=\"1\" loading=\"lazy\" decoding=\"async\" width=\"525\" height=\"296\" alt=\"\" class=\"wp-block-jetpack-slideshow_image wp-image-1065\" data-id=\"1065\" src=\"https:\/\/i0.wp.com\/lanzaworx.com\/soul-fitness\/wp-content\/uploads\/2024\/08\/20240424_1017000.jpg?resize=525%2C296&#038;ssl=1\" srcset=\"https:\/\/i0.wp.com\/lanzaworx.com\/soul-fitness\/wp-content\/uploads\/2024\/08\/20240424_1017000.jpg?resize=1024%2C577&amp;ssl=1 1024w, https:\/\/i0.wp.com\/lanzaworx.com\/soul-fitness\/wp-content\/uploads\/2024\/08\/20240424_1017000.jpg?resize=300%2C169&amp;ssl=1 300w, https:\/\/i0.wp.com\/lanzaworx.com\/soul-fitness\/wp-content\/uploads\/2024\/08\/20240424_1017000.jpg?resize=768%2C433&amp;ssl=1 768w, https:\/\/i0.wp.com\/lanzaworx.com\/soul-fitness\/wp-content\/uploads\/2024\/08\/20240424_1017000.jpg?w=1200&amp;ssl=1 1200w\" sizes=\"(max-width: 706px) 89vw, (max-width: 767px) 82vw, 740px\" \/><\/figure><\/li><li class=\"wp-block-jetpack-slideshow_slide swiper-slide\"><figure><img data-recalc-dims=\"1\" loading=\"lazy\" decoding=\"async\" width=\"525\" height=\"296\" alt=\"\" class=\"wp-block-jetpack-slideshow_image wp-image-1064\" data-id=\"1064\" src=\"https:\/\/i0.wp.com\/lanzaworx.com\/soul-fitness\/wp-content\/uploads\/2024\/08\/20240424_101408.jpg?resize=525%2C296&#038;ssl=1\" srcset=\"https:\/\/i0.wp.com\/lanzaworx.com\/soul-fitness\/wp-content\/uploads\/2024\/08\/20240424_101408.jpg?resize=1024%2C577&amp;ssl=1 1024w, https:\/\/i0.wp.com\/lanzaworx.com\/soul-fitness\/wp-content\/uploads\/2024\/08\/20240424_101408.jpg?resize=300%2C169&amp;ssl=1 300w, https:\/\/i0.wp.com\/lanzaworx.com\/soul-fitness\/wp-content\/uploads\/2024\/08\/20240424_101408.jpg?resize=768%2C433&amp;ssl=1 768w, https:\/\/i0.wp.com\/lanzaworx.com\/soul-fitness\/wp-content\/uploads\/2024\/08\/20240424_101408.jpg?w=1200&amp;ssl=1 1200w\" sizes=\"(max-width: 706px) 89vw, (max-width: 767px) 82vw, 740px\" \/><\/figure><\/li><li class=\"wp-block-jetpack-slideshow_slide swiper-slide\"><figure><img data-recalc-dims=\"1\" loading=\"lazy\" decoding=\"async\" width=\"525\" height=\"394\" alt=\"\" class=\"wp-block-jetpack-slideshow_image wp-image-1063\" data-id=\"1063\" src=\"https:\/\/i0.wp.com\/lanzaworx.com\/soul-fitness\/wp-content\/uploads\/2024\/08\/20231115_115805.jpg?resize=525%2C394&#038;ssl=1\" srcset=\"https:\/\/i0.wp.com\/lanzaworx.com\/soul-fitness\/wp-content\/uploads\/2024\/08\/20231115_115805.jpg?resize=1024%2C768&amp;ssl=1 1024w, https:\/\/i0.wp.com\/lanzaworx.com\/soul-fitness\/wp-content\/uploads\/2024\/08\/20231115_115805.jpg?resize=300%2C225&amp;ssl=1 300w, https:\/\/i0.wp.com\/lanzaworx.com\/soul-fitness\/wp-content\/uploads\/2024\/08\/20231115_115805.jpg?resize=768%2C576&amp;ssl=1 768w, https:\/\/i0.wp.com\/lanzaworx.com\/soul-fitness\/wp-content\/uploads\/2024\/08\/20231115_115805.jpg?w=1200&amp;ssl=1 1200w\" sizes=\"(max-width: 706px) 89vw, (max-width: 767px) 82vw, 740px\" \/><\/figure><\/li><\/ul><a class=\"wp-block-jetpack-slideshow_button-prev swiper-button-prev swiper-button-white\" role=\"button\"><\/a><a class=\"wp-block-jetpack-slideshow_button-next swiper-button-next swiper-button-white\" role=\"button\"><\/a><a aria-label=\"Pause Slideshow\" class=\"wp-block-jetpack-slideshow_button-pause\" role=\"button\"><\/a><div class=\"wp-block-jetpack-slideshow_pagination swiper-pagination swiper-pagination-white\"><\/div><\/div><\/div>\n\n\n\n<p>Con questo tipo di allenamento, potrai davvero vedere i risultati in un periodo medio lungo, tutto dipende dalla forza di volont\u00e0 di ognuno e dall&#8217;impegno. Ambiente incomparabile, davanti al mare, all&#8217;aria aperta.<\/p>\n\n\n\n<figure class=\"wp-block-video\"><video height=\"720\" style=\"aspect-ratio: 1280 \/ 720;\" width=\"1280\" autoplay controls loop muted src=\"https:\/\/lanzaworx.com\/soul-fitness\/wp-content\/uploads\/2024\/08\/on-the-beach.mp4\"><\/video><\/figure>\n","protected":false},"excerpt":{"rendered":"<p>LAS CUCHARAS &#8211; COSTA TEGUISELUNED\u00cc &#8211; MERCOLED\u00cc &#8211; VENERD\u00ccOrari e prezzi Allenamento completo con utilizzo di: pesi e barre, bande elastiche, glute bands e l&#8217;immancabile TRX. Allenamento di gruppo, ma semi personalizzato, Si lavora la forza, la resistenza, recupero di lesioni, miglioramento di postura, miglioramento e\/o creazione della massa muscolare. Con questo tipo di allenamento, &hellip; <\/p>\n<p class=\"link-more\"><a href=\"https:\/\/lanzaworx.com\/soul-fitness\/functional-training\/allenamento-funzionale\/\" class=\"more-link\">Continue reading<span class=\"screen-reader-text\"> &#8220;ALLENAMENTO FUNZIONALE&#8221;<\/span><\/a><\/p>\n","protected":false},"author":1,"featured_media":0,"parent":1060,"menu_order":0,"comment_status":"closed","ping_status":"closed","template":"italian-page.php","meta":{"footnotes":""},"class_list":["post-1076","page","type-page","status-publish","hentry"],"jetpack_sharing_enabled":true,"jetpack_likes_enabled":true,"_links":{"self":[{"href":"https:\/\/lanzaworx.com\/soul-fitness\/wp-json\/wp\/v2\/pages\/1076","targetHints":{"allow":["GET"]}}],"collection":[{"href":"https:\/\/lanzaworx.com\/soul-fitness\/wp-json\/wp\/v2\/pages"}],"about":[{"href":"https:\/\/lanzaworx.com\/soul-fitness\/wp-json\/wp\/v2\/types\/page"}],"author":[{"embeddable":true,"href":"https:\/\/lanzaworx.com\/soul-fitness\/wp-json\/wp\/v2\/users\/1"}],"replies":[{"embeddable":true,"href":"https:\/\/lanzaworx.com\/soul-fitness\/wp-json\/wp\/v2\/comments?post=1076"}],"version-history":[{"count":5,"href":"https:\/\/lanzaworx.com\/soul-fitness\/wp-json\/wp\/v2\/pages\/1076\/revisions"}],"predecessor-version":[{"id":1364,"href":"https:\/\/lanzaworx.com\/soul-fitness\/wp-json\/wp\/v2\/pages\/1076\/revisions\/1364"}],"up":[{"embeddable":true,"href":"https:\/\/lanzaworx.com\/soul-fitness\/wp-json\/wp\/v2\/pages\/1060"}],"wp:attachment":[{"href":"https:\/\/lanzaworx.com\/soul-fitness\/wp-json\/wp\/v2\/media?parent=1076"}],"curies":[{"name":"wp","href":"https:\/\/api.w.org\/{rel}","templated":true}]}}