{"id":1051,"date":"2024-08-12T17:47:31","date_gmt":"2024-08-12T17:47:31","guid":{"rendered":"https:\/\/lanzaworx.com\/soul-fitness\/?page_id=1051"},"modified":"2025-02-25T19:47:06","modified_gmt":"2025-02-25T19:47:06","slug":"trx-entrenamiento","status":"publish","type":"page","link":"https:\/\/lanzaworx.com\/soul-fitness\/trx-total-body-training\/trx-entrenamiento\/","title":{"rendered":"TRX ENTRENAMIENTO"},"content":{"rendered":"\n<div class=\"wp-block-columns is-layout-flex wp-container-core-columns-is-layout-9d6595d7 wp-block-columns-is-layout-flex\">\n<div class=\"wp-block-column is-layout-flow wp-block-column-is-layout-flow\"><div class=\"wp-block-image\">\n<figure class=\"aligncenter size-full is-resized\"><a href=\"https:\/\/lanzaworx.com\/soul-fitness\"><img data-recalc-dims=\"1\" loading=\"lazy\" decoding=\"async\" width=\"32\" height=\"32\" src=\"https:\/\/i0.wp.com\/lanzaworx.com\/soul-fitness\/wp-content\/uploads\/2022\/01\/home-32x32-1.png?resize=32%2C32&#038;ssl=1\" alt=\"\" class=\"wp-image-234\" style=\"width:33px;height:auto\"\/><\/a><\/figure>\n<\/div><\/div>\n\n\n\n<div class=\"wp-block-column is-layout-flow wp-block-column-is-layout-flow\"><div class=\"wp-block-image\">\n<figure class=\"aligncenter size-full\"><a href=\"https:\/\/lanzaworx.com\/soul-fitness\/trx-total-body-training\/trx-allenamento\/\"><img data-recalc-dims=\"1\" loading=\"lazy\" decoding=\"async\" width=\"32\" height=\"32\" src=\"https:\/\/i0.wp.com\/lanzaworx.com\/soul-fitness\/wp-content\/uploads\/2022\/01\/it-32x32-1.png?resize=32%2C32&#038;ssl=1\" alt=\"\" class=\"wp-image-224\"\/><\/a><\/figure>\n<\/div><\/div>\n\n\n\n<div class=\"wp-block-column is-layout-flow wp-block-column-is-layout-flow\"><div class=\"wp-block-image\">\n<figure class=\"aligncenter size-full\"><a href=\"https:\/\/lanzaworx.com\/soul-fitness\/trx-total-body-training\/trx-entrenamiento\/\"><img data-recalc-dims=\"1\" loading=\"lazy\" decoding=\"async\" width=\"32\" height=\"32\" src=\"https:\/\/i0.wp.com\/lanzaworx.com\/soul-fitness\/wp-content\/uploads\/2022\/01\/es-32x32-1.png?resize=32%2C32&#038;ssl=1\" alt=\"\" class=\"wp-image-225\"\/><\/a><\/figure>\n<\/div><\/div>\n\n\n\n<div class=\"wp-block-column is-layout-flow wp-block-column-is-layout-flow\"><div class=\"wp-block-image\">\n<figure class=\"aligncenter size-full\"><a href=\"https:\/\/lanzaworx.com\/soul-fitness\/trx-total-body-training\/\"><img data-recalc-dims=\"1\" loading=\"lazy\" decoding=\"async\" width=\"32\" height=\"32\" src=\"https:\/\/i0.wp.com\/lanzaworx.com\/soul-fitness\/wp-content\/uploads\/2022\/01\/uk-32x32-1.png?resize=32%2C32&#038;ssl=1\" alt=\"\" class=\"wp-image-228\"\/><\/a><\/figure>\n<\/div><\/div>\n<\/div>\n\n\n\n<p>TRX ENTRENAMIENTO (TOTAL BODY)<br>LUNES Y MIERCOLES\u00cc<br><br>SANDS BEACH RESORT &#8211; Costa Teguise<br>Reserva tu plaza al 686 822 638<br><\/p>\n\n\n\n<p><a href=\"https:\/\/lanzaworx.com\/soul-fitness\/prices\/precios\/\" data-type=\"page\" data-id=\"284\"><mark style=\"background-color:rgba(0, 0, 0, 0)\" class=\"has-inline-color has-vivid-green-cyan-color\">Horarios y precios<\/mark><\/a><\/p>\n\n\n\n<p>Entrenamiento total del cuerpo que te permite mejorar: fuerza, resistencia, coordinaci\u00f3n, equilibrio, resistencia, elasticidad. Estabilidad y control del &#8220;CORE&#8221;<br>Las siglas TRX, siglas de \u201cEjercicio de Resistencia Total\u201d, hacen referencia tanto al tipo de entrenamiento como a la herramienta de entrenamiento.<\/p>\n\n\n\n<div class=\"wp-block-jetpack-slideshow aligncenter\" data-autoplay=\"true\" data-delay=\"3\" data-effect=\"slide\"><div class=\"wp-block-jetpack-slideshow_container swiper-container\"><ul class=\"wp-block-jetpack-slideshow_swiper-wrapper swiper-wrapper\"><li class=\"wp-block-jetpack-slideshow_slide swiper-slide\"><figure><img data-recalc-dims=\"1\" loading=\"lazy\" decoding=\"async\" width=\"525\" height=\"933\" alt=\"\" class=\"wp-block-jetpack-slideshow_image wp-image-1030\" data-id=\"1030\" src=\"https:\/\/i0.wp.com\/lanzaworx.com\/soul-fitness\/wp-content\/uploads\/2024\/08\/IMG-20240624-WA0115.jpg?resize=525%2C933&#038;ssl=1\" srcset=\"https:\/\/i0.wp.com\/lanzaworx.com\/soul-fitness\/wp-content\/uploads\/2024\/08\/IMG-20240624-WA0115.jpg?resize=576%2C1024&amp;ssl=1 576w, https:\/\/i0.wp.com\/lanzaworx.com\/soul-fitness\/wp-content\/uploads\/2024\/08\/IMG-20240624-WA0115.jpg?resize=169%2C300&amp;ssl=1 169w, https:\/\/i0.wp.com\/lanzaworx.com\/soul-fitness\/wp-content\/uploads\/2024\/08\/IMG-20240624-WA0115.jpg?resize=768%2C1365&amp;ssl=1 768w, https:\/\/i0.wp.com\/lanzaworx.com\/soul-fitness\/wp-content\/uploads\/2024\/08\/IMG-20240624-WA0115.jpg?resize=864%2C1536&amp;ssl=1 864w, https:\/\/i0.wp.com\/lanzaworx.com\/soul-fitness\/wp-content\/uploads\/2024\/08\/IMG-20240624-WA0115.jpg?w=900&amp;ssl=1 900w\" sizes=\"(max-width: 525px) 100vw, 525px\" \/><\/figure><\/li><li class=\"wp-block-jetpack-slideshow_slide swiper-slide\"><figure><img data-recalc-dims=\"1\" loading=\"lazy\" decoding=\"async\" width=\"525\" height=\"296\" alt=\"\" class=\"wp-block-jetpack-slideshow_image wp-image-1029\" data-id=\"1029\" src=\"https:\/\/i0.wp.com\/lanzaworx.com\/soul-fitness\/wp-content\/uploads\/2024\/08\/IMG-20240624-WA0109.jpg?resize=525%2C296&#038;ssl=1\" srcset=\"https:\/\/i0.wp.com\/lanzaworx.com\/soul-fitness\/wp-content\/uploads\/2024\/08\/IMG-20240624-WA0109.jpg?resize=1024%2C577&amp;ssl=1 1024w, https:\/\/i0.wp.com\/lanzaworx.com\/soul-fitness\/wp-content\/uploads\/2024\/08\/IMG-20240624-WA0109.jpg?resize=300%2C169&amp;ssl=1 300w, https:\/\/i0.wp.com\/lanzaworx.com\/soul-fitness\/wp-content\/uploads\/2024\/08\/IMG-20240624-WA0109.jpg?resize=768%2C433&amp;ssl=1 768w, https:\/\/i0.wp.com\/lanzaworx.com\/soul-fitness\/wp-content\/uploads\/2024\/08\/IMG-20240624-WA0109.jpg?w=1200&amp;ssl=1 1200w\" sizes=\"(max-width: 706px) 89vw, (max-width: 767px) 82vw, 740px\" \/><\/figure><\/li><li class=\"wp-block-jetpack-slideshow_slide swiper-slide\"><figure><img data-recalc-dims=\"1\" loading=\"lazy\" decoding=\"async\" width=\"525\" height=\"933\" alt=\"\" class=\"wp-block-jetpack-slideshow_image wp-image-1028\" data-id=\"1028\" src=\"https:\/\/i0.wp.com\/lanzaworx.com\/soul-fitness\/wp-content\/uploads\/2024\/08\/IMG-20240624-WA0099.jpg?resize=525%2C933&#038;ssl=1\" srcset=\"https:\/\/i0.wp.com\/lanzaworx.com\/soul-fitness\/wp-content\/uploads\/2024\/08\/IMG-20240624-WA0099.jpg?resize=576%2C1024&amp;ssl=1 576w, https:\/\/i0.wp.com\/lanzaworx.com\/soul-fitness\/wp-content\/uploads\/2024\/08\/IMG-20240624-WA0099.jpg?resize=169%2C300&amp;ssl=1 169w, https:\/\/i0.wp.com\/lanzaworx.com\/soul-fitness\/wp-content\/uploads\/2024\/08\/IMG-20240624-WA0099.jpg?resize=768%2C1365&amp;ssl=1 768w, https:\/\/i0.wp.com\/lanzaworx.com\/soul-fitness\/wp-content\/uploads\/2024\/08\/IMG-20240624-WA0099.jpg?resize=864%2C1536&amp;ssl=1 864w, https:\/\/i0.wp.com\/lanzaworx.com\/soul-fitness\/wp-content\/uploads\/2024\/08\/IMG-20240624-WA0099.jpg?w=900&amp;ssl=1 900w\" sizes=\"(max-width: 525px) 100vw, 525px\" \/><\/figure><\/li><li class=\"wp-block-jetpack-slideshow_slide swiper-slide\"><figure><img data-recalc-dims=\"1\" loading=\"lazy\" decoding=\"async\" width=\"525\" height=\"295\" alt=\"\" class=\"wp-block-jetpack-slideshow_image wp-image-1027\" data-id=\"1027\" src=\"https:\/\/i0.wp.com\/lanzaworx.com\/soul-fitness\/wp-content\/uploads\/2024\/08\/IMG-20240624-WA0097.jpg?resize=525%2C295&#038;ssl=1\" srcset=\"https:\/\/i0.wp.com\/lanzaworx.com\/soul-fitness\/wp-content\/uploads\/2024\/08\/IMG-20240624-WA0097.jpg?resize=1024%2C576&amp;ssl=1 1024w, https:\/\/i0.wp.com\/lanzaworx.com\/soul-fitness\/wp-content\/uploads\/2024\/08\/IMG-20240624-WA0097.jpg?resize=300%2C169&amp;ssl=1 300w, https:\/\/i0.wp.com\/lanzaworx.com\/soul-fitness\/wp-content\/uploads\/2024\/08\/IMG-20240624-WA0097.jpg?resize=768%2C432&amp;ssl=1 768w, https:\/\/i0.wp.com\/lanzaworx.com\/soul-fitness\/wp-content\/uploads\/2024\/08\/IMG-20240624-WA0097.jpg?w=1200&amp;ssl=1 1200w\" sizes=\"(max-width: 706px) 89vw, (max-width: 767px) 82vw, 740px\" \/><\/figure><\/li><\/ul><a class=\"wp-block-jetpack-slideshow_button-prev swiper-button-prev swiper-button-white\" role=\"button\"><\/a><a class=\"wp-block-jetpack-slideshow_button-next swiper-button-next swiper-button-white\" role=\"button\"><\/a><a aria-label=\"Pause Slideshow\" class=\"wp-block-jetpack-slideshow_button-pause\" role=\"button\"><\/a><div class=\"wp-block-jetpack-slideshow_pagination swiper-pagination swiper-pagination-white\"><\/div><\/div><\/div>\n\n\n\n<p>El TRX es una herramienta extremadamente vers\u00e1til que se utiliza para entrenar todo el cuerpo. Compuesto simplemente por cables, correas y asas, te permite entrenar aprovechando la fuerza de la gravedad y utilizando el propio peso corporal como carga.<\/p>\n\n\n\n<p>Tambi\u00e9n conocido como &#8220;Entrenamiento en suspensi\u00f3n&#8221;, trx es un tipo de entrenamiento funcional que utiliza completamente la gravedad y el peso corporal. TRX te permite realizar un entrenamiento funcional, que trabaja incluso los m\u00fasculos m\u00e1s profundos. Al trabajar de forma inestable, los movimientos que se realizan entrenan no solo la parte del cuerpo m\u00e1s afectada, sino tambi\u00e9n, indirectamente, otros m\u00fasculos \u00fatiles para proporcionar estabilidad.<\/p>\n\n\n\n<div class=\"wp-block-jetpack-slideshow aligncenter\" data-autoplay=\"true\" data-delay=\"3\" data-effect=\"slide\"><div class=\"wp-block-jetpack-slideshow_container swiper-container\"><ul class=\"wp-block-jetpack-slideshow_swiper-wrapper swiper-wrapper\"><li class=\"wp-block-jetpack-slideshow_slide swiper-slide\"><figure><img data-recalc-dims=\"1\" loading=\"lazy\" decoding=\"async\" width=\"525\" height=\"295\" alt=\"\" class=\"wp-block-jetpack-slideshow_image wp-image-1026\" data-id=\"1026\" src=\"https:\/\/i0.wp.com\/lanzaworx.com\/soul-fitness\/wp-content\/uploads\/2024\/08\/IMG-20240624-WA0096.jpg?resize=525%2C295&#038;ssl=1\" srcset=\"https:\/\/i0.wp.com\/lanzaworx.com\/soul-fitness\/wp-content\/uploads\/2024\/08\/IMG-20240624-WA0096.jpg?resize=1024%2C576&amp;ssl=1 1024w, https:\/\/i0.wp.com\/lanzaworx.com\/soul-fitness\/wp-content\/uploads\/2024\/08\/IMG-20240624-WA0096.jpg?resize=300%2C169&amp;ssl=1 300w, https:\/\/i0.wp.com\/lanzaworx.com\/soul-fitness\/wp-content\/uploads\/2024\/08\/IMG-20240624-WA0096.jpg?resize=768%2C432&amp;ssl=1 768w, https:\/\/i0.wp.com\/lanzaworx.com\/soul-fitness\/wp-content\/uploads\/2024\/08\/IMG-20240624-WA0096.jpg?w=1200&amp;ssl=1 1200w\" sizes=\"(max-width: 706px) 89vw, (max-width: 767px) 82vw, 740px\" \/><\/figure><\/li><li class=\"wp-block-jetpack-slideshow_slide swiper-slide\"><figure><img data-recalc-dims=\"1\" loading=\"lazy\" decoding=\"async\" width=\"525\" height=\"933\" alt=\"\" class=\"wp-block-jetpack-slideshow_image wp-image-1025\" data-id=\"1025\" src=\"https:\/\/i0.wp.com\/lanzaworx.com\/soul-fitness\/wp-content\/uploads\/2024\/08\/IMG-20240624-WA00911.jpg?resize=525%2C933&#038;ssl=1\" srcset=\"https:\/\/i0.wp.com\/lanzaworx.com\/soul-fitness\/wp-content\/uploads\/2024\/08\/IMG-20240624-WA00911.jpg?resize=576%2C1024&amp;ssl=1 576w, https:\/\/i0.wp.com\/lanzaworx.com\/soul-fitness\/wp-content\/uploads\/2024\/08\/IMG-20240624-WA00911.jpg?resize=169%2C300&amp;ssl=1 169w, https:\/\/i0.wp.com\/lanzaworx.com\/soul-fitness\/wp-content\/uploads\/2024\/08\/IMG-20240624-WA00911.jpg?resize=768%2C1365&amp;ssl=1 768w, https:\/\/i0.wp.com\/lanzaworx.com\/soul-fitness\/wp-content\/uploads\/2024\/08\/IMG-20240624-WA00911.jpg?resize=864%2C1536&amp;ssl=1 864w, https:\/\/i0.wp.com\/lanzaworx.com\/soul-fitness\/wp-content\/uploads\/2024\/08\/IMG-20240624-WA00911.jpg?w=900&amp;ssl=1 900w\" sizes=\"(max-width: 525px) 100vw, 525px\" \/><\/figure><\/li><li class=\"wp-block-jetpack-slideshow_slide swiper-slide\"><figure><img data-recalc-dims=\"1\" loading=\"lazy\" decoding=\"async\" width=\"525\" height=\"296\" alt=\"\" class=\"wp-block-jetpack-slideshow_image wp-image-1024\" data-id=\"1024\" src=\"https:\/\/i0.wp.com\/lanzaworx.com\/soul-fitness\/wp-content\/uploads\/2024\/08\/IMG-20240624-WA0087.jpg?resize=525%2C296&#038;ssl=1\" srcset=\"https:\/\/i0.wp.com\/lanzaworx.com\/soul-fitness\/wp-content\/uploads\/2024\/08\/IMG-20240624-WA0087.jpg?resize=1024%2C577&amp;ssl=1 1024w, https:\/\/i0.wp.com\/lanzaworx.com\/soul-fitness\/wp-content\/uploads\/2024\/08\/IMG-20240624-WA0087.jpg?resize=300%2C169&amp;ssl=1 300w, https:\/\/i0.wp.com\/lanzaworx.com\/soul-fitness\/wp-content\/uploads\/2024\/08\/IMG-20240624-WA0087.jpg?resize=768%2C433&amp;ssl=1 768w, https:\/\/i0.wp.com\/lanzaworx.com\/soul-fitness\/wp-content\/uploads\/2024\/08\/IMG-20240624-WA0087.jpg?w=1200&amp;ssl=1 1200w\" sizes=\"(max-width: 706px) 89vw, (max-width: 767px) 82vw, 740px\" \/><\/figure><\/li><li class=\"wp-block-jetpack-slideshow_slide swiper-slide\"><figure><img data-recalc-dims=\"1\" loading=\"lazy\" decoding=\"async\" width=\"525\" height=\"394\" alt=\"\" class=\"wp-block-jetpack-slideshow_image wp-image-1023\" data-id=\"1023\" src=\"https:\/\/i0.wp.com\/lanzaworx.com\/soul-fitness\/wp-content\/uploads\/2024\/08\/IMG-20240624-WA0084.jpg?resize=525%2C394&#038;ssl=1\" srcset=\"https:\/\/i0.wp.com\/lanzaworx.com\/soul-fitness\/wp-content\/uploads\/2024\/08\/IMG-20240624-WA0084.jpg?resize=1024%2C768&amp;ssl=1 1024w, https:\/\/i0.wp.com\/lanzaworx.com\/soul-fitness\/wp-content\/uploads\/2024\/08\/IMG-20240624-WA0084.jpg?resize=300%2C225&amp;ssl=1 300w, https:\/\/i0.wp.com\/lanzaworx.com\/soul-fitness\/wp-content\/uploads\/2024\/08\/IMG-20240624-WA0084.jpg?resize=768%2C576&amp;ssl=1 768w, https:\/\/i0.wp.com\/lanzaworx.com\/soul-fitness\/wp-content\/uploads\/2024\/08\/IMG-20240624-WA0084.jpg?w=1200&amp;ssl=1 1200w\" sizes=\"(max-width: 706px) 89vw, (max-width: 767px) 82vw, 740px\" \/><\/figure><\/li><\/ul><a class=\"wp-block-jetpack-slideshow_button-prev swiper-button-prev swiper-button-white\" role=\"button\"><\/a><a class=\"wp-block-jetpack-slideshow_button-next swiper-button-next swiper-button-white\" role=\"button\"><\/a><a aria-label=\"Pause Slideshow\" class=\"wp-block-jetpack-slideshow_button-pause\" role=\"button\"><\/a><div class=\"wp-block-jetpack-slideshow_pagination swiper-pagination swiper-pagination-white\"><\/div><\/div><\/div>\n\n\n\n<p>Todos los ejercicios aprovechan la fuerza de la gravedad y, como carga, el peso corporal. Esto permite un fortalecimiento muscular armonioso que no resulta excesivo ni desagradable desde el punto de vista est\u00e9tico. Con trx adem\u00e1s de la fuerza tambi\u00e9n se mejora el equilibrio y la resistencia. Todos factores que requieren un perfecto control del sistema muscular y de la postura.<br><\/p>\n\n\n\n<div class=\"wp-block-columns is-layout-flex wp-container-core-columns-is-layout-9d6595d7 wp-block-columns-is-layout-flex\">\n<div class=\"wp-block-column is-layout-flow wp-block-column-is-layout-flow\"><div class=\"wp-block-image\">\n<figure class=\"aligncenter size-full\"><a href=\"https:\/\/lanzaworx.com\/soul-fitness\/trx-total-body-training\/trx-videos\/trx-videoses\/#trxvideo1\"><img data-recalc-dims=\"1\" loading=\"lazy\" decoding=\"async\" width=\"100\" height=\"88\" src=\"https:\/\/i0.wp.com\/lanzaworx.com\/soul-fitness\/wp-content\/uploads\/2024\/08\/movie.png?resize=100%2C88&#038;ssl=1\" alt=\"\" class=\"wp-image-1033\"\/><\/a><figcaption class=\"wp-element-caption\"><mark style=\"background-color:rgba(0, 0, 0, 0)\" class=\"has-inline-color has-luminous-vivid-amber-color\">Video 1<\/mark><\/figcaption><\/figure>\n<\/div><\/div>\n\n\n\n<div class=\"wp-block-column is-layout-flow wp-block-column-is-layout-flow\"><div class=\"wp-block-image\">\n<figure class=\"aligncenter size-full\"><a href=\"https:\/\/lanzaworx.com\/soul-fitness\/trx-total-body-training\/trx-videos\/trx-videoses\/#trxvideo2\"><img data-recalc-dims=\"1\" loading=\"lazy\" decoding=\"async\" width=\"100\" height=\"88\" src=\"https:\/\/i0.wp.com\/lanzaworx.com\/soul-fitness\/wp-content\/uploads\/2024\/08\/movie.png?resize=100%2C88&#038;ssl=1\" alt=\"\" class=\"wp-image-1033\"\/><\/a><figcaption class=\"wp-element-caption\"><mark style=\"background-color:rgba(0, 0, 0, 0)\" class=\"has-inline-color has-luminous-vivid-orange-color\">Video 2<\/mark><\/figcaption><\/figure>\n<\/div><\/div>\n\n\n\n<div class=\"wp-block-column is-layout-flow wp-block-column-is-layout-flow\"><div class=\"wp-block-image\">\n<figure class=\"aligncenter size-full\"><a href=\"https:\/\/lanzaworx.com\/soul-fitness\/trx-total-body-training\/trx-videos\/trx-videoses\/#trxvideo3\"><img data-recalc-dims=\"1\" loading=\"lazy\" decoding=\"async\" width=\"100\" height=\"88\" src=\"https:\/\/i0.wp.com\/lanzaworx.com\/soul-fitness\/wp-content\/uploads\/2024\/08\/movie.png?resize=100%2C88&#038;ssl=1\" alt=\"\" class=\"wp-image-1033\"\/><\/a><figcaption class=\"wp-element-caption\"><mark style=\"background-color:rgba(0, 0, 0, 0)\" class=\"has-inline-color has-vivid-green-cyan-color\">Video 3<\/mark><\/figcaption><\/figure>\n<\/div><\/div>\n<\/div>\n\n\n\n<p><\/p>\n","protected":false},"excerpt":{"rendered":"<p>TRX ENTRENAMIENTO (TOTAL BODY)LUNES Y MIERCOLES\u00cc SANDS BEACH RESORT &#8211; Costa TeguiseReserva tu plaza al 686 822 638 Horarios y precios Entrenamiento total del cuerpo que te permite mejorar: fuerza, resistencia, coordinaci\u00f3n, equilibrio, resistencia, elasticidad. Estabilidad y control del &#8220;CORE&#8221;Las siglas TRX, siglas de \u201cEjercicio de Resistencia Total\u201d, hacen referencia tanto al tipo de entrenamiento &hellip; <\/p>\n<p class=\"link-more\"><a href=\"https:\/\/lanzaworx.com\/soul-fitness\/trx-total-body-training\/trx-entrenamiento\/\" class=\"more-link\">Continue reading<span class=\"screen-reader-text\"> &#8220;TRX ENTRENAMIENTO&#8221;<\/span><\/a><\/p>\n","protected":false},"author":1,"featured_media":0,"parent":1021,"menu_order":0,"comment_status":"closed","ping_status":"closed","template":"spanish-page.php","meta":{"footnotes":""},"class_list":["post-1051","page","type-page","status-publish","hentry"],"jetpack_sharing_enabled":true,"jetpack_likes_enabled":true,"_links":{"self":[{"href":"https:\/\/lanzaworx.com\/soul-fitness\/wp-json\/wp\/v2\/pages\/1051","targetHints":{"allow":["GET"]}}],"collection":[{"href":"https:\/\/lanzaworx.com\/soul-fitness\/wp-json\/wp\/v2\/pages"}],"about":[{"href":"https:\/\/lanzaworx.com\/soul-fitness\/wp-json\/wp\/v2\/types\/page"}],"author":[{"embeddable":true,"href":"https:\/\/lanzaworx.com\/soul-fitness\/wp-json\/wp\/v2\/users\/1"}],"replies":[{"embeddable":true,"href":"https:\/\/lanzaworx.com\/soul-fitness\/wp-json\/wp\/v2\/comments?post=1051"}],"version-history":[{"count":13,"href":"https:\/\/lanzaworx.com\/soul-fitness\/wp-json\/wp\/v2\/pages\/1051\/revisions"}],"predecessor-version":[{"id":1424,"href":"https:\/\/lanzaworx.com\/soul-fitness\/wp-json\/wp\/v2\/pages\/1051\/revisions\/1424"}],"up":[{"embeddable":true,"href":"https:\/\/lanzaworx.com\/soul-fitness\/wp-json\/wp\/v2\/pages\/1021"}],"wp:attachment":[{"href":"https:\/\/lanzaworx.com\/soul-fitness\/wp-json\/wp\/v2\/media?parent=1051"}],"curies":[{"name":"wp","href":"https:\/\/api.w.org\/{rel}","templated":true}]}}