{"id":1014,"date":"2024-08-07T18:10:27","date_gmt":"2024-08-07T18:10:27","guid":{"rendered":"https:\/\/lanzaworx.com\/soul-fitness\/?page_id=1014"},"modified":"2024-08-17T10:31:19","modified_gmt":"2024-08-17T10:31:19","slug":"club-patinaje-fayna","status":"publish","type":"page","link":"https:\/\/lanzaworx.com\/soul-fitness\/artistic-skate-club-fayna\/club-patinaje-fayna\/","title":{"rendered":"CLUB PATINAJE FAYNA"},"content":{"rendered":"\n<div class=\"wp-block-columns is-layout-flex wp-container-core-columns-is-layout-9d6595d7 wp-block-columns-is-layout-flex\">\n<div class=\"wp-block-column is-layout-flow wp-block-column-is-layout-flow\"><div class=\"wp-block-image\">\n<figure class=\"aligncenter size-full is-resized\"><a href=\"https:\/\/lanzaworx.com\/soul-fitness\"><img data-recalc-dims=\"1\" loading=\"lazy\" decoding=\"async\" width=\"32\" height=\"32\" src=\"https:\/\/i0.wp.com\/lanzaworx.com\/soul-fitness\/wp-content\/uploads\/2022\/01\/home-32x32-1.png?resize=32%2C32&#038;ssl=1\" alt=\"\" class=\"wp-image-234\" style=\"width:33px;height:auto\"\/><\/a><\/figure>\n<\/div><\/div>\n\n\n\n<div class=\"wp-block-column is-layout-flow wp-block-column-is-layout-flow\"><div class=\"wp-block-image\">\n<figure class=\"aligncenter size-full\"><a href=\"https:\/\/lanzaworx.com\/soul-fitness\/artistic-skate-club-fayna\/club-fayna-pattinaggio-artistico\/\"><img data-recalc-dims=\"1\" loading=\"lazy\" decoding=\"async\" width=\"32\" height=\"32\" src=\"https:\/\/i0.wp.com\/lanzaworx.com\/soul-fitness\/wp-content\/uploads\/2022\/01\/it-32x32-1.png?resize=32%2C32&#038;ssl=1\" alt=\"\" class=\"wp-image-224\"\/><\/a><\/figure>\n<\/div><\/div>\n\n\n\n<div class=\"wp-block-column is-layout-flow wp-block-column-is-layout-flow\"><div class=\"wp-block-image\">\n<figure class=\"aligncenter size-full\"><a href=\"https:\/\/lanzaworx.com\/soul-fitness\/artistic-skate-club-fayna\/club-patinaje-fayna\/\"><img data-recalc-dims=\"1\" loading=\"lazy\" decoding=\"async\" width=\"32\" height=\"32\" src=\"https:\/\/i0.wp.com\/lanzaworx.com\/soul-fitness\/wp-content\/uploads\/2022\/01\/es-32x32-1.png?resize=32%2C32&#038;ssl=1\" alt=\"\" class=\"wp-image-225\"\/><\/a><\/figure>\n<\/div><\/div>\n\n\n\n<div class=\"wp-block-column is-layout-flow wp-block-column-is-layout-flow\"><div class=\"wp-block-image\">\n<figure class=\"aligncenter size-full\"><a href=\"https:\/\/lanzaworx.com\/soul-fitness\/artistic-skate-club-fayna\/\"><img data-recalc-dims=\"1\" loading=\"lazy\" decoding=\"async\" width=\"32\" height=\"32\" src=\"https:\/\/i0.wp.com\/lanzaworx.com\/soul-fitness\/wp-content\/uploads\/2022\/01\/uk-32x32-1.png?resize=32%2C32&#038;ssl=1\" alt=\"\" class=\"wp-image-228\"\/><\/a><\/figure>\n<\/div><\/div>\n<\/div>\n\n\n\n<p>Entrenamiento grupal. Ni\u00f1os de 9 a 15 a\u00f1os del club de patinaje art\u00edstico Fayna.<\/p>\n\n\n\n<div class=\"wp-block-media-text is-stacked-on-mobile\" style=\"grid-template-columns:27% auto\"><figure class=\"wp-block-media-text__media\"><img data-recalc-dims=\"1\" loading=\"lazy\" decoding=\"async\" width=\"525\" height=\"525\" src=\"https:\/\/i0.wp.com\/lanzaworx.com\/soul-fitness\/wp-content\/uploads\/2024\/08\/InShot_20240308_083013595.jpg?resize=525%2C525&#038;ssl=1\" alt=\"\" class=\"wp-image-1006 size-full\" srcset=\"https:\/\/i0.wp.com\/lanzaworx.com\/soul-fitness\/wp-content\/uploads\/2024\/08\/InShot_20240308_083013595.jpg?resize=1024%2C1024&amp;ssl=1 1024w, https:\/\/i0.wp.com\/lanzaworx.com\/soul-fitness\/wp-content\/uploads\/2024\/08\/InShot_20240308_083013595.jpg?resize=300%2C300&amp;ssl=1 300w, https:\/\/i0.wp.com\/lanzaworx.com\/soul-fitness\/wp-content\/uploads\/2024\/08\/InShot_20240308_083013595.jpg?resize=150%2C150&amp;ssl=1 150w, https:\/\/i0.wp.com\/lanzaworx.com\/soul-fitness\/wp-content\/uploads\/2024\/08\/InShot_20240308_083013595.jpg?resize=768%2C768&amp;ssl=1 768w, https:\/\/i0.wp.com\/lanzaworx.com\/soul-fitness\/wp-content\/uploads\/2024\/08\/InShot_20240308_083013595.jpg?resize=100%2C100&amp;ssl=1 100w, https:\/\/i0.wp.com\/lanzaworx.com\/soul-fitness\/wp-content\/uploads\/2024\/08\/InShot_20240308_083013595.jpg?w=1200&amp;ssl=1 1200w\" sizes=\"auto, (max-width: 706px) 89vw, (max-width: 767px) 82vw, 740px\" \/><\/figure><div class=\"wp-block-media-text__content\">\n<p class=\"has-medium-font-size\">\u00a1Equilibrio, Poise y Fuerza!<\/p>\n<\/div><\/div>\n\n\n\n<p><br>Una experiencia maravillosa, poder formar ni\u00f1os en plena adolescencia, curiosos, capaces, incansables, fuertes, agradecidos por poder aprender nuevas formas de hacer su cuerpo m\u00e1s fuerte y flexible, para convertirse en excelentes patinadores.<\/p>\n\n\n\n<div class=\"wp-block-media-text is-stacked-on-mobile\"><figure class=\"wp-block-media-text__media\"><video controls src=\"https:\/\/lanzaworx.com\/soul-fitness\/wp-content\/uploads\/2024\/08\/InShot_20240406_111433782.mp4\"><\/video><\/figure><div class=\"wp-block-media-text__content\">\n<p class=\"has-medium-font-size\">Diversi\u00f3n, trabajo duro y m\u00e1s diversi\u00f3n<\/p>\n<\/div><\/div>\n","protected":false},"excerpt":{"rendered":"<p>Entrenamiento grupal. Ni\u00f1os de 9 a 15 a\u00f1os del club de patinaje art\u00edstico Fayna. \u00a1Equilibrio, Poise y Fuerza! Una experiencia maravillosa, poder formar ni\u00f1os en plena adolescencia, curiosos, capaces, incansables, fuertes, agradecidos por poder aprender nuevas formas de hacer su cuerpo m\u00e1s fuerte y flexible, para convertirse en excelentes patinadores. Diversi\u00f3n, trabajo duro y m\u00e1s &hellip; <\/p>\n<p class=\"link-more\"><a href=\"https:\/\/lanzaworx.com\/soul-fitness\/artistic-skate-club-fayna\/club-patinaje-fayna\/\" class=\"more-link\">Continue reading<span class=\"screen-reader-text\"> &#8220;CLUB PATINAJE FAYNA&#8221;<\/span><\/a><\/p>\n","protected":false},"author":1,"featured_media":0,"parent":1003,"menu_order":0,"comment_status":"closed","ping_status":"closed","template":"spanish-page.php","meta":{"footnotes":""},"class_list":["post-1014","page","type-page","status-publish","hentry"],"jetpack_sharing_enabled":true,"jetpack_likes_enabled":true,"_links":{"self":[{"href":"https:\/\/lanzaworx.com\/soul-fitness\/wp-json\/wp\/v2\/pages\/1014","targetHints":{"allow":["GET"]}}],"collection":[{"href":"https:\/\/lanzaworx.com\/soul-fitness\/wp-json\/wp\/v2\/pages"}],"about":[{"href":"https:\/\/lanzaworx.com\/soul-fitness\/wp-json\/wp\/v2\/types\/page"}],"author":[{"embeddable":true,"href":"https:\/\/lanzaworx.com\/soul-fitness\/wp-json\/wp\/v2\/users\/1"}],"replies":[{"embeddable":true,"href":"https:\/\/lanzaworx.com\/soul-fitness\/wp-json\/wp\/v2\/comments?post=1014"}],"version-history":[{"count":3,"href":"https:\/\/lanzaworx.com\/soul-fitness\/wp-json\/wp\/v2\/pages\/1014\/revisions"}],"predecessor-version":[{"id":1251,"href":"https:\/\/lanzaworx.com\/soul-fitness\/wp-json\/wp\/v2\/pages\/1014\/revisions\/1251"}],"up":[{"embeddable":true,"href":"https:\/\/lanzaworx.com\/soul-fitness\/wp-json\/wp\/v2\/pages\/1003"}],"wp:attachment":[{"href":"https:\/\/lanzaworx.com\/soul-fitness\/wp-json\/wp\/v2\/media?parent=1014"}],"curies":[{"name":"wp","href":"https:\/\/api.w.org\/{rel}","templated":true}]}}