{"id":35,"date":"2022-11-07T17:54:07","date_gmt":"2022-11-07T17:54:07","guid":{"rendered":"https:\/\/lanzaworx.com\/my-bus\/?post_type=product&#038;p=35"},"modified":"2024-05-13T20:23:00","modified_gmt":"2024-05-13T19:23:00","slug":"transfert-de-laeroport","status":"publish","type":"product","link":"https:\/\/lanzaworx.com\/my-bus\/product\/transfert-de-laeroport\/","title":{"rendered":"Transfert de l&#8217;a\u00e9roport"},"content":{"rendered":"<p>Transferts sans souci entre l&#8217;a\u00e9roport de Lanzarote et votre destination de vill\u00e9giature. Il s&#8217;agit d&#8217;un service priv\u00e9 avec chauffeur, pas d&#8217;attente pour les autres passagers, de multiples prises en charge ou d\u00e9poses.<\/p>\n<p>Votre chauffeur vous attendra dans le hall des arriv\u00e9es de l&#8217;a\u00e9roport ou \u00e0 l&#8217;ext\u00e9rieur de votre logement et vous conduira le plus rapidement possible.<\/p>\n","protected":false},"excerpt":{"rendered":"<p>Transfert de l&#8217;a\u00e9roport<\/p>\n<p><strong>Important<\/strong> :faites d\u2019abord une demande de r\u00e9servation. Une fois que vous avez re\u00e7u votre e-mail de confirmation avec votre <strong>r\u00e9f\u00e9rence de r\u00e9servation<\/strong>, vous pouvez payer par t\u00e9l\u00e9phone [<strong>0034 623 378 946<\/strong>].<\/p>\n","protected":false},"featured_media":341,"template":"","meta":[],"product_brand":[],"product_cat":[43],"product_tag":[],"class_list":{"0":"post-35","1":"product","2":"type-product","3":"status-publish","4":"has-post-thumbnail","6":"product_cat-francais","8":"first","9":"instock","10":"shipping-taxable","11":"purchasable","12":"product-type-simple"},"_links":{"self":[{"href":"https:\/\/lanzaworx.com\/my-bus\/wp-json\/wp\/v2\/product\/35","targetHints":{"allow":["GET"]}}],"collection":[{"href":"https:\/\/lanzaworx.com\/my-bus\/wp-json\/wp\/v2\/product"}],"about":[{"href":"https:\/\/lanzaworx.com\/my-bus\/wp-json\/wp\/v2\/types\/product"}],"wp:featuredmedia":[{"embeddable":true,"href":"https:\/\/lanzaworx.com\/my-bus\/wp-json\/wp\/v2\/media\/341"}],"wp:attachment":[{"href":"https:\/\/lanzaworx.com\/my-bus\/wp-json\/wp\/v2\/media?parent=35"}],"wp:term":[{"taxonomy":"product_brand","embeddable":true,"href":"https:\/\/lanzaworx.com\/my-bus\/wp-json\/wp\/v2\/product_brand?post=35"},{"taxonomy":"product_cat","embeddable":true,"href":"https:\/\/lanzaworx.com\/my-bus\/wp-json\/wp\/v2\/product_cat?post=35"},{"taxonomy":"product_tag","embeddable":true,"href":"https:\/\/lanzaworx.com\/my-bus\/wp-json\/wp\/v2\/product_tag?post=35"}],"curies":[{"name":"wp","href":"https:\/\/api.w.org\/{rel}","templated":true}]}}