{"id":34,"date":"2022-11-07T17:51:44","date_gmt":"2022-11-07T17:51:44","guid":{"rendered":"https:\/\/lanzaworx.com\/my-bus\/?post_type=product&#038;p=34"},"modified":"2024-05-13T20:29:53","modified_gmt":"2024-05-13T19:29:53","slug":"traslado-aeropuerto","status":"publish","type":"product","link":"https:\/\/lanzaworx.com\/my-bus\/product\/traslado-aeropuerto\/","title":{"rendered":"Traslado Aeropuerto"},"content":{"rendered":"<p>Traslados sin preocupaciones entre el aeropuerto de Lanzarote y su destino tur\u00edstico. Este es un servicio privado de alquiler con chofer, sin esperar a otros pasajeros, m\u00faltiples recogidas o devoluciones.<\/p>\n<p>Su conductor lo recibir\u00e1 en el vest\u00edbulo de llegadas del aeropuerto o fuera de su alojamiento y lo acelerar\u00e1 en su camino lo m\u00e1s r\u00e1pido posible.<\/p>\n","protected":false},"excerpt":{"rendered":"<p>Traslado Aeropuerto<\/p>\n<p><strong>Importante<\/strong>: primero haga una solicitud de reserva. Una vez que hayas recibido tu email de confirmaci\u00f3n con tu <strong>Referencia de Reserva<\/strong> podr\u00e1s pagar por tel\u00e9fono [<strong>0034 623 378 946<\/strong>].<\/p>\n","protected":false},"featured_media":341,"template":"","meta":[],"product_brand":[],"product_cat":[42],"product_tag":[],"class_list":{"0":"post-34","1":"product","2":"type-product","3":"status-publish","4":"has-post-thumbnail","6":"product_cat-espanol","8":"first","9":"instock","10":"shipping-taxable","11":"purchasable","12":"product-type-simple"},"_links":{"self":[{"href":"https:\/\/lanzaworx.com\/my-bus\/wp-json\/wp\/v2\/product\/34","targetHints":{"allow":["GET"]}}],"collection":[{"href":"https:\/\/lanzaworx.com\/my-bus\/wp-json\/wp\/v2\/product"}],"about":[{"href":"https:\/\/lanzaworx.com\/my-bus\/wp-json\/wp\/v2\/types\/product"}],"wp:featuredmedia":[{"embeddable":true,"href":"https:\/\/lanzaworx.com\/my-bus\/wp-json\/wp\/v2\/media\/341"}],"wp:attachment":[{"href":"https:\/\/lanzaworx.com\/my-bus\/wp-json\/wp\/v2\/media?parent=34"}],"wp:term":[{"taxonomy":"product_brand","embeddable":true,"href":"https:\/\/lanzaworx.com\/my-bus\/wp-json\/wp\/v2\/product_brand?post=34"},{"taxonomy":"product_cat","embeddable":true,"href":"https:\/\/lanzaworx.com\/my-bus\/wp-json\/wp\/v2\/product_cat?post=34"},{"taxonomy":"product_tag","embeddable":true,"href":"https:\/\/lanzaworx.com\/my-bus\/wp-json\/wp\/v2\/product_tag?post=34"}],"curies":[{"name":"wp","href":"https:\/\/api.w.org\/{rel}","templated":true}]}}