{"id":73,"date":"2022-11-10T10:28:54","date_gmt":"2022-11-10T10:28:54","guid":{"rendered":"https:\/\/lanzaworx.com\/my-bus\/?page_id=73"},"modified":"2024-03-09T18:16:25","modified_gmt":"2024-03-09T18:16:25","slug":"my-bus-lanzarote-de","status":"publish","type":"page","link":"https:\/\/lanzaworx.com\/my-bus\/my-bus-lanzarote-de\/","title":{"rendered":"My Bus &#8211; Lanzarote (de)"},"content":{"rendered":"\n<div class=\"wp-block-buttons is-content-justification-center is-layout-flex wp-container-core-buttons-is-layout-a89b3969 wp-block-buttons-is-layout-flex\">\n<div class=\"wp-block-button\"><a class=\"wp-block-button__link wp-element-button\" href=\"https:\/\/lanzaworx.com\/my-bus\/\" style=\"border-radius:100px\">English<\/a><\/div>\n\n\n\n<div class=\"wp-block-button\"><a class=\"wp-block-button__link wp-element-button\" href=\"https:\/\/lanzaworx.com\/my-bus\/my-bus-lanzarote-es\/\" style=\"border-radius:100px\">Espa\u00f1ol<\/a><\/div>\n\n\n\n<div class=\"wp-block-button\"><a class=\"wp-block-button__link wp-element-button\" href=\"https:\/\/lanzaworx.com\/my-bus\/my-bus-lanzarote-fr\/\" style=\"border-radius:100px\">Fran\u00e7ais<\/a><\/div>\n\n\n\n<div class=\"wp-block-button\"><a class=\"wp-block-button__link wp-element-button\" href=\"https:\/\/lanzaworx.com\/my-bus\/my-bus-lanzarote-de\/\" style=\"border-radius:100px\">Deutsch<\/a><\/div>\n<\/div>\n\n\n\n<div style=\"height:20px\" aria-hidden=\"true\" class=\"wp-block-spacer\"><\/div>\n\n\n\n<p>Willkommen bei My Bus, einem privaten Flughafentransferservice mit Chauffeur, der zwischen dem Flughafen Lanzarote und Ihrer Resortunterkunft verkehrt. Unser Service bietet Platz f\u00fcr 1 bis 12 Passagiere. Ihr pers\u00f6nlicher Fahrer wird Sie in der Flughafenhalle oder vor Ihrer Unterkunft abholen. Wir \u00fcberwachen Ihre Flugnummer und halten Sie \u00fcber m\u00f6gliche Versp\u00e4tungen auf dem Laufenden und passen unsere Zeitpl\u00e4ne entsprechend kostenlos an (nur Versp\u00e4tungen am selben Tag).<\/p>\n\n\n\n<h2 class=\"wp-block-heading\">Reservierung<\/h2>\n\n\n\n<p>Buchungsanfragen sind in der Regel mindestens 3 Tage im Voraus erforderlich, aber bitte z\u00f6gern Sie nicht, uns telefonisch zu kontaktieren [<mark style=\"background-color:rgba(0, 0, 0, 0)\" class=\"has-inline-color has-luminous-vivid-amber-color\">0034 623378946<\/mark>], wenn Sie eine dringende Anfrage oder andere Fragen haben.<\/p>\n\n\n\n<p>Um eine Buchungsanfrage zu stellen, klicken Sie unten auf die Schaltfl\u00e4che \u201e<mark style=\"background-color:rgba(0, 0, 0, 0)\" class=\"has-inline-color has-luminous-vivid-amber-color\">N\u00e4chste<\/mark>\u201c und w\u00e4hlen Sie die gew\u00fcnschte Sprache aus. W\u00e4hlen Sie die Zone und die Anzahl der Passagiere aus und dr\u00fccken Sie die Schaltfl\u00e4che \u201eBuchungsanfrage\u201c. F\u00fcllen Sie die Details im Buchungsanfrageformular aus und klicken Sie auf die Schaltfl\u00e4che \u201e<mark style=\"background-color:rgba(0, 0, 0, 0)\" class=\"has-inline-color has-luminous-vivid-amber-color\">Senden<\/mark>\u201c.<\/p>\n\n\n\n<h2 class=\"wp-block-heading\">Zahlung<\/h2>\n\n\n\n<p>Sie sollten innerhalb von 24 Stunden eine Buchungsannahme-E-Mail zusammen mit einer <mark style=\"background-color:rgba(0, 0, 0, 0)\" class=\"has-inline-color has-luminous-vivid-amber-color\">Buchungsreferenznummer<\/mark> erhalten. Sie k\u00f6nnen telefonisch  mit Kredit- oder Debitkarte bezahlen. Wenn wir Ihre Buchungsanfrage nicht erf\u00fcllen k\u00f6nnen, erhalten Sie innerhalb von 24 Stunden eine E-Mail mit einer abgelehnten Buchung.<\/p>\n\n\n<div class=\"wp-block-image\">\n<figure class=\"aligncenter size-full\"><img loading=\"lazy\" decoding=\"async\" width=\"650\" height=\"338\" src=\"https:\/\/lanzaworx.com\/my-bus\/wp-content\/uploads\/2022\/11\/Map2.png\" alt=\"\" class=\"wp-image-52\" srcset=\"https:\/\/lanzaworx.com\/my-bus\/wp-content\/uploads\/2022\/11\/Map2.png 650w, https:\/\/lanzaworx.com\/my-bus\/wp-content\/uploads\/2022\/11\/Map2-300x156.png 300w, https:\/\/lanzaworx.com\/my-bus\/wp-content\/uploads\/2022\/11\/Map2-350x182.png 350w\" sizes=\"auto, (max-width: 650px) 100vw, 650px\" \/><\/figure>\n<\/div>\n\n\n<h2 class=\"wp-block-heading\">Reservierungsanfragen<\/h2>\n\n\n\n<p>Bitte z\u00f6gern Sie nicht, uns telefonisch unter [<mark style=\"background-color:rgba(0, 0, 0, 0)\" class=\"has-inline-color has-luminous-vivid-amber-color\">0034 623378946<\/mark>] zu kontaktieren, wenn Sie eine dringende Anfrage oder andere Fragen haben. Sie k\u00f6nnen auch eine E-Mail, eine SMS oder WhatsApp senden<\/p>\n\n\n\n<div style=\"height:20px\" aria-hidden=\"true\" class=\"wp-block-spacer\"><\/div>\n\n\n\n<a href=\"mailto:booking@mybusgroup.com?subject=Website Customer Enquiry\">E-Mail senden<\/a>\n\n\n\n<div style=\"height:20px\" aria-hidden=\"true\" class=\"wp-block-spacer\"><\/div>\n\n\n\n<div class=\"wp-block-jetpack-send-a-message\">\n<div class=\"wp-block-jetpack-whatsapp-button is-color-dark\"><a class=\"whatsapp-block__button\" href=\"https:\/\/api.whatsapp.com\/send?phone=34623378946&amp;text=Hi%2C%20I%20got%20your%20WhatsApp%20information%20from%20your%20website.\" style=\"background-color:#25D366;color:#fff\" target=\"_blank\" rel=\"noopener noreferrer\">Chat on WhatsApp<\/a><\/div>\n<\/div>\n\n\n\n<div style=\"height:20px\" aria-hidden=\"true\" class=\"wp-block-spacer\"><\/div>\n\n\n\n<div class=\"wp-block-buttons is-content-justification-center is-layout-flex wp-container-core-buttons-is-layout-a89b3969 wp-block-buttons-is-layout-flex\">\n<div class=\"wp-block-button\"><a class=\"wp-block-button__link wp-element-button\" href=\"https:\/\/lanzaworx.com\/my-bus\/shop\/\" style=\"border-radius:100px\">N\u00e4chste<\/a><\/div>\n<\/div>\n","protected":false},"excerpt":{"rendered":"<p>Willkommen bei My Bus, einem privaten Flughafentransferservice mit Chauffeur, der zwischen dem Flughafen Lanzarote und Ihrer Resortunterkunft verkehrt. Unser Service bietet Platz f\u00fcr 1 bis 12 Passagiere. Ihr pers\u00f6nlicher Fahrer wird Sie in der Flughafenhalle oder vor Ihrer Unterkunft abholen. Wir \u00fcberwachen Ihre Flugnummer und halten Sie \u00fcber m\u00f6gliche Versp\u00e4tungen auf dem Laufenden und passen [&hellip;]<\/p>\n","protected":false},"author":1,"featured_media":0,"parent":0,"menu_order":0,"comment_status":"closed","ping_status":"open","template":"template-fullwidth.php","meta":{"footnotes":""},"class_list":["post-73","page","type-page","status-publish","hentry"],"_links":{"self":[{"href":"https:\/\/lanzaworx.com\/my-bus\/wp-json\/wp\/v2\/pages\/73","targetHints":{"allow":["GET"]}}],"collection":[{"href":"https:\/\/lanzaworx.com\/my-bus\/wp-json\/wp\/v2\/pages"}],"about":[{"href":"https:\/\/lanzaworx.com\/my-bus\/wp-json\/wp\/v2\/types\/page"}],"author":[{"embeddable":true,"href":"https:\/\/lanzaworx.com\/my-bus\/wp-json\/wp\/v2\/users\/1"}],"replies":[{"embeddable":true,"href":"https:\/\/lanzaworx.com\/my-bus\/wp-json\/wp\/v2\/comments?post=73"}],"version-history":[{"count":7,"href":"https:\/\/lanzaworx.com\/my-bus\/wp-json\/wp\/v2\/pages\/73\/revisions"}],"predecessor-version":[{"id":313,"href":"https:\/\/lanzaworx.com\/my-bus\/wp-json\/wp\/v2\/pages\/73\/revisions\/313"}],"wp:attachment":[{"href":"https:\/\/lanzaworx.com\/my-bus\/wp-json\/wp\/v2\/media?parent=73"}],"curies":[{"name":"wp","href":"https:\/\/api.w.org\/{rel}","templated":true}]}}