{"id":7,"date":"2022-11-07T16:04:02","date_gmt":"2022-11-07T16:04:02","guid":{"rendered":"https:\/\/lanzaworx.com\/my-bus\/cart\/"},"modified":"2024-03-10T09:56:12","modified_gmt":"2024-03-10T09:56:12","slug":"cart","status":"publish","type":"page","link":"https:\/\/lanzaworx.com\/my-bus\/cart\/","title":{"rendered":"Cart"},"content":{"rendered":"\n<p>First make a <strong>Booking Request<\/strong>. &nbsp;Once you have received your conformation email with your <strong>Booking Reference<\/strong> you can pay over the phone [<strong>0034 623 378 946<\/strong>].<\/p>\n\n\n\n<p>Faites d\u2019abord une demande de r\u00e9servation. Une fois que vous avez re\u00e7u votre e-mail de confirmation avec votre <strong>r\u00e9f\u00e9rence de r\u00e9servation<\/strong>, vous pouvez payer par t\u00e9l\u00e9phone [<strong>0034 623 378 946<\/strong>].<\/p>\n\n\n\n<p>Primero haga una solicitud de reserva. Una vez que hayas recibido tu email de confirmaci\u00f3n con tu <strong>Referencia de Reserva<\/strong> podr\u00e1s pagar por tel\u00e9fono [<strong>0034 623 378 946<\/strong>].<\/p>\n\n\n\n<p>Wichtig: Stellen Sie zun\u00e4chst eine Buchungsanfrage. Sobald Sie Ihre Best\u00e4tigungs-E-Mail mit Ihrer <strong>Buchungsnummer<\/strong> erhalten haben, k\u00f6nnen Sie telefonisch unter [<strong>0034 623 378 946<\/strong>] bezahlen.<\/p>\n\n\n\n<div class=\"wp-block-buttons is-content-justification-center is-layout-flex wp-container-core-buttons-is-layout-a89b3969 wp-block-buttons-is-layout-flex\">\n<div class=\"wp-block-button has-custom-width wp-block-button__width-25 has-custom-font-size has-normal-font-size\"><a class=\"wp-block-button__link has-black-color has-cyan-bluish-gray-background-color has-text-color has-background has-link-color wp-element-button\" href=\"https:\/\/lanzaworx.com\/my-bus\" style=\"border-radius:45px\">Back<\/a><\/div>\n<\/div>\n","protected":false},"excerpt":{"rendered":"<p>First make a Booking Request. &nbsp;Once you have received your conformation email with your Booking Reference you can pay over the phone [0034 623 378 946]. Faites d\u2019abord une demande de r\u00e9servation. Une fois que vous avez re\u00e7u votre e-mail de confirmation avec votre r\u00e9f\u00e9rence de r\u00e9servation, vous pouvez payer par t\u00e9l\u00e9phone [0034 623 378 [&hellip;]<\/p>\n","protected":false},"author":1,"featured_media":0,"parent":0,"menu_order":0,"comment_status":"closed","ping_status":"closed","template":"","meta":{"footnotes":""},"class_list":["post-7","page","type-page","status-publish","hentry"],"_links":{"self":[{"href":"https:\/\/lanzaworx.com\/my-bus\/wp-json\/wp\/v2\/pages\/7","targetHints":{"allow":["GET"]}}],"collection":[{"href":"https:\/\/lanzaworx.com\/my-bus\/wp-json\/wp\/v2\/pages"}],"about":[{"href":"https:\/\/lanzaworx.com\/my-bus\/wp-json\/wp\/v2\/types\/page"}],"author":[{"embeddable":true,"href":"https:\/\/lanzaworx.com\/my-bus\/wp-json\/wp\/v2\/users\/1"}],"replies":[{"embeddable":true,"href":"https:\/\/lanzaworx.com\/my-bus\/wp-json\/wp\/v2\/comments?post=7"}],"version-history":[{"count":4,"href":"https:\/\/lanzaworx.com\/my-bus\/wp-json\/wp\/v2\/pages\/7\/revisions"}],"predecessor-version":[{"id":326,"href":"https:\/\/lanzaworx.com\/my-bus\/wp-json\/wp\/v2\/pages\/7\/revisions\/326"}],"wp:attachment":[{"href":"https:\/\/lanzaworx.com\/my-bus\/wp-json\/wp\/v2\/media?parent=7"}],"curies":[{"name":"wp","href":"https:\/\/api.w.org\/{rel}","templated":true}]}}