{"id":69,"date":"2022-11-10T10:26:29","date_gmt":"2022-11-10T10:26:29","guid":{"rendered":"https:\/\/lanzaworx.com\/my-bus\/?page_id=69"},"modified":"2024-03-09T18:11:21","modified_gmt":"2024-03-09T18:11:21","slug":"my-bus-lanzarote-es","status":"publish","type":"page","link":"https:\/\/lanzaworx.com\/my-bus\/my-bus-lanzarote-es\/","title":{"rendered":"My Bus &#8211; Lanzarote (es)"},"content":{"rendered":"\n<div class=\"wp-block-buttons is-content-justification-center is-layout-flex wp-container-core-buttons-is-layout-a89b3969 wp-block-buttons-is-layout-flex\">\n<div class=\"wp-block-button has-custom-font-size has-small-font-size\"><a class=\"wp-block-button__link wp-element-button\" href=\"https:\/\/lanzaworx.com\/my-bus\/\" style=\"border-radius:100px\">English<\/a><\/div>\n\n\n\n<div class=\"wp-block-button has-custom-font-size has-small-font-size\"><a class=\"wp-block-button__link wp-element-button\" href=\"https:\/\/lanzaworx.com\/my-bus\/my-bus-lanzarote-es\/\" style=\"border-radius:100px\">Espa\u00f1ol<\/a><\/div>\n\n\n\n<div class=\"wp-block-button has-custom-font-size has-small-font-size\"><a class=\"wp-block-button__link wp-element-button\" href=\"https:\/\/lanzaworx.com\/my-bus\/my-bus-lanzarote-fr\/\" style=\"border-radius:100px\">Fran\u00e7ais<\/a><\/div>\n\n\n\n<div class=\"wp-block-button\"><a class=\"wp-block-button__link wp-element-button\" href=\"https:\/\/lanzaworx.com\/my-bus\/my-bus-lanzarote-de\/\" style=\"border-radius:100px\">Deutsch<\/a><\/div>\n<\/div>\n\n\n\n<div style=\"height:20px\" aria-hidden=\"true\" class=\"wp-block-spacer\"><\/div>\n\n\n\n<p>Bienvenido al servicio privado de traslado al aeropuerto con chofer de alquiler de My Bus, que opera entre el aeropuerto de Lanzarote y su alojamiento en el resort. Nuestro servicio atiende entre 1 y 12 pasajeros. Su conductor personal lo recibir\u00e1 en el vest\u00edbulo del aeropuerto o fuera de su alojamiento. Supervisamos su n\u00famero de vuelo y lo mantenemos informado sobre posibles retrasos y ajustamos nuestros horarios en consecuencia de forma gratuita (solo retrasos el mismo d\u00eda).<\/p>\n\n\n\n<h2 class=\"wp-block-heading\">Reservas<\/h2>\n\n\n\n<p>Las solicitudes de reserva generalmente se requieren con al menos 3 d\u00edas de anticipaci\u00f3n, pero no dude en contactarnos por tel\u00e9fono [0034 623378946] si tiene una solicitud urgente o cualquier otra consulta.<\/p>\n\n\n\n<p>Para realizar una solicitud de reserva, haga clic en el bot\u00f3n <mark style=\"background-color:rgba(0, 0, 0, 0)\" class=\"has-inline-color has-luminous-vivid-amber-color\">Continuar <\/mark>y elija el idioma deseado. Selecciona la zona y n\u00famero de pasajeros, presiona el Bot\u00f3n de Solicitud de Reserva. Complete los detalles en el formulario de solicitud de reserva y haga clic en el bot\u00f3n <mark style=\"background-color:rgba(0, 0, 0, 0)\" class=\"has-inline-color has-luminous-vivid-amber-color\">Enviar<\/mark>.<\/p>\n\n\n\n<h2 class=\"wp-block-heading\">Pago<\/h2>\n\n\n\n<p>Deber\u00eda recibir un correo electr\u00f3nico de aceptaci\u00f3n de la reserva dentro de las 24 horas junto con un<mark style=\"background-color:rgba(0, 0, 0, 0)\" class=\"has-inline-color has-luminous-vivid-amber-color\"> n\u00famero de referencia<\/mark> de la reserva. Puede pagar por tel\u00e9fono  con tarjeta de cr\u00e9dito o d\u00e9bito. Si no podemos cumplir con su solicitud de reserva, recibir\u00e1 un correo electr\u00f3nico de reserva rechazada dentro de las 24 horas.<\/p>\n\n\n<div class=\"wp-block-image\">\n<figure class=\"aligncenter size-full\"><img loading=\"lazy\" decoding=\"async\" width=\"650\" height=\"338\" src=\"https:\/\/lanzaworx.com\/my-bus\/wp-content\/uploads\/2022\/11\/Map2.png\" alt=\"\" class=\"wp-image-52\" srcset=\"https:\/\/lanzaworx.com\/my-bus\/wp-content\/uploads\/2022\/11\/Map2.png 650w, https:\/\/lanzaworx.com\/my-bus\/wp-content\/uploads\/2022\/11\/Map2-300x156.png 300w, https:\/\/lanzaworx.com\/my-bus\/wp-content\/uploads\/2022\/11\/Map2-350x182.png 350w\" sizes=\"auto, (max-width: 650px) 100vw, 650px\" \/><\/figure>\n<\/div>\n\n\n<h2 class=\"wp-block-heading\">Consultas<\/h2>\n\n\n\n<p>No dude en ponerse en contacto con nosotros por tel\u00e9fono [<mark style=\"background-color:rgba(0, 0, 0, 0)\" class=\"has-inline-color has-luminous-vivid-amber-color\">0034 623378946<\/mark>] si tiene una solicitud urgente o cualquier otra consulta. Tambi\u00e9n puede enviar un correo electr\u00f3nico, un mensaje de texto o WhatsApp.<\/p>\n\n\n\n<div style=\"height:20px\" aria-hidden=\"true\" class=\"wp-block-spacer\"><\/div>\n\n\n\n<a href=\"mailto:booking@mybusgroup.com?subject=Website Customer Enquiry\">Enviar correo electr\u00f3nico<\/a>\n\n\n\n<div style=\"height:20px\" aria-hidden=\"true\" class=\"wp-block-spacer\"><\/div>\n\n\n\n<div class=\"wp-block-jetpack-send-a-message\">\n<div class=\"wp-block-jetpack-whatsapp-button is-color-dark\"><a class=\"whatsapp-block__button\" href=\"https:\/\/api.whatsapp.com\/send?phone=34623378946&amp;text=Hi%2C%20I%20got%20your%20WhatsApp%20information%20from%20your%20website.\" style=\"background-color:#25D366;color:#fff\" target=\"_blank\" rel=\"noopener noreferrer\">Chat on WhatsApp<\/a><\/div>\n<\/div>\n\n\n\n<div style=\"height:20px\" aria-hidden=\"true\" class=\"wp-block-spacer\"><\/div>\n\n\n\n<div class=\"wp-block-buttons is-content-justification-center is-layout-flex wp-container-core-buttons-is-layout-a89b3969 wp-block-buttons-is-layout-flex\">\n<div class=\"wp-block-button\"><a class=\"wp-block-button__link wp-element-button\" href=\"https:\/\/lanzaworx.com\/my-bus\/shop\/\" style=\"border-radius:100px\">Continuar<\/a><\/div>\n<\/div>\n","protected":false},"excerpt":{"rendered":"<p>Bienvenido al servicio privado de traslado al aeropuerto con chofer de alquiler de My Bus, que opera entre el aeropuerto de Lanzarote y su alojamiento en el resort. Nuestro servicio atiende entre 1 y 12 pasajeros. Su conductor personal lo recibir\u00e1 en el vest\u00edbulo del aeropuerto o fuera de su alojamiento. Supervisamos su n\u00famero de [&hellip;]<\/p>\n","protected":false},"author":1,"featured_media":0,"parent":0,"menu_order":0,"comment_status":"closed","ping_status":"open","template":"template-fullwidth.php","meta":{"footnotes":""},"class_list":["post-69","page","type-page","status-publish","hentry"],"_links":{"self":[{"href":"https:\/\/lanzaworx.com\/my-bus\/wp-json\/wp\/v2\/pages\/69","targetHints":{"allow":["GET"]}}],"collection":[{"href":"https:\/\/lanzaworx.com\/my-bus\/wp-json\/wp\/v2\/pages"}],"about":[{"href":"https:\/\/lanzaworx.com\/my-bus\/wp-json\/wp\/v2\/types\/page"}],"author":[{"embeddable":true,"href":"https:\/\/lanzaworx.com\/my-bus\/wp-json\/wp\/v2\/users\/1"}],"replies":[{"embeddable":true,"href":"https:\/\/lanzaworx.com\/my-bus\/wp-json\/wp\/v2\/comments?post=69"}],"version-history":[{"count":9,"href":"https:\/\/lanzaworx.com\/my-bus\/wp-json\/wp\/v2\/pages\/69\/revisions"}],"predecessor-version":[{"id":310,"href":"https:\/\/lanzaworx.com\/my-bus\/wp-json\/wp\/v2\/pages\/69\/revisions\/310"}],"wp:attachment":[{"href":"https:\/\/lanzaworx.com\/my-bus\/wp-json\/wp\/v2\/media?parent=69"}],"curies":[{"name":"wp","href":"https:\/\/api.w.org\/{rel}","templated":true}]}}