{"id":67,"date":"2022-11-10T10:25:45","date_gmt":"2022-11-10T10:25:45","guid":{"rendered":"https:\/\/lanzaworx.com\/my-bus\/?page_id=67"},"modified":"2024-03-09T19:57:31","modified_gmt":"2024-03-09T19:57:31","slug":"my-bus-lanzarote-fr","status":"publish","type":"page","link":"https:\/\/lanzaworx.com\/my-bus\/my-bus-lanzarote-fr\/","title":{"rendered":"My Bus &#8211; Lanzarote (fr)"},"content":{"rendered":"\n<div class=\"wp-block-buttons is-content-justification-center is-layout-flex wp-container-core-buttons-is-layout-a89b3969 wp-block-buttons-is-layout-flex\">\n<div class=\"wp-block-button has-custom-font-size has-small-font-size\"><a class=\"wp-block-button__link wp-element-button\" href=\"https:\/\/lanzaworx.com\/my-bus\/\" style=\"border-radius:100px\">English<\/a><\/div>\n\n\n\n<div class=\"wp-block-button has-custom-font-size has-small-font-size\"><a class=\"wp-block-button__link wp-element-button\" href=\"https:\/\/lanzaworx.com\/my-bus\/my-bus-lanzarote-es\/\" style=\"border-radius:100px\">Espa\u00f1ol<\/a><\/div>\n\n\n\n<div class=\"wp-block-button has-custom-font-size has-small-font-size\"><a class=\"wp-block-button__link wp-element-button\" href=\"https:\/\/lanzaworx.com\/my-bus\/my-bus-lanzarote-fr\/\" style=\"border-radius:100px\">Fran\u00e7ais<\/a><\/div>\n\n\n\n<div class=\"wp-block-button has-custom-font-size has-small-font-size\"><a class=\"wp-block-button__link wp-element-button\" href=\"https:\/\/lanzaworx.com\/my-bus\/my-bus-lanzarote-de\/\" style=\"border-radius:100px\">Deutsch<\/a><\/div>\n<\/div>\n\n\n\n<div style=\"height:20px\" aria-hidden=\"true\" class=\"wp-block-spacer\"><\/div>\n\n\n\n<p>Bienvenue au service de transfert a\u00e9roport priv\u00e9 avec chauffeur de My Bus, op\u00e9rant entre l&#8217;a\u00e9roport de Lanzarote et votre h\u00e9bergement de vill\u00e9giature. Notre service accueille entre 1 et 12 passagers. Votre chauffeur personnel vous attendra dans le hall de l&#8217;a\u00e9roport ou \u00e0 l&#8217;ext\u00e9rieur de votre logement. Nous surveillons votre num\u00e9ro de vol et vous tenons au courant des retards potentiels et ajustons gratuitement nos horaires en cons\u00e9quence (retards le jour m\u00eame uniquement).<\/p>\n\n\n\n<h2 class=\"wp-block-heading\">R\u00e9servations<\/h2>\n\n\n\n<p>Les demandes de r\u00e9servation sont g\u00e9n\u00e9ralement requises au moins 3 jours \u00e0 l&#8217;avance, mais n&#8217;h\u00e9sitez pas \u00e0 nous contacter par t\u00e9l\u00e9phone [<mark style=\"background-color:rgba(0, 0, 0, 0)\" class=\"has-inline-color has-luminous-vivid-amber-color\">0034 623378946<\/mark>] si vous avez une demande urgente ou toute autre question.<\/p>\n\n\n\n<p>Pour faire une demande de r\u00e9servation, cliquez sur le bouton <mark style=\"background-color:rgba(0, 0, 0, 0)\" class=\"has-inline-color has-luminous-vivid-amber-color\">Continuer<\/mark> ci-dessous et choisissez la langue souhait\u00e9e. S\u00e9lectionnez la zone et le nombre de passagers, appuyez sur le bouton de demande de r\u00e9servation. Remplissez les d\u00e9tails sur le formulaire de demande de r\u00e9servation et cliquez sur le bouton <mark style=\"background-color:rgba(0, 0, 0, 0)\" class=\"has-inline-color has-luminous-vivid-amber-color\">Soumettre<\/mark>.<\/p>\n\n\n\n<h2 class=\"wp-block-heading\">Paiement<\/h2>\n\n\n\n<p>Vous devriez recevoir un e-mail d&#8217;acceptation de r\u00e9servation dans les 24 heures avec un <mark style=\"background-color:rgba(0, 0, 0, 0)\" class=\"has-inline-color has-luminous-vivid-amber-color\">num\u00e9ro de r\u00e9f\u00e9rence<\/mark> de r\u00e9servation. Vous pouvez payer par t\u00e9l\u00e9phone  par carte de cr\u00e9dit ou de d\u00e9bit. Si nous ne sommes pas en mesure de r\u00e9pondre \u00e0 votre demande de r\u00e9servation, vous recevrez un e-mail de refus de r\u00e9servation dans les 24 heures.<\/p>\n\n\n<div class=\"wp-block-image\">\n<figure class=\"aligncenter size-full\"><img loading=\"lazy\" decoding=\"async\" width=\"650\" height=\"338\" src=\"https:\/\/lanzaworx.com\/my-bus\/wp-content\/uploads\/2022\/11\/Map2.png\" alt=\"\" class=\"wp-image-52\" srcset=\"https:\/\/lanzaworx.com\/my-bus\/wp-content\/uploads\/2022\/11\/Map2.png 650w, https:\/\/lanzaworx.com\/my-bus\/wp-content\/uploads\/2022\/11\/Map2-300x156.png 300w, https:\/\/lanzaworx.com\/my-bus\/wp-content\/uploads\/2022\/11\/Map2-350x182.png 350w\" sizes=\"auto, (max-width: 650px) 100vw, 650px\" \/><\/figure>\n<\/div>\n\n\n<h2 class=\"wp-block-heading\">Demande de R\u00e9servation<\/h2>\n\n\n\n<p>N&#8217;h\u00e9sitez pas \u00e0 nous contacter par t\u00e9l\u00e9phone [<mark style=\"background-color:rgba(0, 0, 0, 0)\" class=\"has-inline-color has-luminous-vivid-amber-color\">0034 623378946<\/mark>] si vous avez une demande urgente ou toute autre question. Vous pouvez \u00e9galement envoyer un e-mail, un SMS ou WhatsApp.<\/p>\n\n\n\n<div style=\"height:20px\" aria-hidden=\"true\" class=\"wp-block-spacer\"><\/div>\n\n\n\n<a href=\"mailto:booking@mybusgroup.com?subject=Website Customer Enquiry\">Envoyer un e-mail<\/a>\n\n\n\n<div style=\"height:20px\" aria-hidden=\"true\" class=\"wp-block-spacer\"><\/div>\n\n\n\n<div class=\"wp-block-jetpack-send-a-message\">\n<div class=\"wp-block-jetpack-whatsapp-button is-color-dark\"><a class=\"whatsapp-block__button\" href=\"https:\/\/api.whatsapp.com\/send?phone=34623378946&amp;text=Hi%2C%20I%20got%20your%20WhatsApp%20information%20from%20your%20website.\" style=\"background-color:#25D366;color:#fff\" target=\"_blank\" rel=\"noopener noreferrer\">Chat on WhatsApp<\/a><\/div>\n<\/div>\n\n\n\n<div style=\"height:20px\" aria-hidden=\"true\" class=\"wp-block-spacer\"><\/div>\n\n\n\n<div class=\"wp-block-buttons is-content-justification-center is-layout-flex wp-container-core-buttons-is-layout-a89b3969 wp-block-buttons-is-layout-flex\">\n<div class=\"wp-block-button\"><a class=\"wp-block-button__link wp-element-button\" href=\"https:\/\/lanzaworx.com\/my-bus\/shop\/\" style=\"border-radius:100px\">Continuer<\/a><\/div>\n<\/div>\n\n\n\n<hr class=\"wp-block-separator has-alpha-channel-opacity\"\/>\n","protected":false},"excerpt":{"rendered":"<p>Bienvenue au service de transfert a\u00e9roport priv\u00e9 avec chauffeur de My Bus, op\u00e9rant entre l&#8217;a\u00e9roport de Lanzarote et votre h\u00e9bergement de vill\u00e9giature. Notre service accueille entre 1 et 12 passagers. Votre chauffeur personnel vous attendra dans le hall de l&#8217;a\u00e9roport ou \u00e0 l&#8217;ext\u00e9rieur de votre logement. Nous surveillons votre num\u00e9ro de vol et vous tenons [&hellip;]<\/p>\n","protected":false},"author":1,"featured_media":0,"parent":0,"menu_order":0,"comment_status":"closed","ping_status":"open","template":"template-fullwidth.php","meta":{"footnotes":""},"class_list":["post-67","page","type-page","status-publish","hentry"],"_links":{"self":[{"href":"https:\/\/lanzaworx.com\/my-bus\/wp-json\/wp\/v2\/pages\/67","targetHints":{"allow":["GET"]}}],"collection":[{"href":"https:\/\/lanzaworx.com\/my-bus\/wp-json\/wp\/v2\/pages"}],"about":[{"href":"https:\/\/lanzaworx.com\/my-bus\/wp-json\/wp\/v2\/types\/page"}],"author":[{"embeddable":true,"href":"https:\/\/lanzaworx.com\/my-bus\/wp-json\/wp\/v2\/users\/1"}],"replies":[{"embeddable":true,"href":"https:\/\/lanzaworx.com\/my-bus\/wp-json\/wp\/v2\/comments?post=67"}],"version-history":[{"count":8,"href":"https:\/\/lanzaworx.com\/my-bus\/wp-json\/wp\/v2\/pages\/67\/revisions"}],"predecessor-version":[{"id":322,"href":"https:\/\/lanzaworx.com\/my-bus\/wp-json\/wp\/v2\/pages\/67\/revisions\/322"}],"wp:attachment":[{"href":"https:\/\/lanzaworx.com\/my-bus\/wp-json\/wp\/v2\/media?parent=67"}],"curies":[{"name":"wp","href":"https:\/\/api.w.org\/{rel}","templated":true}]}}