{"id":125,"date":"2022-11-10T14:43:19","date_gmt":"2022-11-10T14:43:19","guid":{"rendered":"https:\/\/lanzaworx.com\/my-bus\/?page_id=125"},"modified":"2022-11-13T21:02:41","modified_gmt":"2022-11-13T21:02:41","slug":"reservation","status":"publish","type":"page","link":"https:\/\/lanzaworx.com\/my-bus\/reservation\/","title":{"rendered":"R\u00e9servation"},"content":{"rendered":"\n<div class=\"wp-block-buttons is-content-justification-center is-layout-flex wp-container-core-buttons-is-layout-a89b3969 wp-block-buttons-is-layout-flex\">\n<div class=\"wp-block-button has-custom-font-size has-small-font-size\"><a class=\"wp-block-button__link wp-element-button\" href=\"https:\/\/lanzaworx.com\/my-bus\/booking-request\/\" style=\"border-radius:100px\">English<\/a><\/div>\n\n\n\n<div class=\"wp-block-button has-custom-font-size has-small-font-size\"><a class=\"wp-block-button__link wp-element-button\" href=\"https:\/\/lanzaworx.com\/my-bus\/reserva\/\" style=\"border-radius:100px\">Espa\u00f1ol<\/a><\/div>\n\n\n\n<div class=\"wp-block-button has-custom-font-size has-small-font-size\"><a class=\"wp-block-button__link wp-element-button\" href=\"https:\/\/lanzaworx.com\/my-bus\/reservation\/\" style=\"border-radius:100px\">Fran\u00e7ais<\/a><\/div>\n\n\n\n<div class=\"wp-block-button has-custom-font-size has-small-font-size\"><a class=\"wp-block-button__link wp-element-button\" href=\"https:\/\/lanzaworx.com\/my-bus\/reservierung\/\" style=\"border-radius:100px\">Deutsch<\/a><\/div>\n<\/div>\n\n\n\n<div class=\"wpcf7 no-js\" id=\"wpcf7-f118-o1\" lang=\"en-US\" dir=\"ltr\" data-wpcf7-id=\"118\">\n<div class=\"screen-reader-response\"><p role=\"status\" aria-live=\"polite\" aria-atomic=\"true\"><\/p> <ul><\/ul><\/div>\n<form action=\"\/my-bus\/wp-json\/wp\/v2\/pages\/125#wpcf7-f118-o1\" method=\"post\" class=\"wpcf7-form init\" aria-label=\"Contact form\" novalidate=\"novalidate\" data-status=\"init\">\n<fieldset class=\"hidden-fields-container\"><input type=\"hidden\" name=\"_wpcf7\" value=\"118\" \/><input type=\"hidden\" name=\"_wpcf7_version\" value=\"6.1.5\" \/><input type=\"hidden\" name=\"_wpcf7_locale\" value=\"en_US\" \/><input type=\"hidden\" name=\"_wpcf7_unit_tag\" value=\"wpcf7-f118-o1\" \/><input type=\"hidden\" name=\"_wpcf7_container_post\" value=\"0\" \/><input type=\"hidden\" name=\"_wpcf7_posted_data_hash\" value=\"\" \/>\n<\/fieldset>\n<p><label> votre nom<br \/>\n<span class=\"wpcf7-form-control-wrap\" data-name=\"your-name\"><input size=\"40\" maxlength=\"400\" class=\"wpcf7-form-control wpcf7-text wpcf7-validates-as-required\" aria-required=\"true\" aria-invalid=\"false\" value=\"\" type=\"text\" name=\"your-name\" \/><\/span> <\/label>\n<\/p>\n<p><label> votre e-mail<br \/>\n<span class=\"wpcf7-form-control-wrap\" data-name=\"your-email\"><input size=\"40\" maxlength=\"400\" class=\"wpcf7-form-control wpcf7-email wpcf7-validates-as-required wpcf7-text wpcf7-validates-as-email\" aria-required=\"true\" aria-invalid=\"false\" value=\"\" type=\"email\" name=\"your-email\" \/><\/span> <\/label>\n<\/p>\n<p><label> Num\u00e9ro de t\u00e9l\u00e9phone (optionnel)<br \/>\n<span class=\"wpcf7-form-control-wrap\" data-name=\"tel-150\"><input size=\"40\" maxlength=\"400\" class=\"wpcf7-form-control wpcf7-tel wpcf7-text wpcf7-validates-as-tel\" aria-invalid=\"false\" value=\"\" type=\"tel\" name=\"tel-150\" \/><\/span> <\/label>\n<\/p>\n<p><label> Num\u00e9ro de vol<br \/>\n<span class=\"wpcf7-form-control-wrap\" data-name=\"flight-number\"><input size=\"40\" maxlength=\"400\" class=\"wpcf7-form-control wpcf7-text wpcf7-validates-as-required\" aria-required=\"true\" aria-invalid=\"false\" value=\"\" type=\"text\" name=\"flight-number\" \/><\/span> <\/label>\n<\/p>\n<p><label> Date<br \/>\n<span class=\"wpcf7-form-control-wrap\" data-name=\"date-1\"><input class=\"wpcf7-form-control wpcf7-date wpcf7-validates-as-required wpcf7-validates-as-date\" aria-required=\"true\" aria-invalid=\"false\" value=\"\" type=\"date\" name=\"date-1\" \/><\/span><\/label>\n<\/p>\n<p><label> Date de retour (laisser vide si aller simple)<br \/>\n<span class=\"wpcf7-form-control-wrap\" data-name=\"date-2\"><input class=\"wpcf7-form-control wpcf7-date wpcf7-validates-as-date\" aria-invalid=\"false\" value=\"\" type=\"date\" name=\"date-2\" \/><\/span><\/label>\n<\/p>\n<p><label> Type de transfert<br \/>\n<span class=\"wpcf7-form-control-wrap\" data-name=\"trans-type\"><select class=\"wpcf7-form-control wpcf7-select wpcf7-validates-as-required\" aria-required=\"true\" aria-invalid=\"false\" name=\"trans-type\"><option value=\"\">&#8212;Please choose an option&#8212;<\/option><option value=\"De l&#039;a\u00e9roport au complexe\">De l&#039;a\u00e9roport au complexe<\/option><option value=\"Du complexe \u00e0 l&#039;a\u00e9roport\">Du complexe \u00e0 l&#039;a\u00e9roport<\/option><option value=\"tous les deux\">tous les deux<\/option><\/select><\/span><\/label>\n<\/p>\n<p><label> Adresse du complexe<br \/>\n<span class=\"wpcf7-form-control-wrap\" data-name=\"resort-address\"><textarea cols=\"40\" rows=\"10\" maxlength=\"2000\" class=\"wpcf7-form-control wpcf7-textarea wpcf7-validates-as-required\" aria-required=\"true\" aria-invalid=\"false\" name=\"resort-address\"><\/textarea><\/span> <\/label>\n<\/p>\n<p><label> Informations suppl\u00e9mentaires (facultatif - planches \u00e0 voile, v\u00e9los, fauteuils roulants, etc.)<br \/>\n<span class=\"wpcf7-form-control-wrap\" data-name=\"your-message\"><textarea cols=\"40\" rows=\"10\" maxlength=\"2000\" class=\"wpcf7-form-control wpcf7-textarea\" aria-invalid=\"false\" name=\"your-message\"><\/textarea><\/span> <\/label>\n<\/p>\n<p><input class=\"wpcf7-form-control wpcf7-submit has-spinner\" type=\"submit\" value=\"Envoyer\" \/>\n<\/p><div class=\"wpcf7-response-output\" aria-hidden=\"true\"><\/div>\n<\/form>\n<\/div>\n\n\n\n\n<div class=\"wp-block-buttons is-content-justification-center is-layout-flex wp-container-core-buttons-is-layout-a89b3969 wp-block-buttons-is-layout-flex\">\n<div class=\"wp-block-button has-custom-width wp-block-button__width-50\"><a class=\"wp-block-button__link wp-element-button\" href=\"https:\/\/lanzaworx.com\/my-bus\/\" style=\"border-radius:100px\">My Bus &#8211; Lanzarote<\/a><\/div>\n<\/div>\n","protected":false},"excerpt":{"rendered":"","protected":false},"author":1,"featured_media":0,"parent":0,"menu_order":0,"comment_status":"closed","ping_status":"closed","template":"","meta":{"footnotes":""},"class_list":["post-125","page","type-page","status-publish","hentry"],"_links":{"self":[{"href":"https:\/\/lanzaworx.com\/my-bus\/wp-json\/wp\/v2\/pages\/125","targetHints":{"allow":["GET"]}}],"collection":[{"href":"https:\/\/lanzaworx.com\/my-bus\/wp-json\/wp\/v2\/pages"}],"about":[{"href":"https:\/\/lanzaworx.com\/my-bus\/wp-json\/wp\/v2\/types\/page"}],"author":[{"embeddable":true,"href":"https:\/\/lanzaworx.com\/my-bus\/wp-json\/wp\/v2\/users\/1"}],"replies":[{"embeddable":true,"href":"https:\/\/lanzaworx.com\/my-bus\/wp-json\/wp\/v2\/comments?post=125"}],"version-history":[{"count":6,"href":"https:\/\/lanzaworx.com\/my-bus\/wp-json\/wp\/v2\/pages\/125\/revisions"}],"predecessor-version":[{"id":213,"href":"https:\/\/lanzaworx.com\/my-bus\/wp-json\/wp\/v2\/pages\/125\/revisions\/213"}],"wp:attachment":[{"href":"https:\/\/lanzaworx.com\/my-bus\/wp-json\/wp\/v2\/media?parent=125"}],"curies":[{"name":"wp","href":"https:\/\/api.w.org\/{rel}","templated":true}]}}