{"id":38,"date":"2022-01-28T17:18:53","date_gmt":"2022-01-28T17:18:53","guid":{"rendered":"https:\/\/lanzaworx.com\/harmony\/?page_id=38"},"modified":"2023-10-16T18:00:51","modified_gmt":"2023-10-16T18:00:51","slug":"terapias","status":"publish","type":"page","link":"https:\/\/lanzaworx.com\/harmony\/terapias\/","title":{"rendered":"Terapias"},"content":{"rendered":"\n<div class=\"wp-block-columns is-not-stacked-on-mobile is-layout-flex wp-container-core-columns-is-layout-9d6595d7 wp-block-columns-is-layout-flex\">\n<div class=\"wp-block-column is-layout-flow wp-block-column-is-layout-flow\" style=\"flex-basis:100px\"><div class=\"wp-block-image\">\n<figure class=\"aligncenter size-full\"><a href=\"https:\/\/lanzaworx.com\/harmony\/terapias\"><img data-recalc-dims=\"1\" decoding=\"async\" src=\"https:\/\/i0.wp.com\/lanzaworx.com\/soul-fitness\/wp-content\/uploads\/2022\/01\/es-32x32-1.png?w=525&#038;ssl=1\" alt=\"\" class=\"wp-image-225\"\/><\/a><\/figure>\n<\/div><\/div>\n\n\n\n<div class=\"wp-block-column is-layout-flow wp-block-column-is-layout-flow\" style=\"flex-basis:100px\"><div class=\"wp-block-image\">\n<figure class=\"aligncenter size-full\"><a href=\"https:\/\/lanzaworx.com\/harmony\/therapies\/therapies\/\"><img data-recalc-dims=\"1\" decoding=\"async\" src=\"https:\/\/i0.wp.com\/lanzaworx.com\/soul-fitness\/wp-content\/uploads\/2022\/01\/uk-32x32-1.png?w=525&#038;ssl=1\" alt=\"\" class=\"wp-image-228\"\/><\/a><\/figure>\n<\/div><\/div>\n<\/div>\n\n\n\n<h2 class=\"wp-block-heading\"><strong>Osteopat\u00eda<\/strong><\/h2>\n\n\n\n<p>La osteopatia pone en evidencia las interrelaciones que existen entre el sistema m\u00fasculo-esquel\u00e9tico y los otros sistemas org\u00e1nicos, y por otro lado, entre la movilidad y la libertad de esos distintos sistemas y la salud del hombre.<\/p>\n\n\n\n<p>La osteopat\u00eda consiste en t\u00e9cnicas de reestructuracion corporal que buscan sanar a las personas hallando el equilibrio de todas las partes implicadas. La parte emocional es sumamente importante y tiene una relaci\u00f3n directa con las dolencias.<\/p>\n\n\n\n<p>El tratar un cuerpo como un todo es primordial, y la visi\u00f3n global del cuerpo para su perfecta sanaci\u00f3n es necesaria para nosotros. El masaje es el complemento perfecto a la osteopatia;<\/p>\n\n\n\n<h2 class=\"wp-block-heading\"><strong>Masaje<\/strong><\/h2>\n\n\n\n<p>El masaje es un m\u00e9todo de valoraci\u00f3n y tratamiento manual de aquellas partes del cuerpo humano que presentan alguna dolencia, o susceptibles de presentarla, con el objetivo de mejorar el dolor, reducir o eliminar tensiones musculares, mejorar la circulaci\u00f3n sangu\u00ednea y linf\u00e1tica y conseguir un alivio del estr\u00e9s.<\/p>\n\n\n\n<p>A presi\u00f3n, el frotamiento y la manipulaci\u00f3n de la piel, los m\u00fasculos, los tendones y los ligamentos son parte esencial del masaje, este puede variar desde una caricia suave hasta una presi\u00f3n intensa.<\/p>\n\n\n\n<p>El prop\u00f3sito del masaje es producir efectos relajantes y terap\u00e9uticos en los tejidos de los sistemas nervioso, muscular y respiratorio, as\u00ed mismo en la circulaci\u00f3n local y general de la sangre y la linfa.<\/p>\n\n\n\n<p>Existen muchos tipos diferentes de masajes; los que realizamos en Harnony son los siguientes:<\/p>\n\n\n\n<ul class=\"wp-block-list\" style=\"text-transform:capitalize\">\n<li>Masaje facial.<\/li>\n\n\n\n<li>Masaje relajante.<\/li>\n\n\n\n<li>Masaje deportivo.<\/li>\n\n\n\n<li>Reflexologia.<\/li>\n\n\n\n<li>Masaje Craneo-Sacral.<\/li>\n\n\n\n<li>Masaje linf\u00e1tico.<\/li>\n\n\n\n<li>Masaje en pareja (24 horas antelaci\u00f3n).<\/li>\n\n\n\n<li>Masaje el cielo en la tierra &#8211; 2 personas contigo (24 horas antelaci\u00f3n).<\/li>\n\n\n\n<li>Masaje terapeutico.<\/li>\n<\/ul>\n","protected":false},"excerpt":{"rendered":"<p>Osteopat\u00eda La osteopatia pone en evidencia las interrelaciones que existen entre el sistema m\u00fasculo-esquel\u00e9tico y los otros sistemas org\u00e1nicos, y por otro lado, entre la movilidad y la libertad de esos distintos sistemas y la salud del hombre. La osteopat\u00eda consiste en t\u00e9cnicas de reestructuracion corporal que buscan sanar a las personas hallando el equilibrio &hellip; <\/p>\n<p class=\"link-more\"><a href=\"https:\/\/lanzaworx.com\/harmony\/terapias\/\" class=\"more-link\">Continue reading<span class=\"screen-reader-text\"> &#8220;Terapias&#8221;<\/span><\/a><\/p>\n","protected":false},"author":1,"featured_media":149,"parent":0,"menu_order":0,"comment_status":"closed","ping_status":"closed","template":"spanish-page.php","meta":{"advanced_seo_description":"","jetpack_seo_html_title":"","jetpack_seo_noindex":false,"footnotes":""},"class_list":["post-38","page","type-page","status-publish","has-post-thumbnail","hentry"],"jetpack_sharing_enabled":true,"jetpack_likes_enabled":true,"_links":{"self":[{"href":"https:\/\/lanzaworx.com\/harmony\/wp-json\/wp\/v2\/pages\/38","targetHints":{"allow":["GET"]}}],"collection":[{"href":"https:\/\/lanzaworx.com\/harmony\/wp-json\/wp\/v2\/pages"}],"about":[{"href":"https:\/\/lanzaworx.com\/harmony\/wp-json\/wp\/v2\/types\/page"}],"author":[{"embeddable":true,"href":"https:\/\/lanzaworx.com\/harmony\/wp-json\/wp\/v2\/users\/1"}],"replies":[{"embeddable":true,"href":"https:\/\/lanzaworx.com\/harmony\/wp-json\/wp\/v2\/comments?post=38"}],"version-history":[{"count":9,"href":"https:\/\/lanzaworx.com\/harmony\/wp-json\/wp\/v2\/pages\/38\/revisions"}],"predecessor-version":[{"id":275,"href":"https:\/\/lanzaworx.com\/harmony\/wp-json\/wp\/v2\/pages\/38\/revisions\/275"}],"wp:featuredmedia":[{"embeddable":true,"href":"https:\/\/lanzaworx.com\/harmony\/wp-json\/wp\/v2\/media\/149"}],"wp:attachment":[{"href":"https:\/\/lanzaworx.com\/harmony\/wp-json\/wp\/v2\/media?parent=38"}],"curies":[{"name":"wp","href":"https:\/\/api.w.org\/{rel}","templated":true}]}}