{"id":965,"date":"2025-01-07T12:52:59","date_gmt":"2025-01-07T12:52:59","guid":{"rendered":"https:\/\/lanzaworx.com\/dele\/?page_id=965"},"modified":"2025-01-08T12:42:41","modified_gmt":"2025-01-08T12:42:41","slug":"examen-2-prueba-1-tarea-4","status":"publish","type":"page","link":"https:\/\/lanzaworx.com\/dele\/examen-2\/examen-2-prueba-1\/examen-2-prueba-1-tarea-4\/","title":{"rendered":"Examen 2 Prueba 1 Tarea 4"},"content":{"rendered":"\n<p id=\"head\">A continuaci\u00f3n va a leer un texto se han extraido seis fragmentsos. Despu\u00e9s, lea los ocho fragmentos, a) &#8211; h), y decida en qu\u00e9 lugar del texto, 19 &#8211; 24, va cada uno. Hay dos freagmentos que no tiene que elegir.<\/p>\n\n\n\n<div class=\"wp-block-buttons is-layout-flex wp-block-buttons-is-layout-flex\">\n<div class=\"wp-block-button\"><a class=\"wp-block-button__link wp-element-button\" href=\"https:\/\/lanzaworx.com\/dele\/examen-2\/examen-2-prueba-1\/examen-2-prueba-1-tarea-4\/examen-2-prueba-1-tarea-4-transcripciones\/#head\">Transcripciones<\/a><\/div>\n<\/div>\n\n\n\n<h2 class=\"wp-block-heading\">LO QUE HAY QUE SABER AL ALQUILAR UN APARTAMENTO TUR\u00cdSTICO<\/h2>\n\n\n\n<h3 class=\"wp-block-heading\" id=\"text\">En ocasiones, el consumidor desconoce cu\u00e1les son sus derechos y obligaciones al alquilar un apartamento para fines vacacionales.<\/h3>\n\n\n\n<div class=\"wp-block-columns is-layout-flex wp-container-core-columns-is-layout-9d6595d7 wp-block-columns-is-layout-flex\">\n<div class=\"wp-block-column is-layout-flow wp-block-column-is-layout-flow\">\n<p>Los apartamentos tur\u00edsticos son una de las formas m\u00e1s habituales de pasar las vacaciones o, simplemente, un fin de semana.<br>19) _________________<\/p>\n\n\n\n<p>El usuario de este tipo de apartamentos turisticos, como en cualquier otro servicio, tiene una serie de derechos y obligaciones. 20) __________. Igualmente deber\u00e1 guardar la publicidad si contrata el apartamento mediante una agencia de viajes.<\/p>\n\n\n\n<p>Los apartamentos deben cumplir unas normas minimas en funci\u00f6n de su categor\u00eda. El alquiler tambi\u00e9n comprende el uso y disfrute de los servicios anejos al alojamiento, por ejemplo, la piscina o el aparcamiento, que deber\u00e1n ser facilitados por la empresa desde el momento en que se inicie la estancia. 21) ______________.<\/p>\n\n\n\n<p>Con respecto al precio del alojamiento, la empresa tiene la obligaci\u00f3n de darle la mayor publicidad posible y colocar en la recepci\u00f3n los precios m\u00e1ximos mensuales. En el precio final siempre estar\u00e1n comprendidos los suministros de agua, electricidad, combustible y servicios comunes. 22) <strong><em><strong>_<\/strong><\/em><\/strong>__________.<\/p>\n<\/div>\n\n\n\n<div class=\"wp-block-column is-layout-flow wp-block-column-is-layout-flow\">\n<p>Normalmente, el alojamiento se inicia a partir de las Cinco de la tarde del d\u00eda del period contratado y finaliza a las doce del mediod\u00eda del d\u00eda siguiente a aquel en que concluye dicho periodo. En caso de no desalojar el apartamento, el usuario podr\u00e1 ser gravado con una indemnizaci\u00f3n que debe estar prevista en el contrato.<\/p>\n\n\n\n<p>Al contratar el alquiler del apartamento, bien la agencia o el propietario, pueden pedir al cliente un anticipo en concepto de reserva o se\u00f1ial. 23) __________.<\/p>\n\n\n\n<p>Si una vez firmado el alquiler el consumidor anula la reserva, la empresa deber\u00e1 devolverle el anticipo, pero no en su totalidad, ya que el propietario tiene derecho a una indemnizaci\u00f3n en funci\u00f2n del plazo con el que se efect\u00fae la anulaci\u00f3n. 24) __________.<\/p>\n\n\n\n<p>Otro coste que la agencia puede exigir al usuario es la fianza por posibles deterioros. Por ello, se recomienda hacer un inventario de los muebles y utensilios que haya en el apartamento antes de alojarse en \u00e9l.<\/p>\n<\/div>\n<\/div>\n\n\n\n<div class=\"wp-block-buttons is-layout-flex wp-block-buttons-is-layout-flex\">\n<div class=\"wp-block-button\"><a class=\"wp-block-button__link wp-element-button\" href=\"https:\/\/lanzaworx.com\/dele\/examen-2\/examen-2-prueba-1\/examen-2-prueba-1-tarea-4\/examen-2-prueba-1-tarea-4-transcripciones\/#text\">Transcripciones<\/a><\/div>\n<\/div>\n\n\n\n<h2 class=\"wp-block-heading\" id=\"frags\">Fragmentos<\/h2>\n\n\n\n<figure class=\"wp-block-table\"><table class=\"has-fixed-layout\"><tbody><tr><td>a) Adem\u00e1s de estos servicios comunes, el propietario puede ofrecer a sus clientes otros servicios complementarios, como pueden ser lavander\u00eda, restaurante, etc.<\/td><\/tr><tr><td>b) La cantidad que deber\u00e1 entregar el usuario por dicho concepto ser\u00e9 un porcentaje sobre el precio que depender\u00e9 del periodo total de la estancia.<\/td><\/tr><tr><td>c) Por tanto, normalmente el cliente debe Ilevar sus propias s\u00e5banas y toallas.<\/td><\/tr><tr><td>d) Muchas personas deciden alojarse en estos apartamentos por sus considerables ventajas: la intimidad, posibilidad de alojamiento para toda la familia y precio econ\u00f3mico.<\/td><\/tr><tr><td>e) Asi, el cliente recuperar\u00e1 el 50 % si la comunica con una antelaci\u00f3n de entre siete y treinta dias y el 95 % si lo realiza con m\u00e1s de treinta dias.<\/td><\/tr><tr><td>f) Este precio debe ser abonado por el cliente en el momento de la ocupaci\u00f3n, salvo pacto contrario.<\/td><\/tr><tr><td>g) Por ello, debe firmar un contrato por escrito con los requisitos minimos que hay que cumplir por ambas partes, siendo imprescindible conservar una copia.<\/td><\/tr><tr><td>h) Por eso es necesario comparar precios en distintos portales de Internet que se dedican al alquiler de apartamentos, casas rurales, etc.<\/td><\/tr><\/tbody><\/table><\/figure>\n\n\n\n<div class=\"wp-block-buttons is-layout-flex wp-block-buttons-is-layout-flex\">\n<div class=\"wp-block-button\"><a class=\"wp-block-button__link wp-element-button\" href=\"https:\/\/lanzaworx.com\/dele\/examen-2\/examen-2-prueba-1\/examen-2-prueba-1-tarea-4\/examen-2-prueba-1-tarea-4-transcripciones\/#frags\">Transcripciones<\/a><\/div>\n<\/div>\n\n\n\n<h2 class=\"wp-block-heading\">Preguntas<\/h2>\n\n\n\n<div class=\"wpcf7 no-js\" id=\"wpcf7-f1014-o1\" lang=\"en-US\" dir=\"ltr\" data-wpcf7-id=\"1014\">\n<div class=\"screen-reader-response\"><p role=\"status\" aria-live=\"polite\" aria-atomic=\"true\"><\/p> <ul><\/ul><\/div>\n<form action=\"\/dele\/wp-json\/wp\/v2\/pages\/965#wpcf7-f1014-o1\" method=\"post\" class=\"wpcf7-form init\" aria-label=\"Contact form\" novalidate=\"novalidate\" data-status=\"init\">\n<fieldset class=\"hidden-fields-container\"><input type=\"hidden\" name=\"_wpcf7\" value=\"1014\" \/><input type=\"hidden\" name=\"_wpcf7_version\" value=\"6.1.5\" \/><input type=\"hidden\" name=\"_wpcf7_locale\" value=\"en_US\" \/><input type=\"hidden\" name=\"_wpcf7_unit_tag\" value=\"wpcf7-f1014-o1\" \/><input type=\"hidden\" name=\"_wpcf7_container_post\" value=\"0\" \/><input type=\"hidden\" name=\"_wpcf7_posted_data_hash\" value=\"\" \/>\n<\/fieldset>\n<p><label> Your name<br \/>\n<span class=\"wpcf7-form-control-wrap\" data-name=\"your-name\"><input size=\"40\" maxlength=\"400\" class=\"wpcf7-form-control wpcf7-text wpcf7-validates-as-required\" autocomplete=\"name\" aria-required=\"true\" aria-invalid=\"false\" value=\"\" type=\"text\" name=\"your-name\" \/><\/span> <\/label>\n<\/p>\n<p><label> Your email<br \/>\n<span class=\"wpcf7-form-control-wrap\" data-name=\"your-email\"><input size=\"40\" maxlength=\"400\" class=\"wpcf7-form-control wpcf7-email wpcf7-validates-as-required wpcf7-text wpcf7-validates-as-email\" autocomplete=\"email\" aria-required=\"true\" aria-invalid=\"false\" value=\"\" type=\"email\" name=\"your-email\" \/><\/span> <\/label>\n<\/p>\n<p><label> Your comment Tarea 3<br \/>\n<span class=\"wpcf7-form-control-wrap\" data-name=\"tarea_3_answers\"><input size=\"40\" maxlength=\"400\" class=\"wpcf7-form-control wpcf7-text wpcf7-validates-as-required\" aria-required=\"true\" aria-invalid=\"false\" value=\"Examen 2 Prueba 1 Tarea 4 answers\" type=\"text\" name=\"tarea_3_answers\" \/><\/span> <\/label>\n<\/p>\n<p><label> 19. \u00bfFragmento?<br \/>\n<span class=\"wpcf7-form-control-wrap\" data-name=\"Nineteen\"><select class=\"wpcf7-form-control wpcf7-select wpcf7-validates-as-required\" aria-required=\"true\" aria-invalid=\"false\" name=\"Nineteen\"><option value=\"\">&#8212;Please choose an option&#8212;<\/option><option value=\"a)\">a)<\/option><option value=\"b)\">b)<\/option><option value=\"c)\">c)<\/option><option value=\"d)\">d)<\/option><option value=\"e)\">e)<\/option><option value=\"f)\">f)<\/option><option value=\"g)\">g)<\/option><option value=\"h)\">h)<\/option><\/select><\/span> <\/label>\n<\/p>\n<p><label> 20. \u00bfFragmento?<br \/>\n<span class=\"wpcf7-form-control-wrap\" data-name=\"Twenty\"><select class=\"wpcf7-form-control wpcf7-select wpcf7-validates-as-required\" aria-required=\"true\" aria-invalid=\"false\" name=\"Twenty\"><option value=\"\">&#8212;Please choose an option&#8212;<\/option><option value=\"a)\">a)<\/option><option value=\"b)\">b)<\/option><option value=\"c)\">c)<\/option><option value=\"d)\">d)<\/option><option value=\"e)\">e)<\/option><option value=\"f)\">f)<\/option><option value=\"g)\">g)<\/option><option value=\"h)\">h)<\/option><\/select><\/span> <\/label>\n<\/p>\n<p><label> 21. \u00bfFragmento?<br \/>\n<span class=\"wpcf7-form-control-wrap\" data-name=\"Twentyone\"><select class=\"wpcf7-form-control wpcf7-select wpcf7-validates-as-required\" aria-required=\"true\" aria-invalid=\"false\" name=\"Twentyone\"><option value=\"\">&#8212;Please choose an option&#8212;<\/option><option value=\"a)\">a)<\/option><option value=\"b)\">b)<\/option><option value=\"c)\">c)<\/option><option value=\"d)\">d)<\/option><option value=\"e)\">e)<\/option><option value=\"f)\">f)<\/option><option value=\"g)\">g)<\/option><option value=\"h)\">h)<\/option><\/select><\/span> <\/label>\n<\/p>\n<p><label> 22. \u00bfFragmento?<br \/>\n<span class=\"wpcf7-form-control-wrap\" data-name=\"Twentytwo\"><select class=\"wpcf7-form-control wpcf7-select wpcf7-validates-as-required\" aria-required=\"true\" aria-invalid=\"false\" name=\"Twentytwo\"><option value=\"\">&#8212;Please choose an option&#8212;<\/option><option value=\"a)\">a)<\/option><option value=\"b)\">b)<\/option><option value=\"c)\">c)<\/option><option value=\"d)\">d)<\/option><option value=\"e)\">e)<\/option><option value=\"f)\">f)<\/option><option value=\"g)\">g)<\/option><option value=\"h)\">h)<\/option><\/select><\/span> <\/label>\n<\/p>\n<p><label> 23. \u00bfFragmento?<br \/>\n<span class=\"wpcf7-form-control-wrap\" data-name=\"Twentythree\"><select class=\"wpcf7-form-control wpcf7-select wpcf7-validates-as-required\" aria-required=\"true\" aria-invalid=\"false\" name=\"Twentythree\"><option value=\"\">&#8212;Please choose an option&#8212;<\/option><option value=\"a)\">a)<\/option><option value=\"b)\">b)<\/option><option value=\"c)\">c)<\/option><option value=\"d)\">d)<\/option><option value=\"e)\">e)<\/option><option value=\"f)\">f)<\/option><option value=\"g)\">g)<\/option><option value=\"h)\">h)<\/option><\/select><\/span> <\/label>\n<\/p>\n<p><label> 24. \u00bfFragmento?<br \/>\n<span class=\"wpcf7-form-control-wrap\" data-name=\"Twentyfour\"><select class=\"wpcf7-form-control wpcf7-select wpcf7-validates-as-required\" aria-required=\"true\" aria-invalid=\"false\" name=\"Twentyfour\"><option value=\"\">&#8212;Please choose an option&#8212;<\/option><option value=\"a)\">a)<\/option><option value=\"b)\">b)<\/option><option value=\"c)\">c)<\/option><option value=\"d)\">d)<\/option><option value=\"e)\">e)<\/option><option value=\"f)\">f)<\/option><option value=\"g)\">g)<\/option><option value=\"h)\">h)<\/option><\/select><\/span> <\/label>\n<\/p>\n<p><label> Your message (optional)<br \/>\n<span class=\"wpcf7-form-control-wrap\" data-name=\"your-message\"><textarea cols=\"40\" rows=\"10\" maxlength=\"2000\" class=\"wpcf7-form-control wpcf7-textarea\" aria-invalid=\"false\" name=\"your-message\"><\/textarea><\/span> <\/label>\n<\/p>\n<p><input class=\"wpcf7-form-control wpcf7-submit has-spinner\" type=\"submit\" value=\"Submit\" \/>\n<\/p><div class=\"wpcf7-response-output\" aria-hidden=\"true\"><\/div>\n<\/form>\n<\/div>\n\n","protected":false},"excerpt":{"rendered":"<p>A continuaci\u00f3n va a leer un texto se han extraido seis fragmentsos. Despu\u00e9s, lea los ocho fragmentos, a) &#8211; h), y decida en qu\u00e9 lugar del texto, 19 &#8211; 24, va cada uno. Hay dos freagmentos que no tiene que elegir. LO QUE HAY QUE SABER AL ALQUILAR UN APARTAMENTO TUR\u00cdSTICO En ocasiones, el consumidor &hellip; <\/p>\n<p class=\"link-more\"><a href=\"https:\/\/lanzaworx.com\/dele\/examen-2\/examen-2-prueba-1\/examen-2-prueba-1-tarea-4\/\" class=\"more-link\">Continue reading<span class=\"screen-reader-text\"> &#8220;Examen 2 Prueba 1 Tarea 4&#8221;<\/span><\/a><\/p>\n","protected":false},"author":1,"featured_media":0,"parent":780,"menu_order":0,"comment_status":"closed","ping_status":"closed","template":"","meta":{"advanced_seo_description":"","jetpack_seo_html_title":"","jetpack_seo_noindex":false,"footnotes":""},"class_list":["post-965","page","type-page","status-publish","hentry"],"jetpack_sharing_enabled":true,"_links":{"self":[{"href":"https:\/\/lanzaworx.com\/dele\/wp-json\/wp\/v2\/pages\/965","targetHints":{"allow":["GET"]}}],"collection":[{"href":"https:\/\/lanzaworx.com\/dele\/wp-json\/wp\/v2\/pages"}],"about":[{"href":"https:\/\/lanzaworx.com\/dele\/wp-json\/wp\/v2\/types\/page"}],"author":[{"embeddable":true,"href":"https:\/\/lanzaworx.com\/dele\/wp-json\/wp\/v2\/users\/1"}],"replies":[{"embeddable":true,"href":"https:\/\/lanzaworx.com\/dele\/wp-json\/wp\/v2\/comments?post=965"}],"version-history":[{"count":28,"href":"https:\/\/lanzaworx.com\/dele\/wp-json\/wp\/v2\/pages\/965\/revisions"}],"predecessor-version":[{"id":1023,"href":"https:\/\/lanzaworx.com\/dele\/wp-json\/wp\/v2\/pages\/965\/revisions\/1023"}],"up":[{"embeddable":true,"href":"https:\/\/lanzaworx.com\/dele\/wp-json\/wp\/v2\/pages\/780"}],"wp:attachment":[{"href":"https:\/\/lanzaworx.com\/dele\/wp-json\/wp\/v2\/media?parent=965"}],"curies":[{"name":"wp","href":"https:\/\/api.w.org\/{rel}","templated":true}]}}