{"id":881,"date":"2025-01-03T13:04:18","date_gmt":"2025-01-03T13:04:18","guid":{"rendered":"https:\/\/lanzaworx.com\/dele\/?page_id=881"},"modified":"2025-01-03T19:56:36","modified_gmt":"2025-01-03T19:56:36","slug":"examen-2-prueba-1-tarea-2","status":"publish","type":"page","link":"https:\/\/lanzaworx.com\/dele\/examen-2\/examen-2-prueba-1\/examen-2-prueba-1-tarea-2\/","title":{"rendered":"Examen 2 Prueba 1 Tarea 2"},"content":{"rendered":"\n<p>A continuaci\u00f3n hay  un texto sobre la politica de viviendas en Chile. Despu\u00e9s de leerlo, elija la respuesta correcta, a), b) o c), para las preguntas, 7 &#8211; 12.<\/p>\n\n\n\n<h2 class=\"wp-block-heading\">Vivir En Chile<\/h2>\n\n\n\n<p>Chile tiene una de las politicas de vivienda m\u00e1s exitosas del mundo. Actualmente, siete de cada diez chilenos son propietarios de hogares y desde 1990 se redujo el d\u00e9ficit habitacional a la mitad, con la construcci\u00f6n de casi dos millones de El pa\u00eds se ha convertido en un modelo para muchos otros pa\u00edses.<\/p>\n\n\n\n<p>Los extranjeros que arriban al pa\u00eds no tienen restricciones para adquirir propiedades. Las<br>ofertas de residencias en Chile son variadas, tambi\u00e9n lo son los valores. En Iquique se puede arrendar una casa por unos 150 000 pesos. En Santiago, por el mismo precio, se puede arrendar un departamento de una o dos habitaciones. Pagando cuatro veces m\u00e1s se puede optar por una casa grande, con piscina y jardines. Con todo, las ciudades chilenas est\u00e1n entre las m\u00e1s econ\u00f3micas del mundo para vivir.<\/p>\n\n\n\n<p>Estudiar en Chile es uno de los motivos que trae al pa\u00eds a numerosos extranjeros. Agunos<br>son acogidos en casas de familias de clase media que est\u00e1n dispuestas a ser anfitrionas a cambio de una entrada econ\u00f3mica para la casa, un contacto cultural interesante y un gasto menor para el estudiante extranjero que, adem\u00e1s, accede a una situaci\u00f3n que facilita su integraci\u00f3n. La red social de estudiantes y profesores, asi como el contacto con otros chilenos, permite informarse y agilizar los tr\u00e1mites una vez se est\u00e1 ya en Chile, o incluso desde el extranjero, acerca de estas familias.<\/p>\n\n\n\n<p>Tambi\u00e9n existe el sistema de pensiones o residenciales, donde el visitante puede arrendar<br>una habitaci\u00f3n en un barrio cercano al lugar de trabajo o estudio. Existe tambi\u00e9n la opci\u00f3n de los apartoteles, que ofrecen departamentos amoblados e independientes por periodos largos; adem\u00e1s, por supuesto, de los hoteles tradicionales cuyo nivel de calidad, comodidades y precios est\u00e1 sugerido por su calificaci\u00f6n en n\u00fcmero de estrellas.<\/p>\n\n\n\n<p>Es \u00f9til saber, para usar sin contratiempos los equipos electr\u00f3nicos que pudiera traer, que<br>la corriente el\u00e9ctrica de uso dom\u00e9stico en Chile es de 220V. Se recomienda traer adaptadores o adquirirlos en tiendas electr\u00f3nicas en Chile.<\/p>\n\n\n\n<p><br>Si la permanencia es m\u00e1s prolongada y en plan familiar, hay departamentos nuevos, de<br>diversos tama\u00f1ios, y casas en barrios residenciales. Una buena alternativa son los condominios, ya que ofrecen reglas comunitarias internas de seguridad, servicios y recreaci\u00f3n.<\/p>\n\n\n\n<p><br>Si se busca contacto con la naturaleza sin alejarse demasiado de la ciudad, se puede optar<br>por casas en la costa o en la monta\u00f1ia, generalmente disponibles a bajos precios fuera de temporada tur\u00edstica.<\/p>\n\n\n\n<p>En Chile hay una extensa clase media y sus barrios en general son seguros. El residente,<br>chileno o extranjero, debe tomar las precauciones l\u00f3gicas de cualquier persona en cualquier parte del mundo para evitar problemas de seguridad. Adem\u00e1s, la polic\u00eda del pa\u00eds cuenta con el respeto de la poblaci\u00f3n y un prestigio que la hace plenamente confiable.<\/p>\n\n\n\n<div class=\"wp-block-buttons is-layout-flex wp-block-buttons-is-layout-flex\">\n<div class=\"wp-block-button\"><a class=\"wp-block-button__link wp-element-button\" href=\"https:\/\/lanzaworx.com\/dele\/examen-2\/examen-2-prueba-1\/examen-2-prueba-1-tarea-2\/examen-2-prueba-1-tarea-2-transcripciones\/\">Transcripciones<\/a><\/div>\n<\/div>\n\n\n\n<div style=\"height:100px\" aria-hidden=\"true\" class=\"wp-block-spacer\"><\/div>\n\n\n\n<div class=\"wpcf7 no-js\" id=\"wpcf7-f906-o1\" lang=\"en-US\" dir=\"ltr\" data-wpcf7-id=\"906\">\n<div class=\"screen-reader-response\"><p role=\"status\" aria-live=\"polite\" aria-atomic=\"true\"><\/p> <ul><\/ul><\/div>\n<form action=\"\/dele\/wp-json\/wp\/v2\/pages\/881#wpcf7-f906-o1\" method=\"post\" class=\"wpcf7-form init\" aria-label=\"Contact form\" novalidate=\"novalidate\" data-status=\"init\">\n<fieldset class=\"hidden-fields-container\"><input type=\"hidden\" name=\"_wpcf7\" value=\"906\" \/><input type=\"hidden\" name=\"_wpcf7_version\" value=\"6.1.5\" \/><input type=\"hidden\" name=\"_wpcf7_locale\" value=\"en_US\" \/><input type=\"hidden\" name=\"_wpcf7_unit_tag\" value=\"wpcf7-f906-o1\" \/><input type=\"hidden\" name=\"_wpcf7_container_post\" value=\"0\" \/><input type=\"hidden\" name=\"_wpcf7_posted_data_hash\" value=\"\" \/>\n<\/fieldset>\n<p><label> Your name<br \/>\n<span class=\"wpcf7-form-control-wrap\" data-name=\"your-name\"><input size=\"40\" maxlength=\"400\" class=\"wpcf7-form-control wpcf7-text wpcf7-validates-as-required\" autocomplete=\"name\" aria-required=\"true\" aria-invalid=\"false\" value=\"\" type=\"text\" name=\"your-name\" \/><\/span> <\/label>\n<\/p>\n<p><label> Your email<br \/>\n<span class=\"wpcf7-form-control-wrap\" data-name=\"your-email\"><input size=\"40\" maxlength=\"400\" class=\"wpcf7-form-control wpcf7-email wpcf7-validates-as-required wpcf7-text wpcf7-validates-as-email\" autocomplete=\"email\" aria-required=\"true\" aria-invalid=\"false\" value=\"\" type=\"email\" name=\"your-email\" \/><\/span> <\/label>\n<\/p>\n<p><label> Your comment Tarea 2<br \/>\n<span class=\"wpcf7-form-control-wrap\" data-name=\"tarea_2_answers\"><input size=\"40\" maxlength=\"400\" class=\"wpcf7-form-control wpcf7-text wpcf7-validates-as-required\" aria-required=\"true\" aria-invalid=\"false\" value=\"Examen 2 Prueba 1 Tarea 2 answers\" type=\"text\" name=\"tarea_2_answers\" \/><\/span> <\/label>\n<\/p>\n<p><label> 7. El texto dice que antes de la d\u00e9cada de Ios noventa:<br \/>\n<span class=\"wpcf7-form-control-wrap\" data-name=\"Seven\"><select class=\"wpcf7-form-control wpcf7-select wpcf7-validates-as-required\" aria-required=\"true\" aria-invalid=\"false\" name=\"Seven\"><option value=\"\">&#8212;Please choose an option&#8212;<\/option><option value=\"a) Habia un problema de vivienda en Chile.\">a) Habia un problema de vivienda en Chile.<\/option><option value=\"b) El 70 % de los chilenos era propietario de sus casas.\">b) El 70 % de los chilenos era propietario de sus casas.<\/option><option value=\"c) Se contruyeron muchas viviendas.\">c) Se contruyeron muchas viviendas.<\/option><\/select><\/span> <\/label>\n<\/p>\n<p><label> 8. El texto afirma que las viviendas en Chile:<br \/>\n<span class=\"wpcf7-form-control-wrap\" data-name=\"Eight\"><select class=\"wpcf7-form-control wpcf7-select wpcf7-validates-as-required\" aria-required=\"true\" aria-invalid=\"false\" name=\"Eight\"><option value=\"\">&#8212;Please choose an option&#8212;<\/option><option value=\"a) No pueden ser compradas por extranjeros.\">a) No pueden ser compradas por extranjeros.<\/option><option value=\"b) Tienen unos precios muy similares en todo el pa\u00eds.\">b) Tienen unos precios muy similares en todo el pa\u00eds.<\/option><option value=\"c) Son de las m\u00e5s baratas del mundo.\">c) Son de las m\u00e5s baratas del mundo.<\/option><\/select><\/span> <\/label>\n<\/p>\n<p><label> 9. Seg\u00fan el texto, la opci\u00f3n de vivir con una familia chilena:<br \/>\n<span class=\"wpcf7-form-control-wrap\" data-name=\"Nine\"><select class=\"wpcf7-form-control wpcf7-select wpcf7-validates-as-required\" aria-required=\"true\" aria-invalid=\"false\" name=\"Nine\"><option value=\"\">&#8212;Please choose an option&#8212;<\/option><option value=\"a) Hace que muchos extranjeros vengan a Chile.\">a) Hace que muchos extranjeros vengan a Chile.<\/option><option value=\"b) Tiene muchas ventajas para un estudiante.\">b) Tiene muchas ventajas para un estudiante.<\/option><option value=\"c) Es m\u00e1s barato, pero dificil de gestionar.\">c) Es m\u00e1s barato, pero dificil de gestionar.<\/option><\/select><\/span> <\/label>\n<\/p>\n<p><label> 10. El texto dice que las personas que vayan a visitar Chile deben:<br \/>\n<span class=\"wpcf7-form-control-wrap\" data-name=\"Ten\"><select class=\"wpcf7-form-control wpcf7-select wpcf7-validates-as-required\" aria-required=\"true\" aria-invalid=\"false\" name=\"Ten\"><option value=\"\">&#8212;Please choose an option&#8212;<\/option><option value=\"a) Comprar muebles si se alojan en un apartotel.\">a) Comprar muebles si se alojan en un apartotel.<\/option><option value=\"b) Tener cuidado con sus aparatos el\u00e9ctricos.\">b) Tener cuidado con sus aparatos el\u00e9ctricos.<\/option><option value=\"c) Elegir hoteles c\u00f3modos y de calidad.\">c) Elegir hoteles c\u00f3modos y de calidad.<\/option><\/select><\/span> <\/label>\n<\/p>\n<p><label> 11. Seg\u00fan el texto, las casas en la costa o la monta\u00f1a:<br \/>\n<span class=\"wpcf7-form-control-wrap\" data-name=\"Eleven\"><select class=\"wpcf7-form-control wpcf7-select wpcf7-validates-as-required\" aria-required=\"true\" aria-invalid=\"false\" name=\"Eleven\"><option value=\"\">&#8212;Please choose an option&#8212;<\/option><option value=\"a) Son m\u00e1s econ\u00f3micas en temporada baja.\">a) Son m\u00e1s econ\u00f3micas en temporada baja.<\/option><option value=\"b) Est\u00e1n bastante alejadas de la ciudad.\">b) Est\u00e1n bastante alejadas de la ciudad.<\/option><option value=\"c) Son aconsejables si se viene a Chile con familia.\">c) Son aconsejables si se viene a Chile con familia.<\/option><\/select><\/span> <\/label>\n<\/p>\n<p><label> 12. En el texto se afirma que en Chile:<br \/>\n<span class=\"wpcf7-form-control-wrap\" data-name=\"Twelve\"><select class=\"wpcf7-form-control wpcf7-select wpcf7-validates-as-required\" aria-required=\"true\" aria-invalid=\"false\" name=\"Twelve\"><option value=\"\">&#8212;Please choose an option&#8212;<\/option><option value=\"a) Los problemas de seguridad son como en otras partes.\">a) Los problemas de seguridad son como en otras partes.<\/option><option value=\"b) Hay muchos problemas de seguridad ciudadana.\">b) Hay muchos problemas de seguridad ciudadana.<\/option><option value=\"c) El extranjero no debe confiar en la policia.\">c) El extranjero no debe confiar en la policia.<\/option><\/select><\/span> <\/label>\n<\/p>\n<p><label> Your message (optional)<br \/>\n<span class=\"wpcf7-form-control-wrap\" data-name=\"your-message\"><textarea cols=\"40\" rows=\"10\" maxlength=\"2000\" class=\"wpcf7-form-control wpcf7-textarea\" aria-invalid=\"false\" name=\"your-message\"><\/textarea><\/span> <\/label>\n<\/p>\n<p><input class=\"wpcf7-form-control wpcf7-submit has-spinner\" type=\"submit\" value=\"Submit\" \/>\n<\/p><div class=\"wpcf7-response-output\" aria-hidden=\"true\"><\/div>\n<\/form>\n<\/div>\n\n\n\n\n<div class=\"wp-block-buttons is-layout-flex wp-block-buttons-is-layout-flex\">\n<div class=\"wp-block-button\"><a class=\"wp-block-button__link wp-element-button\" href=\"https:\/\/lanzaworx.com\/dele\/\">DELE<\/a><\/div>\n<\/div>\n","protected":false},"excerpt":{"rendered":"<p>A continuaci\u00f3n hay un texto sobre la politica de viviendas en Chile. Despu\u00e9s de leerlo, elija la respuesta correcta, a), b) o c), para las preguntas, 7 &#8211; 12. Vivir En Chile Chile tiene una de las politicas de vivienda m\u00e1s exitosas del mundo. Actualmente, siete de cada diez chilenos son propietarios de hogares y &hellip; <\/p>\n<p class=\"link-more\"><a href=\"https:\/\/lanzaworx.com\/dele\/examen-2\/examen-2-prueba-1\/examen-2-prueba-1-tarea-2\/\" class=\"more-link\">Continue reading<span class=\"screen-reader-text\"> &#8220;Examen 2 Prueba 1 Tarea 2&#8221;<\/span><\/a><\/p>\n","protected":false},"author":1,"featured_media":0,"parent":780,"menu_order":0,"comment_status":"closed","ping_status":"closed","template":"","meta":{"advanced_seo_description":"","jetpack_seo_html_title":"","jetpack_seo_noindex":false,"footnotes":""},"class_list":["post-881","page","type-page","status-publish","hentry"],"jetpack_sharing_enabled":true,"_links":{"self":[{"href":"https:\/\/lanzaworx.com\/dele\/wp-json\/wp\/v2\/pages\/881","targetHints":{"allow":["GET"]}}],"collection":[{"href":"https:\/\/lanzaworx.com\/dele\/wp-json\/wp\/v2\/pages"}],"about":[{"href":"https:\/\/lanzaworx.com\/dele\/wp-json\/wp\/v2\/types\/page"}],"author":[{"embeddable":true,"href":"https:\/\/lanzaworx.com\/dele\/wp-json\/wp\/v2\/users\/1"}],"replies":[{"embeddable":true,"href":"https:\/\/lanzaworx.com\/dele\/wp-json\/wp\/v2\/comments?post=881"}],"version-history":[{"count":19,"href":"https:\/\/lanzaworx.com\/dele\/wp-json\/wp\/v2\/pages\/881\/revisions"}],"predecessor-version":[{"id":918,"href":"https:\/\/lanzaworx.com\/dele\/wp-json\/wp\/v2\/pages\/881\/revisions\/918"}],"up":[{"embeddable":true,"href":"https:\/\/lanzaworx.com\/dele\/wp-json\/wp\/v2\/pages\/780"}],"wp:attachment":[{"href":"https:\/\/lanzaworx.com\/dele\/wp-json\/wp\/v2\/media?parent=881"}],"curies":[{"name":"wp","href":"https:\/\/api.w.org\/{rel}","templated":true}]}}