{"id":852,"date":"2024-12-20T21:38:36","date_gmt":"2024-12-20T21:38:36","guid":{"rendered":"https:\/\/lanzaworx.com\/dele\/?page_id=852"},"modified":"2024-12-20T22:54:51","modified_gmt":"2024-12-20T22:54:51","slug":"examen-2-prueba-2-tarea-1","status":"publish","type":"page","link":"https:\/\/lanzaworx.com\/dele\/examen-2\/examen-2-prueba-2\/examen-2-prueba-2-tarea-1\/","title":{"rendered":"Examen 2 Prueba 2 Tarea 1"},"content":{"rendered":"\n<h2 class=\"wp-block-heading\">Comprensi\u00f3n auditiva<\/h2>\n\n\n\n<p>A continuaci\u00f2n va a escuchar seis mensajes del buz\u00f2n de voz de un tel\u00e8phono. Oir\u00e0 cada mensaje dos veces. Depu\u00e8s, seleccione la opci\u00f2n correcta, a), b), c), para cada pregunta, 1-6.<\/p>\n\n\n\n<p>Next you are going to listen to six messages from a telephone&#8217;s voicemail. Listen to each message twice. Then, select the correct option, a), b), c), for each question, 1-6.<\/p>\n\n\n\n<h2 class=\"wp-block-heading\" id=\"e2p2t1m1\">Mensaje 1<\/h2>\n\n\n\n<figure class=\"wp-block-audio\"><audio controls src=\"https:\/\/lanzaworx.com\/dele\/wp-content\/uploads\/2024\/12\/ex2p2t1m1.wav\"><\/audio><\/figure>\n\n\n\n<p>\u00bfQu\u00e9 problema tiene la casa que se alquila?<\/p>\n\n\n\n<p>a) Es bastante ruidosa b) Hay que subir muchas escaleras c) Es demaasiado cara.<\/p>\n\n\n\n<div class=\"wp-block-buttons is-layout-flex wp-block-buttons-is-layout-flex\">\n<div class=\"wp-block-button\"><a class=\"wp-block-button__link wp-element-button\" href=\"https:\/\/lanzaworx.com\/dele\/examen-2\/examen-2-prueba-2\/examen-2-prueba-2-tarea-1\/examen-2-prueba-2-tarea-1-transcripciones\/#e2p2t1m1t1\">Transcripciones<\/a><\/div>\n<\/div>\n\n\n\n<h2 class=\"wp-block-heading\" id=\"e2p2t1m2\">Mensaje 2<\/h2>\n\n\n\n<figure class=\"wp-block-audio\"><audio controls src=\"https:\/\/lanzaworx.com\/dele\/wp-content\/uploads\/2024\/12\/ex2p2t1m2.wav\"><\/audio><\/figure>\n\n\n\n<p>\u00bfPor qu\u00e9 llaman de la tienda?<\/p>\n\n\n\n<p>a) Porque hay problemas con el color de los muebles. b) Para cambiar el dia de entrega. c) Para ofrecerles un modelo m\u00e1s barato.<\/p>\n\n\n\n<div class=\"wp-block-buttons is-layout-flex wp-block-buttons-is-layout-flex\">\n<div class=\"wp-block-button\"><a class=\"wp-block-button__link wp-element-button\" href=\"https:\/\/lanzaworx.com\/dele\/examen-2\/examen-2-prueba-2\/examen-2-prueba-2-tarea-1\/examen-2-prueba-2-tarea-1-transcripciones\/#e2p2t1m2t2\">Transcripciones<\/a><\/div>\n<\/div>\n\n\n\n<h2 class=\"wp-block-heading\">Preguntas y Respuestas<\/h2>\n\n\n\n<div class=\"wp-block-buttons is-layout-flex wp-block-buttons-is-layout-flex\">\n<div class=\"wp-block-button\"><a class=\"wp-block-button__link wp-element-button\">DELE<\/a><\/div>\n<\/div>\n","protected":false},"excerpt":{"rendered":"<p>Comprensi\u00f3n auditiva A continuaci\u00f2n va a escuchar seis mensajes del buz\u00f2n de voz de un tel\u00e8phono. Oir\u00e0 cada mensaje dos veces. Depu\u00e8s, seleccione la opci\u00f2n correcta, a), b), c), para cada pregunta, 1-6. Next you are going to listen to six messages from a telephone&#8217;s voicemail. Listen to each message twice. Then, select the correct &hellip; <\/p>\n<p class=\"link-more\"><a href=\"https:\/\/lanzaworx.com\/dele\/examen-2\/examen-2-prueba-2\/examen-2-prueba-2-tarea-1\/\" class=\"more-link\">Continue reading<span class=\"screen-reader-text\"> &#8220;Examen 2 Prueba 2 Tarea 1&#8221;<\/span><\/a><\/p>\n","protected":false},"author":1,"featured_media":0,"parent":850,"menu_order":0,"comment_status":"closed","ping_status":"closed","template":"","meta":{"advanced_seo_description":"","jetpack_seo_html_title":"","jetpack_seo_noindex":false,"footnotes":""},"class_list":["post-852","page","type-page","status-publish","hentry"],"jetpack_sharing_enabled":true,"_links":{"self":[{"href":"https:\/\/lanzaworx.com\/dele\/wp-json\/wp\/v2\/pages\/852","targetHints":{"allow":["GET"]}}],"collection":[{"href":"https:\/\/lanzaworx.com\/dele\/wp-json\/wp\/v2\/pages"}],"about":[{"href":"https:\/\/lanzaworx.com\/dele\/wp-json\/wp\/v2\/types\/page"}],"author":[{"embeddable":true,"href":"https:\/\/lanzaworx.com\/dele\/wp-json\/wp\/v2\/users\/1"}],"replies":[{"embeddable":true,"href":"https:\/\/lanzaworx.com\/dele\/wp-json\/wp\/v2\/comments?post=852"}],"version-history":[{"count":6,"href":"https:\/\/lanzaworx.com\/dele\/wp-json\/wp\/v2\/pages\/852\/revisions"}],"predecessor-version":[{"id":873,"href":"https:\/\/lanzaworx.com\/dele\/wp-json\/wp\/v2\/pages\/852\/revisions\/873"}],"up":[{"embeddable":true,"href":"https:\/\/lanzaworx.com\/dele\/wp-json\/wp\/v2\/pages\/850"}],"wp:attachment":[{"href":"https:\/\/lanzaworx.com\/dele\/wp-json\/wp\/v2\/media?parent=852"}],"curies":[{"name":"wp","href":"https:\/\/api.w.org\/{rel}","templated":true}]}}