{"id":782,"date":"2024-12-18T15:33:15","date_gmt":"2024-12-18T15:33:15","guid":{"rendered":"https:\/\/lanzaworx.com\/dele\/?page_id=782"},"modified":"2025-01-03T12:56:05","modified_gmt":"2025-01-03T12:56:05","slug":"examen-2-prueba-1-tarea-1","status":"publish","type":"page","link":"https:\/\/lanzaworx.com\/dele\/examen-2\/examen-2-prueba-1\/examen-2-prueba-1-tarea-1\/","title":{"rendered":"Examen 2 Prueba 1 Tarea 1"},"content":{"rendered":"\n<h2 class=\"wp-block-heading\">Comprensi\u00f3n de lectura<\/h2>\n\n\n\n<p>A continuaci\u00f2n va a leer seis textos en los que unas personas lablen de las casa que desean y diez anuncios de viviendas. Relacione a las personas, 1-6, con los textos que informan sobre las viviendas, a)-j). Hay tres textos que no debe relaciionar.<\/p>\n\n\n\n<div class=\"wp-block-group\"><div class=\"wp-block-group__inner-container is-layout-constrained wp-block-group-is-layout-constrained\">\n<figure class=\"wp-block-table is-style-regular\"><table class=\"has-fixed-layout\"><tbody><tr><td>1. Juan<\/td><td>Yo, como viajo tanto, por ahora no me he piantenado comprar. Me convendr\u00eda also tipo estudio: una sola habitaci\u00f3n, cocina americana, un ba\u00f1o pequen\u00f1ito.<\/td><\/tr><tr><td>2. Charo<\/td><td>Con tres ni\u00f1os necesitamos un piso grande, de tres dormetorios minimo. Que no sea una planta muy alts: me parece peligroso con los ni\u00f1os pequen\u00f1os, pero no quiero irme a las afueras.<\/td><\/tr><tr><td>3. V\u00edctor<\/td><td>Pues yo, como no me permitir nada desmasiado grande ni en el centro, supongo que me tendr\u00e9 que conformar con algo en las afueras. Eso si, necesito dos habitaciones porque con tanto libro&#8230;<\/td><\/tr><tr><td>4. F\u00e1tima<\/td><td>Siempre he querido tener also mio en el centro, pero quiero algo donde pueda aparcar bien y que d\u00e9 a una calle amplia, porque para mi lo m\u00e1s importante es la luz.<\/td><\/tr><tr><td>5. Pablo<\/td><td>Mi mujer insisti\u00f3 en una casa con jardin. Pero luego el que se ocupaba de \u00e9l era yo. Ahora quiero algo amplio en el centro a ser posible, y con dos plantas.<\/td><\/tr><tr><td>6. Ernesto<\/td><td>A mi me gustar\u00eda disfrutar de una piscina y un jardin, pero sin tener que ocuparme de ellos. Dan mucho trabajo y adem\u00e1s son muy caros de mantener.<\/td><\/tr><\/tbody><\/table><\/figure>\n<\/div><\/div>\n\n\n\n<h2 class=\"wp-block-heading\">Viviendas en Alquiler y Venta<\/h2>\n\n\n\n<figure class=\"wp-block-table\"><table class=\"has-fixed-layout\"><tbody><tr><td>a) <\/td><td><mark style=\"background-color:rgba(0, 0, 0, 0)\" class=\"has-inline-color has-luminous-vivid-amber-color\">D\u00faplex<\/mark> de tres dormitorios en pleno centro de Madrid. Edificio de 1900 comletamente reformado. En planta baja, sal\u00f3n comedor, cocina y aseo. En planta superior, dormitorios y ba\u00f1o completo. Escalera comunitaria de madera. Ascensor.<\/td><\/tr><tr><td>b) <\/td><td><mark style=\"background-color:rgba(0, 0, 0, 0)\" class=\"has-inline-color has-luminous-vivid-amber-color\">Vivienda segunda mano<\/mark> en barrio tranquilo, a diez minutos del centro en metro. Amplio sal\u00f3n, dos dormitorios con posibilidad de un tercero y 2 ba\u00f1os (uno con ducha y otra con ba\u00f1era). Primera planta y junto a colegio. Posibilidad de dejar la vivienda amueblada. 200 000 no negociables por estar por debajo de su precio de compra.<\/td><\/tr><tr><td>c) <\/td><td>En pleno <mark style=\"background-color:rgba(0, 0, 0, 0)\" class=\"has-inline-color has-luminous-vivid-amber-color\">Centro de Madrid<\/mark>, piso de dos dormitorios. Exterior y muy luminoso. Ba\u00f1o completo y aseo invitados. Amplio sal\u00f3n con terraza. Tarima en todo la vivienda. Cocina abierto al sal\u00f3n. Cuarto piso con ascensor. Posibilidad de plaza de garaje.<\/td><\/tr><tr><td>d)<\/td><td><mark style=\"background-color:rgba(0, 0, 0, 0)\" class=\"has-inline-color has-luminous-vivid-amber-color\">Zona Arapiles:<\/mark> piso de alquilar de 200 m<sup>2<\/sup> . Quinto piso con ascensor y montacargas. Amplio sal\u00f3n con terraza, comedor independiente, tres doritorios. Dormitorio principal con cuarto de ba\u00f1o incluido y otra ba\u00f1o y aseo para invitados. Muy bien comunicado, en zona exclusiva.<\/td><\/tr><tr><td>e)<\/td><td><mark style=\"background-color:rgba(0, 0, 0, 0)\" class=\"has-inline-color has-luminous-vivid-amber-color\">Chal\u00e9 Adosado<\/mark> de 120 m<sup>2<\/sup> de vivienda en dos plantas m\u00e1s bodega. En urbanizaci\u00f3n Alpedrete. Garaje para dos coches. Muy bien comunicado (a menos de cinco minutos tanto bus como renfe). Excelentes acabados. Zonas comunes (piscna y zona de juegos para ni\u00f1os.<\/td><\/tr><tr><td>f)<\/td><td><mark style=\"background-color:rgba(0, 0, 0, 0)\" class=\"has-inline-color has-luminous-vivid-amber-color\">Piso<\/mark> <mark style=\"background-color:rgba(0, 0, 0, 0)\" class=\"has-inline-color has-luminous-vivid-amber-color\">econ\u00f3mico<\/mark>, de dos dormitorios a <mark style=\"background-color:rgba(0, 0, 0, 0)\" class=\"has-inline-color has-luminous-vivid-amber-color\">45 minutos del cento de Madrid.<\/mark> Cerca de la estacipon de tren. Sal\u00f3n comedor con chimenea. Ba\u00f1o completo y aseo. Cocina amueblada. Suelos de madera en dormitorio. Bonitas vistas de la sierra. <\/td><\/tr><tr><td>g) <\/td><td><mark style=\"background-color:rgba(0, 0, 0, 0)\" class=\"has-inline-color has-luminous-vivid-amber-color\">Gran Opertunidad<\/mark>. <mark style=\"background-color:rgba(0, 0, 0, 0)\" class=\"has-inline-color has-luminous-vivid-amber-color\">Casa rustica<\/mark> de 300 m<sup>2<\/sup> en dos plantas, con 400 m<sup>2<\/sup> de parcela a 25 km de Madrid. 4 Amplios dormitorios, cocina reformada, 2 ba\u00f1os completos, excelentes calidades, calefaccion de gas natural, sistema de riego. Suelos de cer\u00e1mica, ventanas de aluminio.<\/td><\/tr><tr><td>h)<\/td><td><mark style=\"background-color:rgba(0, 0, 0, 0)\" class=\"has-inline-color has-luminous-vivid-amber-color\">Chal\u00e9<\/mark> <mark style=\"background-color:rgba(0, 0, 0, 0)\" class=\"has-inline-color has-luminous-vivid-amber-color\">en Torrelodones<\/mark> (urbanizaci\u00f3n Los cisnes), junto a centro comercial. 200 m<sup>2<\/sup> construidos en tres plantas. Sol\u00e1rium. Garaje con plaza para tres coches. Jardin de 300 m<sup>2<\/sup> con piscina. Paneles solares instalados en tejado. Excelentes acabados. Precio negocible (urge venta).<\/td><\/tr><tr><td>i)<\/td><td><mark style=\"background-color:rgba(0, 0, 0, 0)\" class=\"has-inline-color has-luminous-vivid-amber-color\">Se Alquila \u00e1tico<\/mark> en pleno centro de Madrid. En edificio historico reformado hace cinco a\u00f1os en calle muy tranquila. Bien comunicado. Un dormitorio, un Ba\u00f1o (acabado en m\u00e1mol, con ducha hidromasaje) y cocina amueblada abierto al sal\u00f3n. Amplio terraza.<\/td><\/tr><tr><td>j)<\/td><td><mark style=\"background-color:rgba(0, 0, 0, 0)\" class=\"has-inline-color has-luminous-vivid-amber-color\">Piso en barrio de Salamanca<\/mark> a reformar. Piso de 113 m2, 4 dormitorios + 1 cuarto de plancha, portal reformado, con conserje y ascensor. Planta cuarta con ascensor, interior. Precio muy interesante. Muy buena comunicaci\u00f3n con autobus y metro muy cerca, facilidad para encotrar aparcamiento.<\/td><\/tr><\/tbody><\/table><\/figure>\n\n\n\n<h2 class=\"wp-block-heading\">Ejemplo<\/h2>\n\n\n\n<div class=\"wp-block-group\"><div class=\"wp-block-group__inner-container is-layout-constrained wp-block-group-is-layout-constrained\">\n<figure class=\"wp-block-table\"><table class=\"has-fixed-layout\"><tbody><tr><td>0. Elena<\/td><td>Pues yo he tenido tantos problemas con la comunidad que mi sue\u00f1os es una casa independiente y lo m\u00e1s alejada de cualquier zona habitada como sea posible.<br><br>g) Casa rustica de 300 m<sup>2<\/sup> en dos plantas, con 400 m<sup>2<\/sup> de parcela a 25 km de Madrid. 4 Amplios dormitorios, cocina reformada, 2 ba\u00f1os completos, excelentes calidades, calefaccion de gas natural, sistema de riego. Suelos de cer\u00e1mica, ventanas de aluminio.<\/td><\/tr><\/tbody><\/table><\/figure>\n<\/div><\/div>\n\n\n\n<div class=\"wp-block-buttons is-layout-flex wp-block-buttons-is-layout-flex\">\n<div class=\"wp-block-button\"><a class=\"wp-block-button__link wp-element-button\" href=\"https:\/\/lanzaworx.com\/dele\/examen-2-prueba-1-tarea-1-transcripciones\/\">Transcripciones<\/a><\/div>\n<\/div>\n\n\n\n<h2 class=\"wp-block-heading\">Preguntas<\/h2>\n\n\n\n<div class=\"wpcf7 no-js\" id=\"wpcf7-f834-o1\" lang=\"en-US\" dir=\"ltr\" data-wpcf7-id=\"834\">\n<div class=\"screen-reader-response\"><p role=\"status\" aria-live=\"polite\" aria-atomic=\"true\"><\/p> <ul><\/ul><\/div>\n<form action=\"\/dele\/wp-json\/wp\/v2\/pages\/782#wpcf7-f834-o1\" method=\"post\" class=\"wpcf7-form init\" aria-label=\"Contact form\" novalidate=\"novalidate\" data-status=\"init\">\n<fieldset class=\"hidden-fields-container\"><input type=\"hidden\" name=\"_wpcf7\" value=\"834\" \/><input type=\"hidden\" name=\"_wpcf7_version\" value=\"6.1.5\" \/><input type=\"hidden\" name=\"_wpcf7_locale\" value=\"en_US\" \/><input type=\"hidden\" name=\"_wpcf7_unit_tag\" value=\"wpcf7-f834-o1\" \/><input type=\"hidden\" name=\"_wpcf7_container_post\" value=\"0\" \/><input type=\"hidden\" name=\"_wpcf7_posted_data_hash\" value=\"\" \/>\n<\/fieldset>\n<p><label> Your name<br \/>\n<span class=\"wpcf7-form-control-wrap\" data-name=\"your-name\"><input size=\"40\" maxlength=\"400\" class=\"wpcf7-form-control wpcf7-text wpcf7-validates-as-required\" autocomplete=\"name\" aria-required=\"true\" aria-invalid=\"false\" value=\"\" type=\"text\" name=\"your-name\" \/><\/span> <\/label>\n<\/p>\n<p><label> Your email<br \/>\n<span class=\"wpcf7-form-control-wrap\" data-name=\"your-email\"><input size=\"40\" maxlength=\"400\" class=\"wpcf7-form-control wpcf7-email wpcf7-validates-as-required wpcf7-text wpcf7-validates-as-email\" autocomplete=\"email\" aria-required=\"true\" aria-invalid=\"false\" value=\"\" type=\"email\" name=\"your-email\" \/><\/span> <\/label>\n<\/p>\n<p><label> Your comment Tarea 1<br \/>\n<span class=\"wpcf7-form-control-wrap\" data-name=\"tarea_1_answers\"><input size=\"40\" maxlength=\"400\" class=\"wpcf7-form-control wpcf7-text wpcf7-validates-as-required\" aria-required=\"true\" aria-invalid=\"false\" value=\"Examen 2 Tarea 1 answers\" type=\"text\" name=\"tarea_1_answers\" \/><\/span> <\/label>\n<\/p>\n<p><label> Juan<br \/>\n<span class=\"wpcf7-form-control-wrap\" data-name=\"Juan\"><select class=\"wpcf7-form-control wpcf7-select wpcf7-validates-as-required\" aria-required=\"true\" aria-invalid=\"false\" name=\"Juan\"><option value=\"\">&#8212;Please choose an option&#8212;<\/option><option value=\"a) Duplex\">a) Duplex<\/option><option value=\"b) Vivienda segunda mano\">b) Vivienda segunda mano<\/option><option value=\"c) Centro de Madrid\">c) Centro de Madrid<\/option><option value=\"d) Zona Arapiles\">d) Zona Arapiles<\/option><option value=\"e) Chale Adosado\">e) Chale Adosado<\/option><option value=\"f) Piso 45 minutos del centro de Madrid\">f) Piso 45 minutos del centro de Madrid<\/option><option value=\"g) Gran oportunidad\">g) Gran oportunidad<\/option><option value=\"h) Chale en Torrelodones\">h) Chale en Torrelodones<\/option><option value=\"i) Se alquila atico\">i) Se alquila atico<\/option><option value=\"j) Piso de Salamanca\">j) Piso de Salamanca<\/option><\/select><\/span> <\/label>\n<\/p>\n<p><label> Charo<br \/>\n<span class=\"wpcf7-form-control-wrap\" data-name=\"Charo\"><select class=\"wpcf7-form-control wpcf7-select wpcf7-validates-as-required\" aria-required=\"true\" aria-invalid=\"false\" name=\"Charo\"><option value=\"\">&#8212;Please choose an option&#8212;<\/option><option value=\"a) Duplex\">a) Duplex<\/option><option value=\"b) Vivienda segunda mano\">b) Vivienda segunda mano<\/option><option value=\"c) Centro de Madrid\">c) Centro de Madrid<\/option><option value=\"d) Zona Arapiles\">d) Zona Arapiles<\/option><option value=\"e) Chale Adosado\">e) Chale Adosado<\/option><option value=\"f) Piso 45 minutos del centro de Madrid\">f) Piso 45 minutos del centro de Madrid<\/option><option value=\"g) Gran oportunidad\">g) Gran oportunidad<\/option><option value=\"h) Chale en Torrelodones\">h) Chale en Torrelodones<\/option><option value=\"i) Se alquila atico\">i) Se alquila atico<\/option><option value=\"j) Piso de Salamanca\">j) Piso de Salamanca<\/option><\/select><\/span> <\/label>\n<\/p>\n<p><label> Victor<br \/>\n<span class=\"wpcf7-form-control-wrap\" data-name=\"Victor\"><select class=\"wpcf7-form-control wpcf7-select wpcf7-validates-as-required\" aria-required=\"true\" aria-invalid=\"false\" name=\"Victor\"><option value=\"\">&#8212;Please choose an option&#8212;<\/option><option value=\"a) Duplex\">a) Duplex<\/option><option value=\"b) Vivienda segunda mano\">b) Vivienda segunda mano<\/option><option value=\"c) Centro de Madrid\">c) Centro de Madrid<\/option><option value=\"d) Zona Arapiles\">d) Zona Arapiles<\/option><option value=\"e) Chale Adosado\">e) Chale Adosado<\/option><option value=\"f) Piso 45 minutos del centro de Madrid\">f) Piso 45 minutos del centro de Madrid<\/option><option value=\"g) Gran oportunidad\">g) Gran oportunidad<\/option><option value=\"h) Chale en Torrelodones\">h) Chale en Torrelodones<\/option><option value=\"i) Se alquila atico\">i) Se alquila atico<\/option><option value=\"j) Piso de Salamanca\">j) Piso de Salamanca<\/option><\/select><\/span> <\/label>\n<\/p>\n<p><label> Fatima<br \/>\n<span class=\"wpcf7-form-control-wrap\" data-name=\"Fatima\"><select class=\"wpcf7-form-control wpcf7-select wpcf7-validates-as-required\" aria-required=\"true\" aria-invalid=\"false\" name=\"Fatima\"><option value=\"\">&#8212;Please choose an option&#8212;<\/option><option value=\"a) Duplex\">a) Duplex<\/option><option value=\"b) Vivienda segunda mano\">b) Vivienda segunda mano<\/option><option value=\"c) Centro de Madrid\">c) Centro de Madrid<\/option><option value=\"d) Zona Arapiles\">d) Zona Arapiles<\/option><option value=\"e) Chale Adosado\">e) Chale Adosado<\/option><option value=\"f) Piso 45 minutos del centro de Madrid\">f) Piso 45 minutos del centro de Madrid<\/option><option value=\"g) Gran oportunidad\">g) Gran oportunidad<\/option><option value=\"h) Chale en Torrelodones\">h) Chale en Torrelodones<\/option><option value=\"i) Se alquila atico\">i) Se alquila atico<\/option><option value=\"j) Piso de Salamanca\">j) Piso de Salamanca<\/option><\/select><\/span> <\/label>\n<\/p>\n<p><label> Pablo<br \/>\n<span class=\"wpcf7-form-control-wrap\" data-name=\"Pablo\"><select class=\"wpcf7-form-control wpcf7-select wpcf7-validates-as-required\" aria-required=\"true\" aria-invalid=\"false\" name=\"Pablo\"><option value=\"\">&#8212;Please choose an option&#8212;<\/option><option value=\"a) Duplex\">a) Duplex<\/option><option value=\"b) Vivienda segunda mano\">b) Vivienda segunda mano<\/option><option value=\"c) Centro de Madrid\">c) Centro de Madrid<\/option><option value=\"d) Zona Arapiles\">d) Zona Arapiles<\/option><option value=\"e) Chale Adosado\">e) Chale Adosado<\/option><option value=\"f) Piso 45 minutos del centro de Madrid\">f) Piso 45 minutos del centro de Madrid<\/option><option value=\"g) Gran oportunidad\">g) Gran oportunidad<\/option><option value=\"h) Chale en Torrelodones\">h) Chale en Torrelodones<\/option><option value=\"i) Se alquila atico\">i) Se alquila atico<\/option><option value=\"j) Piso de Salamanca\">j) Piso de Salamanca<\/option><\/select><\/span> <\/label>\n<\/p>\n<p><label> Ernesto<br \/>\n<span class=\"wpcf7-form-control-wrap\" data-name=\"Ernesto\"><select class=\"wpcf7-form-control wpcf7-select wpcf7-validates-as-required\" aria-required=\"true\" aria-invalid=\"false\" name=\"Ernesto\"><option value=\"\">&#8212;Please choose an option&#8212;<\/option><option value=\"a) Duplex\">a) Duplex<\/option><option value=\"b) Vivienda segunda mano\">b) Vivienda segunda mano<\/option><option value=\"c) Centro de Madrid\">c) Centro de Madrid<\/option><option value=\"d) Zona Arapiles\">d) Zona Arapiles<\/option><option value=\"e) Chale Adosado\">e) Chale Adosado<\/option><option value=\"f) Piso 45 minutos del centro de Madrid\">f) Piso 45 minutos del centro de Madrid<\/option><option value=\"g) Gran oportunidad\">g) Gran oportunidad<\/option><option value=\"h) Chale en Torrelodones\">h) Chale en Torrelodones<\/option><option value=\"i) Se alquila atico\">i) Se alquila atico<\/option><option value=\"j) Piso de Salamanca\">j) Piso de Salamanca<\/option><\/select><\/span> <\/label>\n<\/p>\n<p><label> Your message (optional)<br \/>\n<span class=\"wpcf7-form-control-wrap\" data-name=\"your-message\"><textarea cols=\"40\" rows=\"10\" maxlength=\"2000\" class=\"wpcf7-form-control wpcf7-textarea\" aria-invalid=\"false\" name=\"your-message\"><\/textarea><\/span> <\/label>\n<\/p>\n<p><input class=\"wpcf7-form-control wpcf7-submit has-spinner\" type=\"submit\" value=\"Submit\" \/>\n<\/p><div class=\"wpcf7-response-output\" aria-hidden=\"true\"><\/div>\n<\/form>\n<\/div>\n\n\n\n\n<div class=\"wp-block-buttons is-layout-flex wp-block-buttons-is-layout-flex\">\n<div class=\"wp-block-button\"><a class=\"wp-block-button__link wp-element-button\" href=\"https:\/\/lanzaworx.com\/dele\">DELE<\/a><\/div>\n<\/div>\n\n\n\n<p><\/p>\n","protected":false},"excerpt":{"rendered":"<p>Comprensi\u00f3n de lectura A continuaci\u00f2n va a leer seis textos en los que unas personas lablen de las casa que desean y diez anuncios de viviendas. Relacione a las personas, 1-6, con los textos que informan sobre las viviendas, a)-j). Hay tres textos que no debe relaciionar. 1. Juan Yo, como viajo tanto, por ahora &hellip; <\/p>\n<p class=\"link-more\"><a href=\"https:\/\/lanzaworx.com\/dele\/examen-2\/examen-2-prueba-1\/examen-2-prueba-1-tarea-1\/\" class=\"more-link\">Continue reading<span class=\"screen-reader-text\"> &#8220;Examen 2 Prueba 1 Tarea 1&#8221;<\/span><\/a><\/p>\n","protected":false},"author":1,"featured_media":0,"parent":780,"menu_order":0,"comment_status":"closed","ping_status":"closed","template":"","meta":{"advanced_seo_description":"","jetpack_seo_html_title":"","jetpack_seo_noindex":false,"footnotes":""},"class_list":["post-782","page","type-page","status-publish","hentry"],"jetpack_sharing_enabled":true,"_links":{"self":[{"href":"https:\/\/lanzaworx.com\/dele\/wp-json\/wp\/v2\/pages\/782","targetHints":{"allow":["GET"]}}],"collection":[{"href":"https:\/\/lanzaworx.com\/dele\/wp-json\/wp\/v2\/pages"}],"about":[{"href":"https:\/\/lanzaworx.com\/dele\/wp-json\/wp\/v2\/types\/page"}],"author":[{"embeddable":true,"href":"https:\/\/lanzaworx.com\/dele\/wp-json\/wp\/v2\/users\/1"}],"replies":[{"embeddable":true,"href":"https:\/\/lanzaworx.com\/dele\/wp-json\/wp\/v2\/comments?post=782"}],"version-history":[{"count":28,"href":"https:\/\/lanzaworx.com\/dele\/wp-json\/wp\/v2\/pages\/782\/revisions"}],"predecessor-version":[{"id":849,"href":"https:\/\/lanzaworx.com\/dele\/wp-json\/wp\/v2\/pages\/782\/revisions\/849"}],"up":[{"embeddable":true,"href":"https:\/\/lanzaworx.com\/dele\/wp-json\/wp\/v2\/pages\/780"}],"wp:attachment":[{"href":"https:\/\/lanzaworx.com\/dele\/wp-json\/wp\/v2\/media?parent=782"}],"curies":[{"name":"wp","href":"https:\/\/api.w.org\/{rel}","templated":true}]}}