{"id":762,"date":"2024-12-18T14:42:10","date_gmt":"2024-12-18T14:42:10","guid":{"rendered":"https:\/\/lanzaworx.com\/dele\/?page_id=762"},"modified":"2024-12-18T15:06:38","modified_gmt":"2024-12-18T15:06:38","slug":"examen-1-prueba-3-tarea-2","status":"publish","type":"page","link":"https:\/\/lanzaworx.com\/dele\/examen-1\/examen-1-prueba-3\/examen-1-prueba-3-tarea-2\/","title":{"rendered":"Examen 1 Prueba 3 Tarea 2"},"content":{"rendered":"\n<h2 class=\"wp-block-heading\">Expresi\u00f2n e interacci\u00f2n Escritas <\/h2>\n\n\n\n<p>Lea la siguiente entrada de un blog.<\/p>\n\n\n\n<h2 class=\"wp-block-heading\">BLOG<\/h2>\n\n\n\n<p>El otro dia me encontr\u00e9 con una amiga de mi infancia a la que no ve\u00eda desde hac\u00eda a\u00f1os. As\u00ed que hoy os propongo que contemos c\u00f3mo conocimos a alg\u00fan amigo o amiga especial. Venga, animaos y contad vuestras experiencias.<\/p>\n\n\n\n<p>Escriba  un comentario (entre 130 &#8211; 150 palabras) en este blog contando:<\/p>\n\n\n\n<ul class=\"wp-block-list\">\n<li>D\u00f3nde e c\u00f3mo conoci\u00f3 a ese amigo especial.<\/li>\n\n\n\n<li>Qu\u00e9 impresi\u00f3n le caus\u00f3 al principio.<\/li>\n\n\n\n<li>C\u00f3mo continu\u00f3 su relaci\u00f3n con \u00e9l\/ella.<\/li>\n\n\n\n<li>Qu\u00e9 es lo que m\u00e1s le gusta de esta persona.<\/li>\n\n\n\n<li>Si la amistad contin\u00faa.<\/li>\n<\/ul>\n\n\n\n<p class=\"has-luminous-vivid-amber-color has-text-color has-link-color wp-elements-0ee0076d7fefc357d9e36e7a7ea77261\">Muestra tu correo electr\u00f3nico a un nativo espa\u00f1ol y p\u00eddele su opini\u00f3n o copie su correo electr\u00f3nico en el traductor de Google y verifique la ortograf\u00eda y la gram\u00e1tica.<\/p>\n\n\n\n<div class=\"wp-block-buttons is-layout-flex wp-block-buttons-is-layout-flex\">\n<div class=\"wp-block-button\"><a class=\"wp-block-button__link wp-element-button\" href=\"https:\/\/lanzaworx.com\/dele\/examen-1\/examen-1-prueba-3\/examen-1-prueba-3-tarea-2\/examen-1-prueba-3-tarea-2-transcripciones\/\">Transcripciones<\/a><\/div>\n<\/div>\n\n\n\n<div class=\"wp-block-buttons is-layout-flex wp-block-buttons-is-layout-flex\">\n<div class=\"wp-block-button\"><a class=\"wp-block-button__link wp-element-button\" href=\"https:\/\/lanzaworx.com\/dele\/\">DELE<\/a><\/div>\n<\/div>\n\n\n\n<p><\/p>\n","protected":false},"excerpt":{"rendered":"<p>Expresi\u00f2n e interacci\u00f2n Escritas Lea la siguiente entrada de un blog. BLOG El otro dia me encontr\u00e9 con una amiga de mi infancia a la que no ve\u00eda desde hac\u00eda a\u00f1os. As\u00ed que hoy os propongo que contemos c\u00f3mo conocimos a alg\u00fan amigo o amiga especial. Venga, animaos y contad vuestras experiencias. Escriba un comentario &hellip; <\/p>\n<p class=\"link-more\"><a href=\"https:\/\/lanzaworx.com\/dele\/examen-1\/examen-1-prueba-3\/examen-1-prueba-3-tarea-2\/\" class=\"more-link\">Continue reading<span class=\"screen-reader-text\"> &#8220;Examen 1 Prueba 3 Tarea 2&#8221;<\/span><\/a><\/p>\n","protected":false},"author":1,"featured_media":0,"parent":745,"menu_order":0,"comment_status":"closed","ping_status":"closed","template":"","meta":{"advanced_seo_description":"","jetpack_seo_html_title":"","jetpack_seo_noindex":false,"footnotes":""},"class_list":["post-762","page","type-page","status-publish","hentry"],"jetpack_sharing_enabled":true,"_links":{"self":[{"href":"https:\/\/lanzaworx.com\/dele\/wp-json\/wp\/v2\/pages\/762","targetHints":{"allow":["GET"]}}],"collection":[{"href":"https:\/\/lanzaworx.com\/dele\/wp-json\/wp\/v2\/pages"}],"about":[{"href":"https:\/\/lanzaworx.com\/dele\/wp-json\/wp\/v2\/types\/page"}],"author":[{"embeddable":true,"href":"https:\/\/lanzaworx.com\/dele\/wp-json\/wp\/v2\/users\/1"}],"replies":[{"embeddable":true,"href":"https:\/\/lanzaworx.com\/dele\/wp-json\/wp\/v2\/comments?post=762"}],"version-history":[{"count":6,"href":"https:\/\/lanzaworx.com\/dele\/wp-json\/wp\/v2\/pages\/762\/revisions"}],"predecessor-version":[{"id":778,"href":"https:\/\/lanzaworx.com\/dele\/wp-json\/wp\/v2\/pages\/762\/revisions\/778"}],"up":[{"embeddable":true,"href":"https:\/\/lanzaworx.com\/dele\/wp-json\/wp\/v2\/pages\/745"}],"wp:attachment":[{"href":"https:\/\/lanzaworx.com\/dele\/wp-json\/wp\/v2\/media?parent=762"}],"curies":[{"name":"wp","href":"https:\/\/api.w.org\/{rel}","templated":true}]}}