{"id":715,"date":"2024-12-18T13:53:21","date_gmt":"2024-12-18T13:53:21","guid":{"rendered":"https:\/\/lanzaworx.com\/dele\/?page_id=715"},"modified":"2024-12-18T14:35:16","modified_gmt":"2024-12-18T14:35:16","slug":"examen-1-prueba-3-tarea-1","status":"publish","type":"page","link":"https:\/\/lanzaworx.com\/dele\/examen-1\/examen-1-prueba-3\/examen-1-prueba-3-tarea-1\/","title":{"rendered":"Examen 1 Prueba 3 Tarea 1"},"content":{"rendered":"\n<h2 class=\"wp-block-heading\">Expresi\u00f2n e Interacci\u00f3n Escritas<\/h2>\n\n\n\n<p>Usted quiere conocer a gente porque acaba de llegar a una ciudad nueva y lee este anuncio.<\/p>\n\n\n\n<p>Hola, me llamo Paco y soy nuevo en la ciudad. Quiero conocer gente (chicos o chicas, da igual) para salir. Soy ingeniero inform\u00e1tico y tengo a\u00f1os, pero no me importa salir con gente mayor o m\u00e1s joven. Lo importante es que sea gente animada y divertida. Me gusta el cine. el teatro, los museos. bailar&#8230; l\u00e1mbi\u00e9n me encanta la naLuraleza y hago buceo y escalada.<br>Si te interesa. escrQ3erne a mi correo electr\u00f3nico cont\u00e1ndome sobre ti y tus aliciones.<\/p>\n\n\n\n<p>Escriba un correo a Paco (entre 100 &#8211; 200 palabras) en el que deber\u00e1:<\/p>\n\n\n\n<ul class=\"wp-block-list\">\n<li>Saludar.<\/li>\n\n\n\n<li>Describirse a usted mismo en cuanto a f\u00edsico, car\u00e1cter y gustos.<\/li>\n\n\n\n<li>Discribir el tipo de personas que le gustan y los defectos que na soporta.<\/li>\n\n\n\n<li>Explicar c\u00f2mo y cuando ponerse en contacto con usted.<\/li>\n\n\n\n<li>Despedirse.<\/li>\n<\/ul>\n\n\n\n<p class=\"has-luminous-vivid-amber-color has-text-color has-link-color wp-elements-0ee0076d7fefc357d9e36e7a7ea77261\">Muestra tu correo electr\u00f3nico a un nativo espa\u00f1ol y p\u00eddele su opini\u00f3n o copie su correo electr\u00f3nico en el traductor de Google y verifique la ortograf\u00eda y la gram\u00e1tica.<\/p>\n\n\n\n<div class=\"wp-block-buttons is-layout-flex wp-block-buttons-is-layout-flex\">\n<div class=\"wp-block-button\"><a class=\"wp-block-button__link wp-element-button\" href=\"https:\/\/lanzaworx.com\/dele\/examen-1\/examen-1-prueba-3\/examen-1-prueba-3-tarea-1\/examen-1-prueba-3-tarea-1-transcripciones\/\">Transcripciones<\/a><\/div>\n<\/div>\n\n\n\n<div class=\"wp-block-buttons is-layout-flex wp-block-buttons-is-layout-flex\">\n<div class=\"wp-block-button\"><a class=\"wp-block-button__link wp-element-button\" href=\"https:\/\/lanzaworx.com\/dele\/\">DELE<\/a><\/div>\n<\/div>\n\n\n\n<p><\/p>\n","protected":false},"excerpt":{"rendered":"<p>Expresi\u00f2n e Interacci\u00f3n Escritas Usted quiere conocer a gente porque acaba de llegar a una ciudad nueva y lee este anuncio. Hola, me llamo Paco y soy nuevo en la ciudad. Quiero conocer gente (chicos o chicas, da igual) para salir. Soy ingeniero inform\u00e1tico y tengo a\u00f1os, pero no me importa salir con gente mayor &hellip; <\/p>\n<p class=\"link-more\"><a href=\"https:\/\/lanzaworx.com\/dele\/examen-1\/examen-1-prueba-3\/examen-1-prueba-3-tarea-1\/\" class=\"more-link\">Continue reading<span class=\"screen-reader-text\"> &#8220;Examen 1 Prueba 3 Tarea 1&#8221;<\/span><\/a><\/p>\n","protected":false},"author":1,"featured_media":0,"parent":745,"menu_order":0,"comment_status":"closed","ping_status":"closed","template":"","meta":{"advanced_seo_description":"","jetpack_seo_html_title":"","jetpack_seo_noindex":false,"footnotes":""},"class_list":["post-715","page","type-page","status-publish","hentry"],"jetpack_sharing_enabled":true,"_links":{"self":[{"href":"https:\/\/lanzaworx.com\/dele\/wp-json\/wp\/v2\/pages\/715","targetHints":{"allow":["GET"]}}],"collection":[{"href":"https:\/\/lanzaworx.com\/dele\/wp-json\/wp\/v2\/pages"}],"about":[{"href":"https:\/\/lanzaworx.com\/dele\/wp-json\/wp\/v2\/types\/page"}],"author":[{"embeddable":true,"href":"https:\/\/lanzaworx.com\/dele\/wp-json\/wp\/v2\/users\/1"}],"replies":[{"embeddable":true,"href":"https:\/\/lanzaworx.com\/dele\/wp-json\/wp\/v2\/comments?post=715"}],"version-history":[{"count":6,"href":"https:\/\/lanzaworx.com\/dele\/wp-json\/wp\/v2\/pages\/715\/revisions"}],"predecessor-version":[{"id":761,"href":"https:\/\/lanzaworx.com\/dele\/wp-json\/wp\/v2\/pages\/715\/revisions\/761"}],"up":[{"embeddable":true,"href":"https:\/\/lanzaworx.com\/dele\/wp-json\/wp\/v2\/pages\/745"}],"wp:attachment":[{"href":"https:\/\/lanzaworx.com\/dele\/wp-json\/wp\/v2\/media?parent=715"}],"curies":[{"name":"wp","href":"https:\/\/api.w.org\/{rel}","templated":true}]}}