{"id":49,"date":"2023-06-08T18:17:15","date_gmt":"2023-06-08T18:17:15","guid":{"rendered":"https:\/\/lanzaworx.com\/dele\/?page_id=49"},"modified":"2024-12-18T15:32:30","modified_gmt":"2024-12-18T15:32:30","slug":"prueba-1-tarea-1","status":"publish","type":"page","link":"https:\/\/lanzaworx.com\/dele\/examen-1\/prueba-1\/prueba-1-tarea-1\/","title":{"rendered":"Prueba 1 &#8211; Tarea 1"},"content":{"rendered":"\n<p>A continuaci\u00f2n va a leer seis textos en los que unas personas lablen del personaje p\u00f9blico al que admiran y diez textos que informan sobre personajes que cambiaron el mundo. Relacione a las personas, 1-6, con los textos que informan sobre los personajes a)-j). Hay tres textos que no debe relaciionar.<\/p>\n\n\n\n<p>Next you will read six texts in which people talk about the public figure they admire and ten texts that report on people who changed the world. Relates the people, 1-6, with the texts that inform about the characters a) -j). There are three texts that should not relate.<\/p>\n\n\n\n<h2 class=\"wp-block-heading\">Ejemplo \/ Example<\/h2>\n\n\n\n<h2 class=\"wp-block-heading\">Alicia<\/h2>\n\n\n\n<p>Personalmente, si hay algo que odio de verdad es la agresividad, por eso admiro a la gente que es capaz de luchar por sus ideales sin usar la violencia.<\/p>\n\n\n\n<figure class=\"wp-block-audio\"><audio controls src=\"https:\/\/lanzaworx.com\/dele\/wp-content\/uploads\/2023\/06\/Alicia.mp3\"><\/audio><\/figure>\n\n\n\n<p class=\"has-vivid-green-cyan-color has-text-color\">Personally, if there is something I really hate, it is aggressiveness, which is why I admire people who are capable of fighting for their ideals without using violence.<\/p>\n\n\n\n<figure class=\"wp-block-audio\"><audio controls src=\"https:\/\/lanzaworx.com\/dele\/wp-content\/uploads\/2023\/06\/Alicia-eng.mp3\"><\/audio><\/figure>\n\n\n\n<h2 class=\"wp-block-heading\">Ghandi<\/h2>\n\n\n\n<p>Nace en 1869 en la India en el seno de una famalia de clase privilegiada. En 1893 <mark style=\"background-color:rgba(0, 0, 0, 0)\" class=\"has-inline-color has-pale-pink-color\">va a Sud\u00e1frica<\/mark><sup><mark style=\"background-color:rgba(0, 0, 0, 0)\" class=\"has-inline-color has-vivid-purple-color\">1<\/mark><\/sup> a trabaja<mark style=\"background-color:rgba(0, 0, 0, 0)\" class=\"has-inline-color has-pale-pink-color\">r y all\u00ed sufre el racisimo<\/mark><sup><mark style=\"background-color:rgba(0, 0, 0, 0)\" class=\"has-inline-color has-vivid-purple-color\">2<\/mark><\/sup>, lo caul despierta su conciencia social. Empieza a luchar a favor de los derechos de los indios y de su indepundencia, pero siempre de un modo pacifico.<\/p>\n\n\n\n<p class=\"has-vivid-green-cyan-color has-text-color\">He was born in 1869 in India into the bosom a privileged class family. In 1893 he goes to South Africa to work and there he suffers from racism, which awakens his social conscience. He begins to fight for the rights of the Indians and their independence, but always in a peaceful way.<\/p>\n\n\n\n<h2 class=\"wp-block-heading\"><mark style=\"background-color:rgba(0, 0, 0, 0)\" class=\"has-inline-color has-vivid-purple-color\">Notes<\/mark><\/h2>\n\n\n\n<ol class=\"wp-block-list has-vivid-purple-color has-text-color\">\n<li><mark style=\"background-color:rgba(0, 0, 0, 0)\" class=\"has-inline-color has-vivid-purple-color\">Instead of &#8220;va a Sud\u00e1frica&#8221; we could use &#8220;fue a Sud\u00e1frica&#8221;, he, she it went to South Africa.<\/mark><\/li>\n\n\n\n<li><mark style=\"background-color:rgba(0, 0, 0, 0)\" class=\"has-inline-color has-vivid-purple-color\">Instead of &#8220;y all\u00ed sufre el racisimo&#8221; we could have used &#8220;y all\u00ed sufri\u00f3 el racismo&#8221;, he she, it suffered racism.<\/mark><\/li>\n<\/ol>\n\n\n\n<div class=\"wp-block-columns is-layout-flex wp-container-core-columns-is-layout-9d6595d7 wp-block-columns-is-layout-flex\">\n<div class=\"wp-block-column is-layout-flow wp-block-column-is-layout-flow\">\n<h2 class=\"wp-block-heading\"><strong>Persona<\/strong><\/h2>\n\n\n\n<h4 class=\"wp-block-heading\"><strong>1. Roberto<\/strong><\/h4>\n\n\n\n<p>Yo valoro mucho a la gente que se  hace a si misma, que empieza desde abajo. La gente de origen modesto que llega a ser importante<\/p>\n\n\n\n<p>I highly value people who make themselves, who start from the bottom. People of modest origin who become important<\/p>\n\n\n\n<h4 class=\"wp-block-heading\"><strong>2. Marisa<\/strong><\/h4>\n\n\n\n<p>Tengo que decir que soy una romantica. Me gusta la gente que no ha conseguido el \u00e8xito durante su vida <a href=\"https:\/\/lanzaworx.com\/dele\/sino-vs-pero\/\" data-type=\"page\" data-id=\"68\"><mark style=\"background-color:rgba(0, 0, 0, 0)\" class=\"has-inline-color has-vivid-green-cyan-color\">sino<\/mark><\/a> que el reconocimiento les ha llagado tras su muerte.<\/p>\n\n\n\n<p>I have to say that I am a romantic. I like people who have not achieved success during their lives but recognition has come to them after their death.<\/p>\n\n\n\n<h4 class=\"wp-block-heading\"><strong>3. Juan<\/strong><\/h4>\n\n\n\n<p>A no me gusta la excesiva especializacion de nuestros dias. Por eso admiro a los personajes que han trabajado en diferentes campos, no en una solo.<\/p>\n\n\n\n<p>I don&#8217;t like the excessive specialization of our days. That&#8217;s why I admire characters who have worked in different fields, not just one.<\/p>\n\n\n\n<h4 class=\"wp-block-heading\"><strong>4. Natalia<\/strong><\/h4>\n\n\n\n<p>Pues a mi me encanta la gente con inteligencia emocional. Es decir, los que son capaces de utilizar su atractivo personal para triunfar.<\/p>\n\n\n\n<p>Well, I love people with emotional intelligence. That is, those who are capable of using their personal attractiveness to succeed.<\/p>\n\n\n\n<h4 class=\"wp-block-heading\"><strong>5. Eduardo<\/strong><\/h4>\n\n\n\n<p>Yo admiro a aquellos que dedican su esfuerzo a mejorar la vida de gente normal, sobre todo en el campo de la salud. Ahora se pueden curar enfermedades que antes eran mortales.<\/p>\n\n\n\n<p>I admire those who dedicate their effort to improve the lives of normal people, especially in the field of health. Diseases that were once deadly can now be cured.<\/p>\n\n\n\n<h4 class=\"wp-block-heading\"><strong>6. Paula<\/strong><\/h4>\n\n\n\n<p>A mi no me gustanlos investigatores que pasan su lida en un laboratorio o una biblioteca&#8230; Prefero a aquellos que, al miso tiempo, son aventureros y hacen sus descubrimientos observando la naturaleza.<\/p>\n\n\n\n<p>I don&#8217;t like researchers who spend their lives in a laboratory or a library\u2026 I prefer those who, at the same time, are adventurous and make their discoveries by observing nature.<\/p>\n<\/div>\n\n\n\n<div class=\"wp-block-column is-layout-flow wp-block-column-is-layout-flow\">\n<h2 class=\"wp-block-heading\" style=\"text-transform:capitalize\"><strong>Personajes Que Cambiaron El Mundo<\/strong><\/h2>\n\n\n\n<h4 class=\"wp-block-heading\"><strong>a) Thomas Alva Edison<\/strong><\/h4>\n\n\n\n<p>Nace en Ohio en 1847. Empez\u00f2 como vendedor de peri\u00f2dicos en el ferrocarril y luego trabaj\u00f2 en distinas ciudades como operador de tel\u00e8grafos. Es el creador de varios inventos importantes: el fonografo, el primera l\u00e0mpera incandescente y una rudimentaria m\u00e0quina de cine.<\/p>\n\n\n\n<p>Born in Ohio in 1847. He started out as a newspaper vendor on the railroad and later worked in different cities as a telegraph operator. He is the creator of several important inventions: the phonograph, the first incandescent lamp, and a rudimentary movie machine.<\/p>\n\n\n\n<h4 class=\"wp-block-heading\"><strong>b) Leonardo da Vinci<\/strong><\/h4>\n\n\n\n<p>Es el Modelo de genio renacentista. Aunque su faceta m\u00e0s conocida es la de pintor, tambi\u00e8n destacan sus trabajos en anatomia, arquitectura, cienca, filosofia, ingenieria, musica&#8230; Se adelanto a su tiempo proponiendo inventos tales como el helic\u00f2ptero o el submarino.<\/p>\n\n\n\n<p>He is the Model of a Renaissance Genius. Although his best-known facet is that of a painter, his works on anatomy, architecture, science, philosophy, engineering, music also stand out\u2026 He was ahead of his time proposing inventions such as the helicopter or the submarine.<\/p>\n\n\n\n<h4 class=\"wp-block-heading\">c) Ghandi<\/h4>\n\n\n\n<h4 class=\"wp-block-heading\">d) <strong>Nelson Mandela<\/strong><\/h4>\n\n\n\n<p>Estuvo veintisiete a\u00f1os en la c\u00e0rcel por luchar contra el apartheid en su pais. Tras su liberacion lidr\u00f2 a su partido en las negociaciones <a href=\"https:\/\/lanzaworx.com\/dele\/por-vs-para\/\" data-type=\"page\" data-id=\"71\"><mark style=\"background-color:rgba(0, 0, 0, 0)\" class=\"has-inline-color has-vivid-green-cyan-color\">para<\/mark><\/a> conseguir una democracia multirracial en sud\u00e0frica, cosa que se consigui\u00f2 en 1994 con las primeras elecciones democr\u00e0ticas, dando prioridad a la reconciliaci\u00f2n entre los diferentes grupos raciales.<\/p>\n\n\n\n<p>He spent twenty-seven years in jail for fighting against apartheid in his country. After his release, he led his party in the negotiations to achieve a multiracial democracy in South Africa, which was achieved in 1994 with the first democratic elections, giving priority to reconciliation between the different racial groups.<\/p>\n\n\n\n<h4 class=\"wp-block-heading\"><strong>e) <\/strong>Napole\u00f2n<\/h4>\n\n\n\n<p>Nacido de una familia de la peque\u00f1a nobleza local de C\u00f2rcega, es considerado un genio militar. en poco m\u00e0s de diez a\u00f1os, consigui\u00f2 controlar casi toda Europa Occidental y Central mediante conquistas o alianzas. Fue derrotado en 1813 y exiliado, pero logr\u00f2 volver al poder durante el periodo llamado los Cien Dias. En 1815 fue finalmente derrotado en la batalla de Waterloo.<\/p>\n\n\n\n<p>Born into a family of local Corsican gentry, he is considered a military genius. In just over ten years, he managed to control almost all of Western and Central Europe through conquest or alliance. He was defeated in 1813 and exiled, but managed to return to power during the period called the Hundred Days. In 1815 he was finally defeated at the Battle of Waterloo.<\/p>\n\n\n\n<h4 class=\"wp-block-heading\"><strong>f) Cleopatra<\/strong><\/h4>\n\n\n\n<p>Fue la ultima reina del antigo Egipto, cuando este habl\u00e0 perdido ya todo su poder. Con su encanto personal, logr\u00f2 seducir primero a Julio C\u00e8sar y luego a Marco Antonio, consiguiendo dar importancia de nuevo a su pais. Pero cuando Octavio lleg\u00f2 al poder y covirti\u00f2 Egipto en una provincia ella prefin\u00f2 suicidarse.<\/p>\n\n\n\n<p>She was the last queen of ancient Egypt, when it had already lost all its power. With her personal charm, she managed to seduce Julio C\u00e8sar first and then Marco Antonio, managing to give importance to her country again. But when Octavian came to power and turned Egypt into a province, she preferred to commit suicide.<\/p>\n\n\n\n<h4 class=\"wp-block-heading\"><strong>g) Charles Darwin<\/strong><\/h4>\n\n\n\n<p>Empieza la carrera de Teologia en Cambridge, pero el bot\u00e0nico John Henslow despierta en \u00e8l un enorme inter\u00e8s por la Historia Natural. Viaja por todo el mundo observando animales y plantas, lo que le lleva a crear la teoria de la selecci\u00f2n natural y de la evoluci\u00f2n.<\/p>\n\n\n\n<p>He began his Theology degree at Cambridge, but the botanist John Henslow awakened in him an enormous interest in Natural History. He travels around the world observing animals and plants, which leads him to create the theory of natural selection and evolution.<\/p>\n\n\n\n<h4 class=\"wp-block-heading\"><strong>h) Crist\u00f2bal Col\u00f2n (Christopher Columbus)<\/strong><\/h4>\n\n\n\n<p>Hay dudes sobre el lugar do su nacimiento. Contrariamente a lo que piensan en su \u00e8poca, \u00e8l cree que La Tierra es redonda y propone a la corte portuguesa llegar a las indias atravesando el Atl\u00e0ntico, pero su pla es rechazado. Se dirige entonces a los rayes de Espa\u00f1a, que aceptan su proyecto y el 12 de octubre de 1492 llega a las Bahamas.<\/p>\n\n\n\n<p>There are doubts about the place of his birth. Contrary to what they think in his time, he believes that the Earth is round and proposes to the Portuguese court to reach the Indies by crossing the Atlantic, but his plan is rejected. He then went to the kings of Spain, who accepted his plan and on October 12, 1492 he arrived in the Bahamas.<\/p>\n\n\n\n<h4 class=\"wp-block-heading\"><strong>i) Alexander Fleming<\/strong><\/h4>\n\n\n\n<p>Nace en Gran Breta\u00f1a en 1881. Con veinticinco a\u00f1os empieza a trabajar en el Saint Mary&#8217;s Hospital de Londres, donde descubre las propiedades inhibidoras de la lisozima. En 1928 es nombrado catedr\u00e0tico de la Universidad de Londres. El mismo a\u00f1o descubre la penicilina, primer antibi\u00f2tico usado ampliamente en medicina, que ha salvado <a href=\"https:\/\/lanzaworx.com\/dele\/spanish-grammar\/de-vs-desde\/\" data-type=\"page\" data-id=\"81\"><mark style=\"background-color:rgba(0, 0, 0, 0)\" class=\"has-inline-color has-vivid-green-cyan-color\">desde<\/mark><\/a> entonces millones de vidas.<\/p>\n\n\n\n<p>He was born in Great Britain in 1881. At the age of twenty-five he began working at Saint Mary&#8217;s Hospital in London, where he discovered the inhibitory properties of lysozyme. In 1928 he is appointed professor at the University of London. The same year he discovers penicillin, the first antibiotic widely used in medicine, which has since saved millions of lives.<\/p>\n\n\n\n<h4 class=\"wp-block-heading\"><strong>j) Johannes Gutenberg<\/strong><\/h4>\n\n\n\n<p>Como no tiene dinero para llevar a cabo su idea de crear una m\u00e0quina capaz de imprimir libros, se asocia con el comerciante Johann Fust. El primer libro que imprime es una biblia. Pero Fust le reclama su dinero y Gutenberg tiene que cederle su invento. Muere pobre y arruinado, pero ahora se le considera el padre de la imprenta.<\/p>\n\n\n\n<p>Since he does not have money to carry out his idea of creating a machine capable of printing books, he associates himself with the merchant Johann Fust. The first book he prints is a bible. But Fust demands his money and Gutenberg has to give him his invention. He dies poor and broke, but is now considered the father of the printing press.<\/p>\n<\/div>\n<\/div>\n\n\n\n<h2 class=\"wp-block-heading\">Preguntas<\/h2>\n\n\n\n<div class=\"wpcf7 no-js\" id=\"wpcf7-f125-o1\" lang=\"en-US\" dir=\"ltr\" data-wpcf7-id=\"125\">\n<div class=\"screen-reader-response\"><p role=\"status\" aria-live=\"polite\" aria-atomic=\"true\"><\/p> <ul><\/ul><\/div>\n<form action=\"\/dele\/wp-json\/wp\/v2\/pages\/49#wpcf7-f125-o1\" method=\"post\" class=\"wpcf7-form init\" aria-label=\"Contact form\" novalidate=\"novalidate\" data-status=\"init\">\n<fieldset class=\"hidden-fields-container\"><input type=\"hidden\" name=\"_wpcf7\" value=\"125\" \/><input type=\"hidden\" name=\"_wpcf7_version\" value=\"6.1.5\" \/><input type=\"hidden\" name=\"_wpcf7_locale\" value=\"en_US\" \/><input type=\"hidden\" name=\"_wpcf7_unit_tag\" value=\"wpcf7-f125-o1\" \/><input type=\"hidden\" name=\"_wpcf7_container_post\" value=\"0\" \/><input type=\"hidden\" name=\"_wpcf7_posted_data_hash\" value=\"\" \/>\n<\/fieldset>\n<p><label> Your name<br \/>\n<span class=\"wpcf7-form-control-wrap\" data-name=\"your-name\"><input size=\"40\" maxlength=\"400\" class=\"wpcf7-form-control wpcf7-text wpcf7-validates-as-required\" autocomplete=\"name\" aria-required=\"true\" aria-invalid=\"false\" value=\"\" type=\"text\" name=\"your-name\" \/><\/span> <\/label>\n<\/p>\n<p><label> Your email<br \/>\n<span class=\"wpcf7-form-control-wrap\" data-name=\"your-email\"><input size=\"40\" maxlength=\"400\" class=\"wpcf7-form-control wpcf7-email wpcf7-validates-as-required wpcf7-text wpcf7-validates-as-email\" autocomplete=\"email\" aria-required=\"true\" aria-invalid=\"false\" value=\"\" type=\"email\" name=\"your-email\" \/><\/span> <\/label>\n<\/p>\n<p><label> Your comment Tarea 1<br \/>\n<span class=\"wpcf7-form-control-wrap\" data-name=\"tarea_1_answers\"><input size=\"40\" maxlength=\"400\" class=\"wpcf7-form-control wpcf7-text wpcf7-validates-as-required\" aria-required=\"true\" aria-invalid=\"false\" value=\"Tarea 1 answers\" type=\"text\" name=\"tarea_1_answers\" \/><\/span> <\/label>\n<\/p>\n<p><label> Alicia (optional)<br \/>\n<span class=\"wpcf7-form-control-wrap\" data-name=\"Alicia\"><select class=\"wpcf7-form-control wpcf7-select\" aria-invalid=\"false\" name=\"Alicia\"><option value=\"\">&#8212;Please choose an option&#8212;<\/option><option value=\"a) Thomas Alva Edison\">a) Thomas Alva Edison<\/option><option value=\"b) Leonardo da Vinci\">b) Leonardo da Vinci<\/option><option value=\"c) Ghandi\">c) Ghandi<\/option><option value=\"d) Nelson Mandela\">d) Nelson Mandela<\/option><option value=\"e) Napole\u00f2n\">e) Napole\u00f2n<\/option><option value=\"f) Cleopatra\">f) Cleopatra<\/option><option value=\"g) Charles Darwin\">g) Charles Darwin<\/option><option value=\"h) Crist\u00f2bal Col\u00f2n (Christopher Columbus)\">h) Crist\u00f2bal Col\u00f2n (Christopher Columbus)<\/option><option value=\"i) Alexander Fleming\">i) Alexander Fleming<\/option><option value=\"j) Johannes Gutenberg\">j) Johannes Gutenberg<\/option><\/select><\/span> <\/label>\n<\/p>\n<p><label> Roberto<br \/>\n<span class=\"wpcf7-form-control-wrap\" data-name=\"Roberto\"><select class=\"wpcf7-form-control wpcf7-select wpcf7-validates-as-required\" aria-required=\"true\" aria-invalid=\"false\" name=\"Roberto\"><option value=\"\">&#8212;Please choose an option&#8212;<\/option><option value=\"a) Thomas Alva Edison\">a) Thomas Alva Edison<\/option><option value=\"b) Leonardo da Vinci\">b) Leonardo da Vinci<\/option><option value=\"c) Ghandi\">c) Ghandi<\/option><option value=\"d) Nelson Mandela\">d) Nelson Mandela<\/option><option value=\"e) Napole\u00f2n\">e) Napole\u00f2n<\/option><option value=\"f) Cleopatra\">f) Cleopatra<\/option><option value=\"g) Charles Darwin\">g) Charles Darwin<\/option><option value=\"h) Crist\u00f2bal Col\u00f2n (Christopher Columbus)\">h) Crist\u00f2bal Col\u00f2n (Christopher Columbus)<\/option><option value=\"i) Alexander Fleming\">i) Alexander Fleming<\/option><option value=\"j) Johannes Gutenberg\">j) Johannes Gutenberg<\/option><\/select><\/span> <\/label>\n<\/p>\n<p><label> Marisa<br \/>\n<span class=\"wpcf7-form-control-wrap\" data-name=\"Marisa\"><select class=\"wpcf7-form-control wpcf7-select wpcf7-validates-as-required\" aria-required=\"true\" aria-invalid=\"false\" name=\"Marisa\"><option value=\"\">&#8212;Please choose an option&#8212;<\/option><option value=\"a) Thomas Alva Edison\">a) Thomas Alva Edison<\/option><option value=\"b) Leonardo da Vinci\">b) Leonardo da Vinci<\/option><option value=\"c) Ghandi\">c) Ghandi<\/option><option value=\"d) Nelson Mandela\">d) Nelson Mandela<\/option><option value=\"e) Napole\u00f2n\">e) Napole\u00f2n<\/option><option value=\"f) Cleopatra\">f) Cleopatra<\/option><option value=\"g) Charles Darwin\">g) Charles Darwin<\/option><option value=\"h) Crist\u00f2bal Col\u00f2n (Christopher Columbus)\">h) Crist\u00f2bal Col\u00f2n (Christopher Columbus)<\/option><option value=\"i) Alexander Fleming\">i) Alexander Fleming<\/option><option value=\"j) Johannes Gutenberg\">j) Johannes Gutenberg<\/option><\/select><\/span> <\/label>\n<\/p>\n<p><label> Juan<br \/>\n<span class=\"wpcf7-form-control-wrap\" data-name=\"Juan\"><select class=\"wpcf7-form-control wpcf7-select wpcf7-validates-as-required\" aria-required=\"true\" aria-invalid=\"false\" name=\"Juan\"><option value=\"\">&#8212;Please choose an option&#8212;<\/option><option value=\"a) Thomas Alva Edison\">a) Thomas Alva Edison<\/option><option value=\"b) Leonardo da Vinci\">b) Leonardo da Vinci<\/option><option value=\"c) Ghandi\">c) Ghandi<\/option><option value=\"d) Nelson Mandela\">d) Nelson Mandela<\/option><option value=\"e) Napole\u00f2n\">e) Napole\u00f2n<\/option><option value=\"f) Cleopatra\">f) Cleopatra<\/option><option value=\"g) Charles Darwin\">g) Charles Darwin<\/option><option value=\"h) Crist\u00f2bal Col\u00f2n (Christopher Columbus)\">h) Crist\u00f2bal Col\u00f2n (Christopher Columbus)<\/option><option value=\"i) Alexander Fleming\">i) Alexander Fleming<\/option><option value=\"j) Johannes Gutenberg\">j) Johannes Gutenberg<\/option><\/select><\/span> <\/label>\n<\/p>\n<p><label> Natalia<br \/>\n<span class=\"wpcf7-form-control-wrap\" data-name=\"Natalia\"><select class=\"wpcf7-form-control wpcf7-select wpcf7-validates-as-required\" aria-required=\"true\" aria-invalid=\"false\" name=\"Natalia\"><option value=\"\">&#8212;Please choose an option&#8212;<\/option><option value=\"a) Thomas Alva Edison\">a) Thomas Alva Edison<\/option><option value=\"b) Leonardo da Vinci\">b) Leonardo da Vinci<\/option><option value=\"c) Ghandi\">c) Ghandi<\/option><option value=\"d) Nelson Mandela\">d) Nelson Mandela<\/option><option value=\"e) Napole\u00f2n\">e) Napole\u00f2n<\/option><option value=\"f) Cleopatra\">f) Cleopatra<\/option><option value=\"g) Charles Darwin\">g) Charles Darwin<\/option><option value=\"h) Crist\u00f2bal Col\u00f2n (Christopher Columbus)\">h) Crist\u00f2bal Col\u00f2n (Christopher Columbus)<\/option><option value=\"i) Alexander Fleming\">i) Alexander Fleming<\/option><option value=\"j) Johannes Gutenberg\">j) Johannes Gutenberg<\/option><\/select><\/span> <\/label>\n<\/p>\n<p><label> Eduardo<br \/>\n<span class=\"wpcf7-form-control-wrap\" data-name=\"Eduardo\"><select class=\"wpcf7-form-control wpcf7-select wpcf7-validates-as-required\" aria-required=\"true\" aria-invalid=\"false\" name=\"Eduardo\"><option value=\"\">&#8212;Please choose an option&#8212;<\/option><option value=\"a) Thomas Alva Edison\">a) Thomas Alva Edison<\/option><option value=\"b) Leonardo da Vinci\">b) Leonardo da Vinci<\/option><option value=\"c) Ghandi\">c) Ghandi<\/option><option value=\"d) Nelson Mandela\">d) Nelson Mandela<\/option><option value=\"e) Napole\u00f2n\">e) Napole\u00f2n<\/option><option value=\"f) Cleopatra\">f) Cleopatra<\/option><option value=\"g) Charles Darwin\">g) Charles Darwin<\/option><option value=\"h) Crist\u00f2bal Col\u00f2n (Christopher Columbus)\">h) Crist\u00f2bal Col\u00f2n (Christopher Columbus)<\/option><option value=\"i) Alexander Fleming\">i) Alexander Fleming<\/option><option value=\"j) Johannes Gutenberg\">j) Johannes Gutenberg<\/option><\/select><\/span> <\/label>\n<\/p>\n<p><label> Paula<br \/>\n<span class=\"wpcf7-form-control-wrap\" data-name=\"Paula\"><select class=\"wpcf7-form-control wpcf7-select wpcf7-validates-as-required\" aria-required=\"true\" aria-invalid=\"false\" name=\"Paula\"><option value=\"\">&#8212;Please choose an option&#8212;<\/option><option value=\"a) Thomas Alva Edison\">a) Thomas Alva Edison<\/option><option value=\"b) Leonardo da Vinci\">b) Leonardo da Vinci<\/option><option value=\"c) Ghandi\">c) Ghandi<\/option><option value=\"d) Nelson Mandela\">d) Nelson Mandela<\/option><option value=\"e) Napole\u00f2n\">e) Napole\u00f2n<\/option><option value=\"f) Cleopatra\">f) Cleopatra<\/option><option value=\"g) Charles Darwin\">g) Charles Darwin<\/option><option value=\"h) Crist\u00f2bal Col\u00f2n (Christopher Columbus)\">h) Crist\u00f2bal Col\u00f2n (Christopher Columbus)<\/option><option value=\"i) Alexander Fleming\">i) Alexander Fleming<\/option><option value=\"j) Johannes Gutenberg\">j) Johannes Gutenberg<\/option><\/select><\/span> <\/label>\n<\/p>\n<p><label> Your message (optional)<br \/>\n<span class=\"wpcf7-form-control-wrap\" data-name=\"your-message\"><textarea cols=\"40\" rows=\"10\" maxlength=\"2000\" class=\"wpcf7-form-control wpcf7-textarea\" aria-invalid=\"false\" name=\"your-message\"><\/textarea><\/span> <\/label>\n<\/p>\n<p><input class=\"wpcf7-form-control wpcf7-submit has-spinner\" type=\"submit\" value=\"Submit\" \/>\n<\/p><div class=\"wpcf7-response-output\" aria-hidden=\"true\"><\/div>\n<\/form>\n<\/div>\n\n\n\n\n<div class=\"wp-block-buttons is-layout-flex wp-block-buttons-is-layout-flex\">\n<div class=\"wp-block-button\"><a class=\"wp-block-button__link has-black-color has-vivid-cyan-blue-background-color has-text-color has-background has-link-color wp-element-button\" href=\"https:\/\/lanzaworx.com\/dele\/\">Regresar<\/a><\/div>\n<\/div>\n\n\n\n<p><\/p>\n","protected":false},"excerpt":{"rendered":"<p>A continuaci\u00f2n va a leer seis textos en los que unas personas lablen del personaje p\u00f9blico al que admiran y diez textos que informan sobre personajes que cambiaron el mundo. Relacione a las personas, 1-6, con los textos que informan sobre los personajes a)-j). Hay tres textos que no debe relaciionar. Next you will read &hellip; <\/p>\n<p class=\"link-more\"><a href=\"https:\/\/lanzaworx.com\/dele\/examen-1\/prueba-1\/prueba-1-tarea-1\/\" class=\"more-link\">Continue reading<span class=\"screen-reader-text\"> &#8220;Prueba 1 &#8211; Tarea 1&#8221;<\/span><\/a><\/p>\n","protected":false},"author":1,"featured_media":0,"parent":145,"menu_order":0,"comment_status":"closed","ping_status":"closed","template":"","meta":{"advanced_seo_description":"","jetpack_seo_html_title":"","jetpack_seo_noindex":false,"footnotes":""},"class_list":["post-49","page","type-page","status-publish","hentry"],"jetpack_sharing_enabled":true,"_links":{"self":[{"href":"https:\/\/lanzaworx.com\/dele\/wp-json\/wp\/v2\/pages\/49","targetHints":{"allow":["GET"]}}],"collection":[{"href":"https:\/\/lanzaworx.com\/dele\/wp-json\/wp\/v2\/pages"}],"about":[{"href":"https:\/\/lanzaworx.com\/dele\/wp-json\/wp\/v2\/types\/page"}],"author":[{"embeddable":true,"href":"https:\/\/lanzaworx.com\/dele\/wp-json\/wp\/v2\/users\/1"}],"replies":[{"embeddable":true,"href":"https:\/\/lanzaworx.com\/dele\/wp-json\/wp\/v2\/comments?post=49"}],"version-history":[{"count":14,"href":"https:\/\/lanzaworx.com\/dele\/wp-json\/wp\/v2\/pages\/49\/revisions"}],"predecessor-version":[{"id":784,"href":"https:\/\/lanzaworx.com\/dele\/wp-json\/wp\/v2\/pages\/49\/revisions\/784"}],"up":[{"embeddable":true,"href":"https:\/\/lanzaworx.com\/dele\/wp-json\/wp\/v2\/pages\/145"}],"wp:attachment":[{"href":"https:\/\/lanzaworx.com\/dele\/wp-json\/wp\/v2\/media?parent=49"}],"curies":[{"name":"wp","href":"https:\/\/api.w.org\/{rel}","templated":true}]}}