{"id":413,"date":"2024-01-05T19:10:52","date_gmt":"2024-01-05T19:10:52","guid":{"rendered":"https:\/\/lanzaworx.com\/dele\/?page_id=413"},"modified":"2024-01-12T13:01:08","modified_gmt":"2024-01-12T13:01:08","slug":"prueba-2-tarea-4-transcripciones","status":"publish","type":"page","link":"https:\/\/lanzaworx.com\/dele\/examen-1\/prueba-2\/prueba-2-tarea-4\/prueba-2-tarea-4-transcripciones\/","title":{"rendered":"Prueba 2 Tarea 4 Transcripciones"},"content":{"rendered":"\n<p>Next you will listen to six people recounting situations in which they made a fool of themselves or made themselves look bad. Listen to each person twice. Then, select the statement, a) &#8211; j) that corresponds to the topic each person is talking about, 19 &#8211; 24. There are ten statements, but only six are valid.<\/p>\n\n\n\n<h2 class=\"wp-block-heading\" id=\"p2t4T_p0\">Example Person 0<\/h2>\n\n\n\n<figure class=\"wp-block-audio\"><audio controls src=\"https:\/\/lanzaworx.com\/dele\/wp-content\/uploads\/2024\/01\/p2t4_persona0.wav\"><\/audio><\/figure>\n\n\n\n<p><strong>Hombre:<\/strong> Yo soy periodista y nunca podr\u00e8 olvidar mi primera entrevista. Estaba muy nervioso porque era mi opertunidad de demostrar al director del peri\u00f2dico que era un buen profesional. Ten\u00eca que entrevistar a un actor que pasaba por nuestra ciudad. Prepar\u00e8 las preguntas, me document\u00e8 sobre \u00e8l&#8230; Perodurante la entrevista, me di cuenta de que con quien estaba hablando era con Victor Valverde y no M\u00e0ximo Valverde como yo hab\u00eca pensado&#8230;<\/p>\n\n\n\n<p><strong>Man:<\/strong> I am a journalist and I will never be able to forget my first interview. I was very nervous because it was my opportunity to show the newspaper&#8217;s director that I was a good professional. I had to interview an actor who was passing through our city. I prepared the questions, I researched him\u2026 But during the interview, I realized that the person I was talking to was Victor Valverde and not M\u00e0ximo Valverde as I had thought\u2026<\/p>\n\n\n\n<p>Person 0 &#8211; Statement e) I thought I was talking to another person.<\/p>\n\n\n\n<div class=\"wp-block-buttons is-layout-flex wp-block-buttons-is-layout-flex\">\n<div class=\"wp-block-button\"><a class=\"wp-block-button__link wp-element-button\" href=\"https:\/\/lanzaworx.com\/dele\/examen-1\/prueba-2\/prueba-2-tarea-4\/#p2t4_p0\">Back<\/a><\/div>\n<\/div>\n\n\n\n<h2 class=\"wp-block-heading\">Questions and Answers<\/h2>\n\n\n\n<h2 class=\"wp-block-heading\" id=\"p2t4T_p1\">Person 1<\/h2>\n\n\n\n<figure class=\"wp-block-audio\"><audio controls src=\"https:\/\/lanzaworx.com\/dele\/wp-content\/uploads\/2024\/01\/p2t4_persona1.wav\"><\/audio><\/figure>\n\n\n\n<p><strong>Mujer:<\/strong> Resulta que me llarmaron para decirme que hab\u00eca muerto el padre de una amiga muy querida. Sal\u00ec corriendo para llegar al funeral. Estaba muy lejos y hac\u00eca un calor insoportable. Cuando llegu\u00e8, fui hacia mi amiga, la abrac\u00e8 y le dije: \u00a1Vengo muerta!  De repente, me di cuenta de lo que hab\u00eca dicho, pero lo mejor es que a las dos nos entr\u00f2 l risa nerviosa y estuvimos riendo diez minutos.<\/p>\n\n\n\n<p><strong>Woman:<\/strong> It turns out that they called me to tell me that the father of a very dear friend had died. I ran to get to the funeral. It was very far away and it was unbearably hot. When I arrived, I went to my friend, hugged her and told her: I&#8217;m dead! Suddenly, I realized what I had said, but the best thing is that we both started laughing nervously and we laughed for ten minutes.<\/p>\n\n\n\n<div class=\"wp-block-buttons is-layout-flex wp-block-buttons-is-layout-flex\">\n<div class=\"wp-block-button\"><a class=\"wp-block-button__link wp-element-button\" href=\"https:\/\/lanzaworx.com\/dele\/examen-1\/prueba-2\/prueba-2-tarea-4\/#p2t4_p1\">Back<\/a><\/div>\n<\/div>\n\n\n\n<div style=\"height:100px\" aria-hidden=\"true\" class=\"wp-block-spacer\"><\/div>\n\n\n\n<h2 class=\"wp-block-heading\" id=\"p2t4T_p2\">Person 2<\/h2>\n\n\n\n<figure class=\"wp-block-audio\"><audio controls src=\"https:\/\/lanzaworx.com\/dele\/wp-content\/uploads\/2024\/01\/p2t4_persona2.wav\"><\/audio><\/figure>\n\n\n\n<p id=\"footnoteref1\"><strong>Hombre:<\/strong> Pues yo estaba de luna de miel en Lanzarote y una ma\u00f1ana, al salir de la habitaci\u00f2n, veo a una persona <a href=\"#facedown\"><mark style=\"background-color:rgba(0, 0, 0, 0)\" class=\"has-inline-color has-vivid-green-cyan-color\">boca abajo<\/mark><\/a><sup><a href=\"#facedown\"><mark style=\"background-color:rgba(0, 0, 0, 0)\" class=\"has-inline-color has-vivid-red-color\">1<\/mark><\/a><\/sup> flotando en la piscina. Empec\u00e8 a gritar pidiendo ayuda y me tir\u00e8 vestido. Resulta que el hombre era buceador y estaba practicando. Todo el mundo se rio mucho y lo bueno es que estancia en el hotel me sali\u00f2 gratis.<\/p>\n\n\n\n<p><strong>Man:<\/strong> Well, I was on my honeymoon in Lanzarote and one morning, when I left the room, I saw a person <a href=\"#facedown\"><mark style=\"background-color:rgba(0, 0, 0, 0)\" class=\"has-inline-color has-vivid-green-cyan-color\">face down<\/mark><\/a><sup><a href=\"#facedown\"><mark style=\"background-color:rgba(0, 0, 0, 0)\" class=\"has-inline-color has-vivid-red-color\">1<\/mark><\/a><\/sup> floating in the pool. I started to shout asking for help and threw my clothes off. It turns out that the man was a diver and was practicing. Everyone laughed a lot and the good thing is that my stay at the hotel was free.<\/p>\n\n\n\n<div class=\"wp-block-buttons is-layout-flex wp-block-buttons-is-layout-flex\">\n<div class=\"wp-block-button\"><a class=\"wp-block-button__link wp-element-button\" href=\"https:\/\/lanzaworx.com\/dele\/examen-1\/prueba-2\/prueba-2-tarea-4\/#p2t4_p2\">Back<\/a><\/div>\n<\/div>\n\n\n\n<div style=\"height:100px\" aria-hidden=\"true\" class=\"wp-block-spacer\"><\/div>\n\n\n\n<h2 class=\"wp-block-heading\" id=\"p2t4T_p3\">Person 3<\/h2>\n\n\n\n<figure class=\"wp-block-audio\"><audio controls src=\"https:\/\/lanzaworx.com\/dele\/wp-content\/uploads\/2024\/01\/p2t4_persona3.wav\"><\/audio><\/figure>\n\n\n\n<p><strong>Mujer:<\/strong> Esto me pas\u00f2 en Bangkok hace mucho, cuando la gente no viajaba tanto y no conoc\u00ecamos las costumbres de otros pueblos. Fuimos a un templo budista. Hab\u00eca unos ni\u00f1os de granate y amarillo, preciosos. Sin pensarlo dos veces, los bes\u00e8 a todos en la cabecita. El gu\u00eca me dijo que por mi culpa tendr\u00ecan que estar dos meses rezando porque para los monjes budistas la cabeza es una parte prohibida.<\/p>\n\n\n\n<p><strong>Woman:<\/strong> This happened to me in Bangkok a long time ago, when people didn&#8217;t travel so much and we didn&#8217;t know the customs of other towns. We went to a Buddhist temple. There were some children in maroon and yellow, beautiful. Without thinking twice, I kissed them all on the head. The guide told me that because of me they would have to spend two months praying because for Buddhist monks the head is a forbidden part of the body.<\/p>\n\n\n\n<div class=\"wp-block-buttons is-layout-flex wp-block-buttons-is-layout-flex\">\n<div class=\"wp-block-button\"><a class=\"wp-block-button__link wp-element-button\" href=\"https:\/\/lanzaworx.com\/dele\/examen-1\/prueba-2\/prueba-2-tarea-4\/#p2t4_p3\">Back<\/a><\/div>\n<\/div>\n\n\n\n<div style=\"height:100px\" aria-hidden=\"true\" class=\"wp-block-spacer\"><\/div>\n\n\n\n<h2 class=\"wp-block-heading\" id=\"p2t4T_p4\">Person 4<\/h2>\n\n\n\n<figure class=\"wp-block-audio\"><audio controls src=\"https:\/\/lanzaworx.com\/dele\/wp-content\/uploads\/2024\/01\/p2t4_persona3.wav\"><\/audio><\/figure>\n\n\n\n<p><strong>Hombre:<\/strong> Pues estaba en un sem\u00e0fro, esperando para cruzar y enfrente hab\u00eca un se\u00f1or muy elegante, tambi\u00e8n esperando. Cuando se puso verde y los dos empezamos a andar, el hombre hizo un movimiento raro y yo corr\u00eca \u00e8l pensando que se iba a caer. Entonces \u00e8l me dijo que es que ten\u00eca un problema en la pierna y andaba asi. Algunas veces nos vemos por la calle y me saluda.<\/p>\n\n\n\n<p><strong>Man:<\/strong> Well, I was at a traffic light, waiting to cross and in front of me was a very elegant man, also waiting. When it turned green and we both started walking, the man made a strange movement and I ran thinking he was going to fall. Then he told me that he had a problem with his leg and he was walking like that. Sometimes we see each other on the street and he waves to me.<\/p>\n\n\n\n<div style=\"height:100px\" aria-hidden=\"true\" class=\"wp-block-spacer\"><\/div>\n\n\n\n<h2 class=\"wp-block-heading\" id=\"p2t4T_p5\">Person 5<\/h2>\n\n\n\n<figure class=\"wp-block-audio\"><audio controls src=\"https:\/\/lanzaworx.com\/dele\/wp-content\/uploads\/2024\/01\/p2t4_persona5.wav\"><\/audio><\/figure>\n\n\n\n<p><strong>Mujer:<\/strong> Esto me pas\u00f2 el otra dia. Resulta que me encuentro con una compa\u00f1era de trabajo en la cafeter\u00eca y le not\u00e8 algo raro en la boca. Le dije delante de todo el mundo: Oye, \u00bfte pasa algo? \u00bfte sientes mal? Ella contest\u00f2  No, no, no me pasa nada. Y yo insist\u00eca. Pues creo que tiene que verte un m\u00e8dico, tienes los labios mal. \u00a1Y es que se hab\u00eca puesto botox! La pobre se puso roja.<\/p>\n\n\n\n<p><strong>Woman:<\/strong> This happened to me the other day. It turns out that I met a co-worker in the cafeteria and I noticed something strange about her mouth. I told her in front of everyone: Hey, is something wrong with you? you feel bad? She answered No, no, nothing is wrong with me. And I insisted. Well, I think you need to see a doctor, you have bad lips. And it was that she had had botox! The poor thing turned red.<\/p>\n\n\n\n<div class=\"wp-block-buttons is-layout-flex wp-block-buttons-is-layout-flex\">\n<div class=\"wp-block-button\"><a class=\"wp-block-button__link wp-element-button\" href=\"https:\/\/lanzaworx.com\/dele\/examen-1\/prueba-2\/prueba-2-tarea-4\/#p2t4_p5\">Back<\/a><\/div>\n<\/div>\n\n\n\n<div style=\"height:100px\" aria-hidden=\"true\" class=\"wp-block-spacer\"><\/div>\n\n\n\n<h2 class=\"wp-block-heading\" id=\"p2t4T_p6\">Person 6<\/h2>\n\n\n\n<figure class=\"wp-block-audio\"><audio controls src=\"https:\/\/lanzaworx.com\/dele\/wp-content\/uploads\/2024\/01\/p2t4_persona6.wav\"><\/audio><\/figure>\n\n\n\n<p><strong>Hombre:<\/strong> Pues resulta que el otra dia hab\u00ecamos estado algunos compa\u00f1eros de la oficina el dia anterior de fiesta hasta muy tarde y por la ma\u00f1ana, en el trabajo, les puse un mensaje de esos colectivos diciendo \u00a1Me estoy durmiendo! Yno me di cuenta de que hab\u00eca incluido al jefe en las direcciones, hasta que una companera me lo dijo. Corr\u00ec a su despacho para explicarle. Menos mal que no se enfad\u00f2.<\/p>\n\n\n\n<p><strong>Man:<\/strong> Well, it turns out that the other day with some colleagues from the office we had been partying until very late the day before and in the morning, at work, I sent them a message to the group saying &#8220;I&#8217;m falling asleep!&#8221; And I didn&#8217;t realize that I had included the boss in the addresses until a colleague told me. I ran to the office to explain. Thank goodness they didn&#8217;t get angry.<\/p>\n\n\n\n<div class=\"wp-block-buttons is-layout-flex wp-block-buttons-is-layout-flex\">\n<div class=\"wp-block-button\"><a class=\"wp-block-button__link wp-element-button\" href=\"https:\/\/lanzaworx.com\/dele\/examen-1\/prueba-2\/prueba-2-tarea-4\/#p2t4_p6\">Back<\/a><\/div>\n<\/div>\n\n\n\n<div style=\"height:100px\" aria-hidden=\"true\" class=\"wp-block-spacer\"><\/div>\n\n\n\n<h2 class=\"wp-block-heading\">Statements<\/h2>\n\n\n\n<figure class=\"wp-block-table\"><table><thead><tr><th>Enunciados<\/th><th>Statements<\/th><\/tr><\/thead><tbody><tr><td>a) Tuvo un error intercultural<\/td><td>a) He had an intercultural error<\/td><\/tr><tr><td>b) Entrar en un lugar prohibido<\/td><td>b) Enter a prohibited place<\/td><\/tr><tr><td>c) La persona no caminaba bien<\/td><td>c) The person was not walking well<\/td><\/tr><tr><td>d) Se rio en una situaci\u00f3n triste<\/td><td>d) he laughed in a sad situation<\/td><\/tr><tr><td><mark style=\"background-color:rgba(0, 0, 0, 0)\" class=\"has-inline-color has-luminous-vivid-amber-color\">e) Pensaba que hablaba con otra persona.<\/mark><\/td><td><mark style=\"background-color:rgba(0, 0, 0, 0)\" class=\"has-inline-color has-luminous-vivid-amber-color\">e) he thought he was talking to someone else.<\/mark><\/td><\/tr><tr><td>f) Habl\u00f2 de t\u00f9 a una persona importante<\/td><td>f) he spoke about you to an important person<\/td><\/tr><tr><td>g) Escrib\u00f2 a alquien que no deb\u00eda<\/td><td>g) he wrote to someone that he should not have<\/td><\/tr><tr><td>h) Lleg\u00f3 tarde a una cita importante<\/td><td>h) he was late for an important appointment<\/td><\/tr><tr><td>i) intent\u00f2 ayudar a alguien que no lo necesitaba<\/td><td>i) he tried to help someone who didn&#8217;t need it<\/td><\/tr><tr><td>j) Crey\u00f3 que la otra persona estaba enferma<\/td><td>j) he thought the other person was sick<\/td><\/tr><\/tbody><\/table><\/figure>\n\n\n\n<h2 class=\"wp-block-heading\">Footnotes <\/h2>\n\n\n\n<p id=\"facedown\"><sup><mark style=\"background-color:rgba(0, 0, 0, 0)\" class=\"has-inline-color has-vivid-red-color\">1<\/mark><\/sup> In&nbsp;<em>Spanish<\/em>, the term \u201cboca abajo\u201d (or \u201cbocabajo\u201d) is used. \u201cBoca abajo\u201d literally means \u201c<em>mouth down<\/em>.\u201d <\/p>\n\n\n\n<pre class=\"wp-block-verse\">face down\nestar tumbado boca abajo -  to be lying face down\nse cuelgan los manojos boca abajo -  hang the bunches upside down<\/pre>\n\n\n\n<div class=\"wp-block-buttons is-layout-flex wp-block-buttons-is-layout-flex\">\n<div class=\"wp-block-button\"><a class=\"wp-block-button__link wp-element-button\" href=\"#footnoteref1\">Back<\/a><\/div>\n<\/div>\n","protected":false},"excerpt":{"rendered":"<p>Next you will listen to six people recounting situations in which they made a fool of themselves or made themselves look bad. Listen to each person twice. Then, select the statement, a) &#8211; j) that corresponds to the topic each person is talking about, 19 &#8211; 24. There are ten statements, but only six are &hellip; <\/p>\n<p class=\"link-more\"><a href=\"https:\/\/lanzaworx.com\/dele\/examen-1\/prueba-2\/prueba-2-tarea-4\/prueba-2-tarea-4-transcripciones\/\" class=\"more-link\">Continue reading<span class=\"screen-reader-text\"> &#8220;Prueba 2 Tarea 4 Transcripciones&#8221;<\/span><\/a><\/p>\n","protected":false},"author":1,"featured_media":0,"parent":412,"menu_order":0,"comment_status":"closed","ping_status":"closed","template":"","meta":{"advanced_seo_description":"","jetpack_seo_html_title":"","jetpack_seo_noindex":false,"footnotes":""},"class_list":["post-413","page","type-page","status-publish","hentry"],"jetpack_sharing_enabled":true,"_links":{"self":[{"href":"https:\/\/lanzaworx.com\/dele\/wp-json\/wp\/v2\/pages\/413","targetHints":{"allow":["GET"]}}],"collection":[{"href":"https:\/\/lanzaworx.com\/dele\/wp-json\/wp\/v2\/pages"}],"about":[{"href":"https:\/\/lanzaworx.com\/dele\/wp-json\/wp\/v2\/types\/page"}],"author":[{"embeddable":true,"href":"https:\/\/lanzaworx.com\/dele\/wp-json\/wp\/v2\/users\/1"}],"replies":[{"embeddable":true,"href":"https:\/\/lanzaworx.com\/dele\/wp-json\/wp\/v2\/comments?post=413"}],"version-history":[{"count":37,"href":"https:\/\/lanzaworx.com\/dele\/wp-json\/wp\/v2\/pages\/413\/revisions"}],"predecessor-version":[{"id":519,"href":"https:\/\/lanzaworx.com\/dele\/wp-json\/wp\/v2\/pages\/413\/revisions\/519"}],"up":[{"embeddable":true,"href":"https:\/\/lanzaworx.com\/dele\/wp-json\/wp\/v2\/pages\/412"}],"wp:attachment":[{"href":"https:\/\/lanzaworx.com\/dele\/wp-json\/wp\/v2\/media?parent=413"}],"curies":[{"name":"wp","href":"https:\/\/api.w.org\/{rel}","templated":true}]}}