{"id":412,"date":"2024-01-05T19:10:24","date_gmt":"2024-01-05T19:10:24","guid":{"rendered":"https:\/\/lanzaworx.com\/dele\/?page_id=412"},"modified":"2024-07-21T16:10:06","modified_gmt":"2024-07-21T16:10:06","slug":"prueba-2-tarea-4","status":"publish","type":"page","link":"https:\/\/lanzaworx.com\/dele\/examen-1\/prueba-2\/prueba-2-tarea-4\/","title":{"rendered":"Prueba 2 Tarea 4"},"content":{"rendered":"\n<p>A continuaci\u00f2n va a escuchar a seis personas contando situaciones en que hicieron el ridiculo o quedaron mal. Oir\u00e0 acda persona dos veces. Despu\u00e8s, seleccione el enunciado, a) &#8211; j)que corresponde al tema del que habla cada persona, 19 &#8211; 24. Hay diez enunciados, pero debe seleccionar solarmente seis.<\/p>\n\n\n\n<h2 class=\"wp-block-heading\" id=\"p2t4_p0\">Ejemplo<\/h2>\n\n\n\n<figure class=\"wp-block-audio\"><audio controls src=\"https:\/\/lanzaworx.com\/dele\/wp-content\/uploads\/2024\/01\/p2t4_persona0.wav\"><\/audio><\/figure>\n\n\n\n<p>Persona 0 &#8211; Enunciado e) Pensaba que hablaba con otra persona.<\/p>\n\n\n\n<div class=\"wp-block-buttons is-layout-flex wp-block-buttons-is-layout-flex\">\n<div class=\"wp-block-button\"><a class=\"wp-block-button__link wp-element-button\" href=\"https:\/\/lanzaworx.com\/dele\/examen-1\/prueba-2\/prueba-2-tarea-4\/prueba-2-tarea-4-transcripciones\/#p2t4T_p0\">Transcripcione<\/a><\/div>\n<\/div>\n\n\n\n<div style=\"height:100px\" aria-hidden=\"true\" class=\"wp-block-spacer\"><\/div>\n\n\n\n<h2 class=\"wp-block-heading\">Preguntas y Respuestas<\/h2>\n\n\n\n<h2 class=\"wp-block-heading\" id=\"p2t4_p1\">Persona 1<\/h2>\n\n\n\n<figure class=\"wp-block-audio\"><audio controls src=\"https:\/\/lanzaworx.com\/dele\/wp-content\/uploads\/2024\/01\/p2t4_persona1.wav\"><\/audio><\/figure>\n\n\n\n<div class=\"wp-block-buttons is-layout-flex wp-block-buttons-is-layout-flex\">\n<div class=\"wp-block-button\"><a class=\"wp-block-button__link wp-element-button\" href=\"https:\/\/lanzaworx.com\/dele\/examen-1\/prueba-2\/prueba-2-tarea-4\/prueba-2-tarea-4-transcripciones\/#p2t4T_p1\">Transcripcione<\/a><\/div>\n<\/div>\n\n\n\n<div style=\"height:100px\" aria-hidden=\"true\" class=\"wp-block-spacer\"><\/div>\n\n\n\n<h2 class=\"wp-block-heading\" id=\"p2t4_p2\">Persona 2<\/h2>\n\n\n\n<figure class=\"wp-block-audio\"><audio controls src=\"https:\/\/lanzaworx.com\/dele\/wp-content\/uploads\/2024\/01\/p2t4_persona2.wav\"><\/audio><\/figure>\n\n\n\n<div class=\"wp-block-buttons is-layout-flex wp-block-buttons-is-layout-flex\">\n<div class=\"wp-block-button\"><a class=\"wp-block-button__link wp-element-button\" href=\"https:\/\/lanzaworx.com\/dele\/examen-1\/prueba-2\/prueba-2-tarea-4\/prueba-2-tarea-4-transcripciones\/#p2t4T_p2\">Transcripcione<\/a><\/div>\n<\/div>\n\n\n\n<div style=\"height:100px\" aria-hidden=\"true\" class=\"wp-block-spacer\"><\/div>\n\n\n\n<h2 class=\"wp-block-heading\" id=\"p2t4_p3\">Persona 3<\/h2>\n\n\n\n<figure class=\"wp-block-audio\"><audio controls src=\"https:\/\/lanzaworx.com\/dele\/wp-content\/uploads\/2024\/01\/p2t4_persona3.wav\"><\/audio><\/figure>\n\n\n\n<div class=\"wp-block-buttons is-layout-flex wp-block-buttons-is-layout-flex\">\n<div class=\"wp-block-button\"><a class=\"wp-block-button__link wp-element-button\" href=\"https:\/\/lanzaworx.com\/dele\/examen-1\/prueba-2\/prueba-2-tarea-4\/prueba-2-tarea-4-transcripciones\/#p2t4T_p3\">Transcripcione<\/a><\/div>\n<\/div>\n\n\n\n<div style=\"height:100px\" aria-hidden=\"true\" class=\"wp-block-spacer\"><\/div>\n\n\n\n<h2 class=\"wp-block-heading\" id=\"p2t4_p4\">Persona 4<\/h2>\n\n\n\n<figure class=\"wp-block-audio\"><audio controls src=\"https:\/\/lanzaworx.com\/dele\/wp-content\/uploads\/2024\/01\/p2t4_persona4.wav\"><\/audio><\/figure>\n\n\n\n<div class=\"wp-block-buttons is-layout-flex wp-block-buttons-is-layout-flex\">\n<div class=\"wp-block-button\"><a class=\"wp-block-button__link wp-element-button\" href=\"https:\/\/lanzaworx.com\/dele\/examen-1\/prueba-2\/prueba-2-tarea-4\/prueba-2-tarea-4-transcripciones\/#p2t4T_p4\">Transcripcione<\/a><\/div>\n<\/div>\n\n\n\n<div style=\"height:100px\" aria-hidden=\"true\" class=\"wp-block-spacer\"><\/div>\n\n\n\n<h2 class=\"wp-block-heading\" id=\"p2t4_p5\">Persona 5<\/h2>\n\n\n\n<figure class=\"wp-block-audio\"><audio controls src=\"https:\/\/lanzaworx.com\/dele\/wp-content\/uploads\/2024\/01\/p2t4_persona5.wav\"><\/audio><\/figure>\n\n\n\n<div class=\"wp-block-buttons is-layout-flex wp-block-buttons-is-layout-flex\">\n<div class=\"wp-block-button\"><a class=\"wp-block-button__link wp-element-button\" href=\"https:\/\/lanzaworx.com\/dele\/examen-1\/prueba-2\/prueba-2-tarea-4\/prueba-2-tarea-4-transcripciones\/#p2t4T_p5\">Transcripcione<\/a><\/div>\n<\/div>\n\n\n\n<div style=\"height:100px\" aria-hidden=\"true\" class=\"wp-block-spacer\"><\/div>\n\n\n\n<h2 class=\"wp-block-heading\" id=\"p2t4_p6\">Persona 6<\/h2>\n\n\n\n<figure class=\"wp-block-audio\"><audio controls src=\"https:\/\/lanzaworx.com\/dele\/wp-content\/uploads\/2024\/01\/p2t4_persona6.wav\"><\/audio><\/figure>\n\n\n\n<div class=\"wp-block-buttons is-layout-flex wp-block-buttons-is-layout-flex\">\n<div class=\"wp-block-button\"><a class=\"wp-block-button__link wp-element-button\" href=\"https:\/\/lanzaworx.com\/dele\/examen-1\/prueba-2\/prueba-2-tarea-4\/prueba-2-tarea-4-transcripciones\/#p2t4T_p6\">Transcripcione<\/a><\/div>\n<\/div>\n\n\n\n<div style=\"height:100px\" aria-hidden=\"true\" class=\"wp-block-spacer\"><\/div>\n\n\n\n<div class=\"wp-block-contact-form-7-contact-form-selector\">\n<div class=\"wpcf7 no-js\" id=\"wpcf7-f433-o1\" lang=\"en-US\" dir=\"ltr\" data-wpcf7-id=\"433\">\n<div class=\"screen-reader-response\"><p role=\"status\" aria-live=\"polite\" aria-atomic=\"true\"><\/p> <ul><\/ul><\/div>\n<form action=\"\/dele\/wp-json\/wp\/v2\/pages\/412#wpcf7-f433-o1\" method=\"post\" class=\"wpcf7-form init\" aria-label=\"Contact form\" novalidate=\"novalidate\" data-status=\"init\">\n<fieldset class=\"hidden-fields-container\"><input type=\"hidden\" name=\"_wpcf7\" value=\"433\" \/><input type=\"hidden\" name=\"_wpcf7_version\" value=\"6.1.5\" \/><input type=\"hidden\" name=\"_wpcf7_locale\" value=\"en_US\" \/><input type=\"hidden\" name=\"_wpcf7_unit_tag\" value=\"wpcf7-f433-o1\" \/><input type=\"hidden\" name=\"_wpcf7_container_post\" value=\"0\" \/><input type=\"hidden\" name=\"_wpcf7_posted_data_hash\" value=\"\" \/>\n<\/fieldset>\n<p><label> Your name<br \/>\n<span class=\"wpcf7-form-control-wrap\" data-name=\"your-name\"><input size=\"40\" maxlength=\"400\" class=\"wpcf7-form-control wpcf7-text wpcf7-validates-as-required\" autocomplete=\"name\" aria-required=\"true\" aria-invalid=\"false\" value=\"\" type=\"text\" name=\"your-name\" \/><\/span> <\/label>\n<\/p>\n<p><label> Your email<br \/>\n<span class=\"wpcf7-form-control-wrap\" data-name=\"your-email\"><input size=\"40\" maxlength=\"400\" class=\"wpcf7-form-control wpcf7-email wpcf7-validates-as-required wpcf7-text wpcf7-validates-as-email\" autocomplete=\"email\" aria-required=\"true\" aria-invalid=\"false\" value=\"\" type=\"email\" name=\"your-email\" \/><\/span> <\/label>\n<\/p>\n<p><label> Pregunta 19 <\/label><br \/>\n<label> Persona 1<br \/>\n<span class=\"wpcf7-form-control-wrap\" data-name=\"Answer19\"><select class=\"wpcf7-form-control wpcf7-select wpcf7-validates-as-required\" aria-required=\"true\" aria-invalid=\"false\" name=\"Answer19\"><option value=\"\">&#8212;Please choose an option&#8212;<\/option><option value=\"a) Tuvo un error intercultural\">a) Tuvo un error intercultural<\/option><option value=\"b) Entr\u00f2 en un lugar prohibid\u00f2\">b) Entr\u00f2 en un lugar prohibid\u00f2<\/option><option value=\"c) La persona no caminaba bien\">c) La persona no caminaba bien<\/option><option value=\"d) Se rio en una situaci\u00f2n triste\">d) Se rio en una situaci\u00f2n triste<\/option><option value=\"f) Habl\u00f2 de t\u00f9 a una persona importante\">f) Habl\u00f2 de t\u00f9 a una persona importante<\/option><option value=\"g) Escrib\u00f2 a alquien que no debia\">g) Escrib\u00f2 a alquien que no debia<\/option><option value=\"h) Lleg\u00f2 tarde a una cita importante\">h) Lleg\u00f2 tarde a una cita importante<\/option><option value=\"i) intent\u00f2 ayudar a alguien que no lo necesitaba\">i) intent\u00f2 ayudar a alguien que no lo necesitaba<\/option><option value=\"j) Crey\u00f2 que la otra persona estaba enferma\">j) Crey\u00f2 que la otra persona estaba enferma<\/option><\/select><\/span> <\/label>\n<\/p>\n<p><label> Pregunta 20 <\/label><br \/>\n<label> Persona 2<br \/>\n<span class=\"wpcf7-form-control-wrap\" data-name=\"Answer20\"><select class=\"wpcf7-form-control wpcf7-select wpcf7-validates-as-required\" aria-required=\"true\" aria-invalid=\"false\" name=\"Answer20\"><option value=\"\">&#8212;Please choose an option&#8212;<\/option><option value=\"a) Tuvo un error intercultural\">a) Tuvo un error intercultural<\/option><option value=\"b) Entr\u00f2 en un lugar prohibid\u00f2\">b) Entr\u00f2 en un lugar prohibid\u00f2<\/option><option value=\"c) La persona no caminaba bien\">c) La persona no caminaba bien<\/option><option value=\"d) Se rio en una situaci\u00f2n triste\">d) Se rio en una situaci\u00f2n triste<\/option><option value=\"f) Habl\u00f2 de t\u00f9 a una persona importante\">f) Habl\u00f2 de t\u00f9 a una persona importante<\/option><option value=\"g) Escrib\u00f2 a alquien que no debia\">g) Escrib\u00f2 a alquien que no debia<\/option><option value=\"h) Lleg\u00f2 tarde a una cita importante\">h) Lleg\u00f2 tarde a una cita importante<\/option><option value=\"i) intent\u00f2 ayudar a alguien que no lo necesitaba\">i) intent\u00f2 ayudar a alguien que no lo necesitaba<\/option><option value=\"j) Crey\u00f2 que la otra persona estaba enferma\">j) Crey\u00f2 que la otra persona estaba enferma<\/option><\/select><\/span> <\/label>\n<\/p>\n<p><label> Pregunta 21 <\/label><br \/>\n<label> Persona 3<br \/>\n<span class=\"wpcf7-form-control-wrap\" data-name=\"Answer21\"><select class=\"wpcf7-form-control wpcf7-select wpcf7-validates-as-required\" aria-required=\"true\" aria-invalid=\"false\" name=\"Answer21\"><option value=\"\">&#8212;Please choose an option&#8212;<\/option><option value=\"a) Tuvo un error intercultural\">a) Tuvo un error intercultural<\/option><option value=\"b) Entr\u00f2 en un lugar prohibid\u00f2\">b) Entr\u00f2 en un lugar prohibid\u00f2<\/option><option value=\"c) La persona no caminaba bien\">c) La persona no caminaba bien<\/option><option value=\"d) Se rio en una situaci\u00f2n triste\">d) Se rio en una situaci\u00f2n triste<\/option><option value=\"f) Habl\u00f2 de t\u00f9 a una persona importante\">f) Habl\u00f2 de t\u00f9 a una persona importante<\/option><option value=\"g) Escrib\u00f2 a alquien que no debia\">g) Escrib\u00f2 a alquien que no debia<\/option><option value=\"h) Lleg\u00f2 tarde a una cita importante\">h) Lleg\u00f2 tarde a una cita importante<\/option><option value=\"i) intent\u00f2 ayudar a alguien que no lo necesitaba\">i) intent\u00f2 ayudar a alguien que no lo necesitaba<\/option><option value=\"j) Crey\u00f2 que la otra persona estaba enferma\">j) Crey\u00f2 que la otra persona estaba enferma<\/option><\/select><\/span> <\/label>\n<\/p>\n<p><label> Pregunta 22 <\/label><br \/>\n<label> Persona 4<br \/>\n<span class=\"wpcf7-form-control-wrap\" data-name=\"Answer22\"><select class=\"wpcf7-form-control wpcf7-select wpcf7-validates-as-required\" aria-required=\"true\" aria-invalid=\"false\" name=\"Answer22\"><option value=\"\">&#8212;Please choose an option&#8212;<\/option><option value=\"a) Tuvo un error intercultural\">a) Tuvo un error intercultural<\/option><option value=\"b) Entr\u00f2 en un lugar prohibid\u00f2\">b) Entr\u00f2 en un lugar prohibid\u00f2<\/option><option value=\"c) La persona no caminaba bien\">c) La persona no caminaba bien<\/option><option value=\"d) Se rio en una situaci\u00f2n triste\">d) Se rio en una situaci\u00f2n triste<\/option><option value=\"f) Habl\u00f2 de t\u00f9 a una persona importante\">f) Habl\u00f2 de t\u00f9 a una persona importante<\/option><option value=\"g) Escrib\u00f2 a alquien que no debia\">g) Escrib\u00f2 a alquien que no debia<\/option><option value=\"h) Lleg\u00f2 tarde a una cita importante\">h) Lleg\u00f2 tarde a una cita importante<\/option><option value=\"i) intent\u00f2 ayudar a alguien que no lo necesitaba\">i) intent\u00f2 ayudar a alguien que no lo necesitaba<\/option><option value=\"j) Crey\u00f2 que la otra persona estaba enferma\">j) Crey\u00f2 que la otra persona estaba enferma<\/option><\/select><\/span> <\/label>\n<\/p>\n<p><label> Pregunta 23 <\/label><br \/>\n<label> Persona 5<br \/>\n<span class=\"wpcf7-form-control-wrap\" data-name=\"Answer23\"><select class=\"wpcf7-form-control wpcf7-select wpcf7-validates-as-required\" aria-required=\"true\" aria-invalid=\"false\" name=\"Answer23\"><option value=\"\">&#8212;Please choose an option&#8212;<\/option><option value=\"a) Tuvo un error intercultural\">a) Tuvo un error intercultural<\/option><option value=\"b) Entr\u00f2 en un lugar prohibid\u00f2\">b) Entr\u00f2 en un lugar prohibid\u00f2<\/option><option value=\"c) La persona no caminaba bien\">c) La persona no caminaba bien<\/option><option value=\"d) Se rio en una situaci\u00f2n triste\">d) Se rio en una situaci\u00f2n triste<\/option><option value=\"f) Habl\u00f2 de t\u00f9 a una persona importante\">f) Habl\u00f2 de t\u00f9 a una persona importante<\/option><option value=\"g) Escrib\u00f2 a alquien que no debia\">g) Escrib\u00f2 a alquien que no debia<\/option><option value=\"h) Lleg\u00f2 tarde a una cita importante\">h) Lleg\u00f2 tarde a una cita importante<\/option><option value=\"i) intent\u00f2 ayudar a alguien que no lo necesitaba\">i) intent\u00f2 ayudar a alguien que no lo necesitaba<\/option><option value=\"j) Crey\u00f2 que la otra persona estaba enferma\">j) Crey\u00f2 que la otra persona estaba enferma<\/option><\/select><\/span> <\/label>\n<\/p>\n<p><label> Pregunta 24 <\/label><br \/>\n<label> Persona 6<br \/>\n<span class=\"wpcf7-form-control-wrap\" data-name=\"Answer24\"><select class=\"wpcf7-form-control wpcf7-select wpcf7-validates-as-required\" aria-required=\"true\" aria-invalid=\"false\" name=\"Answer24\"><option value=\"\">&#8212;Please choose an option&#8212;<\/option><option value=\"a) Tuvo un error intercultural\">a) Tuvo un error intercultural<\/option><option value=\"b) Entr\u00f2 en un lugar prohibid\u00f2\">b) Entr\u00f2 en un lugar prohibid\u00f2<\/option><option value=\"c) La persona no caminaba bien\">c) La persona no caminaba bien<\/option><option value=\"d) Se rio en una situaci\u00f2n triste\">d) Se rio en una situaci\u00f2n triste<\/option><option value=\"f) Habl\u00f2 de t\u00f9 a una persona importante\">f) Habl\u00f2 de t\u00f9 a una persona importante<\/option><option value=\"g) Escrib\u00f2 a alquien que no debia\">g) Escrib\u00f2 a alquien que no debia<\/option><option value=\"h) Lleg\u00f2 tarde a una cita importante\">h) Lleg\u00f2 tarde a una cita importante<\/option><option value=\"i) intent\u00f2 ayudar a alguien que no lo necesitaba\">i) intent\u00f2 ayudar a alguien que no lo necesitaba<\/option><option value=\"j) Crey\u00f2 que la otra persona estaba enferma\">j) Crey\u00f2 que la otra persona estaba enferma<\/option><\/select><\/span> <\/label>\n<\/p>\n<p><label> Your message (optional)<br \/>\n<span class=\"wpcf7-form-control-wrap\" data-name=\"your-message\"><textarea cols=\"40\" rows=\"10\" maxlength=\"2000\" class=\"wpcf7-form-control wpcf7-textarea\" aria-invalid=\"false\" name=\"your-message\"><\/textarea><\/span> <\/label>\n<\/p>\n<p><input class=\"wpcf7-form-control wpcf7-submit has-spinner\" type=\"submit\" value=\"Submit\" \/>\n<\/p><div class=\"wpcf7-response-output\" aria-hidden=\"true\"><\/div>\n<\/form>\n<\/div>\n<\/div>\n\n\n\n<div class=\"wp-block-buttons is-layout-flex wp-block-buttons-is-layout-flex\">\n<div class=\"wp-block-button\"><a class=\"wp-block-button__link has-black-color has-vivid-cyan-blue-background-color has-text-color has-background has-link-color wp-element-button\" href=\"https:\/\/lanzaworx.com\/dele\">DELE<\/a><\/div>\n<\/div>\n\n\n\n<p><\/p>\n","protected":false},"excerpt":{"rendered":"<p>A continuaci\u00f2n va a escuchar a seis personas contando situaciones en que hicieron el ridiculo o quedaron mal. Oir\u00e0 acda persona dos veces. Despu\u00e8s, seleccione el enunciado, a) &#8211; j)que corresponde al tema del que habla cada persona, 19 &#8211; 24. Hay diez enunciados, pero debe seleccionar solarmente seis. Ejemplo Persona 0 &#8211; Enunciado e) &hellip; <\/p>\n<p class=\"link-more\"><a href=\"https:\/\/lanzaworx.com\/dele\/examen-1\/prueba-2\/prueba-2-tarea-4\/\" class=\"more-link\">Continue reading<span class=\"screen-reader-text\"> &#8220;Prueba 2 Tarea 4&#8221;<\/span><\/a><\/p>\n","protected":false},"author":1,"featured_media":0,"parent":155,"menu_order":0,"comment_status":"closed","ping_status":"closed","template":"","meta":{"advanced_seo_description":"","jetpack_seo_html_title":"","jetpack_seo_noindex":false,"footnotes":""},"class_list":["post-412","page","type-page","status-publish","hentry"],"jetpack_sharing_enabled":true,"_links":{"self":[{"href":"https:\/\/lanzaworx.com\/dele\/wp-json\/wp\/v2\/pages\/412","targetHints":{"allow":["GET"]}}],"collection":[{"href":"https:\/\/lanzaworx.com\/dele\/wp-json\/wp\/v2\/pages"}],"about":[{"href":"https:\/\/lanzaworx.com\/dele\/wp-json\/wp\/v2\/types\/page"}],"author":[{"embeddable":true,"href":"https:\/\/lanzaworx.com\/dele\/wp-json\/wp\/v2\/users\/1"}],"replies":[{"embeddable":true,"href":"https:\/\/lanzaworx.com\/dele\/wp-json\/wp\/v2\/comments?post=412"}],"version-history":[{"count":12,"href":"https:\/\/lanzaworx.com\/dele\/wp-json\/wp\/v2\/pages\/412\/revisions"}],"predecessor-version":[{"id":701,"href":"https:\/\/lanzaworx.com\/dele\/wp-json\/wp\/v2\/pages\/412\/revisions\/701"}],"up":[{"embeddable":true,"href":"https:\/\/lanzaworx.com\/dele\/wp-json\/wp\/v2\/pages\/155"}],"wp:attachment":[{"href":"https:\/\/lanzaworx.com\/dele\/wp-json\/wp\/v2\/media?parent=412"}],"curies":[{"name":"wp","href":"https:\/\/api.w.org\/{rel}","templated":true}]}}