{"id":39,"date":"2023-06-07T15:55:11","date_gmt":"2023-06-07T15:55:11","guid":{"rendered":"https:\/\/lanzaworx.com\/dele\/?page_id=39"},"modified":"2024-02-02T13:48:33","modified_gmt":"2024-02-02T13:48:33","slug":"familia-2","status":"publish","type":"page","link":"https:\/\/lanzaworx.com\/dele\/examen-1\/examen-1-vocabulario\/familia-2\/","title":{"rendered":"Familia"},"content":{"rendered":"\n<h3 class=\"wp-block-heading\">Abuelo\/a &#8211; Grandfather \/ Grandmother<\/h3>\n\n\n\n<h3 class=\"wp-block-heading\">Gemelo\/a &#8211; Identical Twin<\/h3>\n\n\n\n<h3 class=\"wp-block-heading\">Hijo\/a &#8211; Son \/ Daughter<\/h3>\n\n\n\n<h3 class=\"wp-block-heading\">Madre &#8211; Mother<\/h3>\n\n\n\n<h3 class=\"wp-block-heading\">Madrina &#8211; Godmother<\/h3>\n\n\n\n<div class=\"wp-block-columns is-layout-flex wp-container-core-columns-is-layout-9d6595d7 wp-block-columns-is-layout-flex\">\n<div class=\"wp-block-column is-layout-flow wp-block-column-is-layout-flow\">\n<p>Mujer que presenta o acompa\u00f1a a una persona en una ceremonia religiosa en la que se recibe un sacramento, como el bautismo o el matrimonio, y que se compromete a cumplir con una serie de funciones religiosas o morales.<\/p>\n<\/div>\n\n\n\n<div class=\"wp-block-column is-layout-flow wp-block-column-is-layout-flow\">\n<p>Woman who presents or accompanies a person in a religious ceremony in which a sacrament is received, such as baptism or marriage, and who undertakes to fulfill a series of religious or moral functions.<\/p>\n<\/div>\n<\/div>\n\n\n\n<div class=\"wp-block-columns is-layout-flex wp-container-core-columns-is-layout-9d6595d7 wp-block-columns-is-layout-flex\">\n<div class=\"wp-block-column is-layout-flow wp-block-column-is-layout-flow\">\n<p>Mujer que preside la inauguraci\u00f3n de una ceremonia o que desempe\u00f1a una funci\u00f3n principal y de patronazgo en un acto p\u00fablico.<\/p>\n<\/div>\n\n\n\n<div class=\"wp-block-column is-layout-flow wp-block-column-is-layout-flow\">\n<p>A woman who presides over the inauguration of a ceremony or who performs a principal and patronage role in a public act.<br>the Italian actress was godmother of the opening of the festival<\/p>\n<\/div>\n<\/div>\n\n\n\n<div class=\"wp-block-columns is-layout-flex wp-container-core-columns-is-layout-9d6595d7 wp-block-columns-is-layout-flex\">\n<div class=\"wp-block-column is-layout-flow wp-block-column-is-layout-flow\">\n<p>Mujer que presenta o acompa\u00f1a a una persona cuando esta va a participar en una competici\u00f3n o cuando va a recibir un honor.<\/p>\n<\/div>\n\n\n\n<div class=\"wp-block-column is-layout-flow wp-block-column-is-layout-flow\">\n<p>Woman who presents or accompanies a person when he is going to participate in a competition or when he is going to receive an honor.<\/p>\n<\/div>\n<\/div>\n\n\n\n<div class=\"wp-block-columns is-layout-flex wp-container-core-columns-is-layout-9d6595d7 wp-block-columns-is-layout-flex\">\n<div class=\"wp-block-column is-layout-flow wp-block-column-is-layout-flow\">\n<p>Mujer que protege o ayuda a una persona, en especial en su vida profesional, o que da su ayuda, apoyo o protecci\u00f3n, especialmente econ\u00f3mica, para el desarrollo de un proyecto o una actividad.<\/p>\n<\/div>\n\n\n\n<div class=\"wp-block-column is-layout-flow wp-block-column-is-layout-flow\">\n<p>A woman who protects or helps a person, especially in her professional life, or who gives her help, support or protection, especially economically, for the development of a project or activity.<\/p>\n<\/div>\n<\/div>\n\n\n\n<div class=\"wp-block-columns is-layout-flex wp-container-core-columns-is-layout-9d6595d7 wp-block-columns-is-layout-flex\">\n<div class=\"wp-block-column is-layout-flow wp-block-column-is-layout-flow\">\n<p>la actriz italiana fue&nbsp;<strong>madrina<\/strong>&nbsp;de la inauguraci\u00f3n del festival<\/p>\n\n\n\n<p>fue&nbsp;<strong>madrina<\/strong>&nbsp;de la botadura del barco<\/p>\n<\/div>\n\n\n\n<div class=\"wp-block-column is-layout-flow wp-block-column-is-layout-flow\">\n<p>the Italian actress was godmother of the opening of the festival<\/p>\n\n\n\n<p>she was godmother of the boat launching<\/p>\n<\/div>\n<\/div>\n\n\n\n<h3 class=\"wp-block-heading\">Melizo &#8211; Non Identical Twin<\/h3>\n\n\n\n<h3 class=\"wp-block-heading\">Nieto\/a &#8211; Grandson \/ Granddaughter<\/h3>\n\n\n\n<h3 class=\"wp-block-heading\">Padre &#8211; Father<\/h3>\n\n\n\n<h3 class=\"wp-block-heading\">Padrino &#8211; Godfather<\/h3>\n\n\n\n<h3 class=\"wp-block-heading\">Primo\/a &#8211; Cousin<\/h3>\n\n\n\n<p>primog\u00e9nito &#8211; firstborn<\/p>\n\n\n\n<h3 class=\"wp-block-heading\">Sobrino\/a- Nephew \/ Niece<\/h3>\n\n\n\n<h3 class=\"wp-block-heading\">Tio\/a &#8211; Uncle \/ Aunt<\/h3>\n\n\n\n<p>tiovivo &#8211; carousel<\/p>\n\n\n\n<h3 class=\"wp-block-heading\">Familia Politica<\/h3>\n\n\n\n<h3 class=\"wp-block-heading\">Cu\u00f1ado\/a &#8211; Brother In Law \/ Sister In Law<\/h3>\n\n\n\n<h3 class=\"wp-block-heading\">Nuera &#8211; Daughter In Law<\/h3>\n\n\n\n<h3 class=\"wp-block-heading\">Suegro\/a &#8211; Father In Law \/ Mother in Law<\/h3>\n\n\n\n<div class=\"wp-block-columns is-layout-flex wp-container-core-columns-is-layout-9d6595d7 wp-block-columns-is-layout-flex\">\n<div class=\"wp-block-column is-layout-flow wp-block-column-is-layout-flow\">\n<p>el padre de mi mujer es mi&nbsp;<strong>suegro<\/strong>&nbsp;y mi madre es la suegra de mi mujer<\/p>\n<\/div>\n\n\n\n<div class=\"wp-block-column is-layout-flow wp-block-column-is-layout-flow\">\n<p>My wife&#8217;s father is my father-in-law and my mother is my wife&#8217;s mother-in-law<\/p>\n<\/div>\n<\/div>\n\n\n\n<h3 class=\"wp-block-heading\">Yerno &#8211; Son In Law<\/h3>\n\n\n\n<div class=\"wp-block-columns is-layout-flex wp-container-core-columns-is-layout-9d6595d7 wp-block-columns-is-layout-flex\">\n<div class=\"wp-block-column is-layout-flow wp-block-column-is-layout-flow\">\n<p>el padre de la chica est\u00e1 encantado, su futuro&nbsp;<strong>yerno<\/strong>&nbsp;le parece un hombre de provecho<\/p>\n<\/div>\n\n\n\n<div class=\"wp-block-column is-layout-flow wp-block-column-is-layout-flow\">\n<p>the girl&#8217;s father is delighted, his future son-in-law seems to him a useful man<\/p>\n<\/div>\n<\/div>\n","protected":false},"excerpt":{"rendered":"<p>Abuelo\/a &#8211; Grandfather \/ Grandmother Gemelo\/a &#8211; Identical Twin Hijo\/a &#8211; Son \/ Daughter Madre &#8211; Mother Madrina &#8211; Godmother Mujer que presenta o acompa\u00f1a a una persona en una ceremonia religiosa en la que se recibe un sacramento, como el bautismo o el matrimonio, y que se compromete a cumplir con una serie de &hellip; <\/p>\n<p class=\"link-more\"><a href=\"https:\/\/lanzaworx.com\/dele\/examen-1\/examen-1-vocabulario\/familia-2\/\" class=\"more-link\">Continue reading<span class=\"screen-reader-text\"> &#8220;Familia&#8221;<\/span><\/a><\/p>\n","protected":false},"author":1,"featured_media":0,"parent":577,"menu_order":0,"comment_status":"closed","ping_status":"closed","template":"","meta":{"advanced_seo_description":"","jetpack_seo_html_title":"","jetpack_seo_noindex":false,"footnotes":""},"class_list":["post-39","page","type-page","status-publish","hentry"],"jetpack_sharing_enabled":true,"_links":{"self":[{"href":"https:\/\/lanzaworx.com\/dele\/wp-json\/wp\/v2\/pages\/39","targetHints":{"allow":["GET"]}}],"collection":[{"href":"https:\/\/lanzaworx.com\/dele\/wp-json\/wp\/v2\/pages"}],"about":[{"href":"https:\/\/lanzaworx.com\/dele\/wp-json\/wp\/v2\/types\/page"}],"author":[{"embeddable":true,"href":"https:\/\/lanzaworx.com\/dele\/wp-json\/wp\/v2\/users\/1"}],"replies":[{"embeddable":true,"href":"https:\/\/lanzaworx.com\/dele\/wp-json\/wp\/v2\/comments?post=39"}],"version-history":[{"count":1,"href":"https:\/\/lanzaworx.com\/dele\/wp-json\/wp\/v2\/pages\/39\/revisions"}],"predecessor-version":[{"id":40,"href":"https:\/\/lanzaworx.com\/dele\/wp-json\/wp\/v2\/pages\/39\/revisions\/40"}],"up":[{"embeddable":true,"href":"https:\/\/lanzaworx.com\/dele\/wp-json\/wp\/v2\/pages\/577"}],"wp:attachment":[{"href":"https:\/\/lanzaworx.com\/dele\/wp-json\/wp\/v2\/media?parent=39"}],"curies":[{"name":"wp","href":"https:\/\/api.w.org\/{rel}","templated":true}]}}