{"id":367,"date":"2024-01-03T18:26:59","date_gmt":"2024-01-03T18:26:59","guid":{"rendered":"https:\/\/lanzaworx.com\/dele\/?page_id=367"},"modified":"2024-07-21T16:01:47","modified_gmt":"2024-07-21T16:01:47","slug":"prueba-1-tarea-3","status":"publish","type":"page","link":"https:\/\/lanzaworx.com\/dele\/examen-1\/prueba-1\/prueba-1-tarea-3\/","title":{"rendered":"Prueba 1 Tarea 3"},"content":{"rendered":"\n<p>A continuaci\u00f2n va a leer tres textos en los que unas personas cuentan c\u00f2mo conocieron a sus parejas. Despues, relacione pas preguntas 13 &#8211; 18 con los textos a), b) o c).<\/p>\n\n\n\n<p>Next you will read three texts in which people tell how they met their partners. Afterwards, relate questions 13-18 with texts a), b) or c).<\/p>\n\n\n\n<h2 class=\"wp-block-heading\" id=\"p1t3Magda\">a) Magda<\/h2>\n\n\n\n<p>Pues yo conoci a mi novio hace diez a\u00f1os. Ahora tengo veintis\u00e8is y \u00e8l, neintisiete. \u00a1imaginaos lo j\u00f2vens que \u00e8ramos! Fue en el cumplea\u00f1os de una de mi mejores amigas. \u00c8l era amigo de su hermano mayor y no conocia a nadie, asi que estaba un poco aburrido, sentado en un tinc\u00f2n, solo. A mi me gust\u00f2 en cuanto lo vi. \u00a1Se parece un mont\u00f2n a Johnny Dpp! Me daba verg\u00f9enza acercarme, soy un poco timida, pero al final me arm\u00e8 de valor y me acerqu\u00e8 a \u00e8l. Nos puismos a hablar de cosas y vimos que teniamos muchas aficiones en com\u00f9n. Al final, nos intercambiamos los tel\u00e8fones y pronto empezamos a salir.<\/p>\n\n\n\n<div class=\"wp-block-buttons is-layout-flex wp-block-buttons-is-layout-flex\">\n<div class=\"wp-block-button\"><a class=\"wp-block-button__link wp-element-button\" href=\"https:\/\/lanzaworx.com\/dele\/examen-1\/prueba-1\/prueba-1-tarea-3\/prueba-1-tarea-3-transcripciones\/#p1t3transMagda\">Transcripcione<\/a><\/div>\n<\/div>\n\n\n\n<h2 class=\"wp-block-heading\" id=\"p1t3Nuria\">b) Nuria<\/h2>\n\n\n\n<p>Pues Carlos y yo \u00e8ramos compa\u00f1eros de trabajo. Tengo que confesar que al principio me ca\u00eca fatal. \u00a1somos tan distintos! A \u00e8l le encanta el campo y yo soy una urbanita convencida. \u00e8l adora las peliculas de acci\u00f2n y yo no soporto la violencia&#8230; El caso es que en una comida de empresa nos sentamos juntos y no tuvimos m\u00e0s remedio que hablar. Descubri que era muy divertido y empez\u00f2 a gustarme. Pero \u00a1Qu\u00e8 mala suerte! a la semana siguiente lo trasladaron a la oficina de Barcelona. Seguimos en contacto po correo electr\u00f2nico y chat. En verano quedamos y nos vimos durante una semana. Yo pedi el translado a Barcelona y me lo dieron. Llevamos cinco a\u00f1os juntos.<\/p>\n\n\n\n<div class=\"wp-block-buttons is-layout-flex wp-block-buttons-is-layout-flex\">\n<div class=\"wp-block-button\"><a class=\"wp-block-button__link wp-element-button\" href=\"https:\/\/lanzaworx.com\/dele\/examen-1\/prueba-1\/prueba-1-tarea-3\/prueba-1-tarea-3-transcripciones\/#p1t3transNuria\">Transcripcione<\/a><\/div>\n<\/div>\n\n\n\n<h2 class=\"wp-block-heading\" id=\"p1t3Carmen\">c) Carmen<\/h2>\n\n\n\n<p>Yo conoci  a Juan, mi novio, en foro. Acababa de llegar a Lyon a trabajar y estaba un poco solo. Me hablaron de un foro en el que participaban otra personas en mi misma situaci\u00f2n: los que tenian m\u00e0s experiencia la compartian con los reci\u00e8n llegados. Como necesitaba saber algunas cosas pr\u00e0cticas, entr\u00e8 una noche y pregunt\u00e8 algo sobre papeleos que tenia que hacer. Juan me cotest\u00f2 muy amablemente y yo le contest\u00e8 d\u00e0ndole las gracias. Luego result\u00f2 que era de mi mismo pueblo, \u00a1qu\u00e8 casualidad! Hablando y hablando descubrimos que su hermano est\u00e0 casado con una prima mia. Quedamos un dia y la verdad es que fue amor a primera vista&#8230;<\/p>\n\n\n\n<div class=\"wp-block-buttons is-layout-flex wp-block-buttons-is-layout-flex\">\n<div class=\"wp-block-button\"><a class=\"wp-block-button__link wp-element-button\" href=\"https:\/\/lanzaworx.com\/dele\/examen-1\/prueba-1\/prueba-1-tarea-3\/prueba-1-tarea-3-transcripciones\/#p1t3transCarmen\">Transcripcione<\/a><\/div>\n<\/div>\n\n\n\n<div style=\"height:100px\" aria-hidden=\"true\" class=\"wp-block-spacer\"><\/div>\n\n\n\n<div class=\"wp-block-contact-form-7-contact-form-selector\">\n<div class=\"wpcf7 no-js\" id=\"wpcf7-f388-o1\" lang=\"en-US\" dir=\"ltr\" data-wpcf7-id=\"388\">\n<div class=\"screen-reader-response\"><p role=\"status\" aria-live=\"polite\" aria-atomic=\"true\"><\/p> <ul><\/ul><\/div>\n<form action=\"\/dele\/wp-json\/wp\/v2\/pages\/367#wpcf7-f388-o1\" method=\"post\" class=\"wpcf7-form init\" aria-label=\"Contact form\" novalidate=\"novalidate\" data-status=\"init\">\n<fieldset class=\"hidden-fields-container\"><input type=\"hidden\" name=\"_wpcf7\" value=\"388\" \/><input type=\"hidden\" name=\"_wpcf7_version\" value=\"6.1.5\" \/><input type=\"hidden\" name=\"_wpcf7_locale\" value=\"en_US\" \/><input type=\"hidden\" name=\"_wpcf7_unit_tag\" value=\"wpcf7-f388-o1\" \/><input type=\"hidden\" name=\"_wpcf7_container_post\" value=\"0\" \/><input type=\"hidden\" name=\"_wpcf7_posted_data_hash\" value=\"\" \/>\n<\/fieldset>\n<p><label> Your name<br \/>\n<span class=\"wpcf7-form-control-wrap\" data-name=\"your-name\"><input size=\"40\" maxlength=\"400\" class=\"wpcf7-form-control wpcf7-text wpcf7-validates-as-required\" autocomplete=\"name\" aria-required=\"true\" aria-invalid=\"false\" value=\"\" type=\"text\" name=\"your-name\" \/><\/span> <\/label>\n<\/p>\n<p><label> Your email<br \/>\n<span class=\"wpcf7-form-control-wrap\" data-name=\"your-email\"><input size=\"40\" maxlength=\"400\" class=\"wpcf7-form-control wpcf7-email wpcf7-validates-as-required wpcf7-text wpcf7-validates-as-email\" autocomplete=\"email\" aria-required=\"true\" aria-invalid=\"false\" value=\"\" type=\"email\" name=\"your-email\" \/><\/span> <\/label>\n<\/p>\n<p><label> Pregunta 13 <\/label><br \/>\n<label> \u00bfQuien dice que al principio no le gustaba?<br \/>\n<span class=\"wpcf7-form-control-wrap\" data-name=\"Answer13\"><select class=\"wpcf7-form-control wpcf7-select wpcf7-validates-as-required\" aria-required=\"true\" aria-invalid=\"false\" name=\"Answer13\"><option value=\"\">&#8212;Please choose an option&#8212;<\/option><option value=\"a) Magda\">a) Magda<\/option><option value=\"b) Nuria\">b) Nuria<\/option><option value=\"c) Carmen\">c) Carmen<\/option><\/select><\/span> <\/label>\n<\/p>\n<p><label> Pregunta 14 <\/label><br \/>\n<label> \u00bfQuien conoci\u00f2 a su novio cuando todavia era menor de edad?<br \/>\n<span class=\"wpcf7-form-control-wrap\" data-name=\"Answer14\"><select class=\"wpcf7-form-control wpcf7-select wpcf7-validates-as-required\" aria-required=\"true\" aria-invalid=\"false\" name=\"Answer14\"><option value=\"\">&#8212;Please choose an option&#8212;<\/option><option value=\"a) Magda\">a) Magda<\/option><option value=\"b) Nuria\">b) Nuria<\/option><option value=\"c) Carmen\">c) Carmen<\/option><\/select><\/span> <\/label>\n<\/p>\n<p><label> Pregunta 15 <\/label><br \/>\n<label> \u00bfQuien dice que tiene lazos familiares con su novio?<br \/>\n<span class=\"wpcf7-form-control-wrap\" data-name=\"Answer15\"><select class=\"wpcf7-form-control wpcf7-select wpcf7-validates-as-required\" aria-required=\"true\" aria-invalid=\"false\" name=\"Answer15\"><option value=\"\">&#8212;Please choose an option&#8212;<\/option><option value=\"a) Magda\">a) Magda<\/option><option value=\"b) Nuria\">b) Nuria<\/option><option value=\"c) Carmen\">c) Carmen<\/option><\/select><\/span> <\/label>\n<\/p>\n<p><label> Pregunta 16 <\/label><br \/>\n<label> \u00bfQuien dice que conoci\u00f2 a su novio por internet?<br \/>\n<span class=\"wpcf7-form-control-wrap\" data-name=\"Answer16\"><select class=\"wpcf7-form-control wpcf7-select wpcf7-validates-as-required\" aria-required=\"true\" aria-invalid=\"false\" name=\"Answer16\"><option value=\"\">&#8212;Please choose an option&#8212;<\/option><option value=\"a) Magda\">a) Magda<\/option><option value=\"b) Nuria\">b) Nuria<\/option><option value=\"c) Carmen\">c) Carmen<\/option><\/select><\/span> <\/label>\n<\/p>\n<p><label> Pregunta 17 <\/label><br \/>\n<label> \u00bfQuien dice que tienen aficiones muy diferentes?<br \/>\n<span class=\"wpcf7-form-control-wrap\" data-name=\"Answer17\"><select class=\"wpcf7-form-control wpcf7-select wpcf7-validates-as-required\" aria-required=\"true\" aria-invalid=\"false\" name=\"Answer17\"><option value=\"\">&#8212;Please choose an option&#8212;<\/option><option value=\"a) Magda\">a) Magda<\/option><option value=\"b) Nuria\">b) Nuria<\/option><option value=\"c) Carmen\">c) Carmen<\/option><\/select><\/span> <\/label>\n<\/p>\n<p><label> Pregunta 18 <\/label><br \/>\n<label> \u00bfQuien cuenta que se separaron y luego volvieron a unirse?<br \/>\n<span class=\"wpcf7-form-control-wrap\" data-name=\"Answer18\"><select class=\"wpcf7-form-control wpcf7-select wpcf7-validates-as-required\" aria-required=\"true\" aria-invalid=\"false\" name=\"Answer18\"><option value=\"\">&#8212;Please choose an option&#8212;<\/option><option value=\"a) Magda\">a) Magda<\/option><option value=\"b) Nuria\">b) Nuria<\/option><option value=\"c) Carmen\">c) Carmen<\/option><\/select><\/span> <\/label>\n<\/p>\n<p><label> Your message (optional)<br \/>\n<span class=\"wpcf7-form-control-wrap\" data-name=\"your-message\"><textarea cols=\"40\" rows=\"10\" maxlength=\"2000\" class=\"wpcf7-form-control wpcf7-textarea\" aria-invalid=\"false\" name=\"your-message\"><\/textarea><\/span> <\/label>\n<\/p>\n<p><input class=\"wpcf7-form-control wpcf7-submit has-spinner\" type=\"submit\" value=\"Submit\" \/>\n<\/p><div class=\"wpcf7-response-output\" aria-hidden=\"true\"><\/div>\n<\/form>\n<\/div>\n<\/div>\n\n\n\n<div class=\"wp-block-buttons is-layout-flex wp-block-buttons-is-layout-flex\">\n<div class=\"wp-block-button\"><a class=\"wp-block-button__link has-black-color has-vivid-cyan-blue-background-color has-text-color has-background has-link-color wp-element-button\" href=\"https:\/\/lanzaworx.com\/dele\">Regresar<\/a><\/div>\n<\/div>\n","protected":false},"excerpt":{"rendered":"<p>A continuaci\u00f2n va a leer tres textos en los que unas personas cuentan c\u00f2mo conocieron a sus parejas. Despues, relacione pas preguntas 13 &#8211; 18 con los textos a), b) o c). Next you will read three texts in which people tell how they met their partners. Afterwards, relate questions 13-18 with texts a), b) &hellip; <\/p>\n<p class=\"link-more\"><a href=\"https:\/\/lanzaworx.com\/dele\/examen-1\/prueba-1\/prueba-1-tarea-3\/\" class=\"more-link\">Continue reading<span class=\"screen-reader-text\"> &#8220;Prueba 1 Tarea 3&#8221;<\/span><\/a><\/p>\n","protected":false},"author":1,"featured_media":0,"parent":145,"menu_order":0,"comment_status":"closed","ping_status":"closed","template":"","meta":{"advanced_seo_description":"","jetpack_seo_html_title":"","jetpack_seo_noindex":false,"footnotes":""},"class_list":["post-367","page","type-page","status-publish","hentry"],"jetpack_sharing_enabled":true,"_links":{"self":[{"href":"https:\/\/lanzaworx.com\/dele\/wp-json\/wp\/v2\/pages\/367","targetHints":{"allow":["GET"]}}],"collection":[{"href":"https:\/\/lanzaworx.com\/dele\/wp-json\/wp\/v2\/pages"}],"about":[{"href":"https:\/\/lanzaworx.com\/dele\/wp-json\/wp\/v2\/types\/page"}],"author":[{"embeddable":true,"href":"https:\/\/lanzaworx.com\/dele\/wp-json\/wp\/v2\/users\/1"}],"replies":[{"embeddable":true,"href":"https:\/\/lanzaworx.com\/dele\/wp-json\/wp\/v2\/comments?post=367"}],"version-history":[{"count":22,"href":"https:\/\/lanzaworx.com\/dele\/wp-json\/wp\/v2\/pages\/367\/revisions"}],"predecessor-version":[{"id":694,"href":"https:\/\/lanzaworx.com\/dele\/wp-json\/wp\/v2\/pages\/367\/revisions\/694"}],"up":[{"embeddable":true,"href":"https:\/\/lanzaworx.com\/dele\/wp-json\/wp\/v2\/pages\/145"}],"wp:attachment":[{"href":"https:\/\/lanzaworx.com\/dele\/wp-json\/wp\/v2\/media?parent=367"}],"curies":[{"name":"wp","href":"https:\/\/api.w.org\/{rel}","templated":true}]}}