{"id":320,"date":"2024-01-01T18:22:02","date_gmt":"2024-01-01T18:22:02","guid":{"rendered":"https:\/\/lanzaworx.com\/dele\/?page_id=320"},"modified":"2024-12-18T15:08:40","modified_gmt":"2024-12-18T15:08:40","slug":"examen-1","status":"publish","type":"page","link":"https:\/\/lanzaworx.com\/dele\/examen-1\/","title":{"rendered":"Examen 1"},"content":{"rendered":"\n<h2 class=\"wp-block-heading\">Las Personas: Su f\u00ecsico, Su Car\u00e0cter y Sus Relationes<\/h2>\n\n\n\n<h3 class=\"wp-block-heading\"><a href=\"https:\/\/lanzaworx.com\/dele\/examen-1\/examen-1-vocabulario\/\" data-type=\"page\" data-id=\"577\"><mark style=\"background-color:rgba(0, 0, 0, 0)\" class=\"has-inline-color has-vivid-green-cyan-color\">Vocabulario<\/mark><\/a><\/h3>\n\n\n\n<h2 class=\"wp-block-heading\"><a href=\"https:\/\/lanzaworx.com\/dele\/examen-1\/prueba-1\/\" data-type=\"page\" data-id=\"145\"><mark style=\"background-color:rgba(0, 0, 0, 0)\" class=\"has-inline-color has-vivid-green-cyan-color\">Prueba 1 Comprensi\u00f2n de lectura<\/mark><\/a><\/h2>\n\n\n\n<ul class=\"wp-block-list\">\n<li><a href=\"https:\/\/lanzaworx.com\/dele\/examen-1\/prueba-1\/prueba-1-tarea-1\/\" data-type=\"page\" data-id=\"49\"><mark style=\"background-color:rgba(0, 0, 0, 0)\" class=\"has-inline-color has-vivid-green-cyan-color\">Tarea 1<\/mark><\/a><\/li>\n\n\n\n<li><a href=\"https:\/\/lanzaworx.com\/dele\/examen-1\/prueba-1\/prueba-1-tarea-2\/\" data-type=\"page\" data-id=\"134\"><mark style=\"background-color:rgba(0, 0, 0, 0)\" class=\"has-inline-color has-vivid-green-cyan-color\">Tarea 2<\/mark><\/a><\/li>\n\n\n\n<li><a href=\"https:\/\/lanzaworx.com\/dele\/examen-1\/prueba-1\/prueba-1-tarea-3\/\" data-type=\"page\" data-id=\"367\"><mark style=\"background-color:rgba(0, 0, 0, 0)\" class=\"has-inline-color has-vivid-green-cyan-color\">Tarea 3<\/mark><\/a><\/li>\n\n\n\n<li>Tarea 4<\/li>\n\n\n\n<li>Tarea 5<\/li>\n<\/ul>\n\n\n\n<h2 class=\"wp-block-heading\"><a href=\"https:\/\/lanzaworx.com\/dele\/examen-1\/prueba-2\/\" data-type=\"page\" data-id=\"155\"><mark style=\"background-color:rgba(0, 0, 0, 0)\" class=\"has-inline-color has-vivid-green-cyan-color\">Prueba 2 Comprensi\u00f2n Auditiva<\/mark><\/a><\/h2>\n\n\n\n<ul class=\"wp-block-list\">\n<li><a href=\"https:\/\/lanzaworx.com\/dele\/examen-1\/prueba-2\/prueba-2-tarea-1\/\" data-type=\"page\" data-id=\"158\"><mark style=\"background-color:rgba(0, 0, 0, 0)\" class=\"has-inline-color has-vivid-green-cyan-color\">Tarea 1<\/mark><\/a><\/li>\n\n\n\n<li><a href=\"https:\/\/lanzaworx.com\/dele\/examen-1\/prueba-2\/prueba-2-tarea-2-la-boda-de-rosa\/\" data-type=\"page\" data-id=\"251\"><mark style=\"background-color:rgba(0, 0, 0, 0)\" class=\"has-inline-color has-vivid-green-cyan-color\">Tarea 2<\/mark><\/a><\/li>\n\n\n\n<li><a href=\"https:\/\/lanzaworx.com\/dele\/examen-1\/prueba-2\/prueba-2-tarea-3\/\" data-type=\"page\" data-id=\"282\"><mark style=\"background-color:rgba(0, 0, 0, 0)\" class=\"has-inline-color has-vivid-green-cyan-color\">Tarea 3<\/mark><\/a><\/li>\n\n\n\n<li><a href=\"https:\/\/lanzaworx.com\/dele\/examen-1\/prueba-2\/prueba-2-tarea-4\/\" data-type=\"page\" data-id=\"412\"><mark style=\"background-color:rgba(0, 0, 0, 0)\" class=\"has-inline-color has-vivid-green-cyan-color\">Tarea 4<\/mark><\/a><\/li>\n\n\n\n<li>Tarea 5<\/li>\n<\/ul>\n\n\n\n<h2 class=\"wp-block-heading\">Prueba 3 Expresi\u00f2n e Interacci\u00f2n Escritas<\/h2>\n\n\n\n<ul class=\"wp-block-list\">\n<li><a href=\"https:\/\/lanzaworx.com\/dele\/examen-1\/examen-1-prueba-3\/examen-1-prueba-3-tarea-1\/\"><mark style=\"background-color:rgba(0, 0, 0, 0)\" class=\"has-inline-color has-vivid-green-cyan-color\">Tarea 1<\/mark><\/a><\/li>\n\n\n\n<li><a href=\"https:\/\/lanzaworx.com\/dele\/examen-1\/examen-1-prueba-3\/examen-1-prueba-3-tarea-2\/\" data-type=\"page\" data-id=\"762\"><mark style=\"background-color:rgba(0, 0, 0, 0)\" class=\"has-inline-color has-vivid-green-cyan-color\">Tarea 2<\/mark><\/a><\/li>\n<\/ul>\n\n\n\n<h2 class=\"wp-block-heading\">Prueba 4 Expresi\u00f2n e Interacci\u00f2n Orales<\/h2>\n\n\n\n<ul class=\"wp-block-list\">\n<li>Tarea 1<\/li>\n\n\n\n<li>Tarea 2<\/li>\n\n\n\n<li>Tarea 3<\/li>\n\n\n\n<li>Tarea 4<\/li>\n<\/ul>\n\n\n\n<p><\/p>\n","protected":false},"excerpt":{"rendered":"<p>Las Personas: Su f\u00ecsico, Su Car\u00e0cter y Sus Relationes Vocabulario Prueba 1 Comprensi\u00f2n de lectura Prueba 2 Comprensi\u00f2n Auditiva Prueba 3 Expresi\u00f2n e Interacci\u00f2n Escritas Prueba 4 Expresi\u00f2n e Interacci\u00f2n Orales<\/p>\n","protected":false},"author":1,"featured_media":0,"parent":0,"menu_order":0,"comment_status":"closed","ping_status":"closed","template":"","meta":{"advanced_seo_description":"","jetpack_seo_html_title":"","jetpack_seo_noindex":false,"footnotes":""},"class_list":["post-320","page","type-page","status-publish","hentry"],"jetpack_sharing_enabled":true,"_links":{"self":[{"href":"https:\/\/lanzaworx.com\/dele\/wp-json\/wp\/v2\/pages\/320","targetHints":{"allow":["GET"]}}],"collection":[{"href":"https:\/\/lanzaworx.com\/dele\/wp-json\/wp\/v2\/pages"}],"about":[{"href":"https:\/\/lanzaworx.com\/dele\/wp-json\/wp\/v2\/types\/page"}],"author":[{"embeddable":true,"href":"https:\/\/lanzaworx.com\/dele\/wp-json\/wp\/v2\/users\/1"}],"replies":[{"embeddable":true,"href":"https:\/\/lanzaworx.com\/dele\/wp-json\/wp\/v2\/comments?post=320"}],"version-history":[{"count":10,"href":"https:\/\/lanzaworx.com\/dele\/wp-json\/wp\/v2\/pages\/320\/revisions"}],"predecessor-version":[{"id":779,"href":"https:\/\/lanzaworx.com\/dele\/wp-json\/wp\/v2\/pages\/320\/revisions\/779"}],"wp:attachment":[{"href":"https:\/\/lanzaworx.com\/dele\/wp-json\/wp\/v2\/media?parent=320"}],"curies":[{"name":"wp","href":"https:\/\/api.w.org\/{rel}","templated":true}]}}