{"id":283,"date":"2024-01-01T11:40:41","date_gmt":"2024-01-01T11:40:41","guid":{"rendered":"https:\/\/lanzaworx.com\/dele\/?page_id=283"},"modified":"2024-01-03T17:35:36","modified_gmt":"2024-01-03T17:35:36","slug":"prueba-2-tarea-3-transcripciones","status":"publish","type":"page","link":"https:\/\/lanzaworx.com\/dele\/examen-1\/prueba-2\/prueba-2-tarea-3\/prueba-2-tarea-3-transcripciones\/","title":{"rendered":"Prueba 2 Tarea 3 Transcripciones"},"content":{"rendered":"\n<h2 class=\"wp-block-heading\" id=\"NoticiaTranscrip1\">Noticia 1<\/h2>\n\n\n\n<p>Las dos adolescentes buscadas desde el jueves fueron halladas esta tarde en distintas circunstancias. Se trata de Carolina Christello, de 17 a\u00f1os, desaparecida el jueves en Palermo, y Yaona L\u00f2pez, de 13, quien se ausent\u00f2 de su hogar en el partido bonaerense de La Matanza en la misma jornada. Las dos desapariciones no estaban relacionadas.<\/p>\n\n\n\n<figure class=\"wp-block-audio\"><audio controls src=\"https:\/\/lanzaworx.com\/dele\/wp-content\/uploads\/2024\/01\/p2t3_noticia1.wav\"><\/audio><\/figure>\n\n\n\n<h2 class=\"wp-block-heading\">News Item 1<\/h2>\n\n\n\n<p>The two teenagers missing since Thursday were found this afternoon in different circumstances. They are Carolina Christello, 17, who disappeared on Thursday in Palermo, and Yaona L\u00f2pez, 13, who was absent from her home in the Buenos Aires district of La Matanza on the same day. The two disappearances were not related.<\/p>\n\n\n\n<h2 class=\"wp-block-heading\">13. Las dos chicas desaparecidas<\/h2>\n\n\n\n<p>a) Eran Amigas, b) Desaparecieron el miso dia, c) Vivian en el mismo lugar<\/p>\n\n\n\n<h2 class=\"wp-block-heading\">13. The two missing girls<\/h2>\n\n\n\n<p>a) They were Friends, b) They disappeared on the same day, c) They lived in the same place<\/p>\n\n\n\n<div class=\"wp-block-buttons is-layout-flex wp-block-buttons-is-layout-flex\">\n<div class=\"wp-block-button\"><a class=\"wp-block-button__link wp-element-button\" href=\"https:\/\/lanzaworx.com\/dele\/examen-1\/prueba-2\/prueba-2-tarea-3\/#AudioNoticia1\">Back<\/a><\/div>\n<\/div>\n\n\n\n<div style=\"height:100px\" aria-hidden=\"true\" class=\"wp-block-spacer\"><\/div>\n\n\n\n<h2 class=\"wp-block-heading\" id=\"NoticiaTranscrip2\">Noticia 2<\/h2>\n\n\n\n<p>Marisol Mirandy es una joven de 23 a\u00f1os que cre\u00f2 una p\u00e0gina en facebook para encontrar a su padre biol\u00f2gico, Marciano Gonz\u00e0lez, de nacionalidad paraguaya, quien actualmente tendr\u00eca entre 46 y 50 a\u00f1os y que presuntamente estar\u00eca viviendo en Tucum\u00e0n. Marisol, que vive en Mor\u00f2n, ha declarado que neccesita conocerlo para saber sobre su identidad y que por eso quiere encontrarlo.<\/p>\n\n\n\n<figure class=\"wp-block-audio\"><audio controls src=\"https:\/\/lanzaworx.com\/dele\/wp-content\/uploads\/2024\/01\/p2t3_noticias2.wav\"><\/audio><\/figure>\n\n\n\n<h2 class=\"wp-block-heading\">News Item 2<\/h2>\n\n\n\n<p>Marisol Mirandy is a 23-year-old girl who created a Facebook page to find her biological father, Marciano Gonz\u00e0lez, of Paraguayan nationality, who would currently be between 46 and 50 years old and who would presumably be living in Tucum\u00e1n. Marisol, who lives in Mor\u00f2n, has stated that she needs to know him to know her identity and that is why she wants to find him.<\/p>\n\n\n\n<h2 class=\"wp-block-heading\">14. Marisol Mirandy busca a su padre<\/h2>\n\n\n\n<p>a) Pero no sabe qui\u00e8n es, b) Y ya lo ha encontrado, c) Porque siente necesidad de conocerlo<\/p>\n\n\n\n<h2 class=\"wp-block-heading\">14. Marisol Mirandy looks for her father<\/h2>\n\n\n\n<p>a) But she doesn&#8217;t know who he is, b) And she has already found him, c) Because she feels the need to know him<\/p>\n\n\n\n<div class=\"wp-block-buttons is-layout-flex wp-block-buttons-is-layout-flex\">\n<div class=\"wp-block-button\"><a class=\"wp-block-button__link wp-element-button\" href=\"https:\/\/lanzaworx.com\/dele\/examen-1\/prueba-2\/prueba-2-tarea-3\/#AudioNoticia2\">Back<\/a><\/div>\n<\/div>\n\n\n\n<div style=\"height:100px\" aria-hidden=\"true\" class=\"wp-block-spacer\"><\/div>\n\n\n\n<h2 class=\"wp-block-heading\" id=\"NoticiaTranscrip3\">Noticia 3<\/h2>\n\n\n\n<p>Un concurso de dibujo denominado Navidad solidaria, orientado a ni\u00f1os de hasta 11 a\u00f1os, fue lanzado por la empresa Jardin del Pilar para colaborar con C\u00e0ritas Buenos Aires. Los participantes deber\u00e0n presentar sus trabajos hasta el 17 de diciembre y podr\u00e0n obtener una tablet como primer premio, junto a la satisfacci\u00f2n de ayudar para que en esta Navidad no falta la comida en la mesa de muchas familias.<\/p>\n\n\n\n<figure class=\"wp-block-audio\"><audio controls src=\"https:\/\/lanzaworx.com\/dele\/wp-content\/uploads\/2024\/01\/p2t3_noticias3.wav\"><\/audio><\/figure>\n\n\n\n<h2 class=\"wp-block-heading\">News Item 3<\/h2>\n\n\n\n<p>A drawing contest called Solidarity Christmas, aimed at children up to 11 years old, was launched by the company Jardin del Pilar to collaborate with C\u00e0ritas Buenos Aires. Participants must present their work until December 17 and will be able to obtain a tablet as first prize, along with the satisfaction of helping so that this Christmas there is no shortage of food on the table of many families.<\/p>\n\n\n\n<h2 class=\"wp-block-heading\">15. El concurso Navidad solidaria<\/h2>\n\n\n\n<p>a) Tiene un limite de edad, b) No tiene premio, c) Consiste en preparar una comida<\/p>\n\n\n\n<h2 class=\"wp-block-heading\">15. The Solidarity Christmas Contest<\/h2>\n\n\n\n<p>a) It has an age limit, b) It has no prize, c) It consists of preparing a meal<\/p>\n\n\n\n<div class=\"wp-block-buttons is-layout-flex wp-block-buttons-is-layout-flex\">\n<div class=\"wp-block-button\"><a class=\"wp-block-button__link wp-element-button\" href=\"https:\/\/lanzaworx.com\/dele\/examen-1\/prueba-2\/prueba-2-tarea-3\/#AudioNoticia3\">Back<\/a><\/div>\n<\/div>\n\n\n\n<div style=\"height:100px\" aria-hidden=\"true\" class=\"wp-block-spacer\"><\/div>\n\n\n\n<h2 class=\"wp-block-heading\" id=\"NoticiaTranscrip4\">Noticia 4<\/h2>\n\n\n\n<p>Un hombre de 31 a\u00f1os que sal\u00eca de celebrar su propia fiesta de casamiento e iba con su flamante esposa hacia su casa muri\u00f2 tr\u00e0gicamente, en el partido bonaerense de Escobar. La pareja iba en su auto, que fue impactado por un joven de 23 a\u00f1os que en un principio escap\u00f2 del lugar, aunque mas tarde se present\u00f2 ante las autoridades.<\/p>\n\n\n\n<figure class=\"wp-block-audio\"><audio controls src=\"https:\/\/lanzaworx.com\/dele\/wp-content\/uploads\/2024\/01\/p2t3_noticias4.wav\"><\/audio><\/figure>\n\n\n\n<h2 class=\"wp-block-heading\">News Item 4<\/h2>\n\n\n\n<p>A 31-year-old man who was leaving to celebrate his own wedding party and was going home with his brand new wife died tragically, in the Buenos Aires district of Escobar. The couple was in their car, which was hit by a 23-year-old young man who initially fled the scene, although he later appeared before the authorities.<\/p>\n\n\n\n<h2 class=\"wp-block-heading\">16. La victima<\/h2>\n\n\n\n<p>a) Tenia veintitr\u00e8s a\u00f1os, b) Fue culpable del accidente, c) Acababa de casarse<\/p>\n\n\n\n<h2 class=\"wp-block-heading\">16. The victim<\/h2>\n\n\n\n<p>a) Was twenty-three years old, b) Was to blame for the accident, c) Had just gotten married<\/p>\n\n\n\n<div class=\"wp-block-buttons is-layout-flex wp-block-buttons-is-layout-flex\">\n<div class=\"wp-block-button\"><a class=\"wp-block-button__link wp-element-button\" href=\"https:\/\/lanzaworx.com\/dele\/examen-1\/prueba-2\/prueba-2-tarea-3\/#AudioNoticia4\">Back<\/a><\/div>\n<\/div>\n\n\n\n<div style=\"height:100px\" aria-hidden=\"true\" class=\"wp-block-spacer\"><\/div>\n\n\n\n<h2 class=\"wp-block-heading\" id=\"NoticiaTranscrip5\">Noticia 5<\/h2>\n\n\n\n<p>Cientos de personas marcharon hoy en commemoraci\u00f2n del Dia Internacional de la No Violencia hacia las Mujeres, por las calles del municipio de Mor\u00f2n, para concientizar sobre este tema. El cierre fue de la mano de las cantantes Liliana Vitale y Ver\u00f2nica Condom\u00ec que hicieron cantar con la m\u00f9sica de su espect\u00e0culo Humanas en la Plaza General San Martin.<\/p>\n\n\n\n<figure class=\"wp-block-audio\"><audio controls src=\"https:\/\/lanzaworx.com\/dele\/wp-content\/uploads\/2024\/01\/p2t3_noticias5.wav\"><\/audio><\/figure>\n\n\n\n<h2 class=\"wp-block-heading\">News Item 5<\/h2>\n\n\n\n<p>Hundreds of people marched today in commemoration of the International Day of Non-Violence against Women, through the streets of the municipality of Mor\u00f2n, to raise awareness about this issue. The closing was led by the singers Liliana Vitale and Ver\u00f2nica Condom\u00ec who made people sing with the music of their show Humanas in the Plaza General San Martin.<\/p>\n\n\n\n<h2 class=\"wp-block-heading\">17. El Dia de la No Violencia hacia las Mujeres<\/h2>\n\n\n\n<p>a) Se celebr\u00f2 solo en Mor\u00f2n, b) Termin\u00f2 con un concierto, c) Tuvo poca participaci\u00f2n<\/p>\n\n\n\n<h2 class=\"wp-block-heading\">17. The Day of No Violence against Women<\/h2>\n\n\n\n<p>a) It was held only in Mor\u00f2n, b) It ended with a concert, c) It had little participation<\/p>\n\n\n\n<div class=\"wp-block-buttons is-layout-flex wp-block-buttons-is-layout-flex\">\n<div class=\"wp-block-button\"><a class=\"wp-block-button__link wp-element-button\" href=\"https:\/\/lanzaworx.com\/dele\/examen-1\/prueba-2\/prueba-2-tarea-3\/#AudioNoticia5\">Back<\/a><\/div>\n<\/div>\n\n\n\n<div style=\"height:100px\" aria-hidden=\"true\" class=\"wp-block-spacer\"><\/div>\n\n\n\n<h2 class=\"wp-block-heading\" id=\"NoticiaTranscrip6\">Noticia 6<\/h2>\n\n\n\n<p>El informe del proyecto del estilo de vida estadounidense e Internet del Pew Research Center encontr\u00f2 que los padres est\u00e0n vigilando las actividades en l\u00ecnea de sus hijos, lo que provoca una reacci\u00f2n mixta en los j\u00f2venes. Seg\u00f9n el estudio, algunos j\u00f2vens preferir\u00ecan no aceptar las solicitudes de amisdad de sus padres. Sin embargo, en otros casos los adolescentes tienen una actidud positiva acerca se ser amigos con sus padres en las redes sociales. El estudio estim\u00f2 que 80% of los padres cuyos hijos adolescentes usan redes sociales son a su vez usuarios de las mismas.<\/p>\n\n\n\n<figure class=\"wp-block-audio\"><audio controls src=\"https:\/\/lanzaworx.com\/dele\/wp-content\/uploads\/2024\/01\/p2t3_noticias6.wav\"><\/audio><\/figure>\n\n\n\n<h2 class=\"wp-block-heading\">News Item 6<\/h2>\n\n\n\n<p>The Pew Research Center&#8217;s Internet and American Lifestyle Project report found that parents are monitoring their children&#8217;s online activities, which provoked  a mixed reaction from young people. According to the study, some young people would prefer not to accept their parents&#8217; friendship requests. However, in other cases, adolescents have a positive attitude about being friends with their parents on social networks. The study estimated that 80% of parents whose teenagers use social networks are themselves users of them.<\/p>\n\n\n\n<h2 class=\"wp-block-heading\">18. Seg\u00f9n este informe, los adolescentes estadounidense<\/h2>\n\n\n\n<p>a) No son controlados por sus padtes en el uso de internet, b) Reaccionan de modo diferente al relacionarse con sus padres por internet, c) No utilizan las mismas redes sociales que sus padres<\/p>\n\n\n\n<h2 class=\"wp-block-heading\">18. According to this report, American adolescents<\/h2>\n\n\n\n<p>a) They are not controlled by their parents in the use of the Internet, b) They react differently when interacting with their parents on the Internet, c) They do not use the same social networks as their parents<\/p>\n\n\n\n<div class=\"wp-block-buttons is-layout-flex wp-block-buttons-is-layout-flex\">\n<div class=\"wp-block-button\"><a class=\"wp-block-button__link wp-element-button\" href=\"https:\/\/lanzaworx.com\/dele\/examen-1\/prueba-2\/prueba-2-tarea-3\/#AudioNoticia6\">Back<\/a><\/div>\n<\/div>\n","protected":false},"excerpt":{"rendered":"<p>Noticia 1 Las dos adolescentes buscadas desde el jueves fueron halladas esta tarde en distintas circunstancias. Se trata de Carolina Christello, de 17 a\u00f1os, desaparecida el jueves en Palermo, y Yaona L\u00f2pez, de 13, quien se ausent\u00f2 de su hogar en el partido bonaerense de La Matanza en la misma jornada. Las dos desapariciones no &hellip; <\/p>\n<p class=\"link-more\"><a href=\"https:\/\/lanzaworx.com\/dele\/examen-1\/prueba-2\/prueba-2-tarea-3\/prueba-2-tarea-3-transcripciones\/\" class=\"more-link\">Continue reading<span class=\"screen-reader-text\"> &#8220;Prueba 2 Tarea 3 Transcripciones&#8221;<\/span><\/a><\/p>\n","protected":false},"author":1,"featured_media":0,"parent":282,"menu_order":0,"comment_status":"closed","ping_status":"closed","template":"","meta":{"advanced_seo_description":"","jetpack_seo_html_title":"","jetpack_seo_noindex":false,"footnotes":""},"class_list":["post-283","page","type-page","status-publish","hentry"],"jetpack_sharing_enabled":true,"_links":{"self":[{"href":"https:\/\/lanzaworx.com\/dele\/wp-json\/wp\/v2\/pages\/283","targetHints":{"allow":["GET"]}}],"collection":[{"href":"https:\/\/lanzaworx.com\/dele\/wp-json\/wp\/v2\/pages"}],"about":[{"href":"https:\/\/lanzaworx.com\/dele\/wp-json\/wp\/v2\/types\/page"}],"author":[{"embeddable":true,"href":"https:\/\/lanzaworx.com\/dele\/wp-json\/wp\/v2\/users\/1"}],"replies":[{"embeddable":true,"href":"https:\/\/lanzaworx.com\/dele\/wp-json\/wp\/v2\/comments?post=283"}],"version-history":[{"count":25,"href":"https:\/\/lanzaworx.com\/dele\/wp-json\/wp\/v2\/pages\/283\/revisions"}],"predecessor-version":[{"id":366,"href":"https:\/\/lanzaworx.com\/dele\/wp-json\/wp\/v2\/pages\/283\/revisions\/366"}],"up":[{"embeddable":true,"href":"https:\/\/lanzaworx.com\/dele\/wp-json\/wp\/v2\/pages\/282"}],"wp:attachment":[{"href":"https:\/\/lanzaworx.com\/dele\/wp-json\/wp\/v2\/media?parent=283"}],"curies":[{"name":"wp","href":"https:\/\/api.w.org\/{rel}","templated":true}]}}