{"id":282,"date":"2024-01-01T11:40:44","date_gmt":"2024-01-01T11:40:44","guid":{"rendered":"https:\/\/lanzaworx.com\/dele\/?page_id=282"},"modified":"2024-07-21T16:08:54","modified_gmt":"2024-07-21T16:08:54","slug":"prueba-2-tarea-3","status":"publish","type":"page","link":"https:\/\/lanzaworx.com\/dele\/examen-1\/prueba-2\/prueba-2-tarea-3\/","title":{"rendered":"Prueba 2 Tarea 3"},"content":{"rendered":"\n<p>A continuaci\u00f2n va a eschuchar seis noticias de un programa radiiofonico argentino. Lo oir\u00e0 dos vces, despu\u00e8s, seleccion la repuesta correcta, a), b) o c).<\/p>\n\n\n\n<p>Next you will listen to six news stories from an Argentine radio program. Listen to them twice, then select the correct answer, a), b) or c).<\/p>\n\n\n\n<h2 class=\"wp-block-heading\" id=\"AudioNoticia1\">Noticia 1<\/h2>\n\n\n\n<figure class=\"wp-block-audio\"><audio controls src=\"https:\/\/lanzaworx.com\/dele\/wp-content\/uploads\/2024\/01\/p2t3_noticia1.wav\"><\/audio><\/figure>\n\n\n\n<div class=\"wp-block-buttons is-layout-flex wp-block-buttons-is-layout-flex\">\n<div class=\"wp-block-button\"><a class=\"wp-block-button__link wp-element-button\" href=\"https:\/\/lanzaworx.com\/dele\/examen-1\/prueba-2\/prueba-2-tarea-3\/prueba-2-tarea-3-transcripciones\/#NoticiaTranscrip1\">Transcripciones<\/a><\/div>\n<\/div>\n\n\n\n<div style=\"height:100px\" aria-hidden=\"true\" class=\"wp-block-spacer\"><\/div>\n\n\n\n<h2 class=\"wp-block-heading\" id=\"AudioNoticia2\">Noticia 2<\/h2>\n\n\n\n<figure class=\"wp-block-audio\"><audio controls src=\"https:\/\/lanzaworx.com\/dele\/wp-content\/uploads\/2024\/01\/p2t3_noticias2.wav\"><\/audio><\/figure>\n\n\n\n<div class=\"wp-block-buttons is-layout-flex wp-block-buttons-is-layout-flex\">\n<div class=\"wp-block-button\"><a class=\"wp-block-button__link wp-element-button\" href=\"https:\/\/lanzaworx.com\/dele\/examen-1\/prueba-2\/prueba-2-tarea-3\/prueba-2-tarea-3-transcripciones\/#NoticiaTranscrip2\">Transcripciones<\/a><\/div>\n<\/div>\n\n\n\n<div style=\"height:100px\" aria-hidden=\"true\" class=\"wp-block-spacer\"><\/div>\n\n\n\n<h2 class=\"wp-block-heading\" id=\"AudioNoticia3\">Noticia 3<\/h2>\n\n\n\n<figure class=\"wp-block-audio\"><audio controls src=\"https:\/\/lanzaworx.com\/dele\/wp-content\/uploads\/2024\/01\/p2t3_noticias3.wav\"><\/audio><\/figure>\n\n\n\n<div class=\"wp-block-buttons is-layout-flex wp-block-buttons-is-layout-flex\">\n<div class=\"wp-block-button\"><a class=\"wp-block-button__link wp-element-button\" href=\"https:\/\/lanzaworx.com\/dele\/examen-1\/prueba-2\/prueba-2-tarea-3\/prueba-2-tarea-3-transcripciones\/#NoticiaTranscrip3\">Transcripciones<\/a><\/div>\n<\/div>\n\n\n\n<div style=\"height:100px\" aria-hidden=\"true\" class=\"wp-block-spacer\"><\/div>\n\n\n\n<h2 class=\"wp-block-heading\" id=\"AudioNoticia4\">Noticia 4<\/h2>\n\n\n\n<figure class=\"wp-block-audio\"><audio controls src=\"https:\/\/lanzaworx.com\/dele\/wp-content\/uploads\/2024\/01\/p2t3_noticias4.wav\"><\/audio><\/figure>\n\n\n\n<div class=\"wp-block-buttons is-layout-flex wp-block-buttons-is-layout-flex\">\n<div class=\"wp-block-button\"><a class=\"wp-block-button__link wp-element-button\" href=\"https:\/\/lanzaworx.com\/dele\/examen-1\/prueba-2\/prueba-2-tarea-3\/prueba-2-tarea-3-transcripciones\/#NoticiaTranscrip4\">Transcripciones<\/a><\/div>\n<\/div>\n\n\n\n<div style=\"height:100px\" aria-hidden=\"true\" class=\"wp-block-spacer\"><\/div>\n\n\n\n<h2 class=\"wp-block-heading\" id=\"AudioNoticia5\">Noticia 5<\/h2>\n\n\n\n<figure class=\"wp-block-audio\"><audio controls src=\"https:\/\/lanzaworx.com\/dele\/wp-content\/uploads\/2024\/01\/p2t3_noticias5.wav\"><\/audio><\/figure>\n\n\n\n<div class=\"wp-block-buttons is-layout-flex wp-block-buttons-is-layout-flex\">\n<div class=\"wp-block-button\"><a class=\"wp-block-button__link wp-element-button\" href=\"https:\/\/lanzaworx.com\/dele\/examen-1\/prueba-2\/prueba-2-tarea-3\/prueba-2-tarea-3-transcripciones\/#NoticiaTranscrip5\">Transcripciones<\/a><\/div>\n<\/div>\n\n\n\n<div style=\"height:100px\" aria-hidden=\"true\" class=\"wp-block-spacer\"><\/div>\n\n\n\n<h2 class=\"wp-block-heading\" id=\"AudioNoticia6\">Noticia 6<\/h2>\n\n\n\n<figure class=\"wp-block-audio\"><audio controls src=\"https:\/\/lanzaworx.com\/dele\/wp-content\/uploads\/2024\/01\/p2t3_noticias6.wav\"><\/audio><\/figure>\n\n\n\n<div class=\"wp-block-buttons is-layout-flex wp-block-buttons-is-layout-flex\">\n<div class=\"wp-block-button\"><a class=\"wp-block-button__link wp-element-button\" href=\"https:\/\/lanzaworx.com\/dele\/examen-1\/prueba-2\/prueba-2-tarea-3\/prueba-2-tarea-3-transcripciones\/#NoticiaTranscrip6\">Transcripciones<\/a><\/div>\n<\/div>\n\n\n\n<div style=\"height:100px\" aria-hidden=\"true\" class=\"wp-block-spacer\"><\/div>\n\n\n\n<h2 class=\"wp-block-heading\">Preguntas<\/h2>\n\n\n\n<div class=\"wp-block-contact-form-7-contact-form-selector\">\n<div class=\"wpcf7 no-js\" id=\"wpcf7-f305-o1\" lang=\"en-US\" dir=\"ltr\" data-wpcf7-id=\"305\">\n<div class=\"screen-reader-response\"><p role=\"status\" aria-live=\"polite\" aria-atomic=\"true\"><\/p> <ul><\/ul><\/div>\n<form action=\"\/dele\/wp-json\/wp\/v2\/pages\/282#wpcf7-f305-o1\" method=\"post\" class=\"wpcf7-form init\" aria-label=\"Contact form\" novalidate=\"novalidate\" data-status=\"init\">\n<fieldset class=\"hidden-fields-container\"><input type=\"hidden\" name=\"_wpcf7\" value=\"305\" \/><input type=\"hidden\" name=\"_wpcf7_version\" value=\"6.1.5\" \/><input type=\"hidden\" name=\"_wpcf7_locale\" value=\"en_US\" \/><input type=\"hidden\" name=\"_wpcf7_unit_tag\" value=\"wpcf7-f305-o1\" \/><input type=\"hidden\" name=\"_wpcf7_container_post\" value=\"0\" \/><input type=\"hidden\" name=\"_wpcf7_posted_data_hash\" value=\"\" \/>\n<\/fieldset>\n<p><label> Your name<br \/>\n<span class=\"wpcf7-form-control-wrap\" data-name=\"your-name\"><input size=\"40\" maxlength=\"400\" class=\"wpcf7-form-control wpcf7-text wpcf7-validates-as-required\" autocomplete=\"name\" aria-required=\"true\" aria-invalid=\"false\" value=\"\" type=\"text\" name=\"your-name\" \/><\/span> <\/label>\n<\/p>\n<p><label> Your email<br \/>\n<span class=\"wpcf7-form-control-wrap\" data-name=\"your-email\"><input size=\"40\" maxlength=\"400\" class=\"wpcf7-form-control wpcf7-email wpcf7-validates-as-required wpcf7-text wpcf7-validates-as-email\" autocomplete=\"email\" aria-required=\"true\" aria-invalid=\"false\" value=\"\" type=\"email\" name=\"your-email\" \/><\/span> <\/label>\n<\/p>\n<p><label> Pregunta 13 <\/label><br \/>\n<label> Las dos chicas desaparecidas<br \/>\n<span class=\"wpcf7-form-control-wrap\" data-name=\"Answer13\"><select class=\"wpcf7-form-control wpcf7-select wpcf7-validates-as-required\" aria-required=\"true\" aria-invalid=\"false\" name=\"Answer13\"><option value=\"\">&#8212;Please choose an option&#8212;<\/option><option value=\"a) Eran Amigas\">a) Eran Amigas<\/option><option value=\"b) Desaparecieron el miso dia\">b) Desaparecieron el miso dia<\/option><option value=\"c) Vivian en el mismo lugar\">c) Vivian en el mismo lugar<\/option><\/select><\/span> <\/label>\n<\/p>\n<p><label> Pregunta 14 <\/label><br \/>\n<label> Marisol Mirandy busca a su padre<br \/>\n<span class=\"wpcf7-form-control-wrap\" data-name=\"Answer14\"><select class=\"wpcf7-form-control wpcf7-select wpcf7-validates-as-required\" aria-required=\"true\" aria-invalid=\"false\" name=\"Answer14\"><option value=\"\">&#8212;Please choose an option&#8212;<\/option><option value=\"a) Pero no sabe qui\u00e8n es\">a) Pero no sabe qui\u00e8n es<\/option><option value=\"b) Y ya lo ha encontrado\">b) Y ya lo ha encontrado<\/option><option value=\"c) Porque siente necesidad de conocerlo\">c) Porque siente necesidad de conocerlo<\/option><\/select><\/span> <\/label>\n<\/p>\n<p><label> Pregunta 15 <\/label><br \/>\n<label> El concurso Navidad solidaria<br \/>\n<span class=\"wpcf7-form-control-wrap\" data-name=\"Answer15\"><select class=\"wpcf7-form-control wpcf7-select wpcf7-validates-as-required\" aria-required=\"true\" aria-invalid=\"false\" name=\"Answer15\"><option value=\"\">&#8212;Please choose an option&#8212;<\/option><option value=\"a) Tiene un limite de edad\">a) Tiene un limite de edad<\/option><option value=\"b) No tiene premio\">b) No tiene premio<\/option><option value=\"c) Consiste en preparar una comida\">c) Consiste en preparar una comida<\/option><\/select><\/span> <\/label>\n<\/p>\n<p><label> Pregunta 16 <\/label><br \/>\n<label> La victima<br \/>\n<span class=\"wpcf7-form-control-wrap\" data-name=\"Answer16\"><select class=\"wpcf7-form-control wpcf7-select wpcf7-validates-as-required\" aria-required=\"true\" aria-invalid=\"false\" name=\"Answer16\"><option value=\"\">&#8212;Please choose an option&#8212;<\/option><option value=\"a) Tenia veintitr\u00e8s a\u00f1os\">a) Tenia veintitr\u00e8s a\u00f1os<\/option><option value=\"b) Fue culpable del accidente\">b) Fue culpable del accidente<\/option><option value=\"c) Acababa de casarse\">c) Acababa de casarse<\/option><\/select><\/span> <\/label>\n<\/p>\n<p><label> Pregunta 17 <\/label><br \/>\n<label> El Dia de la No Violencia hacia las Mujeres<br \/>\n<span class=\"wpcf7-form-control-wrap\" data-name=\"Answer17\"><select class=\"wpcf7-form-control wpcf7-select wpcf7-validates-as-required\" aria-required=\"true\" aria-invalid=\"false\" name=\"Answer17\"><option value=\"\">&#8212;Please choose an option&#8212;<\/option><option value=\"a) Se celebr\u00f2 solo en Mor\u00f2n\">a) Se celebr\u00f2 solo en Mor\u00f2n<\/option><option value=\"b) Termin\u00f2 con un concierto\">b) Termin\u00f2 con un concierto<\/option><option value=\"c) Tuvo poca participaci\u00f2n\">c) Tuvo poca participaci\u00f2n<\/option><\/select><\/span> <\/label>\n<\/p>\n<p><label> Pregunta 18 <\/label><br \/>\n<label> Seg\u00f9n este informe, los adolescentes estadounidense<br \/>\n<span class=\"wpcf7-form-control-wrap\" data-name=\"Answer18\"><select class=\"wpcf7-form-control wpcf7-select wpcf7-validates-as-required\" aria-required=\"true\" aria-invalid=\"false\" name=\"Answer18\"><option value=\"\">&#8212;Please choose an option&#8212;<\/option><option value=\"a) No son controlados por sus padtes en el uso de internet\">a) No son controlados por sus padtes en el uso de internet<\/option><option value=\"b) Reaccionan de modo diferente al relacionarse con sus padres por internet\">b) Reaccionan de modo diferente al relacionarse con sus padres por internet<\/option><option value=\"c) No utilizan las mismas redes sociales que sus padres\">c) No utilizan las mismas redes sociales que sus padres<\/option><\/select><\/span> <\/label>\n<\/p>\n<p><label> Your message (optional)<br \/>\n<span class=\"wpcf7-form-control-wrap\" data-name=\"your-message\"><textarea cols=\"40\" rows=\"10\" maxlength=\"2000\" class=\"wpcf7-form-control wpcf7-textarea\" aria-invalid=\"false\" name=\"your-message\"><\/textarea><\/span> <\/label>\n<\/p>\n<p><input class=\"wpcf7-form-control wpcf7-submit has-spinner\" type=\"submit\" value=\"Submit\" \/>\n<\/p><div class=\"wpcf7-response-output\" aria-hidden=\"true\"><\/div>\n<\/form>\n<\/div>\n<\/div>\n\n\n\n<div class=\"wp-block-buttons is-layout-flex wp-block-buttons-is-layout-flex\">\n<div class=\"wp-block-button\"><a class=\"wp-block-button__link has-black-color has-vivid-cyan-blue-background-color has-text-color has-background has-link-color wp-element-button\" href=\"https:\/\/lanzaworx.com\/dele\">DELE<\/a><\/div>\n<\/div>\n","protected":false},"excerpt":{"rendered":"<p>A continuaci\u00f2n va a eschuchar seis noticias de un programa radiiofonico argentino. Lo oir\u00e0 dos vces, despu\u00e8s, seleccion la repuesta correcta, a), b) o c). Next you will listen to six news stories from an Argentine radio program. Listen to them twice, then select the correct answer, a), b) or c). Noticia 1 Noticia 2 &hellip; <\/p>\n<p class=\"link-more\"><a href=\"https:\/\/lanzaworx.com\/dele\/examen-1\/prueba-2\/prueba-2-tarea-3\/\" class=\"more-link\">Continue reading<span class=\"screen-reader-text\"> &#8220;Prueba 2 Tarea 3&#8221;<\/span><\/a><\/p>\n","protected":false},"author":1,"featured_media":0,"parent":155,"menu_order":0,"comment_status":"closed","ping_status":"closed","template":"","meta":{"advanced_seo_description":"","jetpack_seo_html_title":"","jetpack_seo_noindex":false,"footnotes":""},"class_list":["post-282","page","type-page","status-publish","hentry"],"jetpack_sharing_enabled":true,"_links":{"self":[{"href":"https:\/\/lanzaworx.com\/dele\/wp-json\/wp\/v2\/pages\/282","targetHints":{"allow":["GET"]}}],"collection":[{"href":"https:\/\/lanzaworx.com\/dele\/wp-json\/wp\/v2\/pages"}],"about":[{"href":"https:\/\/lanzaworx.com\/dele\/wp-json\/wp\/v2\/types\/page"}],"author":[{"embeddable":true,"href":"https:\/\/lanzaworx.com\/dele\/wp-json\/wp\/v2\/users\/1"}],"replies":[{"embeddable":true,"href":"https:\/\/lanzaworx.com\/dele\/wp-json\/wp\/v2\/comments?post=282"}],"version-history":[{"count":9,"href":"https:\/\/lanzaworx.com\/dele\/wp-json\/wp\/v2\/pages\/282\/revisions"}],"predecessor-version":[{"id":700,"href":"https:\/\/lanzaworx.com\/dele\/wp-json\/wp\/v2\/pages\/282\/revisions\/700"}],"up":[{"embeddable":true,"href":"https:\/\/lanzaworx.com\/dele\/wp-json\/wp\/v2\/pages\/155"}],"wp:attachment":[{"href":"https:\/\/lanzaworx.com\/dele\/wp-json\/wp\/v2\/media?parent=282"}],"curies":[{"name":"wp","href":"https:\/\/api.w.org\/{rel}","templated":true}]}}