{"id":255,"date":"2023-12-31T14:13:54","date_gmt":"2023-12-31T14:13:54","guid":{"rendered":"https:\/\/lanzaworx.com\/dele\/?page_id=255"},"modified":"2024-01-06T19:06:21","modified_gmt":"2024-01-06T19:06:21","slug":"prueba-2-tarea-2-transcripciones","status":"publish","type":"page","link":"https:\/\/lanzaworx.com\/dele\/examen-1\/prueba-2\/prueba-2-tarea-2-la-boda-de-rosa\/prueba-2-tarea-2-transcripciones\/","title":{"rendered":"Prueba 2 Tarea 2 Transcripciones"},"content":{"rendered":"\n<h2 class=\"wp-block-heading\">Experiencias Inolvidables<\/h2>\n\n\n\n<p>Me llamo Rosa y me cas\u00e8 hace ahora exactamente cinco meses y&#8230; tres dias. Yo soy de las que siempre dec\u00ecan que no se casar\u00ecan o lo que, si lo hac\u00eca, ser\u00eca de manera m\u00e0s sencilla posible. Y manuel, me marido, era de la misma opinion. Pero al final&#8230; \u00a1tuvimos una boda por toda lo alto! Y es que era tan importante para mis padres y sobre toda, para mi abuela, que no tuve m\u00e0s remedio que hacerlo asi. Y es que soy su \u00f9nica nieta. Tengo dos hermanos y cinco primos, todos chicos&#8230; Y su sue\u00f1o era verme a mi casada de blanco, con flores, con m\u00f9sica&#8230;<\/p>\n\n\n\n<p>Y es que la pobre, cuando se cas\u00f2, no pudo celebrarlo porque acababa de morir su madre. Asi es que yo creo que quer\u00eca para m\u00ec lo que ella no tuvo.<\/p>\n\n\n\n<p>Yo me ocup\u00e8 del vestido porque muy claro lo que quer\u00e0. Asi que hice un dibujo y se lo ense\u00f1\u00e8 a una modista de mi pueblo y ella me lo hizo. Me ayud\u00f2 a elegir las telas m\u00e0s adecuadas para el modelo que yo hab\u00eca dise\u00f1ado. Ten\u00eca una falda muy voluminosa, quedaba precioso, pero la verdad es que luego, a la hora del vals, fue un poco inc\u00f2modo. Los zapatos, aunque ten\u00ecan un tac\u00f2n bastante m&#8217;as alto que el que  yo suelo llevar, eran comod\u00ecsimos. Me puse tambi\u00e8n unos pendientes y un collar antiguos de mi abuela. La verdad es que, aunque est\u00e8 mal decirlo, creo que iba bastante guapa&#8230;<\/p>\n\n\n\n<p>De la fiesta y todo lo dem\u00e0s se encarg\u00f2 mi madre y la verdad es que lo hizo genial. Lo m\u00e0s bonito para mi es que la celebramos en el camp, en una finca preciosa que nos prest\u00f2 mi t\u00eco. El tiene varias y, como era primavera, estaba todo lleno de flores, asi es que en eso no tuvimos que gastar nada, gracias a Dios, porque el c\u00f2ctel nos cost\u00f2 una verdadera fortuna. Bueno, a nosotros no, lo pag\u00f2 mi pobre padre&#8230;<\/p>\n\n\n\n<p>Todo estaba riquisimo, especialmente la tarta. A prop\u00f2sito, ahora me acuerdo de que de repente, cuando ibamos a hacer la foto cortando la tarta. El fot\u00f2grafo se dio cuenta de que me faltaba uno de los pendientes. \u00a1Qu\u00e8 disgusto! Todos los invitados se pusieron a buscerlo y, \u00a1menos mal!, apareci\u00f2 al lado de los m\u00f9sicos. Ese fue el unico momento malo del dia.<\/p>\n\n\n\n<p>Ah, un detalle que sorprendi\u00f2 a todos lo invitados fue que, para el c\u00f2ctel, encargamos unas servilletas personalizadas.Eran azules, de un tono m\u00e0s oscuro que los manteles de las mesas, y en ellas aprarec\u00ecan en letras plateadas nuestras inicials y fecha de la boda. \u00a1Ah! Y por supuesto no nos libramos del t\u00ecpico video en que se nos veia a mi y a mi novio desde peque\u00f1os&#8230;<\/p>\n\n\n\n<div class=\"wp-block-buttons is-layout-flex wp-block-buttons-is-layout-flex\">\n<div class=\"wp-block-button\"><a class=\"wp-block-button__link wp-element-button\" href=\"https:\/\/lanzaworx.com\/dele\/examen-1\/prueba-2\/prueba-2-tarea-2-la-boda-de-rosa\/\">Back<\/a><\/div>\n<\/div>\n\n\n\n<h2 class=\"wp-block-heading\">Unforgettable experiences<\/h2>\n\n\n\n<p>My name is Rosa and I got married exactly five months and\u2026 three days ago. I am one of those who always said that they would not get married or that, if they did, it would be as simple as possible. And Manuel, my husband, was of the same opinion. But in the end\u2026 we had a grand wedding! And it was so important to my parents and, above all, to my grandmother, that I had no choice but to do it that way. And I am her only granddaughter. I have two brothers and five cousins, all boys\u2026 And her dream was to see me married in white, with flowers, with music\u2026 And the poor thing, when she got married, couldn&#8217;t celebrate it because her mother had just died. So I think she wanted for me what she didn&#8217;t have.<\/p>\n\n\n\n<p>I took care of the dress because it was very clear what I wanted. So I made a drawing and showed it to a dressmaker in my town and she made it for me. She helped me choose the most appropriate fabrics for the model I had designed. I had a very voluminous skirt, it looked beautiful, but the truth is that later, at the time of the waltz, it was a little uncomfortable. The shoes, although they had a much higher heel than what I usually wear, were very comfortable. I also wore some old earrings and a necklace from my grandmother. The truth is that, although it is wrong to say it, I think she was quite pretty\u2026<\/p>\n\n\n\n<p>My mother took care of the party and everything else and the truth is that she did a great job. The most beautiful thing for me is that we celebrated it in the countryside, in a beautiful farm that my uncle lent us. He has several and, since it was spring, everything was full of flowers, so we didn&#8217;t have to spend anything on that, thank God, because the flowerbed cost us a real fortune. Well, not us, my poor father paid for it\u2026<\/p>\n\n\n\n<p>Everything was delicious, especially the cake. By the way, now I remember that suddenly, when we were going to take the photo cutting the cake. The photographer realized that I was missing one of the earrings. What a disappointment! All the guests started looking for it and, thank goodness! it appeared next to the musicians. That was the only bad moment of the day.<\/p>\n\n\n\n<p>Oh, a detail that surprised all the guests was that, for the cocktail, we ordered some personalized napkins. They were blue, a darker tone than the tablecloths, and on them our initials and date of the event were shown in silver letters. wedding. Ah! And of course we were not spared the typical video in which me and my boyfriend were seen since we were little\u2026<\/p>\n\n\n\n<div class=\"wp-block-buttons is-layout-flex wp-block-buttons-is-layout-flex\">\n<div class=\"wp-block-button\"><a class=\"wp-block-button__link wp-element-button\" href=\"https:\/\/lanzaworx.com\/dele\/examen-1\/prueba-2\/prueba-2-tarea-2-la-boda-de-rosa\/\">Back<\/a><\/div>\n<\/div>\n\n\n\n<h2 class=\"wp-block-heading\">Preguntas<\/h2>\n\n\n\n<p><strong>Pregunta 7: <\/strong> Rosa cuenta que hizo una uran fiesta para su boda<\/p>\n\n\n\n<p>a) Porque siempre habia sido el sue\u00f1o de su vida&#8221; &#8220;b) Principalmente para contentar a su familia&#8221; &#8220;c) Porque era muy importante para su marido<\/p>\n\n\n\n<p><strong>Question 7: <\/strong>Rosa says that she had a great party for her wedding<\/p>\n\n\n\n<p>a) Because it had always been the dream of her life &#8220;&#8221; b) Mainly to please her family &#8220;&#8221; c) Because it was very important to her husband<\/p>\n\n\n\n<div style=\"height:100px\" aria-hidden=\"true\" class=\"wp-block-spacer\"><\/div>\n\n\n\n<p><strong>Pregunta 8<\/strong>: En la grabaci\u00f2n se dice que la abuela de Rosa<\/p>\n\n\n\n<p>a) No tiene m\u00e0s nietos que Rosa b) Muri\u00f2 antes de casarse Rosa c) Queria para Rosa una boda mejor que la suya<\/p>\n\n\n\n<p><strong>Question 8<\/strong>: In the recording it is said that Rosa&#8217;s grandmother<\/p>\n\n\n\n<p>a) Had no more grandchildren than Rosa b) Died before Rosa&#8217;s wedding c) Wanted Rosa to have a better wedding than hers<\/p>\n\n\n\n<p><\/p>\n\n\n\n<div style=\"height:100px\" aria-hidden=\"true\" class=\"wp-block-spacer\"><\/div>\n\n\n\n<p><strong>Pregunta 9:<\/strong> Con respecto al vestido, Rosa afirma que<\/p>\n\n\n\n<p>a) Lo dise\u00f1o ella misma b) Era un vestido antiguo de su abuela c) No le qued\u00f2 muy bien<\/p>\n\n\n\n<p><strong>Question 9:<\/strong> Regarding the dress, Rosa states that<\/p>\n\n\n\n<p>a) She designed it herself b) It was an old dress of her grandmother&#8217;s c) It didn&#8217;t fit her very well<\/p>\n\n\n\n<div style=\"height:100px\" aria-hidden=\"true\" class=\"wp-block-spacer\"><\/div>\n\n\n\n<p><strong>Pregunta 10:<\/strong> Seg\u00f9n la grabaci\u00f2n, lo m\u00e0s caro de la fiesta fue<\/p>\n\n\n\n<p>a) La decoraci\u00f2n floral b) La comida y la bebida c) El alquiler de lugar de celebraci\u00f2n<\/p>\n\n\n\n<p><strong>Question 10:<\/strong> According to the recording, the most expensive thing at the party was<\/p>\n\n\n\n<p>a) The floral decoration b) The food and drink c) The rental of the venue<\/p>\n\n\n\n<div style=\"height:100px\" aria-hidden=\"true\" class=\"wp-block-spacer\"><\/div>\n\n\n\n<p><strong>Pregunta 11:<\/strong> Seg\u00f9n Rosa, el \u00f9nico punto negativo de la fiesta fue que<\/p>\n\n\n\n<p>a) La tarta no estaba buena b) La foto cortando la tarta no qued\u00f2 bien c) Estuvo a punto de perder una joya<\/p>\n\n\n\n<p><strong>Question 11<\/strong>: According to Rosa, the only negative point of the party was that<\/p>\n\n\n\n<p>a) The cake was not good b) The photo of cutting the cake did not look good c) She almost lost a jewel<\/p>\n\n\n\n<div style=\"height:100px\" aria-hidden=\"true\" class=\"wp-block-spacer\"><\/div>\n\n\n\n<p><strong>Pregunta 12:<\/strong> Rosa dice que lo m\u00e0s original de la fiesta fue<\/p>\n\n\n\n<p>a) La decoraci\u00f2n de las mesas b) El dise\u00f1o de las servilletas c) El video que se proyect\u00f2<\/p>\n\n\n\n<p><strong>Question 12:<\/strong> Rosa says that the most original thing about the party was<\/p>\n\n\n\n<p>a) The decoration of the tables b) The design of the napkins c) The video that was shown<\/p>\n\n\n\n<div class=\"wp-block-buttons is-layout-flex wp-block-buttons-is-layout-flex\">\n<div class=\"wp-block-button\"><a class=\"wp-block-button__link wp-element-button\" href=\"https:\/\/lanzaworx.com\/dele\/examen-1\/prueba-2\/prueba-2-tarea-2-la-boda-de-rosa\/\">Back<\/a><\/div>\n<\/div>\n","protected":false},"excerpt":{"rendered":"<p>Experiencias Inolvidables Me llamo Rosa y me cas\u00e8 hace ahora exactamente cinco meses y&#8230; tres dias. Yo soy de las que siempre dec\u00ecan que no se casar\u00ecan o lo que, si lo hac\u00eca, ser\u00eca de manera m\u00e0s sencilla posible. Y manuel, me marido, era de la misma opinion. Pero al final&#8230; \u00a1tuvimos una boda por &hellip; <\/p>\n<p class=\"link-more\"><a href=\"https:\/\/lanzaworx.com\/dele\/examen-1\/prueba-2\/prueba-2-tarea-2-la-boda-de-rosa\/prueba-2-tarea-2-transcripciones\/\" class=\"more-link\">Continue reading<span class=\"screen-reader-text\"> &#8220;Prueba 2 Tarea 2 Transcripciones&#8221;<\/span><\/a><\/p>\n","protected":false},"author":1,"featured_media":0,"parent":251,"menu_order":0,"comment_status":"closed","ping_status":"closed","template":"","meta":{"advanced_seo_description":"","jetpack_seo_html_title":"","jetpack_seo_noindex":false,"footnotes":""},"class_list":["post-255","page","type-page","status-publish","hentry"],"jetpack_sharing_enabled":true,"_links":{"self":[{"href":"https:\/\/lanzaworx.com\/dele\/wp-json\/wp\/v2\/pages\/255","targetHints":{"allow":["GET"]}}],"collection":[{"href":"https:\/\/lanzaworx.com\/dele\/wp-json\/wp\/v2\/pages"}],"about":[{"href":"https:\/\/lanzaworx.com\/dele\/wp-json\/wp\/v2\/types\/page"}],"author":[{"embeddable":true,"href":"https:\/\/lanzaworx.com\/dele\/wp-json\/wp\/v2\/users\/1"}],"replies":[{"embeddable":true,"href":"https:\/\/lanzaworx.com\/dele\/wp-json\/wp\/v2\/comments?post=255"}],"version-history":[{"count":16,"href":"https:\/\/lanzaworx.com\/dele\/wp-json\/wp\/v2\/pages\/255\/revisions"}],"predecessor-version":[{"id":448,"href":"https:\/\/lanzaworx.com\/dele\/wp-json\/wp\/v2\/pages\/255\/revisions\/448"}],"up":[{"embeddable":true,"href":"https:\/\/lanzaworx.com\/dele\/wp-json\/wp\/v2\/pages\/251"}],"wp:attachment":[{"href":"https:\/\/lanzaworx.com\/dele\/wp-json\/wp\/v2\/media?parent=255"}],"curies":[{"name":"wp","href":"https:\/\/api.w.org\/{rel}","templated":true}]}}