{"id":251,"date":"2023-12-31T13:27:19","date_gmt":"2023-12-31T13:27:19","guid":{"rendered":"https:\/\/lanzaworx.com\/dele\/?page_id=251"},"modified":"2024-07-21T16:06:07","modified_gmt":"2024-07-21T16:06:07","slug":"prueba-2-tarea-2-la-boda-de-rosa","status":"publish","type":"page","link":"https:\/\/lanzaworx.com\/dele\/examen-1\/prueba-2\/prueba-2-tarea-2-la-boda-de-rosa\/","title":{"rendered":"Prueba 2 Tarea 2, La Boda de Rosa"},"content":{"rendered":"\n<p>A continuacion va a eschuchar un fragmento del programa Experiencias inolvidables en el que Rosa cuenta c\u00f2mo fue su boda. Lo oir\u00e0 dos veces. Despu\u00e8s, seleccione la opci\u00f2n correcta, a), b), or c) para cada pregunta, 7 -12.<\/p>\n\n\n\n<p>Next you will listen to a fragment of the Unforgettable Experiences program in which Rosa tells what her wedding was like. Listen to it twice. Then, select the correct option, a), b), or c) for each question, 7 -12.<\/p>\n\n\n\n<figure class=\"wp-block-audio\"><audio controls src=\"https:\/\/lanzaworx.com\/dele\/wp-content\/uploads\/2023\/12\/P2T2_Rosa.wav\"><\/audio><\/figure>\n\n\n\n<div class=\"wp-block-buttons is-layout-flex wp-block-buttons-is-layout-flex\">\n<div class=\"wp-block-button\"><a class=\"wp-block-button__link wp-element-button\" href=\"https:\/\/lanzaworx.com\/dele\/examen-1\/prueba-2\/prueba-2-tarea-2-la-boda-de-rosa\/prueba-2-tarea-2-transcripciones\/\">Transcripciones<\/a><\/div>\n<\/div>\n\n\n\n<div style=\"height:100px\" aria-hidden=\"true\" class=\"wp-block-spacer\"><\/div>\n\n\n\n<div class=\"wpcf7 no-js\" id=\"wpcf7-f260-o1\" lang=\"en-US\" dir=\"ltr\" data-wpcf7-id=\"260\">\n<div class=\"screen-reader-response\"><p role=\"status\" aria-live=\"polite\" aria-atomic=\"true\"><\/p> <ul><\/ul><\/div>\n<form action=\"\/dele\/wp-json\/wp\/v2\/pages\/251#wpcf7-f260-o1\" method=\"post\" class=\"wpcf7-form init\" aria-label=\"Contact form\" novalidate=\"novalidate\" data-status=\"init\">\n<fieldset class=\"hidden-fields-container\"><input type=\"hidden\" name=\"_wpcf7\" value=\"260\" \/><input type=\"hidden\" name=\"_wpcf7_version\" value=\"6.1.5\" \/><input type=\"hidden\" name=\"_wpcf7_locale\" value=\"en_US\" \/><input type=\"hidden\" name=\"_wpcf7_unit_tag\" value=\"wpcf7-f260-o1\" \/><input type=\"hidden\" name=\"_wpcf7_container_post\" value=\"0\" \/><input type=\"hidden\" name=\"_wpcf7_posted_data_hash\" value=\"\" \/>\n<\/fieldset>\n<p><label> Your name<br \/>\n<span class=\"wpcf7-form-control-wrap\" data-name=\"your-name\"><input size=\"40\" maxlength=\"400\" class=\"wpcf7-form-control wpcf7-text wpcf7-validates-as-required\" autocomplete=\"name\" aria-required=\"true\" aria-invalid=\"false\" value=\"\" type=\"text\" name=\"your-name\" \/><\/span> <\/label>\n<\/p>\n<p><label> Your email<br \/>\n<span class=\"wpcf7-form-control-wrap\" data-name=\"your-email\"><input size=\"40\" maxlength=\"400\" class=\"wpcf7-form-control wpcf7-email wpcf7-validates-as-required wpcf7-text wpcf7-validates-as-email\" autocomplete=\"email\" aria-required=\"true\" aria-invalid=\"false\" value=\"\" type=\"email\" name=\"your-email\" \/><\/span> <\/label>\n<\/p>\n<p><label> Pregunta 7 <\/label><br \/>\n<label> Rosa cuenta que hizo una uran fiesta para su boda<br \/>\n<span class=\"wpcf7-form-control-wrap\" data-name=\"Answer7\"><select class=\"wpcf7-form-control wpcf7-select wpcf7-validates-as-required\" aria-required=\"true\" aria-invalid=\"false\" name=\"Answer7\"><option value=\"\">&#8212;Please choose an option&#8212;<\/option><option value=\"a) Porque siempre habia sido el sue\u00f1o de su vida\">a) Porque siempre habia sido el sue\u00f1o de su vida<\/option><option value=\"b) Principalmente para contentar a su familia\">b) Principalmente para contentar a su familia<\/option><option value=\"c) Porque era muy importante para su marido\">c) Porque era muy importante para su marido<\/option><\/select><\/span> <\/label>\n<\/p>\n<p><label> Pregunta 8 <\/label><br \/>\n<label> En la grabaci\u00f2n se dice que la abuela de Rosa<br \/>\n<span class=\"wpcf7-form-control-wrap\" data-name=\"Answer8\"><select class=\"wpcf7-form-control wpcf7-select wpcf7-validates-as-required\" aria-required=\"true\" aria-invalid=\"false\" name=\"Answer8\"><option value=\"\">&#8212;Please choose an option&#8212;<\/option><option value=\"a) No tiene m\u00e0s nietos que Rosa\">a) No tiene m\u00e0s nietos que Rosa<\/option><option value=\"b) Muri\u00f2 antes de casarse Rosa\">b) Muri\u00f2 antes de casarse Rosa<\/option><option value=\"c) Queria para Rosa una boda mejor que la suya\">c) Queria para Rosa una boda mejor que la suya<\/option><\/select><\/span> <\/label>\n<\/p>\n<p><label> Pregunta 9 <\/label><br \/>\n<label> Con respecto al vestido, Rosa afirma que<br \/>\n<span class=\"wpcf7-form-control-wrap\" data-name=\"Answer9\"><select class=\"wpcf7-form-control wpcf7-select wpcf7-validates-as-required\" aria-required=\"true\" aria-invalid=\"false\" name=\"Answer9\"><option value=\"\">&#8212;Please choose an option&#8212;<\/option><option value=\"a) Lo dise\u00f1o ella misma\">a) Lo dise\u00f1o ella misma<\/option><option value=\"b) Era un vestido antiguo de su abuela\">b) Era un vestido antiguo de su abuela<\/option><option value=\"c) No le qued\u00f2 muy bien\">c) No le qued\u00f2 muy bien<\/option><\/select><\/span> <\/label>\n<\/p>\n<p><label> Pregunta 10 <\/label><br \/>\n<label> Seg\u00f9n la grabaci\u00f2n, lo m\u00e0s caro de la fiesta fue<br \/>\n<span class=\"wpcf7-form-control-wrap\" data-name=\"Answer10\"><select class=\"wpcf7-form-control wpcf7-select wpcf7-validates-as-required\" aria-required=\"true\" aria-invalid=\"false\" name=\"Answer10\"><option value=\"\">&#8212;Please choose an option&#8212;<\/option><option value=\"a) La decoraci\u00f2n floral\">a) La decoraci\u00f2n floral<\/option><option value=\"b) La comida y la bebida\">b) La comida y la bebida<\/option><option value=\"c) El alquiler de lugar de celebraci\u00f2n\">c) El alquiler de lugar de celebraci\u00f2n<\/option><\/select><\/span> <\/label>\n<\/p>\n<p><label> Pregunta 11 <\/label><br \/>\n<label> Seg\u00f9n Rosa, el \u00f9nico punto negativo de la fiesta fue que<br \/>\n<span class=\"wpcf7-form-control-wrap\" data-name=\"Answer11\"><select class=\"wpcf7-form-control wpcf7-select wpcf7-validates-as-required\" aria-required=\"true\" aria-invalid=\"false\" name=\"Answer11\"><option value=\"\">&#8212;Please choose an option&#8212;<\/option><option value=\"a) La tarta no estaba buena\">a) La tarta no estaba buena<\/option><option value=\"b) La foto cortando la tarta no qued\u00f2 bien\">b) La foto cortando la tarta no qued\u00f2 bien<\/option><option value=\"c) Estuvo a punto de perder una joya\">c) Estuvo a punto de perder una joya<\/option><\/select><\/span> <\/label>\n<\/p>\n<p><label> Pregunta 12 <\/label><br \/>\n<label> Rosa dice que lo m\u00e0s original de la fiesta fue<br \/>\n<span class=\"wpcf7-form-control-wrap\" data-name=\"Answer12\"><select class=\"wpcf7-form-control wpcf7-select wpcf7-validates-as-required\" aria-required=\"true\" aria-invalid=\"false\" name=\"Answer12\"><option value=\"\">&#8212;Please choose an option&#8212;<\/option><option value=\"a) La decoraci\u00f2n de las mesas\">a) La decoraci\u00f2n de las mesas<\/option><option value=\"b) El dise\u00f1o de las servilletas\">b) El dise\u00f1o de las servilletas<\/option><option value=\"c) El video que se proyect\u00f2\">c) El video que se proyect\u00f2<\/option><\/select><\/span> <\/label>\n<\/p>\n<p><label> Your message (optional)<br \/>\n<span class=\"wpcf7-form-control-wrap\" data-name=\"your-message\"><textarea cols=\"40\" rows=\"10\" maxlength=\"2000\" class=\"wpcf7-form-control wpcf7-textarea\" aria-invalid=\"false\" name=\"your-message\"><\/textarea><\/span> <\/label>\n<\/p>\n<p><input class=\"wpcf7-form-control wpcf7-submit has-spinner\" type=\"submit\" value=\"Submit\" \/>\n<\/p><div class=\"wpcf7-response-output\" aria-hidden=\"true\"><\/div>\n<\/form>\n<\/div>\n\n\n\n\n<div class=\"wp-block-buttons is-layout-flex wp-block-buttons-is-layout-flex\">\n<div class=\"wp-block-button\"><a class=\"wp-block-button__link has-black-color has-vivid-cyan-blue-background-color has-text-color has-background has-link-color wp-element-button\" href=\"https:\/\/lanzaworx.com\/dele\">DELE<\/a><\/div>\n<\/div>\n","protected":false},"excerpt":{"rendered":"<p>A continuacion va a eschuchar un fragmento del programa Experiencias inolvidables en el que Rosa cuenta c\u00f2mo fue su boda. Lo oir\u00e0 dos veces. Despu\u00e8s, seleccione la opci\u00f2n correcta, a), b), or c) para cada pregunta, 7 -12. Next you will listen to a fragment of the Unforgettable Experiences program in which Rosa tells what &hellip; <\/p>\n<p class=\"link-more\"><a href=\"https:\/\/lanzaworx.com\/dele\/examen-1\/prueba-2\/prueba-2-tarea-2-la-boda-de-rosa\/\" class=\"more-link\">Continue reading<span class=\"screen-reader-text\"> &#8220;Prueba 2 Tarea 2, La Boda de Rosa&#8221;<\/span><\/a><\/p>\n","protected":false},"author":1,"featured_media":0,"parent":155,"menu_order":0,"comment_status":"closed","ping_status":"closed","template":"","meta":{"advanced_seo_description":"","jetpack_seo_html_title":"","jetpack_seo_noindex":false,"footnotes":""},"class_list":["post-251","page","type-page","status-publish","hentry"],"jetpack_sharing_enabled":true,"_links":{"self":[{"href":"https:\/\/lanzaworx.com\/dele\/wp-json\/wp\/v2\/pages\/251","targetHints":{"allow":["GET"]}}],"collection":[{"href":"https:\/\/lanzaworx.com\/dele\/wp-json\/wp\/v2\/pages"}],"about":[{"href":"https:\/\/lanzaworx.com\/dele\/wp-json\/wp\/v2\/types\/page"}],"author":[{"embeddable":true,"href":"https:\/\/lanzaworx.com\/dele\/wp-json\/wp\/v2\/users\/1"}],"replies":[{"embeddable":true,"href":"https:\/\/lanzaworx.com\/dele\/wp-json\/wp\/v2\/comments?post=251"}],"version-history":[{"count":6,"href":"https:\/\/lanzaworx.com\/dele\/wp-json\/wp\/v2\/pages\/251\/revisions"}],"predecessor-version":[{"id":697,"href":"https:\/\/lanzaworx.com\/dele\/wp-json\/wp\/v2\/pages\/251\/revisions\/697"}],"up":[{"embeddable":true,"href":"https:\/\/lanzaworx.com\/dele\/wp-json\/wp\/v2\/pages\/155"}],"wp:attachment":[{"href":"https:\/\/lanzaworx.com\/dele\/wp-json\/wp\/v2\/media?parent=251"}],"curies":[{"name":"wp","href":"https:\/\/api.w.org\/{rel}","templated":true}]}}