{"id":158,"date":"2023-12-24T16:46:49","date_gmt":"2023-12-24T16:46:49","guid":{"rendered":"https:\/\/lanzaworx.com\/dele\/?page_id=158"},"modified":"2024-07-21T16:04:57","modified_gmt":"2024-07-21T16:04:57","slug":"prueba-2-tarea-1","status":"publish","type":"page","link":"https:\/\/lanzaworx.com\/dele\/examen-1\/prueba-2\/prueba-2-tarea-1\/","title":{"rendered":"Prueba 2 Tarea 1"},"content":{"rendered":"\n<p>A continuaci\u00f2n va a escuchar seis mensajes del buz\u00f2n de voz de un tel\u00e8phono. Oir\u00e0 cada mensaje dos veces. Depu\u00e8s, seleccione la opci\u00f2n correcta, a), b), c), para cada pregunta, 1-6. <\/p>\n\n\n\n<p>Next you are going to listen to six messages from a telephone&#8217;s voicemail. Listen to each message twice. Then, select the correct option, a), b), c), for each question, 1-6. <\/p>\n\n\n\n<h2 class=\"wp-block-heading\" id=\"p2t1auditivaMensaje1\">Mensaje 1<\/h2>\n\n\n\n<figure class=\"wp-block-audio\"><audio controls src=\"https:\/\/lanzaworx.com\/dele\/wp-content\/uploads\/2023\/12\/P2T1_mensaje1.wav\"><\/audio><\/figure>\n\n\n\n<div class=\"wp-block-buttons is-layout-flex wp-block-buttons-is-layout-flex\">\n<div class=\"wp-block-button\"><a class=\"wp-block-button__link wp-element-button\" href=\"https:\/\/lanzaworx.com\/dele\/prueba-2\/prueba-2-tarea-1\/prueba-2-tarea-1-transcripciones\/#p2t1Mensaje1\">Transcripciones<\/a><\/div>\n<\/div>\n\n\n\n<h2 class=\"wp-block-heading\" id=\"p2t1auditivaMensaje2\">Mensaje 2<\/h2>\n\n\n\n<figure class=\"wp-block-audio\"><audio controls src=\"https:\/\/lanzaworx.com\/dele\/wp-content\/uploads\/2023\/12\/P2T1_mensaje2.wav\"><\/audio><\/figure>\n\n\n\n<div class=\"wp-block-buttons is-layout-flex wp-block-buttons-is-layout-flex\">\n<div class=\"wp-block-button\"><a class=\"wp-block-button__link wp-element-button\" href=\"https:\/\/lanzaworx.com\/dele\/prueba-2\/prueba-2-tarea-1\/prueba-2-tarea-1-transcripciones\/#p2t1Mensaje2\">Transcripciones<\/a><\/div>\n<\/div>\n\n\n\n<h2 class=\"wp-block-heading\" id=\"p2t1auditivaMensaje3\">Mensaje 3<\/h2>\n\n\n\n<figure class=\"wp-block-audio\"><audio controls src=\"https:\/\/lanzaworx.com\/dele\/wp-content\/uploads\/2023\/12\/P2T1_mensaje3.wav\"><\/audio><\/figure>\n\n\n\n<div class=\"wp-block-buttons is-layout-flex wp-block-buttons-is-layout-flex\">\n<div class=\"wp-block-button\"><a class=\"wp-block-button__link wp-element-button\" href=\"https:\/\/lanzaworx.com\/dele\/prueba-2\/prueba-2-tarea-1\/prueba-2-tarea-1-transcripciones\/#p2t1Mensaje3\">Transcripciones<\/a><\/div>\n<\/div>\n\n\n\n<h2 class=\"wp-block-heading\" id=\"p2t1auditivaMensaje4\">Mensaje 4<\/h2>\n\n\n\n<figure class=\"wp-block-audio\"><audio controls src=\"https:\/\/lanzaworx.com\/dele\/wp-content\/uploads\/2023\/12\/P2T1_mensaje4.wav\"><\/audio><\/figure>\n\n\n\n<div class=\"wp-block-buttons is-layout-flex wp-block-buttons-is-layout-flex\">\n<div class=\"wp-block-button\"><a class=\"wp-block-button__link wp-element-button\" href=\"https:\/\/lanzaworx.com\/dele\/prueba-2\/prueba-2-tarea-1\/prueba-2-tarea-1-transcripciones\/#p2t1Mensaje4\">Transcripciones<\/a><\/div>\n<\/div>\n\n\n\n<h2 class=\"wp-block-heading\" id=\"p2t1auditivaMensaje5\">Mensaje 5<\/h2>\n\n\n\n<figure class=\"wp-block-audio\"><audio controls src=\"https:\/\/lanzaworx.com\/dele\/wp-content\/uploads\/2023\/12\/P2T1_mensaje5.wav\"><\/audio><\/figure>\n\n\n\n<div class=\"wp-block-buttons is-layout-flex wp-block-buttons-is-layout-flex\">\n<div class=\"wp-block-button\"><a class=\"wp-block-button__link wp-element-button\" href=\"https:\/\/lanzaworx.com\/dele\/prueba-2\/prueba-2-tarea-1\/prueba-2-tarea-1-transcripciones\/#p2t1Mensaje5\">Transcripciones<\/a><\/div>\n<\/div>\n\n\n\n<h2 class=\"wp-block-heading\" id=\"p2t1auditivaMensaje6\">Mensaje 6<\/h2>\n\n\n\n<figure class=\"wp-block-audio\"><audio controls src=\"https:\/\/lanzaworx.com\/dele\/wp-content\/uploads\/2023\/12\/P2T1_mensaje6.wav\"><\/audio><\/figure>\n\n\n\n<div class=\"wp-block-buttons is-layout-flex wp-block-buttons-is-layout-flex\">\n<div class=\"wp-block-button\"><a class=\"wp-block-button__link wp-element-button\" href=\"https:\/\/lanzaworx.com\/dele\/prueba-2\/prueba-2-tarea-1\/prueba-2-tarea-1-transcripciones\/#p2t1Mensaje6\">Transcripciones<\/a><\/div>\n<\/div>\n\n\n\n<div style=\"height:100px\" aria-hidden=\"true\" class=\"wp-block-spacer\"><\/div>\n\n\n\n<h2 class=\"wp-block-heading\">Preguntas y Respuestas<\/h2>\n\n\n\n<div class=\"wpcf7 no-js\" id=\"wpcf7-f160-o1\" lang=\"en-US\" dir=\"ltr\" data-wpcf7-id=\"160\">\n<div class=\"screen-reader-response\"><p role=\"status\" aria-live=\"polite\" aria-atomic=\"true\"><\/p> <ul><\/ul><\/div>\n<form action=\"\/dele\/wp-json\/wp\/v2\/pages\/158#wpcf7-f160-o1\" method=\"post\" class=\"wpcf7-form init\" aria-label=\"Contact form\" novalidate=\"novalidate\" data-status=\"init\">\n<fieldset class=\"hidden-fields-container\"><input type=\"hidden\" name=\"_wpcf7\" value=\"160\" \/><input type=\"hidden\" name=\"_wpcf7_version\" value=\"6.1.5\" \/><input type=\"hidden\" name=\"_wpcf7_locale\" value=\"en_US\" \/><input type=\"hidden\" name=\"_wpcf7_unit_tag\" value=\"wpcf7-f160-o1\" \/><input type=\"hidden\" name=\"_wpcf7_container_post\" value=\"0\" \/><input type=\"hidden\" name=\"_wpcf7_posted_data_hash\" value=\"\" \/>\n<\/fieldset>\n<p><label> Your name<br \/>\n<span class=\"wpcf7-form-control-wrap\" data-name=\"your-name\"><input size=\"40\" maxlength=\"400\" class=\"wpcf7-form-control wpcf7-text wpcf7-validates-as-required\" autocomplete=\"name\" aria-required=\"true\" aria-invalid=\"false\" value=\"\" type=\"text\" name=\"your-name\" \/><\/span> <\/label>\n<\/p>\n<p><label> Your email<br \/>\n<span class=\"wpcf7-form-control-wrap\" data-name=\"your-email\"><input size=\"40\" maxlength=\"400\" class=\"wpcf7-form-control wpcf7-email wpcf7-validates-as-required wpcf7-text wpcf7-validates-as-email\" autocomplete=\"email\" aria-required=\"true\" aria-invalid=\"false\" value=\"\" type=\"email\" name=\"your-email\" \/><\/span> <\/label>\n<\/p>\n<p><label> Mensaje 1 <\/label><br \/>\n<label> \u00bfQu\u00e8 son Marta y Loli?<br \/>\n<span class=\"wpcf7-form-control-wrap\" data-name=\"Answer1\"><select class=\"wpcf7-form-control wpcf7-select wpcf7-validates-as-required\" aria-required=\"true\" aria-invalid=\"false\" name=\"Answer1\"><option value=\"\">&#8212;Please choose an option&#8212;<\/option><option value=\"a) Asistentas sociales\">a) Asistentas sociales<\/option><option value=\"b) Cocineras\">b) Cocineras<\/option><option value=\"c) Canguros\">c) Canguros<\/option><\/select><\/span> <\/label>\n<\/p>\n<p><label> Mensaje 2 <\/label><br \/>\n<label> \u00bfQu\u00e8 tienen que hacer los padres de Jaime Martinez?<br \/>\n<span class=\"wpcf7-form-control-wrap\" data-name=\"Answer2\"><select class=\"wpcf7-form-control wpcf7-select wpcf7-validates-as-required\" aria-required=\"true\" aria-invalid=\"false\" name=\"Answer2\"><option value=\"\">&#8212;Please choose an option&#8212;<\/option><option value=\"a) Llamar al director del colegio\">a) Llamar al director del colegio<\/option><option value=\"b) Ir al colegio Santacruz\">b) Ir al colegio Santacruz<\/option><option value=\"c) Esparar una llamada del director\">c) Esparar una llamada del director<\/option><\/select><\/span> <\/label>\n<\/p>\n<p><label> Mensaje 3 <\/label><br \/>\n<label> \u00bfPara qu\u00e8 llama Carmen?<br \/>\n<span class=\"wpcf7-form-control-wrap\" data-name=\"Answer3\"><select class=\"wpcf7-form-control wpcf7-select wpcf7-validates-as-required\" aria-required=\"true\" aria-invalid=\"false\" name=\"Answer3\"><option value=\"\">&#8212;Please choose an option&#8212;<\/option><option value=\"a) Para invitar a Isabel a una fiesta\">a) Para invitar a Isabel a una fiesta<\/option><option value=\"b) Para pedir un favor a Isabel\">b) Para pedir un favor a Isabel<\/option><option value=\"c) Para invitar a Isabel a cenar\">c) Para invitar a Isabel a cenar<\/option><\/select><\/span> <\/label>\n<\/p>\n<p><label> Mensaje 4 <\/label><br \/>\n<label> \u00bfQu\u00e8 relati\u00f2n tienen Ignacio y Luis?<br \/>\n<span class=\"wpcf7-form-control-wrap\" data-name=\"Answer4\"><select class=\"wpcf7-form-control wpcf7-select wpcf7-validates-as-required\" aria-required=\"true\" aria-invalid=\"false\" name=\"Answer4\"><option value=\"\">&#8212;Please choose an option&#8212;<\/option><option value=\"a) Compa\u00f1eros de clase\">a) Compa\u00f1eros de clase<\/option><option value=\"b) Vecinos\">b) Vecinos<\/option><option value=\"c) Compa\u00f1eros de trabajo\">c) Compa\u00f1eros de trabajo<\/option><\/select><\/span> <\/label>\n<\/p>\n<p><label> Mensaje 5 <\/label><br \/>\n<label> \u00bfQu\u00e8 quiere Margarita de Bea?<br \/>\n<span class=\"wpcf7-form-control-wrap\" data-name=\"Answer5\"><select class=\"wpcf7-form-control wpcf7-select wpcf7-validates-as-required\" aria-required=\"true\" aria-invalid=\"false\" name=\"Answer5\"><option value=\"\">&#8212;Please choose an option&#8212;<\/option><option value=\"a) Que compre un regalo a Laura\">a) Que compre un regalo a Laura<\/option><option value=\"b) Que le d\u00e8 su opini\u00f2n\">b) Que le d\u00e8 su opini\u00f2n<\/option><option value=\"c) Que vaya a una tienda\">c) Que vaya a una tienda<\/option><\/select><\/span> <\/label>\n<\/p>\n<p><label> Mensaje 6 <\/label><br \/>\n<label> \u00bfQu\u00e8 dice Cristian de Ana?<br \/>\n<span class=\"wpcf7-form-control-wrap\" data-name=\"Answer6\"><select class=\"wpcf7-form-control wpcf7-select wpcf7-validates-as-required\" aria-required=\"true\" aria-invalid=\"false\" name=\"Answer6\"><option value=\"\">&#8212;Please choose an option&#8212;<\/option><option value=\"a) Que est\u00e0 enfadada con Eduardo\">a) Que est\u00e0 enfadada con Eduardo<\/option><option value=\"b) Que quiere hablar con Eduardo\">b) Que quiere hablar con Eduardo<\/option><option value=\"c) Que tiene problemas\">c) Que tiene problemas<\/option><\/select><\/span> <\/label>\n<\/p>\n<p><label> Your message (optional)<br \/>\n<span class=\"wpcf7-form-control-wrap\" data-name=\"your-message\"><textarea cols=\"40\" rows=\"10\" maxlength=\"2000\" class=\"wpcf7-form-control wpcf7-textarea\" aria-invalid=\"false\" name=\"your-message\"><\/textarea><\/span> <\/label>\n<\/p>\n<p><input class=\"wpcf7-form-control wpcf7-submit has-spinner\" type=\"submit\" value=\"Submit\" \/>\n<\/p><div class=\"wpcf7-response-output\" aria-hidden=\"true\"><\/div>\n<\/form>\n<\/div>\n\n\n\n\n<div class=\"wp-block-buttons is-layout-flex wp-block-buttons-is-layout-flex\">\n<div class=\"wp-block-button\"><a class=\"wp-block-button__link has-black-color has-vivid-cyan-blue-background-color has-text-color has-background has-link-color wp-element-button\" href=\"https:\/\/lanzaworx.com\/dele\">DELE<\/a><\/div>\n<\/div>\n","protected":false},"excerpt":{"rendered":"<p>A continuaci\u00f2n va a escuchar seis mensajes del buz\u00f2n de voz de un tel\u00e8phono. Oir\u00e0 cada mensaje dos veces. Depu\u00e8s, seleccione la opci\u00f2n correcta, a), b), c), para cada pregunta, 1-6. Next you are going to listen to six messages from a telephone&#8217;s voicemail. Listen to each message twice. Then, select the correct option, a), &hellip; <\/p>\n<p class=\"link-more\"><a href=\"https:\/\/lanzaworx.com\/dele\/examen-1\/prueba-2\/prueba-2-tarea-1\/\" class=\"more-link\">Continue reading<span class=\"screen-reader-text\"> &#8220;Prueba 2 Tarea 1&#8221;<\/span><\/a><\/p>\n","protected":false},"author":1,"featured_media":0,"parent":155,"menu_order":0,"comment_status":"closed","ping_status":"closed","template":"","meta":{"advanced_seo_description":"","jetpack_seo_html_title":"","jetpack_seo_noindex":false,"footnotes":""},"class_list":["post-158","page","type-page","status-publish","hentry"],"jetpack_sharing_enabled":true,"_links":{"self":[{"href":"https:\/\/lanzaworx.com\/dele\/wp-json\/wp\/v2\/pages\/158","targetHints":{"allow":["GET"]}}],"collection":[{"href":"https:\/\/lanzaworx.com\/dele\/wp-json\/wp\/v2\/pages"}],"about":[{"href":"https:\/\/lanzaworx.com\/dele\/wp-json\/wp\/v2\/types\/page"}],"author":[{"embeddable":true,"href":"https:\/\/lanzaworx.com\/dele\/wp-json\/wp\/v2\/users\/1"}],"replies":[{"embeddable":true,"href":"https:\/\/lanzaworx.com\/dele\/wp-json\/wp\/v2\/comments?post=158"}],"version-history":[{"count":17,"href":"https:\/\/lanzaworx.com\/dele\/wp-json\/wp\/v2\/pages\/158\/revisions"}],"predecessor-version":[{"id":696,"href":"https:\/\/lanzaworx.com\/dele\/wp-json\/wp\/v2\/pages\/158\/revisions\/696"}],"up":[{"embeddable":true,"href":"https:\/\/lanzaworx.com\/dele\/wp-json\/wp\/v2\/pages\/155"}],"wp:attachment":[{"href":"https:\/\/lanzaworx.com\/dele\/wp-json\/wp\/v2\/media?parent=158"}],"curies":[{"name":"wp","href":"https:\/\/api.w.org\/{rel}","templated":true}]}}