{"id":134,"date":"2023-06-17T14:19:45","date_gmt":"2023-06-17T14:19:45","guid":{"rendered":"https:\/\/lanzaworx.com\/dele\/?page_id=134"},"modified":"2024-07-21T16:01:00","modified_gmt":"2024-07-21T16:01:00","slug":"prueba-1-tarea-2","status":"publish","type":"page","link":"https:\/\/lanzaworx.com\/dele\/examen-1\/prueba-1\/prueba-1-tarea-2\/","title":{"rendered":"Prueba 1 Tarea 2"},"content":{"rendered":"\n<p>A continuaci\u00f3n hay un texto sobre la familia mexicana a trav\u00e9s de la hjstoria. Despu\u00e9s de leerlo, elija la respuesta correcta a), b) o c), para las preguntas. 7-12.<\/p>\n\n\n\n<p>Below is a text about the Mexican family throughout history. After reading it, choose the correct answer a), b) or c), for the questions. 7-12.<\/p>\n\n\n\n<p id=\"P1T2Para1es\">En el M\u00e8xico prehispanico, antes de la conquista, la autoridad reca\u00eca en el padre, que aconsejaba a sus hijos: &lt;&lt;Ama, respeta, y obedece a tus padres&gt;&gt;; &lt;&lt;no te rias del anciano, del enfermo, del ciego&#8230;&gt;&gt;. Habia una vigilancia estricta de la castidad; las relaciones fuera del matrimonio se sancionaban severamente. La mayoria de los hombres tenian una sola mujer. Solo los jefes podian tener varias mujeres.<\/p>\n\n\n\n<div class=\"wp-block-buttons is-layout-flex wp-block-buttons-is-layout-flex\">\n<div class=\"wp-block-button\"><a class=\"wp-block-button__link has-luminous-vivid-orange-color has-cyan-bluish-gray-background-color has-text-color has-background has-link-color wp-element-button\" href=\"https:\/\/lanzaworx.com\/dele\/examen-1\/prueba-1\/prueba-1-tarea-2\/prueba-1-tarea-2-transcripciones\/#P1T2Para1en\">Transcripci\u00f3n<\/a><\/div>\n<\/div>\n\n\n\n<div style=\"height:100px\" aria-hidden=\"true\" class=\"wp-block-spacer\"><\/div>\n\n\n\n<p id=\"P1T2Para2es\">La conquista espa\u00f1ola signific\u00f3 el enfrentamiento de dos culturas Debido al cristianismo, se modificaron las costumbres familiares de los indigenas, aunque no existia un solo tipo de familia, por la mezcla de razas clases sociales. En el M\u00e9xico colonial el padre era la m\u00e1xima autoridad y ense\u00f1aba a sus hijos la agricultura o los oficios artesanales. La madre se encargaba de las tareas dom\u00e9sticas. Los hijos menores deb\u00edan obedecer al mayor, quien recib\u00eda los bienes de la familiar, pero tambi\u00e9n la responsabildad de manlenerla. Al casarse una pareja, las dos familias se unian y se organizaban en empresas familiares. Adem\u00e1s, por influencia del cristianismo, los hombres de la clase gobernante hicieron menos evidente su<br>relaci\u00f2n con varias mujeres. Otro cambio es que los j\u00f3venes escogian a su esposa, que antes elegia la familia y la comunidad.<\/p>\n\n\n\n<div class=\"wp-block-buttons is-layout-flex wp-block-buttons-is-layout-flex\">\n<div class=\"wp-block-button\"><a class=\"wp-block-button__link has-luminous-vivid-orange-color has-cyan-bluish-gray-background-color has-text-color has-background has-link-color wp-element-button\" href=\"https:\/\/lanzaworx.com\/dele\/examen-1\/prueba-1\/prueba-1-tarea-2\/prueba-1-tarea-2-transcripciones\/#P1T2Para2en\">Transcripci\u00f3n<\/a><\/div>\n<\/div>\n\n\n\n<div style=\"height:100px\" aria-hidden=\"true\" class=\"wp-block-spacer\"><\/div>\n\n\n\n<p id=\"P1T2Para3es\">En el siglo XIX, la mayoria de las familias vivran en comunidades rurales dedicadas a la agricultura, en la que participaban los ni\u00f1os desde muy peque\u00f1os. La mujer realizaba el trabajo del hogar y el hombre segu\u00eda siendo la autoridad en la familia. El compadrazgo era una instituci\u00f3n muy importante, porque evitaba el abandono de los ni\u00f1os que quedaban hu\u00e9rfanos, debido a la elevada tasa de mortalidad materna por falta de atenci\u00f3n m\u00e9dica. Otro de los cambios importantes fue la incorporaci\u00f3n de la mujer al trabaio en hospitales o como maestras.<\/p>\n\n\n\n<div class=\"wp-block-buttons is-layout-flex wp-block-buttons-is-layout-flex\">\n<div class=\"wp-block-button\"><a class=\"wp-block-button__link has-luminous-vivid-orange-color has-cyan-bluish-gray-background-color has-text-color has-background has-link-color wp-element-button\" href=\"https:\/\/lanzaworx.com\/dele\/examen-1\/prueba-1\/prueba-1-tarea-2\/prueba-1-tarea-2-transcripciones\/#P1T2Para3en\">Transcripci\u00f3n<\/a><\/div>\n<\/div>\n\n\n\n<div style=\"height:100px\" aria-hidden=\"true\" class=\"wp-block-spacer\"><\/div>\n\n\n\n<p id=\"P1T2Para4es\">En el siglo xx se producen tarnbi\u00e9n importantes transformaciones: ni\u00f1os y j\u00f3venes adquieren una serie de derechos que deben respetarse. La educaci\u00f3n obligatoria refuerza algunos valores familiares traditionales y modifica otros.  La autoridad paterna es menos r\u00edgida y la madre, que trabaja muchas veces fuera del hogar, adquiere m\u00e1s poder de decisi\u00f3n, pero tambi\u00e9n aumentan sus responsabilidades, ya que generalmente sigue encarg\u00e1ndose del trabajo dom\u00e9stico. Su incorporaci\u00f3n al trabajo pone en duda los roles tradicionales de hombres y mujeres. Por otro lado, se ha incrementado la separaci\u00f3n de las parejas; existe violencia dentro de la familia, asi como un mayor abandono y olvido de los ancianos, a veces considerados una carga. En este contexto no es raro que los hijos rechacen todo tipo de reglas provenientes de los adultos.<\/p>\n\n\n\n<div class=\"wp-block-buttons is-layout-flex wp-block-buttons-is-layout-flex\">\n<div class=\"wp-block-button\"><a class=\"wp-block-button__link has-luminous-vivid-orange-color has-cyan-bluish-gray-background-color has-text-color has-background has-link-color wp-element-button\" href=\"https:\/\/lanzaworx.com\/dele\/examen-1\/prueba-1\/prueba-1-tarea-2\/prueba-1-tarea-2-transcripciones\/#P1T2Para4en\">Transcripci\u00f3n<\/a><\/div>\n<\/div>\n\n\n\n<div style=\"height:100px\" aria-hidden=\"true\" class=\"wp-block-spacer\"><\/div>\n\n\n\n<p id=\"P1T2Para5es\">La sociedad de fin del siglo xx fue producto, en parte, de las transformaciones de la familia mexicana. Es importante reflexionar para identificar qu\u00e9 cambios son beneficiosos o perjudiciales, para decidir qu\u00e9 tipo de farnilia queremos para el futuro.<\/p>\n\n\n\n<div class=\"wp-block-buttons is-layout-flex wp-block-buttons-is-layout-flex\">\n<div class=\"wp-block-button\"><a class=\"wp-block-button__link has-luminous-vivid-orange-color has-cyan-bluish-gray-background-color has-text-color has-background has-link-color wp-element-button\" href=\"https:\/\/lanzaworx.com\/dele\/examen-1\/prueba-1\/prueba-1-tarea-2\/prueba-1-tarea-2-transcripciones\/#P1T2Para5en\">Transcripci\u00f3n<\/a><\/div>\n<\/div>\n\n\n\n<div style=\"height:100px\" aria-hidden=\"true\" class=\"wp-block-spacer\"><\/div>\n\n\n\n<div class=\"wpcf7 no-js\" id=\"wpcf7-f136-o1\" lang=\"en-US\" dir=\"ltr\" data-wpcf7-id=\"136\">\n<div class=\"screen-reader-response\"><p role=\"status\" aria-live=\"polite\" aria-atomic=\"true\"><\/p> <ul><\/ul><\/div>\n<form action=\"\/dele\/wp-json\/wp\/v2\/pages\/134#wpcf7-f136-o1\" method=\"post\" class=\"wpcf7-form init\" aria-label=\"Contact form\" novalidate=\"novalidate\" data-status=\"init\">\n<fieldset class=\"hidden-fields-container\"><input type=\"hidden\" name=\"_wpcf7\" value=\"136\" \/><input type=\"hidden\" name=\"_wpcf7_version\" value=\"6.1.5\" \/><input type=\"hidden\" name=\"_wpcf7_locale\" value=\"en_US\" \/><input type=\"hidden\" name=\"_wpcf7_unit_tag\" value=\"wpcf7-f136-o1\" \/><input type=\"hidden\" name=\"_wpcf7_container_post\" value=\"0\" \/><input type=\"hidden\" name=\"_wpcf7_posted_data_hash\" value=\"\" \/>\n<\/fieldset>\n<p><label> Your name<br \/>\n<span class=\"wpcf7-form-control-wrap\" data-name=\"your-name\"><input size=\"40\" maxlength=\"400\" class=\"wpcf7-form-control wpcf7-text wpcf7-validates-as-required\" autocomplete=\"name\" aria-required=\"true\" aria-invalid=\"false\" value=\"\" type=\"text\" name=\"your-name\" \/><\/span> <\/label>\n<\/p>\n<p><label> Your email<br \/>\n<span class=\"wpcf7-form-control-wrap\" data-name=\"your-email\"><input size=\"40\" maxlength=\"400\" class=\"wpcf7-form-control wpcf7-email wpcf7-validates-as-required wpcf7-text wpcf7-validates-as-email\" autocomplete=\"email\" aria-required=\"true\" aria-invalid=\"false\" value=\"\" type=\"email\" name=\"your-email\" \/><\/span> <\/label>\n<\/p>\n<p><label> 7. Seg\u00f9n el texto, antes de la llegada de los espa\u00f1oles:<br \/>\n<span class=\"wpcf7-form-control-wrap\" data-name=\"Seven\"><select class=\"wpcf7-form-control wpcf7-select wpcf7-validates-as-required\" aria-required=\"true\" aria-invalid=\"false\" name=\"Seven\"><option value=\"\">&#8212;Please choose an option&#8212;<\/option><option value=\"a) No se respetaba a la madre.\">a) No se respetaba a la madre.<\/option><option value=\"b) Muchos homres se casaban con varias mujeres.\">b) Muchos homres se casaban con varias mujeres.<\/option><option value=\"c) El padre era el jefe de la familia.\">c) El padre era el jefe de la familia.<\/option><\/select><\/span> <\/label>\n<\/p>\n<p><label> 8. En al texto se dice que la llegada de los espa\u00f1ols y el cristianismo:<br \/>\n<span class=\"wpcf7-form-control-wrap\" data-name=\"Eight\"><select class=\"wpcf7-form-control wpcf7-select wpcf7-validates-as-required\" aria-required=\"true\" aria-invalid=\"false\" name=\"Eight\"><option value=\"\">&#8212;Please choose an option&#8212;<\/option><option value=\"a) Supone un cambio total en el concepto de familllia en Mexico.\">a) Supone un cambio total en el concepto de familllia en Mexico.<\/option><option value=\"b) Acaba con algunos privilegios de la clase alta.\">b) Acaba con algunos privilegios de la clase alta.<\/option><option value=\"c) Hace que haya un modelo de famillia unico.\">c) Hace que haya un modelo de famillia unico.<\/option><\/select><\/span> <\/label>\n<\/p>\n<p><label> 9. En al texto afirma que,tras la conquista, los hijos mayores:<br \/>\n<span class=\"wpcf7-form-control-wrap\" data-name=\"Nine\"><select class=\"wpcf7-form-control wpcf7-select wpcf7-validates-as-required\" aria-required=\"true\" aria-invalid=\"false\" name=\"Nine\"><option value=\"\">&#8212;Please choose an option&#8212;<\/option><option value=\"a) Tenian m\u00e0s privilegios pero tambi\u00e9n m\u00e1s deberes.\">a) Tenian m\u00e0s privilegios pero tambi\u00e9n m\u00e1s deberes.<\/option><option value=\"b) Pasaron a tener la m\u00e1xima autoridad de la familia.\">b) Pasaron a tener la m\u00e1xima autoridad de la familia.<\/option><option value=\"c) Eran los \u00fanicos que pod\u00edan elegir con qui\u00e9n casarse.\">c) Eran los \u00fanicos que pod\u00edan elegir con qui\u00e9n casarse.<\/option><\/select><\/span> <\/label>\n<\/p>\n<p><label> 10. Seg\u00fan el texto, en el siglo xix:<br \/>\n<span class=\"wpcf7-form-control-wrap\" data-name=\"Ten\"><select class=\"wpcf7-form-control wpcf7-select wpcf7-validates-as-required\" aria-required=\"true\" aria-invalid=\"false\" name=\"Ten\"><option value=\"\">&#8212;Please choose an option&#8212;<\/option><option value=\"a) Gran parte de la poblaci\u00f3n viv\u00eda en el campo.\">a) Gran parte de la poblaci\u00f3n viv\u00eda en el campo.<\/option><option value=\"b) Los ni\u00f1os mor\u00edan por falta de cuidados m\u00e9dicos.\">b) Los ni\u00f1os mor\u00edan por falta de cuidados m\u00e9dicos.<\/option><option value=\"c) La familia era muy diferente a \u00e9pocas anteriores.\">c) La familia era muy diferente a \u00e9pocas anteriores.<\/option><\/select><\/span> <\/label>\n<\/p>\n<p><label> 11. En al texto se afirma que en el siglo xx:<br \/>\n<span class=\"wpcf7-form-control-wrap\" data-name=\"Eleven\"><select class=\"wpcf7-form-control wpcf7-select wpcf7-validates-as-required\" aria-required=\"true\" aria-invalid=\"false\" name=\"Eleven\"><option value=\"\">&#8212;Please choose an option&#8212;<\/option><option value=\"a) La familia mexicana ha mejorado en todos los aspectos.\">a) La familia mexicana ha mejorado en todos los aspectos.<\/option><option value=\"b) La mujer tiene doble trabajo.\">b) La mujer tiene doble trabajo.<\/option><option value=\"c) Los hombres se encargande los trabajos de la casa.\">c) Los hombres se encargande los trabajos de la casa.<\/option><\/select><\/span> <\/label>\n<\/p>\n<p><label> 12. Seg\u00fan el texto:<br \/>\n<span class=\"wpcf7-form-control-wrap\" data-name=\"Twelve\"><select class=\"wpcf7-form-control wpcf7-select wpcf7-validates-as-required\" aria-required=\"true\" aria-invalid=\"false\" name=\"Twelve\"><option value=\"\">&#8212;Please choose an option&#8212;<\/option><option value=\"a) A familia no cambiar\u00e1 en el futuro.\">a) A familia no cambiar\u00e1 en el futuro.<\/option><option value=\"b) Los cambios en la familia influyen en la sociedad.\">b) Los cambios en la familia influyen en la sociedad.<\/option><option value=\"c) La familia mexicana debe cambiar.\">c) La familia mexicana debe cambiar.<\/option><\/select><\/span> <\/label>\n<\/p>\n<p><label> Your message (optional)<br \/>\n<span class=\"wpcf7-form-control-wrap\" data-name=\"your-message\"><textarea cols=\"40\" rows=\"10\" maxlength=\"2000\" class=\"wpcf7-form-control wpcf7-textarea\" aria-invalid=\"false\" name=\"your-message\"><\/textarea><\/span> <\/label>\n<\/p>\n<p><input class=\"wpcf7-form-control wpcf7-submit has-spinner\" type=\"submit\" value=\"Submit\" \/>\n<\/p><div class=\"wpcf7-response-output\" aria-hidden=\"true\"><\/div>\n<\/form>\n<\/div>\n\n\n\n\n<div class=\"wp-block-buttons is-layout-flex wp-block-buttons-is-layout-flex\">\n<div class=\"wp-block-button\"><a class=\"wp-block-button__link has-black-color has-vivid-cyan-blue-background-color has-text-color has-background has-link-color wp-element-button\" href=\"https:\/\/lanzaworx.com\/dele\">Regresar<\/a><\/div>\n<\/div>\n\n\n\n<p><\/p>\n","protected":false},"excerpt":{"rendered":"<p>A continuaci\u00f3n hay un texto sobre la familia mexicana a trav\u00e9s de la hjstoria. Despu\u00e9s de leerlo, elija la respuesta correcta a), b) o c), para las preguntas. 7-12. Below is a text about the Mexican family throughout history. After reading it, choose the correct answer a), b) or c), for the questions. 7-12. En &hellip; <\/p>\n<p class=\"link-more\"><a href=\"https:\/\/lanzaworx.com\/dele\/examen-1\/prueba-1\/prueba-1-tarea-2\/\" class=\"more-link\">Continue reading<span class=\"screen-reader-text\"> &#8220;Prueba 1 Tarea 2&#8221;<\/span><\/a><\/p>\n","protected":false},"author":1,"featured_media":0,"parent":145,"menu_order":0,"comment_status":"closed","ping_status":"closed","template":"","meta":{"advanced_seo_description":"","jetpack_seo_html_title":"","jetpack_seo_noindex":false,"footnotes":""},"class_list":["post-134","page","type-page","status-publish","hentry"],"jetpack_sharing_enabled":true,"_links":{"self":[{"href":"https:\/\/lanzaworx.com\/dele\/wp-json\/wp\/v2\/pages\/134","targetHints":{"allow":["GET"]}}],"collection":[{"href":"https:\/\/lanzaworx.com\/dele\/wp-json\/wp\/v2\/pages"}],"about":[{"href":"https:\/\/lanzaworx.com\/dele\/wp-json\/wp\/v2\/types\/page"}],"author":[{"embeddable":true,"href":"https:\/\/lanzaworx.com\/dele\/wp-json\/wp\/v2\/users\/1"}],"replies":[{"embeddable":true,"href":"https:\/\/lanzaworx.com\/dele\/wp-json\/wp\/v2\/comments?post=134"}],"version-history":[{"count":27,"href":"https:\/\/lanzaworx.com\/dele\/wp-json\/wp\/v2\/pages\/134\/revisions"}],"predecessor-version":[{"id":693,"href":"https:\/\/lanzaworx.com\/dele\/wp-json\/wp\/v2\/pages\/134\/revisions\/693"}],"up":[{"embeddable":true,"href":"https:\/\/lanzaworx.com\/dele\/wp-json\/wp\/v2\/pages\/145"}],"wp:attachment":[{"href":"https:\/\/lanzaworx.com\/dele\/wp-json\/wp\/v2\/media?parent=134"}],"curies":[{"name":"wp","href":"https:\/\/api.w.org\/{rel}","templated":true}]}}