{"id":12,"date":"2023-02-05T13:34:03","date_gmt":"2023-02-05T13:34:03","guid":{"rendered":"https:\/\/lanzaworx.com\/dele\/?page_id=12"},"modified":"2024-02-02T13:48:55","modified_gmt":"2024-02-02T13:48:55","slug":"relations","status":"publish","type":"page","link":"https:\/\/lanzaworx.com\/dele\/examen-1\/examen-1-vocabulario\/relations\/","title":{"rendered":"Relations"},"content":{"rendered":"\n<h3 class=\"wp-block-heading\">Amigo(a) &#8211; Friend<\/h3>\n\n\n\n<h3 class=\"wp-block-heading\">Colega (el,la) &#8211; Colleague<\/h3>\n\n\n\n<h3 class=\"wp-block-heading\">Compa\u00f1ero(a) &#8211; Buddy<\/h3>\n\n\n\n<div class=\"wp-block-columns is-layout-flex wp-container-core-columns-is-layout-9d6595d7 wp-block-columns-is-layout-flex\">\n<div class=\"wp-block-column is-layout-flow wp-block-column-is-layout-flow\">\n<p>Persona que comparte con otra u otras la estancia en un lugar, los estudios, un trabajo o la pr\u00e1ctica de un deporte u otra actividad. <\/p>\n\n\n\n<p><em><strong>un compa\u00f1ero de habitaci\u00f3n<\/strong><\/em><\/p>\n\n\n\n<p>Persona con la que se mantiene una relaci\u00f3n sentimental, en especial cuando se convive con ella sin estar casado.<\/p>\n\n\n\n<p><em><strong>ella y su compa\u00f1ero han decidido independizarse y vivir juntos<\/strong><\/em><\/p>\n\n\n\n<p><\/p>\n<\/div>\n\n\n\n<div class=\"wp-block-column is-layout-flow wp-block-column-is-layout-flow\">\n<p>Person who shares with another or others the stay in a place, studies, a job or the practice of a sport or other activity.<\/p>\n\n\n\n<p><strong><em>a roommate<\/em><\/strong><\/p>\n\n\n\n<p>Person with whom you have a sentimental relationship, especially when you live with her without being married.<\/p>\n\n\n\n<p><strong><em>she and her partner have decided to become independent and live together<\/em><\/strong><\/p>\n<\/div>\n<\/div>\n\n\n\n<h3 class=\"wp-block-heading\">Conocido(a) &#8211; Acquaintance<\/h3>\n\n\n\n<div class=\"wp-block-columns is-layout-flex wp-container-core-columns-is-layout-9d6595d7 wp-block-columns-is-layout-flex\">\n<div class=\"wp-block-column is-layout-flow wp-block-column-is-layout-flow\">\n<p>[persona, cosa] Que es conocido por mucha gente.<\/p>\n\n\n\n<p><strong><em>una conocida marca de vino<\/em><\/strong><br><\/p>\n<\/div>\n\n\n\n<div class=\"wp-block-column is-layout-flow wp-block-column-is-layout-flow\">\n<p>[person, thing] That is known by many people.<\/p>\n\n\n\n<p><strong><em>a well-known brand of wine<\/em><\/strong><\/p>\n<\/div>\n<\/div>\n\n\n\n<div class=\"wp-block-columns is-layout-flex wp-container-core-columns-is-layout-9d6595d7 wp-block-columns-is-layout-flex\">\n<div class=\"wp-block-column is-layout-flow wp-block-column-is-layout-flow\">\n<p>Persona con quien se tiene trato, pero no de amistad.<\/p>\n\n\n\n<p><strong><em>la fiesta es para amigos, si invito adem\u00e1s a todos sus conocidos, no cabremos en casa<\/em><\/strong><\/p>\n<\/div>\n\n\n\n<div class=\"wp-block-column is-layout-flow wp-block-column-is-layout-flow\">\n<p>Person with whom you have dealings, but not friendship.<\/p>\n\n\n\n<p><em><strong>the party is for friends, if I also invite all their acquaintances, we won&#8217;t fit in the house<\/strong><\/em><\/p>\n<\/div>\n<\/div>\n\n\n\n<h3 class=\"wp-block-heading\">Desconocido(a) &#8211; A Stranger \/ Unknown<\/h3>\n\n\n\n<h3 class=\"wp-block-heading\">Pandilla (la) &#8211; The Gang<\/h3>\n\n\n\n<h3 class=\"wp-block-heading\">Pareja (la) &#8211; The Couple<\/h3>\n\n\n\n<h3 class=\"wp-block-heading\">Pariente (el,la) &#8211; Relative<\/h3>\n\n\n\n<h3 class=\"wp-block-heading\">Vecino(a) &#8211; Neighbor<\/h3>\n\n\n\n<p>de estudios, de piso, de trabajo<\/p>\n","protected":false},"excerpt":{"rendered":"<p>Amigo(a) &#8211; Friend Colega (el,la) &#8211; Colleague Compa\u00f1ero(a) &#8211; Buddy Persona que comparte con otra u otras la estancia en un lugar, los estudios, un trabajo o la pr\u00e1ctica de un deporte u otra actividad. un compa\u00f1ero de habitaci\u00f3n Persona con la que se mantiene una relaci\u00f3n sentimental, en especial cuando se convive con ella &hellip; <\/p>\n<p class=\"link-more\"><a href=\"https:\/\/lanzaworx.com\/dele\/examen-1\/examen-1-vocabulario\/relations\/\" class=\"more-link\">Continue reading<span class=\"screen-reader-text\"> &#8220;Relations&#8221;<\/span><\/a><\/p>\n","protected":false},"author":1,"featured_media":0,"parent":577,"menu_order":0,"comment_status":"closed","ping_status":"closed","template":"","meta":{"advanced_seo_description":"","jetpack_seo_html_title":"","jetpack_seo_noindex":false,"footnotes":""},"class_list":["post-12","page","type-page","status-publish","hentry"],"jetpack_sharing_enabled":true,"_links":{"self":[{"href":"https:\/\/lanzaworx.com\/dele\/wp-json\/wp\/v2\/pages\/12","targetHints":{"allow":["GET"]}}],"collection":[{"href":"https:\/\/lanzaworx.com\/dele\/wp-json\/wp\/v2\/pages"}],"about":[{"href":"https:\/\/lanzaworx.com\/dele\/wp-json\/wp\/v2\/types\/page"}],"author":[{"embeddable":true,"href":"https:\/\/lanzaworx.com\/dele\/wp-json\/wp\/v2\/users\/1"}],"replies":[{"embeddable":true,"href":"https:\/\/lanzaworx.com\/dele\/wp-json\/wp\/v2\/comments?post=12"}],"version-history":[{"count":3,"href":"https:\/\/lanzaworx.com\/dele\/wp-json\/wp\/v2\/pages\/12\/revisions"}],"predecessor-version":[{"id":43,"href":"https:\/\/lanzaworx.com\/dele\/wp-json\/wp\/v2\/pages\/12\/revisions\/43"}],"up":[{"embeddable":true,"href":"https:\/\/lanzaworx.com\/dele\/wp-json\/wp\/v2\/pages\/577"}],"wp:attachment":[{"href":"https:\/\/lanzaworx.com\/dele\/wp-json\/wp\/v2\/media?parent=12"}],"curies":[{"name":"wp","href":"https:\/\/api.w.org\/{rel}","templated":true}]}}