{"id":1057,"date":"2025-01-11T10:02:19","date_gmt":"2025-01-11T10:02:19","guid":{"rendered":"https:\/\/lanzaworx.com\/dele\/?page_id=1057"},"modified":"2025-01-11T17:48:42","modified_gmt":"2025-01-11T17:48:42","slug":"examen2-prueba-2-tarea-2","status":"publish","type":"page","link":"https:\/\/lanzaworx.com\/dele\/examen-2\/examen-2-prueba-2\/examen2-prueba-2-tarea-2\/","title":{"rendered":"Examen2 Prueba 2 Tarea 2"},"content":{"rendered":"\n<p>A continuaci\u00f3n va a escuchar un fragmento del programa Cu\u00e9ntanos tu experiencia en el que Lucas relata c\u00f3mo compr\u00f3 su primera casa. Lo oir\u00f3 dos veces. Despu\u00e9s seleccione la opci\u00f3n correcta, a), b) o c), para cada pregunta, 7-12.<\/p>\n\n\n\n<figure class=\"wp-block-audio\"><audio controls src=\"https:\/\/lanzaworx.com\/dele\/wp-content\/uploads\/2025\/01\/cd1-pista7.mp3\"><\/audio><\/figure>\n\n\n\n<div class=\"wp-block-buttons is-layout-flex wp-block-buttons-is-layout-flex\">\n<div class=\"wp-block-button\"><a class=\"wp-block-button__link wp-element-button\" href=\"https:\/\/lanzaworx.com\/dele\/examen-2\/examen-2-prueba-2\/examen2-prueba-2-tarea-2\/examen2-prueba-2-tarea-2-transcripciones\/#Trans\">Transcripciones<\/a><\/div>\n<\/div>\n\n\n\n<h2 class=\"wp-block-heading\">Preguntas<\/h2>\n\n\n\n<div class=\"wpcf7 no-js\" id=\"wpcf7-f1082-o1\" lang=\"en-US\" dir=\"ltr\" data-wpcf7-id=\"1082\">\n<div class=\"screen-reader-response\"><p role=\"status\" aria-live=\"polite\" aria-atomic=\"true\"><\/p> <ul><\/ul><\/div>\n<form action=\"\/dele\/wp-json\/wp\/v2\/pages\/1057#wpcf7-f1082-o1\" method=\"post\" class=\"wpcf7-form init\" aria-label=\"Contact form\" novalidate=\"novalidate\" data-status=\"init\">\n<fieldset class=\"hidden-fields-container\"><input type=\"hidden\" name=\"_wpcf7\" value=\"1082\" \/><input type=\"hidden\" name=\"_wpcf7_version\" value=\"6.1.5\" \/><input type=\"hidden\" name=\"_wpcf7_locale\" value=\"en_US\" \/><input type=\"hidden\" name=\"_wpcf7_unit_tag\" value=\"wpcf7-f1082-o1\" \/><input type=\"hidden\" name=\"_wpcf7_container_post\" value=\"0\" \/><input type=\"hidden\" name=\"_wpcf7_posted_data_hash\" value=\"\" \/>\n<\/fieldset>\n<p><label> Your name<br \/>\n<span class=\"wpcf7-form-control-wrap\" data-name=\"your-name\"><input size=\"40\" maxlength=\"400\" class=\"wpcf7-form-control wpcf7-text wpcf7-validates-as-required\" autocomplete=\"name\" aria-required=\"true\" aria-invalid=\"false\" value=\"\" type=\"text\" name=\"your-name\" \/><\/span> <\/label>\n<\/p>\n<p><label> Your email<br \/>\n<span class=\"wpcf7-form-control-wrap\" data-name=\"your-email\"><input size=\"40\" maxlength=\"400\" class=\"wpcf7-form-control wpcf7-email wpcf7-validates-as-required wpcf7-text wpcf7-validates-as-email\" autocomplete=\"email\" aria-required=\"true\" aria-invalid=\"false\" value=\"\" type=\"email\" name=\"your-email\" \/><\/span> <\/label>\n<\/p>\n<p><label> Your comment Tarea 2<br \/>\n<span class=\"wpcf7-form-control-wrap\" data-name=\"tarea_2_answers\"><input size=\"40\" maxlength=\"400\" class=\"wpcf7-form-control wpcf7-text wpcf7-validates-as-required\" aria-required=\"true\" aria-invalid=\"false\" value=\"Examen 2 Prueba 1 Tarea 2 answers\" type=\"text\" name=\"tarea_2_answers\" \/><\/span> <\/label>\n<\/p>\n<p><label> 7. Lucas cuenta en la audici\u00f3n que \u00e9l y su novia:<br \/>\n<span class=\"wpcf7-form-control-wrap\" data-name=\"Seven\"><select class=\"wpcf7-form-control wpcf7-select wpcf7-validates-as-required\" aria-required=\"true\" aria-invalid=\"false\" name=\"Seven\"><option value=\"\">&#8212;Please choose an option&#8212;<\/option><option value=\"a) Decidieron comprar una casa cuando se casaron.\">a) Decidieron comprar una casa cuando se casaron.<\/option><option value=\"b) No se ponian de acuerdo en comprar o alquilar.\">b) No se ponian de acuerdo en comprar o alquilar.<\/option><option value=\"c) Llevaban dos a\u00f1os saliendo cuando decidieron comprar.\">c) Llevaban dos a\u00f1os saliendo cuando decidieron comprar.<\/option><\/select><\/span> <\/label>\n<\/p>\n<p><label> 8. Seg\u00fan el audio, los problemas de Lucas se deb\u00edan a que:<br \/>\n<span class=\"wpcf7-form-control-wrap\" data-name=\"Eight\"><select class=\"wpcf7-form-control wpcf7-select wpcf7-validates-as-required\" aria-required=\"true\" aria-invalid=\"false\" name=\"Eight\"><option value=\"\">&#8212;Please choose an option&#8212;<\/option><option value=\"a) Mucha de la publicidad que veian era falsa.\">a) Mucha de la publicidad que veian era falsa.<\/option><option value=\"b) Venian de barrios diferentes.\">b) Venian de barrios diferentes.<\/option><option value=\"c) Era dif\u00edcil encontrar pisos con dos dormitorios.\">c) Era dif\u00edcil encontrar pisos con dos dormitorios.<\/option><\/select><\/span> <\/label>\n<\/p>\n<p><label> 9. Seg\u00fan la grabaci\u00f3n, Lucas y su novia:<br \/>\n<span class=\"wpcf7-form-control-wrap\" data-name=\"Nine\"><select class=\"wpcf7-form-control wpcf7-select wpcf7-validates-as-required\" aria-required=\"true\" aria-invalid=\"false\" name=\"Nine\"><option value=\"\">&#8212;Please choose an option&#8212;<\/option><option value=\"a) Vivian en el mismo barrio donde encontraron la casa.\">a) Vivian en el mismo barrio donde encontraron la casa.<\/option><option value=\"b) Venian de barrios diferentes.\">b) Venian de barrios diferentes.<\/option><option value=\"c) Quer\u00edan encontrar algo en la zona norte.\">c) Quer\u00edan encontrar algo en la zona norte.<\/option><\/select><\/span> <\/label>\n<\/p>\n<p><label> 10. Lucas afirma que los papeles del banco tardaron:<br \/>\n<span class=\"wpcf7-form-control-wrap\" data-name=\"Ten\"><select class=\"wpcf7-form-control wpcf7-select wpcf7-validates-as-required\" aria-required=\"true\" aria-invalid=\"false\" name=\"Ten\"><option value=\"\">&#8212;Please choose an option&#8212;<\/option><option value=\"a) Cuatro a\u00f1os.\">a) Cuatro a\u00f1os.<\/option><option value=\"b) M\u00e1s de lo habitual.\">b) M\u00e1s de lo habitual.<\/option><option value=\"c) Un tiempo normal.\">c) Un tiempo normal.<\/option><\/select><\/span> <\/label>\n<\/p>\n<p><label> 11. Seg\u00fan Lucas, algunos de los papeles que pedia el banco:<br \/>\n<span class=\"wpcf7-form-control-wrap\" data-name=\"Eleven\"><select class=\"wpcf7-form-control wpcf7-select wpcf7-validates-as-required\" aria-required=\"true\" aria-invalid=\"false\" name=\"Eleven\"><option value=\"\">&#8212;Please choose an option&#8212;<\/option><option value=\"a) No los llev\u00f3 a tiempo\">a) No los llev\u00f3 a tiempo<\/option><option value=\"b) Eran diffciles de conseguir.\">b) Eran diffciles de conseguir.<\/option><option value=\"c) Tenia que hacerlos el propietario.\">c) Tenia que hacerlos el propietario.<\/option><\/select><\/span> <\/label>\n<\/p>\n<p><label> 12. El d\u00eda de la firma la empleada del banco dijo que:<br \/>\n<span class=\"wpcf7-form-control-wrap\" data-name=\"Twelve\"><select class=\"wpcf7-form-control wpcf7-select wpcf7-validates-as-required\" aria-required=\"true\" aria-invalid=\"false\" name=\"Twelve\"><option value=\"\">&#8212;Please choose an option&#8212;<\/option><option value=\"a) Era la casa m\u00e1s bonita que hab\u00eda visto.\">a) Era la casa m\u00e1s bonita que hab\u00eda visto.<\/option><option value=\"b) Estaba muy emocionada.\">b) Estaba muy emocionada.<\/option><option value=\"c) Lucas parec\u00eda muy feliz.\">c) Lucas parec\u00eda muy feliz.<\/option><\/select><\/span> <\/label>\n<\/p>\n<p><label> Your message (optional)<br \/>\n<span class=\"wpcf7-form-control-wrap\" data-name=\"your-message\"><textarea cols=\"40\" rows=\"10\" maxlength=\"2000\" class=\"wpcf7-form-control wpcf7-textarea\" aria-invalid=\"false\" name=\"your-message\"><\/textarea><\/span> <\/label>\n<\/p>\n<p><input class=\"wpcf7-form-control wpcf7-submit has-spinner\" type=\"submit\" value=\"Submit\" \/>\n<\/p><div class=\"wpcf7-response-output\" aria-hidden=\"true\"><\/div>\n<\/form>\n<\/div>\n\n","protected":false},"excerpt":{"rendered":"<p>A continuaci\u00f3n va a escuchar un fragmento del programa Cu\u00e9ntanos tu experiencia en el que Lucas relata c\u00f3mo compr\u00f3 su primera casa. Lo oir\u00f3 dos veces. Despu\u00e9s seleccione la opci\u00f3n correcta, a), b) o c), para cada pregunta, 7-12. Preguntas<\/p>\n","protected":false},"author":1,"featured_media":0,"parent":850,"menu_order":0,"comment_status":"closed","ping_status":"closed","template":"","meta":{"advanced_seo_description":"","jetpack_seo_html_title":"","jetpack_seo_noindex":false,"footnotes":""},"class_list":["post-1057","page","type-page","status-publish","hentry"],"jetpack_sharing_enabled":true,"_links":{"self":[{"href":"https:\/\/lanzaworx.com\/dele\/wp-json\/wp\/v2\/pages\/1057","targetHints":{"allow":["GET"]}}],"collection":[{"href":"https:\/\/lanzaworx.com\/dele\/wp-json\/wp\/v2\/pages"}],"about":[{"href":"https:\/\/lanzaworx.com\/dele\/wp-json\/wp\/v2\/types\/page"}],"author":[{"embeddable":true,"href":"https:\/\/lanzaworx.com\/dele\/wp-json\/wp\/v2\/users\/1"}],"replies":[{"embeddable":true,"href":"https:\/\/lanzaworx.com\/dele\/wp-json\/wp\/v2\/comments?post=1057"}],"version-history":[{"count":7,"href":"https:\/\/lanzaworx.com\/dele\/wp-json\/wp\/v2\/pages\/1057\/revisions"}],"predecessor-version":[{"id":1083,"href":"https:\/\/lanzaworx.com\/dele\/wp-json\/wp\/v2\/pages\/1057\/revisions\/1083"}],"up":[{"embeddable":true,"href":"https:\/\/lanzaworx.com\/dele\/wp-json\/wp\/v2\/pages\/850"}],"wp:attachment":[{"href":"https:\/\/lanzaworx.com\/dele\/wp-json\/wp\/v2\/media?parent=1057"}],"curies":[{"name":"wp","href":"https:\/\/api.w.org\/{rel}","templated":true}]}}